{"id":9974,"date":"2021-04-21T12:37:30","date_gmt":"2021-04-21T10:37:30","guid":{"rendered":"https:\/\/body-n-soul.com\/?post_type=product&#038;p=9974"},"modified":"2023-08-09T08:24:51","modified_gmt":"2023-08-09T06:24:51","slug":"annabis-arthrocann-varmegel-med-cbd","status":"publish","type":"product","link":"https:\/\/body-n-soul.com\/en\/annabis-arthrocann-varmegel-med-cbd\/","title":{"rendered":"Annabis Arthrocann Varmegel med CBD &#8211; 75 ml"},"content":{"rendered":"<h2>Annabis arthrocann varmegel<\/h2>\n<p><span class=\"VIiyi\" lang=\"da\"><span class=\"JLqJ4b ChMk0b\" data-language-for-alternatives=\"da\" data-language-to-translate-into=\"es\" data-phrase-index=\"0\">Hampegel med en opvarmningseffekt, der er angivet til p\u00e5f\u00f8ring ved massage p\u00e5 huden p\u00e5 muskler og led, hvilket giver en behagelig beroligende fornemmelse.<\/span><\/span><\/p>\n<p><span class=\"VIiyi\" lang=\"da\"><span class=\"JLqJ4b ChMk0b\" data-language-for-alternatives=\"da\" data-language-to-translate-into=\"es\" data-phrase-index=\"2\"><strong>ARTHROCANN<\/strong> Heat Effect Gel, baseret p\u00e5 <em>Cannabis og kolloid s\u00f8lv<\/em>, er en massagegel med chiliekstrakt eller Capsaicin, der giver den en behagelig f\u00f8lelse af varme, ideel til p\u00e5f\u00f8ring ved at massere huden p\u00e5 muskler og led.<\/span> <\/span><\/p>\n<p><span class=\"VIiyi\" lang=\"da\"><span class=\"JLqJ4b ChMk0b\" data-language-for-alternatives=\"da\" data-language-to-translate-into=\"es\" data-phrase-index=\"3\">Capsaicin som en naturlig ingrediens har den egenskab at \u00f8ge kropstemperaturen i applikationsomr\u00e5det, hvilket giver en afslappende og forfriskende termisk fornemmelse.<\/span> <\/span><\/p>\n<p><span class=\"VIiyi\" lang=\"da\"><span class=\"JLqJ4b ChMk0b\" data-language-for-alternatives=\"da\" data-language-to-translate-into=\"es\" data-phrase-index=\"5\">Dens formel har op til 16 naturlige aktive ingredienser, hvormed hamp kombineres som en naturlig ingrediens uden nogen form for psykoaktiv virkning, hvilket forbedrer de gavnlige virkninger for helbredet gennem topisk anvendelse.<\/span> <\/span><\/p>\n<p><span class=\"VIiyi\" lang=\"da\"><span class=\"JLqJ4b ChMk0b\" data-language-for-alternatives=\"da\" data-language-to-translate-into=\"es\" data-phrase-index=\"6\">Den er ogs\u00e5 godkendt til kvinder med en f\u00f8lelse af kolde f\u00f8dder.<\/span> <span class=\"JLqJ4b ChMk0b\" data-language-for-alternatives=\"da\" data-language-to-translate-into=\"es\" data-phrase-index=\"7\">Et ato produkt til veganere, ogs\u00e5 tilg\u00e6ngeligt uden varmeeffekt.<\/span><\/span><\/p>\n<p>&nbsp;<\/p>\n<p><strong>Annabis arthrocann Varmegel<\/strong> for dit velv\u00e6re.<\/p>\n<p>&nbsp;<\/p>\n<p>Annabis arthrocann Varmegel fremstilles af <a title=\"Annabis Hemp products\" href=\"https:\/\/www.annabishemp.com\/annabis-hemp-products-about-us\/\" data-schema-attribute=\"\" target=\"_blank\" rel=\"noopener\">Annabis Hemp products<\/a> der har mange \u00e5rs erfaring med fremstillig af hampbaserede kosmetiske produkter. Deres ekspertise er din sikkerhed for produkter af h\u00f8j kvalitet.<\/p>\n<p>&nbsp;<\/p>\n<p>&nbsp;<\/p>\n<p><a title=\"Tilbage til Helse\" href=\"\/helse\/\" data-schema-attribute=\"\">Tilbage til Helse<\/a><\/p>\n","protected":false},"excerpt":{"rendered":"<p>Annabis arthrocann Gel er en h<span class=\"VIiyi\" lang=\"da\"><span class=\"JLqJ4b\" data-language-for-alternatives=\"da\" data-language-to-translate-into=\"es\" data-phrase-index=\"0\">amp og kolloids\u00f8lvbaseret massagegel der giver en beroligende, afslappende og forfriskende fornemmelse ved at massere det \u00f8nskede omr\u00e5de. <\/span><\/span><\/p>\n<p>Tr\u00e6nger nemt ind i huden og overlader ingen fedtet eller olieret overflade.<\/p>\n<p>Et vegansk produkt.<\/p>\n<p>Indeholder: 75 ml.<\/p>\n<p>&nbsp;<\/p>\n<p><a title=\"Tilbage til Helse\" href=\"\/helse\/\" data-schema-attribute=\"\">Tilbage til Helse<\/a><\/p>\n","protected":false},"featured_media":9975,"comment_status":"open","ping_status":"closed","template":"","meta":{"ocean_post_layout":"","ocean_both_sidebars_style":"","ocean_both_sidebars_content_width":0,"ocean_both_sidebars_sidebars_width":0,"ocean_sidebar":"0","ocean_second_sidebar":"0","ocean_disable_margins":"enable","ocean_add_body_class":"","ocean_shortcode_before_top_bar":"","ocean_shortcode_after_top_bar":"","ocean_shortcode_before_header":"","ocean_shortcode_after_header":"","ocean_has_shortcode":"","ocean_shortcode_after_title":"","ocean_shortcode_before_footer_widgets":"","ocean_shortcode_after_footer_widgets":"","ocean_shortcode_before_footer_bottom":"","ocean_shortcode_after_footer_bottom":"","ocean_display_top_bar":"default","ocean_display_header":"default","ocean_header_style":"","ocean_center_header_left_menu":"0","ocean_custom_header_template":"0","ocean_custom_logo":0,"ocean_custom_retina_logo":0,"ocean_custom_logo_max_width":0,"ocean_custom_logo_tablet_max_width":0,"ocean_custom_logo_mobile_max_width":0,"ocean_custom_logo_max_height":0,"ocean_custom_logo_tablet_max_height":0,"ocean_custom_logo_mobile_max_height":0,"ocean_header_custom_menu":"0","ocean_menu_typo_font_family":"0","ocean_menu_typo_font_subset":"","ocean_menu_typo_font_size":0,"ocean_menu_typo_font_size_tablet":0,"ocean_menu_typo_font_size_mobile":0,"ocean_menu_typo_font_size_unit":"px","ocean_menu_typo_font_weight":"","ocean_menu_typo_font_weight_tablet":"","ocean_menu_typo_font_weight_mobile":"","ocean_menu_typo_transform":"","ocean_menu_typo_transform_tablet":"","ocean_menu_typo_transform_mobile":"","ocean_menu_typo_line_height":0,"ocean_menu_typo_line_height_tablet":0,"ocean_menu_typo_line_height_mobile":0,"ocean_menu_typo_line_height_unit":"","ocean_menu_typo_spacing":0,"ocean_menu_typo_spacing_tablet":0,"ocean_menu_typo_spacing_mobile":0,"ocean_menu_typo_spacing_unit":"","ocean_menu_link_color":"","ocean_menu_link_color_hover":"","ocean_menu_link_color_active":"","ocean_menu_link_background":"","ocean_menu_link_hover_background":"","ocean_menu_link_active_background":"","ocean_menu_social_links_bg":"","ocean_menu_social_hover_links_bg":"","ocean_menu_social_links_color":"","ocean_menu_social_hover_links_color":"","ocean_disable_title":"default","ocean_disable_heading":"default","ocean_post_title":"","ocean_post_subheading":"","ocean_post_title_style":"","ocean_post_title_background_color":"","ocean_post_title_background":0,"ocean_post_title_bg_image_position":"","ocean_post_title_bg_image_attachment":"","ocean_post_title_bg_image_repeat":"","ocean_post_title_bg_image_size":"","ocean_post_title_height":0,"ocean_post_title_bg_overlay":0.5,"ocean_post_title_bg_overlay_color":"","ocean_disable_breadcrumbs":"default","ocean_breadcrumbs_color":"","ocean_breadcrumbs_separator_color":"","ocean_breadcrumbs_links_color":"","ocean_breadcrumbs_links_hover_color":"","ocean_display_footer_widgets":"default","ocean_display_footer_bottom":"default","ocean_custom_footer_template":"0","osh_disable_topbar_sticky":"default","osh_disable_header_sticky":"default","osh_sticky_header_style":"default","osh_sticky_header_effect":"","osh_custom_sticky_logo":0,"osh_custom_retina_sticky_logo":0,"osh_custom_sticky_logo_height":0,"osh_background_color":"","osh_links_color":"","osh_links_hover_color":"","osh_links_active_color":"","osh_links_bg_color":"","osh_links_hover_bg_color":"","osh_links_active_bg_color":"","osh_menu_social_links_color":"","osh_menu_social_hover_links_color":"","iawp_total_views":67},"product_brand":[],"product_cat":[321,59,596,94],"product_tag":[390,391,389],"class_list":{"0":"post-9974","1":"product","2":"type-product","3":"status-publish","4":"has-post-thumbnail","6":"product_cat-smertelindring","7":"product_cat-cbd","8":"product_cat-cremer-og-kosmetik-med-cbd","9":"product_cat-body","10":"product_tag-annabis","11":"product_tag-arthrocann","12":"product_tag-massage-gel","14":"entry","15":"has-media","17":"first","18":"outofstock","19":"taxable","20":"shipping-taxable","21":"purchasable","22":"product-type-simple","23":"has-product-nav","24":"col","25":"span_1_of_4","26":"owp-content-center","27":"item-entry","28":"owp-thumbs-layout-vertical","29":"owp-btn-normal","30":"owp-tabs-layout-vertical","31":"has-no-thumbnails","33":"circle-sale"},"_links":{"self":[{"href":"https:\/\/body-n-soul.com\/en\/wp-json\/wp\/v2\/product\/9974","targetHints":{"allow":["GET"]}}],"collection":[{"href":"https:\/\/body-n-soul.com\/en\/wp-json\/wp\/v2\/product"}],"about":[{"href":"https:\/\/body-n-soul.com\/en\/wp-json\/wp\/v2\/types\/product"}],"replies":[{"embeddable":true,"href":"https:\/\/body-n-soul.com\/en\/wp-json\/wp\/v2\/comments?post=9974"}],"wp:featuredmedia":[{"embeddable":true,"href":"https:\/\/body-n-soul.com\/en\/wp-json\/wp\/v2\/media\/9975"}],"wp:attachment":[{"href":"https:\/\/body-n-soul.com\/en\/wp-json\/wp\/v2\/media?parent=9974"}],"wp:term":[{"taxonomy":"product_brand","embeddable":true,"href":"https:\/\/body-n-soul.com\/en\/wp-json\/wp\/v2\/product_brand?post=9974"},{"taxonomy":"product_cat","embeddable":true,"href":"https:\/\/body-n-soul.com\/en\/wp-json\/wp\/v2\/product_cat?post=9974"},{"taxonomy":"product_tag","embeddable":true,"href":"https:\/\/body-n-soul.com\/en\/wp-json\/wp\/v2\/product_tag?post=9974"}],"curies":[{"name":"wp","href":"https:\/\/api.w.org\/{rel}","templated":true}]}}