{"id":9952,"date":"2021-04-12T01:44:47","date_gmt":"2021-04-11T23:44:47","guid":{"rendered":"https:\/\/body-n-soul.com\/?post_type=product&#038;p=9952"},"modified":"2026-01-21T11:24:47","modified_gmt":"2026-01-21T10:24:47","slug":"stella-cbd-topskud-purple-haze","status":"publish","type":"product","link":"https:\/\/body-n-soul.com\/en\/stella-cbd-topskud-purple-haze\/","title":{"rendered":"Stella CBD topskud Purple Haze &#8211; 22% CBD"},"content":{"rendered":"<h2>Stella CBD topskud Purple Haze<\/h2>\n<p><span class=\"VIiyi\" lang=\"da\"><span class=\"JLqJ4b\" data-language-for-alternatives=\"da\" data-language-to-translate-into=\"es\" data-phrase-index=\"0\">Vores hampdyrkere blev inspireret af Purple Haze da de skulle skabe Stella. Purple Haze er en sativa-dominerent stamme, der f\u00f8rst og fremmest er kendt for sine lyse lilla blomster, der afh\u00e6ngigt af blomsten g\u00f8r den s\u00e5 ikonisk. <\/span><\/span><\/p>\n<p><span class=\"VIiyi\" lang=\"da\"><span class=\"JLqJ4b\" data-language-for-alternatives=\"da\" data-language-to-translate-into=\"es\" data-phrase-index=\"0\">Purple Haze blev f\u00f8dt i Californien i 70&#8217;erne, basis for modstanden fra hippie kulturen i Richard Nixons Amerika og mange legender har blomstret omkring den. Det er en sativa dominerende cannabisstamme, resultatet af en krydsning mellem Haze-stammer fra Mexico, Nepal og Colombia. Hertil kommer en r\u00e6kke thailandske indicaer, som Purple skylder sine violette knopper. <\/span><\/span><\/p>\n<p><span class=\"VIiyi\" lang=\"da\"><span class=\"JLqJ4b\" data-language-for-alternatives=\"da\" data-language-to-translate-into=\"es\" data-phrase-index=\"0\">Disse blomster er mellemstore i st\u00f8rrelse, koniske og luftige, omgivet af bl\u00f8de mosgr\u00f8nne blade med striber fra m\u00f8rk lilla til lilla. <\/span><\/span><\/p>\n<p><span class=\"VIiyi\" lang=\"da\"><span class=\"JLqJ4b\" data-language-for-alternatives=\"da\" data-language-to-translate-into=\"es\" data-phrase-index=\"0\">De er ekstremt harpiksagtige, rige p\u00e5 trichomes og pistiller. <\/span><\/span><\/p>\n<p><span class=\"VIiyi\" lang=\"da\"><span class=\"JLqJ4b\" data-language-for-alternatives=\"da\" data-language-to-translate-into=\"es\" data-phrase-index=\"0\">Blomsterne af denne lette cannabisstamme kan, afh\u00e6ngigt af blomstringen, v\u00e6re dyb lilla i farve og kronet med pistiller, der sp\u00e6nder fra dyb orange til sl\u00e5ende lyser\u00f8d. <\/span><\/span><\/p>\n<p><span class=\"VIiyi\" lang=\"da\"><span class=\"JLqJ4b\" data-language-for-alternatives=\"da\" data-language-to-translate-into=\"es\" data-phrase-index=\"0\">De frigiver en intens jordb\u00e6raroma, der er blandet med noter af r\u00f8de frugter og et let strejf af frisk sk\u00e5ret gr\u00e6s, som Haze-fans kender godt. <\/span><\/span><\/p>\n<p><span class=\"VIiyi\" lang=\"da\"><span class=\"JLqJ4b\" data-language-for-alternatives=\"da\" data-language-to-translate-into=\"es\" data-phrase-index=\"0\">De er sm\u00e5 til mellemstore blomster og er d\u00e6kket af et t\u00e6t t\u00e6ppe af trichomer, de sm\u00e5 v\u00e6kster, der indeholder cannabidiol. <\/span><\/span><\/p>\n<p><span class=\"VIiyi\" lang=\"da\"><span class=\"JLqJ4b\" data-language-for-alternatives=\"da\" data-language-to-translate-into=\"es\" data-phrase-index=\"0\">THC &lt;0,2% <\/span><\/span><\/p>\n<p><span class=\"VIiyi\" lang=\"da\"><span class=\"JLqJ4b\" data-language-for-alternatives=\"da\" data-language-to-translate-into=\"es\" data-phrase-index=\"0\">Det er et 100% lovligt produkt i hele EU, som kan k\u00f8bes sikkert og uden at l\u00f8be nogen risiko. <\/span><\/span><\/p>\n<p><span class=\"VIiyi\" lang=\"da\"><span class=\"JLqJ4b\" data-language-for-alternatives=\"da\" data-language-to-translate-into=\"es\" data-phrase-index=\"0\">\u00a0<\/span><\/span><\/p>\n<p>Retur til <a title=\"CBD topskud\" href=\"\/cbd-topskud\/\" data-schema-attribute=\"\">CBD topskud<\/a><\/p>\n<p>k\u00f8b CBD buds i danmark priser topskud<\/p>\n<p>Terre di cannabis<\/p>\n","protected":false},"excerpt":{"rendered":"<h2>Stella CBD topskud Purple Haze<\/h2>\n<p>Stella CBD topskud er en meget harpiksholdig sort. Den er yderligere meget aromatisk med dyblilla blomster.<\/p>\n<p>indeholder 2g eller 10g eller 20g<\/p>\n<p>CBD: 22%<\/p>\n<p><span class=\"VIiyi\" lang=\"da\"><span class=\"JLqJ4b\" data-language-for-alternatives=\"da\" data-language-to-translate-into=\"es\" data-phrase-index=\"0\">THC &lt;0,2% <\/span><\/span><\/p>\n<p><span class=\"VIiyi\" lang=\"da\"><span class=\"JLqJ4b\" data-language-for-alternatives=\"da\" data-language-to-translate-into=\"es\" data-phrase-index=\"0\">Det er et 100% lovligt produkt i hele EU, som kan k\u00f8bes sikkert og uden at l\u00f8be nogen risiko. <\/span><\/span><\/p>\n<p>Retur til <a title=\"CBD topskud\" href=\"\/cbd-topskud\/\" data-schema-attribute=\"\">CBD topskud<\/a><\/p>\n","protected":false},"featured_media":9956,"comment_status":"open","ping_status":"closed","template":"","meta":{"ocean_post_layout":"","ocean_both_sidebars_style":"","ocean_both_sidebars_content_width":0,"ocean_both_sidebars_sidebars_width":0,"ocean_sidebar":"0","ocean_second_sidebar":"0","ocean_disable_margins":"enable","ocean_add_body_class":"","ocean_shortcode_before_top_bar":"","ocean_shortcode_after_top_bar":"","ocean_shortcode_before_header":"","ocean_shortcode_after_header":"","ocean_has_shortcode":"","ocean_shortcode_after_title":"","ocean_shortcode_before_footer_widgets":"","ocean_shortcode_after_footer_widgets":"","ocean_shortcode_before_footer_bottom":"","ocean_shortcode_after_footer_bottom":"","ocean_display_top_bar":"default","ocean_display_header":"default","ocean_header_style":"","ocean_center_header_left_menu":"0","ocean_custom_header_template":"0","ocean_custom_logo":0,"ocean_custom_retina_logo":0,"ocean_custom_logo_max_width":0,"ocean_custom_logo_tablet_max_width":0,"ocean_custom_logo_mobile_max_width":0,"ocean_custom_logo_max_height":0,"ocean_custom_logo_tablet_max_height":0,"ocean_custom_logo_mobile_max_height":0,"ocean_header_custom_menu":"0","ocean_menu_typo_font_family":"0","ocean_menu_typo_font_subset":"","ocean_menu_typo_font_size":0,"ocean_menu_typo_font_size_tablet":0,"ocean_menu_typo_font_size_mobile":0,"ocean_menu_typo_font_size_unit":"px","ocean_menu_typo_font_weight":"","ocean_menu_typo_font_weight_tablet":"","ocean_menu_typo_font_weight_mobile":"","ocean_menu_typo_transform":"","ocean_menu_typo_transform_tablet":"","ocean_menu_typo_transform_mobile":"","ocean_menu_typo_line_height":0,"ocean_menu_typo_line_height_tablet":0,"ocean_menu_typo_line_height_mobile":0,"ocean_menu_typo_line_height_unit":"","ocean_menu_typo_spacing":0,"ocean_menu_typo_spacing_tablet":0,"ocean_menu_typo_spacing_mobile":0,"ocean_menu_typo_spacing_unit":"","ocean_menu_link_color":"","ocean_menu_link_color_hover":"","ocean_menu_link_color_active":"","ocean_menu_link_background":"","ocean_menu_link_hover_background":"","ocean_menu_link_active_background":"","ocean_menu_social_links_bg":"","ocean_menu_social_hover_links_bg":"","ocean_menu_social_links_color":"","ocean_menu_social_hover_links_color":"","ocean_disable_title":"default","ocean_disable_heading":"default","ocean_post_title":"","ocean_post_subheading":"","ocean_post_title_style":"","ocean_post_title_background_color":"","ocean_post_title_background":0,"ocean_post_title_bg_image_position":"","ocean_post_title_bg_image_attachment":"","ocean_post_title_bg_image_repeat":"","ocean_post_title_bg_image_size":"","ocean_post_title_height":0,"ocean_post_title_bg_overlay":0.5,"ocean_post_title_bg_overlay_color":"","ocean_disable_breadcrumbs":"default","ocean_breadcrumbs_color":"","ocean_breadcrumbs_separator_color":"","ocean_breadcrumbs_links_color":"","ocean_breadcrumbs_links_hover_color":"","ocean_display_footer_widgets":"default","ocean_display_footer_bottom":"default","ocean_custom_footer_template":"0","osh_disable_topbar_sticky":"default","osh_disable_header_sticky":"default","osh_sticky_header_style":"default","osh_sticky_header_effect":"","osh_custom_sticky_logo":0,"osh_custom_retina_sticky_logo":0,"osh_custom_sticky_logo_height":0,"osh_background_color":"","osh_links_color":"","osh_links_hover_color":"","osh_links_active_color":"","osh_links_bg_color":"","osh_links_hover_bg_color":"","osh_links_active_bg_color":"","osh_menu_social_links_color":"","osh_menu_social_hover_links_color":"","iawp_total_views":647},"product_brand":[],"product_cat":[147],"product_tag":[369,239,386,504],"class_list":{"0":"post-9952","1":"product","2":"type-product","3":"status-publish","4":"has-post-thumbnail","6":"product_cat-cbd-topskud1","7":"product_tag-cbd-buds-danmark","8":"product_tag-cbd-topskud","9":"product_tag-purple-haze","10":"product_tag-terre-di-cannabis","12":"entry","13":"has-media","15":"first","16":"instock","17":"sale","18":"taxable","19":"shipping-taxable","20":"purchasable","21":"product-type-variable","22":"has-product-nav","23":"col","24":"span_1_of_4","25":"owp-content-center","26":"item-entry","27":"owp-thumbs-layout-vertical","28":"owp-btn-normal","29":"owp-tabs-layout-vertical","31":"circle-sale"},"_links":{"self":[{"href":"https:\/\/body-n-soul.com\/en\/wp-json\/wp\/v2\/product\/9952","targetHints":{"allow":["GET"]}}],"collection":[{"href":"https:\/\/body-n-soul.com\/en\/wp-json\/wp\/v2\/product"}],"about":[{"href":"https:\/\/body-n-soul.com\/en\/wp-json\/wp\/v2\/types\/product"}],"replies":[{"embeddable":true,"href":"https:\/\/body-n-soul.com\/en\/wp-json\/wp\/v2\/comments?post=9952"}],"wp:featuredmedia":[{"embeddable":true,"href":"https:\/\/body-n-soul.com\/en\/wp-json\/wp\/v2\/media\/9956"}],"wp:attachment":[{"href":"https:\/\/body-n-soul.com\/en\/wp-json\/wp\/v2\/media?parent=9952"}],"wp:term":[{"taxonomy":"product_brand","embeddable":true,"href":"https:\/\/body-n-soul.com\/en\/wp-json\/wp\/v2\/product_brand?post=9952"},{"taxonomy":"product_cat","embeddable":true,"href":"https:\/\/body-n-soul.com\/en\/wp-json\/wp\/v2\/product_cat?post=9952"},{"taxonomy":"product_tag","embeddable":true,"href":"https:\/\/body-n-soul.com\/en\/wp-json\/wp\/v2\/product_tag?post=9952"}],"curies":[{"name":"wp","href":"https:\/\/api.w.org\/{rel}","templated":true}]}}