{"id":9894,"date":"2021-04-09T01:10:52","date_gmt":"2021-04-08T23:10:52","guid":{"rendered":"https:\/\/body-n-soul.com\/?post_type=product&#038;p=9894"},"modified":"2026-04-09T20:54:43","modified_gmt":"2026-04-09T18:54:43","slug":"diva-cbd-topskud-amnesia","status":"publish","type":"product","link":"https:\/\/body-n-soul.com\/en\/diva-cbd-topskud-amnesia\/","title":{"rendered":"Diva CBD topskud Amnesia &#8211; 22% CBD"},"content":{"rendered":"<h2>Diva CBD topskud Terre di Cannabis<\/h2>\n<p><span class=\"VIiyi\" lang=\"da\"><span class=\"JLqJ4b ChMk0b\" data-language-for-alternatives=\"da\" data-language-to-translate-into=\"es\" data-phrase-index=\"0\">Diva cbd topskud (CBD buds) er en videreudviklet version af den ber\u00f8mte Amnesia strain, men i Cannabis-light version med en sativa domineret genetik. Den er v\u00e6rdsat og kendt over hele verden for sine naturlige og urteagtige aromaer.<\/span> <\/span><\/p>\n<p><span class=\"VIiyi\" lang=\"da\"><span class=\"JLqJ4b ChMk0b\" data-language-for-alternatives=\"da\" data-language-to-translate-into=\"es\" data-phrase-index=\"1\">Stammen dukkede f\u00f8rst op i USA i 1970&#8217;erne, f\u00f8dt af hybridiseringen af \u200b\u200bafghanske, hawaiiske og jamaicanske strains.<\/span> <\/span><\/p>\n<p><span class=\"VIiyi\" lang=\"da\"><span class=\"JLqJ4b ChMk0b\" data-language-for-alternatives=\"da\" data-language-to-translate-into=\"es\" data-phrase-index=\"3\">Blomsterne af denne lette cannabisstamme er store og <\/span><span class=\"JLqJ4b ChMk0b\" data-language-for-alternatives=\"da\" data-language-to-translate-into=\"es\" data-phrase-index=\"4\">t\u00e6tte med kompakte blomster, bl\u00f8de at r\u00f8re ved og is\u00e6r harpiksholdige p\u00e5 grund af den store forekomst af trichomer, der indeholder af det aktive stof CBD.<\/span> <\/span><\/p>\n<p><span class=\"VIiyi\" lang=\"da\"><span class=\"JLqJ4b ChMk0b\" data-language-for-alternatives=\"da\" data-language-to-translate-into=\"es\" data-phrase-index=\"6\">Farven er en m\u00f8rk skovgr\u00f8n med nuancer, der sp\u00e6nder fra okkergul til m\u00f8rk guld.<\/span> <span class=\"JLqJ4b ChMk0b\" data-language-for-alternatives=\"da\" data-language-to-translate-into=\"es\" data-phrase-index=\"8\">Duften er intens og vedholdende, friske toner af tr\u00e6 og gr\u00e6s dominerer, men der mangler ikke delikate citrustoner, som f\u00f8les mere afg\u00f8rende, n\u00e5r de smages.<\/span> <\/span><\/p>\n<p><span class=\"VIiyi\" lang=\"da\"><span class=\"JLqJ4b\" data-language-for-alternatives=\"da\" data-language-to-translate-into=\"es\" data-phrase-index=\"0\">THC &lt;0,2% <\/span><\/span><\/p>\n<p><span class=\"VIiyi\" lang=\"da\"><span class=\"JLqJ4b\" data-language-for-alternatives=\"da\" data-language-to-translate-into=\"es\" data-phrase-index=\"0\">Det er et 100% lovligt produkt i hele EU, som kan k\u00f8bes sikkert og uden at l\u00f8be nogen risiko. <\/span><\/span><\/p>\n<p><span class=\"VIiyi\" lang=\"da\"><span class=\"JLqJ4b ChMk0b\" data-language-for-alternatives=\"da\" data-language-to-translate-into=\"es\" data-phrase-index=\"10\">Retur til <a title=\"CBD topskud\" href=\"\/cbd-topskud\/\" data-schema-attribute=\"\">CBD topskud<\/a><\/span> <\/span><\/p>\n<hr \/>\n<p>&nbsp;<\/p>\n<p><span class=\"VIiyi\" lang=\"da\"><span class=\"JLqJ4b\" data-language-for-alternatives=\"da\" data-language-to-translate-into=\"es\" data-phrase-index=\"0\">Efter mange \u00e5rs forskning og eksperimenter af vores Master Cannapicultor udviklede han Diva-Amnesia. <\/span><\/span><\/p>\n<p><span class=\"VIiyi\" lang=\"da\"><span class=\"JLqJ4b\" data-language-for-alternatives=\"da\" data-language-to-translate-into=\"es\" data-phrase-index=\"0\">En variant dyrket i certificeret \u00f8kologisk jord i bakkerne i Tocco da Casauria i Abruzzo i en h\u00f8jde af 356 meter. Varme, men bl\u00e6sende somre, aldrig fugtige og kolde, men aldrig for barske vintre tilbyder ideelle betingelser for v\u00e6ksten af \u200b\u200bdenne lette cannabisstamme, hvilket garanterer flere cyklusser med rigelige blomster. <\/span><\/span><\/p>\n<p><span class=\"VIiyi\" lang=\"da\"><span class=\"JLqJ4b\" data-language-for-alternatives=\"da\" data-language-to-translate-into=\"es\" data-phrase-index=\"0\">Som alle andre Terre di Cannabis-blomster dyrkes Diva-Amnesia uden brug af pesticider eller tungmetaller. Kun naturlige og biologiske organiske stoffer, s\u00e5som kompost, fungerer som g\u00f8dning. Terre di Cannabis overv\u00e5ger og styrer hele produktionsk\u00e6den, fra s\u00e5ning til besk\u00e6ring, fra blomstring til h\u00f8st, fra t\u00f8rring til forarbejdning, fra emballage til distribution med den st\u00f8rste respekt for milj\u00f8et og v\u00e6kstprocessen for hver enkelt plante. <\/span><\/span><\/p>\n<p><span class=\"VIiyi\" lang=\"da\"><span class=\"JLqJ4b\" data-language-for-alternatives=\"da\" data-language-to-translate-into=\"es\" data-phrase-index=\"0\">Denne type 360 \u200b\u200b\u00b0 -styring giver os mulighed for at tilbyde et produkt af h\u00f8jeste kvalitet til en meget overkommelig pris. Diva &#8211; Amnesia mangler, ligesom alle de andre blomsterstande af Terre di Cannabis, psykoaktive effekter og dopingeffekter, desuden dyrkes det i henhold til loven. <\/span><\/span><\/p>\n<p><span class=\"VIiyi\" lang=\"da\"><span class=\"JLqJ4b\" data-language-for-alternatives=\"da\" data-language-to-translate-into=\"es\" data-phrase-index=\"0\">THC-procenten er mindre end 0,2% som kr\u00e6vet i g\u00e6ldende lovgivning. Det er et 100% lovligt produkt i hele EU, som kan k\u00f8bes sikkert og uden risiko.<\/span><\/span><\/p>\n<p>&nbsp;<\/p>\n<p>&nbsp;<\/p>\n<p>Tags: Diva cbd topskud Amnesia cbd buds danmark, <strong>Terre di cannabis<\/strong><\/p>\n","protected":false},"excerpt":{"rendered":"<h2>Diva cbd topskud fra Terre di Cannabis<\/h2>\n<p>Et l\u00e6kkert topskud baseret p\u00e5 Amnesia med et h\u00f8jt indhold af CBD p\u00e5 hele 22%. Her f\u00e5r du god kvalitet til en meget fornuftig pris.<\/p>\n<p>indeholder 2g eller 10g<\/p>\n<p>THC &lt; 0,2%<\/p>\n<p><span class=\"VIiyi\" lang=\"da\"><span class=\"JLqJ4b\" data-language-for-alternatives=\"da\" data-language-to-translate-into=\"es\" data-phrase-index=\"0\">Det er et 100% lovligt produkt i hele EU, som kan k\u00f8bes sikkert og uden at l\u00f8be nogen risiko. <\/span><\/span><\/p>\n<p>&nbsp;<\/p>\n<p>Retur til <a title=\"CBD topskud\" href=\"\/cbd-topskud\/\" data-schema-attribute=\"\">CBD topskud<\/a><\/p>\n","protected":false},"featured_media":9897,"comment_status":"open","ping_status":"closed","template":"","meta":{"ocean_post_layout":"","ocean_both_sidebars_style":"","ocean_both_sidebars_content_width":0,"ocean_both_sidebars_sidebars_width":0,"ocean_sidebar":"0","ocean_second_sidebar":"0","ocean_disable_margins":"enable","ocean_add_body_class":"","ocean_shortcode_before_top_bar":"","ocean_shortcode_after_top_bar":"","ocean_shortcode_before_header":"","ocean_shortcode_after_header":"","ocean_has_shortcode":"","ocean_shortcode_after_title":"","ocean_shortcode_before_footer_widgets":"","ocean_shortcode_after_footer_widgets":"","ocean_shortcode_before_footer_bottom":"","ocean_shortcode_after_footer_bottom":"","ocean_display_top_bar":"default","ocean_display_header":"default","ocean_header_style":"","ocean_center_header_left_menu":"0","ocean_custom_header_template":"0","ocean_custom_logo":0,"ocean_custom_retina_logo":0,"ocean_custom_logo_max_width":0,"ocean_custom_logo_tablet_max_width":0,"ocean_custom_logo_mobile_max_width":0,"ocean_custom_logo_max_height":0,"ocean_custom_logo_tablet_max_height":0,"ocean_custom_logo_mobile_max_height":0,"ocean_header_custom_menu":"0","ocean_menu_typo_font_family":"0","ocean_menu_typo_font_subset":"","ocean_menu_typo_font_size":0,"ocean_menu_typo_font_size_tablet":0,"ocean_menu_typo_font_size_mobile":0,"ocean_menu_typo_font_size_unit":"px","ocean_menu_typo_font_weight":"","ocean_menu_typo_font_weight_tablet":"","ocean_menu_typo_font_weight_mobile":"","ocean_menu_typo_transform":"","ocean_menu_typo_transform_tablet":"","ocean_menu_typo_transform_mobile":"","ocean_menu_typo_line_height":0,"ocean_menu_typo_line_height_tablet":0,"ocean_menu_typo_line_height_mobile":0,"ocean_menu_typo_line_height_unit":"","ocean_menu_typo_spacing":0,"ocean_menu_typo_spacing_tablet":0,"ocean_menu_typo_spacing_mobile":0,"ocean_menu_typo_spacing_unit":"","ocean_menu_link_color":"","ocean_menu_link_color_hover":"","ocean_menu_link_color_active":"","ocean_menu_link_background":"","ocean_menu_link_hover_background":"","ocean_menu_link_active_background":"","ocean_menu_social_links_bg":"","ocean_menu_social_hover_links_bg":"","ocean_menu_social_links_color":"","ocean_menu_social_hover_links_color":"","ocean_disable_title":"default","ocean_disable_heading":"default","ocean_post_title":"","ocean_post_subheading":"","ocean_post_title_style":"","ocean_post_title_background_color":"","ocean_post_title_background":0,"ocean_post_title_bg_image_position":"","ocean_post_title_bg_image_attachment":"","ocean_post_title_bg_image_repeat":"","ocean_post_title_bg_image_size":"","ocean_post_title_height":0,"ocean_post_title_bg_overlay":0.5,"ocean_post_title_bg_overlay_color":"","ocean_disable_breadcrumbs":"default","ocean_breadcrumbs_color":"","ocean_breadcrumbs_separator_color":"","ocean_breadcrumbs_links_color":"","ocean_breadcrumbs_links_hover_color":"","ocean_display_footer_widgets":"default","ocean_display_footer_bottom":"default","ocean_custom_footer_template":"0","osh_disable_topbar_sticky":"default","osh_disable_header_sticky":"default","osh_sticky_header_style":"default","osh_sticky_header_effect":"","osh_custom_sticky_logo":0,"osh_custom_retina_sticky_logo":0,"osh_custom_sticky_logo_height":0,"osh_background_color":"","osh_links_color":"","osh_links_hover_color":"","osh_links_active_color":"","osh_links_bg_color":"","osh_links_hover_bg_color":"","osh_links_active_bg_color":"","osh_menu_social_links_color":"","osh_menu_social_hover_links_color":"","iawp_total_views":552},"product_brand":[],"product_cat":[147],"product_tag":[339,368,369,239,504],"class_list":{"0":"post-9894","1":"product","2":"type-product","3":"status-publish","4":"has-post-thumbnail","6":"product_cat-cbd-topskud1","7":"product_tag-amnesia","8":"product_tag-cbd-buds","9":"product_tag-cbd-buds-danmark","10":"product_tag-cbd-topskud","11":"product_tag-terre-di-cannabis","13":"entry","14":"has-media","16":"first","17":"instock","18":"sale","19":"taxable","20":"shipping-taxable","21":"purchasable","22":"product-type-variable","23":"has-default-attributes","24":"has-rating","25":"has-product-nav","26":"col","27":"span_1_of_4","28":"owp-content-center","29":"item-entry","30":"owp-thumbs-layout-vertical","31":"owp-btn-normal","32":"owp-tabs-layout-vertical","34":"circle-sale"},"_links":{"self":[{"href":"https:\/\/body-n-soul.com\/en\/wp-json\/wp\/v2\/product\/9894","targetHints":{"allow":["GET"]}}],"collection":[{"href":"https:\/\/body-n-soul.com\/en\/wp-json\/wp\/v2\/product"}],"about":[{"href":"https:\/\/body-n-soul.com\/en\/wp-json\/wp\/v2\/types\/product"}],"replies":[{"embeddable":true,"href":"https:\/\/body-n-soul.com\/en\/wp-json\/wp\/v2\/comments?post=9894"}],"wp:featuredmedia":[{"embeddable":true,"href":"https:\/\/body-n-soul.com\/en\/wp-json\/wp\/v2\/media\/9897"}],"wp:attachment":[{"href":"https:\/\/body-n-soul.com\/en\/wp-json\/wp\/v2\/media?parent=9894"}],"wp:term":[{"taxonomy":"product_brand","embeddable":true,"href":"https:\/\/body-n-soul.com\/en\/wp-json\/wp\/v2\/product_brand?post=9894"},{"taxonomy":"product_cat","embeddable":true,"href":"https:\/\/body-n-soul.com\/en\/wp-json\/wp\/v2\/product_cat?post=9894"},{"taxonomy":"product_tag","embeddable":true,"href":"https:\/\/body-n-soul.com\/en\/wp-json\/wp\/v2\/product_tag?post=9894"}],"curies":[{"name":"wp","href":"https:\/\/api.w.org\/{rel}","templated":true}]}}