{"id":9882,"date":"2021-04-09T00:02:39","date_gmt":"2021-04-08T22:02:39","guid":{"rendered":"https:\/\/body-n-soul.com\/?post_type=product&#038;p=9882"},"modified":"2026-03-15T13:20:15","modified_gmt":"2026-03-15T12:20:15","slug":"popolo-cbd-topskud-white-widow","status":"publish","type":"product","link":"https:\/\/body-n-soul.com\/en\/popolo-cbd-topskud-white-widow\/","title":{"rendered":"Popolo CBD topskud White Widow &#8211; 14% CBD"},"content":{"rendered":"<h2>Popolo CBD topskud Terre de Cannabis<\/h2>\n<p><span class=\"VIiyi\" lang=\"da\"><span class=\"JLqJ4b ChMk0b\" data-language-for-alternatives=\"da\" data-language-to-translate-into=\"es\" data-phrase-index=\"0\">Popolo cbd topskud (CBD bud) er blevet til p\u00e5 baggrund af h\u00e5rdt arbejde og professionalisme som Terre har lagt i tid i.<\/span> <\/span><\/p>\n<p><span class=\"VIiyi\" lang=\"da\"><span class=\"JLqJ4b ChMk0b\" data-language-for-alternatives=\"da\" data-language-to-translate-into=\"es\" data-phrase-index=\"1\">Det er en\u00a0 &#8220;popul\u00e6r&#8221; blomst med de samme egenskaber som &#8220;urtefruen&#8221;: White Widow der udgangspunktet for dette topskud. Popolo har den samme aroma, den samme konsistens og den samme omfattede fornemmelse som White Widow.<\/span> <\/span><\/p>\n<p><span class=\"VIiyi\" lang=\"da\"><span class=\"JLqJ4b ChMk0b\" data-language-for-alternatives=\"da\" data-language-to-translate-into=\"es\" data-phrase-index=\"4\">Popolo er en 100% organisk blomst, dens form er kompakt, og n\u00e5r du \u00e5bner pakken, f\u00e5r den dig til at f\u00f8le dig overv\u00e6ldet af en lugteksplosion.<\/span> <span class=\"JLqJ4b ChMk0b\" data-language-for-alternatives=\"da\" data-language-to-translate-into=\"es\" data-phrase-index=\"5\">Der er en duft af terpener, der minder om duften af \u200b\u200bskoven og udseendet er domineret af <\/span><span class=\"JLqJ4b ChMk0b\" data-language-for-alternatives=\"da\" data-language-to-translate-into=\"es\" data-phrase-index=\"6\">de karakteristiske trichomes.<\/span> <\/span><\/p>\n<p><span class=\"VIiyi\" lang=\"da\"><span class=\"JLqJ4b ChMk0b\" data-language-for-alternatives=\"da\" data-language-to-translate-into=\"es\" data-phrase-index=\"7\">Popolo har eksklusive og l\u00e6kre egenskaber takket v\u00e6re cannabinoiderne og den er meget rig p\u00e5 harpiks med en kompleks kompakthed.<\/span> <\/span><\/p>\n<p><span class=\"VIiyi\" lang=\"da\"><span class=\"JLqJ4b ChMk0b\" data-language-for-alternatives=\"da\" data-language-to-translate-into=\"es\" data-phrase-index=\"8\">Popolo er en unik blomst.<\/span> <span class=\"JLqJ4b ChMk0b\" data-language-for-alternatives=\"da\" data-language-to-translate-into=\"es\" data-phrase-index=\"9\">Med f\u00f8lelser.<\/span> <span class=\"JLqJ4b ChMk0b\" data-language-for-alternatives=\"da\" data-language-to-translate-into=\"es\" data-phrase-index=\"10\">Ligesom den k\u00e6rlighed, vi f\u00f8ler for denne magiske plante.<\/span> <\/span><\/p>\n<p>CBD 14%<\/p>\n<p><span class=\"VIiyi\" lang=\"da\"><span class=\"JLqJ4b\" data-language-for-alternatives=\"da\" data-language-to-translate-into=\"es\" data-phrase-index=\"0\">THC &lt;0,2% <\/span><\/span><\/p>\n<p><span class=\"VIiyi\" lang=\"da\"><span class=\"JLqJ4b\" data-language-for-alternatives=\"da\" data-language-to-translate-into=\"es\" data-phrase-index=\"0\">Det er et 100% lovligt produkt i hele EU, som kan k\u00f8bes sikkert og uden at l\u00f8be nogen risiko. <\/span><\/span><\/p>\n<p><span class=\"VIiyi\" lang=\"da\"><span class=\"JLqJ4b ChMk0b\" data-language-for-alternatives=\"da\" data-language-to-translate-into=\"es\" data-phrase-index=\"14\"><span class=\"JLqJ4b\" data-language-for-alternatives=\"da\" data-language-to-translate-into=\"es\" data-phrase-index=\"0\"> Retur til <a title=\"CBD topskud\" href=\"\/cbd-topskud\/\" data-schema-attribute=\"\">CBD topskud<\/a><\/span><\/span><\/span><\/p>\n<p>Tags: popolos topskud, k\u00f8b cbd i danmark og priser p\u00e5 cbd i danmark white widow cbd buds danmark<\/p>\n","protected":false},"excerpt":{"rendered":"<p>Popolo cbd topskud f\u00e5es i 2g og 10g pakker.<\/p>\n<p>Dette topskud minder om white widow stammen.<\/p>\n<p>Et l\u00e6kkert fedtet topskud med masser af harpiks og terpener. 18% CBD<\/p>\n<p>indeholder 2g eller 10g<\/p>\n<p>THC &lt; 0,2%<\/p>\n<p><span class=\"VIiyi\" lang=\"da\"><span class=\"JLqJ4b\" data-language-for-alternatives=\"da\" data-language-to-translate-into=\"es\" data-phrase-index=\"0\">Det er et 100% lovligt produkt i hele EU, som kan k\u00f8bes sikkert og uden at l\u00f8be nogen risiko. <\/span><\/span><\/p>\n<p>&nbsp;<\/p>\n<p>Retur til <a title=\"CBD topskud\" href=\"\/cbd-topskud\/\" data-schema-attribute=\"\">CBD topskud<\/a><\/p>\n","protected":false},"featured_media":9885,"comment_status":"open","ping_status":"closed","template":"","meta":{"ocean_post_layout":"","ocean_both_sidebars_style":"","ocean_both_sidebars_content_width":0,"ocean_both_sidebars_sidebars_width":0,"ocean_sidebar":"0","ocean_second_sidebar":"0","ocean_disable_margins":"enable","ocean_add_body_class":"","ocean_shortcode_before_top_bar":"","ocean_shortcode_after_top_bar":"","ocean_shortcode_before_header":"","ocean_shortcode_after_header":"","ocean_has_shortcode":"","ocean_shortcode_after_title":"","ocean_shortcode_before_footer_widgets":"","ocean_shortcode_after_footer_widgets":"","ocean_shortcode_before_footer_bottom":"","ocean_shortcode_after_footer_bottom":"","ocean_display_top_bar":"default","ocean_display_header":"default","ocean_header_style":"","ocean_center_header_left_menu":"0","ocean_custom_header_template":"0","ocean_custom_logo":0,"ocean_custom_retina_logo":0,"ocean_custom_logo_max_width":0,"ocean_custom_logo_tablet_max_width":0,"ocean_custom_logo_mobile_max_width":0,"ocean_custom_logo_max_height":0,"ocean_custom_logo_tablet_max_height":0,"ocean_custom_logo_mobile_max_height":0,"ocean_header_custom_menu":"0","ocean_menu_typo_font_family":"0","ocean_menu_typo_font_subset":"","ocean_menu_typo_font_size":0,"ocean_menu_typo_font_size_tablet":0,"ocean_menu_typo_font_size_mobile":0,"ocean_menu_typo_font_size_unit":"px","ocean_menu_typo_font_weight":"","ocean_menu_typo_font_weight_tablet":"","ocean_menu_typo_font_weight_mobile":"","ocean_menu_typo_transform":"","ocean_menu_typo_transform_tablet":"","ocean_menu_typo_transform_mobile":"","ocean_menu_typo_line_height":0,"ocean_menu_typo_line_height_tablet":0,"ocean_menu_typo_line_height_mobile":0,"ocean_menu_typo_line_height_unit":"","ocean_menu_typo_spacing":0,"ocean_menu_typo_spacing_tablet":0,"ocean_menu_typo_spacing_mobile":0,"ocean_menu_typo_spacing_unit":"","ocean_menu_link_color":"","ocean_menu_link_color_hover":"","ocean_menu_link_color_active":"","ocean_menu_link_background":"","ocean_menu_link_hover_background":"","ocean_menu_link_active_background":"","ocean_menu_social_links_bg":"","ocean_menu_social_hover_links_bg":"","ocean_menu_social_links_color":"","ocean_menu_social_hover_links_color":"","ocean_disable_title":"default","ocean_disable_heading":"default","ocean_post_title":"","ocean_post_subheading":"","ocean_post_title_style":"","ocean_post_title_background_color":"","ocean_post_title_background":0,"ocean_post_title_bg_image_position":"","ocean_post_title_bg_image_attachment":"","ocean_post_title_bg_image_repeat":"","ocean_post_title_bg_image_size":"","ocean_post_title_height":0,"ocean_post_title_bg_overlay":0.5,"ocean_post_title_bg_overlay_color":"","ocean_disable_breadcrumbs":"default","ocean_breadcrumbs_color":"","ocean_breadcrumbs_separator_color":"","ocean_breadcrumbs_links_color":"","ocean_breadcrumbs_links_hover_color":"","ocean_display_footer_widgets":"default","ocean_display_footer_bottom":"default","ocean_custom_footer_template":"0","osh_disable_topbar_sticky":"default","osh_disable_header_sticky":"default","osh_sticky_header_style":"default","osh_sticky_header_effect":"","osh_custom_sticky_logo":0,"osh_custom_retina_sticky_logo":0,"osh_custom_sticky_logo_height":0,"osh_background_color":"","osh_links_color":"","osh_links_hover_color":"","osh_links_active_color":"","osh_links_bg_color":"","osh_links_hover_bg_color":"","osh_links_active_bg_color":"","osh_menu_social_links_color":"","osh_menu_social_hover_links_color":"","iawp_total_views":116},"product_brand":[],"product_cat":[147],"product_tag":[369,239,504,366],"class_list":{"0":"post-9882","1":"product","2":"type-product","3":"status-publish","4":"has-post-thumbnail","6":"product_cat-cbd-topskud1","7":"product_tag-cbd-buds-danmark","8":"product_tag-cbd-topskud","9":"product_tag-terre-di-cannabis","10":"product_tag-white-widow","12":"entry","13":"has-media","15":"first","16":"instock","17":"sale","18":"taxable","19":"shipping-taxable","20":"purchasable","21":"product-type-variable","22":"has-default-attributes","23":"has-product-nav","24":"col","25":"span_1_of_4","26":"owp-content-center","27":"item-entry","28":"owp-thumbs-layout-vertical","29":"owp-btn-normal","30":"owp-tabs-layout-vertical","32":"circle-sale"},"_links":{"self":[{"href":"https:\/\/body-n-soul.com\/en\/wp-json\/wp\/v2\/product\/9882","targetHints":{"allow":["GET"]}}],"collection":[{"href":"https:\/\/body-n-soul.com\/en\/wp-json\/wp\/v2\/product"}],"about":[{"href":"https:\/\/body-n-soul.com\/en\/wp-json\/wp\/v2\/types\/product"}],"replies":[{"embeddable":true,"href":"https:\/\/body-n-soul.com\/en\/wp-json\/wp\/v2\/comments?post=9882"}],"wp:featuredmedia":[{"embeddable":true,"href":"https:\/\/body-n-soul.com\/en\/wp-json\/wp\/v2\/media\/9885"}],"wp:attachment":[{"href":"https:\/\/body-n-soul.com\/en\/wp-json\/wp\/v2\/media?parent=9882"}],"wp:term":[{"taxonomy":"product_brand","embeddable":true,"href":"https:\/\/body-n-soul.com\/en\/wp-json\/wp\/v2\/product_brand?post=9882"},{"taxonomy":"product_cat","embeddable":true,"href":"https:\/\/body-n-soul.com\/en\/wp-json\/wp\/v2\/product_cat?post=9882"},{"taxonomy":"product_tag","embeddable":true,"href":"https:\/\/body-n-soul.com\/en\/wp-json\/wp\/v2\/product_tag?post=9882"}],"curies":[{"name":"wp","href":"https:\/\/api.w.org\/{rel}","templated":true}]}}