{"id":9872,"date":"2021-04-08T22:54:25","date_gmt":"2021-04-08T20:54:25","guid":{"rendered":"https:\/\/body-n-soul.com\/?post_type=product&#038;p=9872"},"modified":"2025-07-31T23:20:35","modified_gmt":"2025-07-31T21:20:35","slug":"volare-cbd-topskud-silver-haze","status":"publish","type":"product","link":"https:\/\/body-n-soul.com\/en\/volare-cbd-topskud-silver-haze\/","title":{"rendered":"Volare CBD topskud Silver Haze &#8211; 18% CBD"},"content":{"rendered":"<h2>Volare CBD topskud Terre di Cannabis<\/h2>\n<p>Et fantastisk godt cbd topskud (cbd buds) med en uovertruffen forhold mellem pris og kvalitet. Minder om Silver Haze.<\/p>\n<p><span class=\"VIiyi\" lang=\"da\"><span class=\"JLqJ4b ChMk0b\" data-language-for-alternatives=\"da\" data-language-to-translate-into=\"es\" data-phrase-index=\"0\">Volare cbd topskud er en unik blomst, fordi den er helt organisk: den dyrkes helt uden tilstedev\u00e6relse af tungmetaller, uden brug af pesticider og p\u00e5 en biologisk og \u00f8kologisk m\u00e5de.<\/span> <\/span><\/p>\n<p><span class=\"VIiyi\" lang=\"da\"><span class=\"JLqJ4b ChMk0b\" data-language-for-alternatives=\"da\" data-language-to-translate-into=\"es\" data-phrase-index=\"2\">Et produkt, der er en del af Made in Italy ekspertise p\u00e5 grund af dets fremtoning, smag og aroma: cannabisblomster af overlegen kvalitet.<\/span> <\/span><\/p>\n<p><span class=\"VIiyi\" lang=\"da\"><span class=\"JLqJ4b ChMk0b\" data-language-for-alternatives=\"da\" data-language-to-translate-into=\"es\" data-phrase-index=\"3\">Volare har en speciel form og udseende idet dets \u00f8vre dele er let og elegant og den bliver mere kompakt nedadtil. Den er bl\u00f8d at r\u00f8re ved og l\u00e6kker for \u00f8jet med en dyb m\u00f8rkegr\u00f8n farve, der minder om Middelhavets pragt.<\/span> <\/span><\/p>\n<p><span class=\"VIiyi\" lang=\"da\"><span class=\"JLqJ4b ChMk0b\" data-language-for-alternatives=\"da\" data-language-to-translate-into=\"es\" data-phrase-index=\"5\">Ikke kun det, Volare cannabisblomsten er fyldt med en tyktflydende harpiks der g\u00f8r den dejlig fedtet at r\u00f8re ved grundet den h\u00f8je procentdel af cannabinoider og terpener.<\/span> <\/span><\/p>\n<p><span class=\"VIiyi\" lang=\"da\"><span class=\"JLqJ4b ChMk0b\" data-language-for-alternatives=\"da\" data-language-to-translate-into=\"es\" data-phrase-index=\"6\">En let cannabisblomst, der ligner den klassiske Silver Haze og er en uovertruffen oplevelse.<\/span><\/span><\/p>\n<p>CBD: 18%<\/p>\n<p><span class=\"VIiyi\" lang=\"da\"><span class=\"JLqJ4b\" data-language-for-alternatives=\"da\" data-language-to-translate-into=\"es\" data-phrase-index=\"0\">THC &lt;0,2% <\/span><\/span><\/p>\n<p><span class=\"VIiyi\" lang=\"da\"><span class=\"JLqJ4b\" data-language-for-alternatives=\"da\" data-language-to-translate-into=\"es\" data-phrase-index=\"0\">Det er et 100% lovligt produkt i hele EU, som kan k\u00f8bes sikkert og uden at l\u00f8be nogen risiko. <\/span><\/span><\/p>\n<p><span class=\"VIiyi\" lang=\"da\"><span class=\"JLqJ4b ChMk0b\" data-language-for-alternatives=\"da\" data-language-to-translate-into=\"es\" data-phrase-index=\"8\"><span class=\"JLqJ4b\" data-language-for-alternatives=\"da\" data-language-to-translate-into=\"es\" data-phrase-index=\"0\">Retur til <a title=\"CBD topskud\" href=\"\/cbd-topskud\/\" data-schema-attribute=\"\">CBD topskud<\/a>\u00a0<\/span><\/span><\/span><\/p>\n<p>Tags: volare topskud, CBD topskud, K\u00f8b cbd i Danmark, Topskud i Danmark silver haze, Terre di Cannabis<\/p>\n","protected":false},"excerpt":{"rendered":"<h2>Terre di Cannabis Volare cbd topskud.<\/h2>\n<p>Det er af typen silver haze.<\/p>\n<p>Et l\u00e6kkert topskud med 18% CBD indhold.<\/p>\n<p>THC &lt; 0.2%<\/p>\n<p>Retur til <a title=\"CBD topskud\" href=\"\/cbd-topskud\/\" data-schema-attribute=\"\">CBD topskud<\/a><\/p>\n","protected":false},"featured_media":9878,"comment_status":"open","ping_status":"closed","template":"","meta":{"ocean_post_layout":"","ocean_both_sidebars_style":"","ocean_both_sidebars_content_width":0,"ocean_both_sidebars_sidebars_width":0,"ocean_sidebar":"0","ocean_second_sidebar":"0","ocean_disable_margins":"enable","ocean_add_body_class":"","ocean_shortcode_before_top_bar":"","ocean_shortcode_after_top_bar":"","ocean_shortcode_before_header":"","ocean_shortcode_after_header":"","ocean_has_shortcode":"","ocean_shortcode_after_title":"","ocean_shortcode_before_footer_widgets":"","ocean_shortcode_after_footer_widgets":"","ocean_shortcode_before_footer_bottom":"","ocean_shortcode_after_footer_bottom":"","ocean_display_top_bar":"default","ocean_display_header":"default","ocean_header_style":"","ocean_center_header_left_menu":"0","ocean_custom_header_template":"0","ocean_custom_logo":0,"ocean_custom_retina_logo":0,"ocean_custom_logo_max_width":0,"ocean_custom_logo_tablet_max_width":0,"ocean_custom_logo_mobile_max_width":0,"ocean_custom_logo_max_height":0,"ocean_custom_logo_tablet_max_height":0,"ocean_custom_logo_mobile_max_height":0,"ocean_header_custom_menu":"0","ocean_menu_typo_font_family":"0","ocean_menu_typo_font_subset":"","ocean_menu_typo_font_size":0,"ocean_menu_typo_font_size_tablet":0,"ocean_menu_typo_font_size_mobile":0,"ocean_menu_typo_font_size_unit":"px","ocean_menu_typo_font_weight":"","ocean_menu_typo_font_weight_tablet":"","ocean_menu_typo_font_weight_mobile":"","ocean_menu_typo_transform":"","ocean_menu_typo_transform_tablet":"","ocean_menu_typo_transform_mobile":"","ocean_menu_typo_line_height":0,"ocean_menu_typo_line_height_tablet":0,"ocean_menu_typo_line_height_mobile":0,"ocean_menu_typo_line_height_unit":"","ocean_menu_typo_spacing":0,"ocean_menu_typo_spacing_tablet":0,"ocean_menu_typo_spacing_mobile":0,"ocean_menu_typo_spacing_unit":"","ocean_menu_link_color":"","ocean_menu_link_color_hover":"","ocean_menu_link_color_active":"","ocean_menu_link_background":"","ocean_menu_link_hover_background":"","ocean_menu_link_active_background":"","ocean_menu_social_links_bg":"","ocean_menu_social_hover_links_bg":"","ocean_menu_social_links_color":"","ocean_menu_social_hover_links_color":"","ocean_disable_title":"default","ocean_disable_heading":"default","ocean_post_title":"","ocean_post_subheading":"","ocean_post_title_style":"","ocean_post_title_background_color":"","ocean_post_title_background":0,"ocean_post_title_bg_image_position":"","ocean_post_title_bg_image_attachment":"","ocean_post_title_bg_image_repeat":"","ocean_post_title_bg_image_size":"","ocean_post_title_height":0,"ocean_post_title_bg_overlay":0.5,"ocean_post_title_bg_overlay_color":"","ocean_disable_breadcrumbs":"default","ocean_breadcrumbs_color":"","ocean_breadcrumbs_separator_color":"","ocean_breadcrumbs_links_color":"","ocean_breadcrumbs_links_hover_color":"","ocean_display_footer_widgets":"default","ocean_display_footer_bottom":"default","ocean_custom_footer_template":"0","osh_disable_topbar_sticky":"default","osh_disable_header_sticky":"default","osh_sticky_header_style":"default","osh_sticky_header_effect":"","osh_custom_sticky_logo":0,"osh_custom_retina_sticky_logo":0,"osh_custom_sticky_logo_height":0,"osh_background_color":"","osh_links_color":"","osh_links_hover_color":"","osh_links_active_color":"","osh_links_bg_color":"","osh_links_hover_bg_color":"","osh_links_active_bg_color":"","osh_menu_social_links_color":"","osh_menu_social_hover_links_color":"","iawp_total_views":577},"product_brand":[],"product_cat":[147],"product_tag":[368,369,239,380,504,365],"class_list":{"0":"post-9872","1":"product","2":"type-product","3":"status-publish","4":"has-post-thumbnail","6":"product_cat-cbd-topskud1","7":"product_tag-cbd-buds","8":"product_tag-cbd-buds-danmark","9":"product_tag-cbd-topskud","10":"product_tag-silver-haze","11":"product_tag-terre-di-cannabis","12":"product_tag-topskud-i-danmark","14":"entry","15":"has-media","17":"first","18":"instock","19":"sale","20":"featured","21":"taxable","22":"shipping-taxable","23":"purchasable","24":"product-type-variable","25":"has-default-attributes","26":"has-rating","27":"has-product-nav","28":"col","29":"span_1_of_4","30":"owp-content-center","31":"item-entry","32":"owp-thumbs-layout-vertical","33":"owp-btn-normal","34":"owp-tabs-layout-vertical","36":"circle-sale"},"_links":{"self":[{"href":"https:\/\/body-n-soul.com\/en\/wp-json\/wp\/v2\/product\/9872","targetHints":{"allow":["GET"]}}],"collection":[{"href":"https:\/\/body-n-soul.com\/en\/wp-json\/wp\/v2\/product"}],"about":[{"href":"https:\/\/body-n-soul.com\/en\/wp-json\/wp\/v2\/types\/product"}],"replies":[{"embeddable":true,"href":"https:\/\/body-n-soul.com\/en\/wp-json\/wp\/v2\/comments?post=9872"}],"wp:featuredmedia":[{"embeddable":true,"href":"https:\/\/body-n-soul.com\/en\/wp-json\/wp\/v2\/media\/9878"}],"wp:attachment":[{"href":"https:\/\/body-n-soul.com\/en\/wp-json\/wp\/v2\/media?parent=9872"}],"wp:term":[{"taxonomy":"product_brand","embeddable":true,"href":"https:\/\/body-n-soul.com\/en\/wp-json\/wp\/v2\/product_brand?post=9872"},{"taxonomy":"product_cat","embeddable":true,"href":"https:\/\/body-n-soul.com\/en\/wp-json\/wp\/v2\/product_cat?post=9872"},{"taxonomy":"product_tag","embeddable":true,"href":"https:\/\/body-n-soul.com\/en\/wp-json\/wp\/v2\/product_tag?post=9872"}],"curies":[{"name":"wp","href":"https:\/\/api.w.org\/{rel}","templated":true}]}}