{"id":9685,"date":"2021-02-28T15:10:04","date_gmt":"2021-02-28T14:10:04","guid":{"rendered":"https:\/\/body-n-soul.com\/?post_type=product&#038;p=9685"},"modified":"2026-03-09T12:42:23","modified_gmt":"2026-03-09T11:42:23","slug":"cbd-krystaller-1g","status":"publish","type":"product","link":"https:\/\/body-n-soul.com\/en\/cbd-krystaller-1g\/","title":{"rendered":"Swiss Made CBD krystaller 99,4% CBD"},"content":{"rendered":"<h2>Swiss made CBD krystaller<\/h2>\n<p>Indeholder isoleret CBD krystal pulver.<br \/>\nLaboratorietestet<\/p>\n<p>Mindre end 0,03% THC<\/p>\n<p>Kun CBD<\/p>\n<h3>Hvad er CBD krystaller<\/h3>\n<p><em>CBD krystaller<\/em>, eller isolat, er den rene form for CBD. Andre typer CBD omfatter bredspektret CBD og fuldspektret CBD. Disse former indeholder lave niveauer af forskellige andre cannabinoider, s\u00e5som THC. De kan ogs\u00e5 indeholde terpener, som giver mange planter deres duft.<\/p>\n<p>CBD krystaller indeholder kun CBD.<\/p>\n<p>Der er flere m\u00e5der at udvinde CBD fra cannabisplanten p\u00e5, herunder dampdestillation, kuldioxidekstraktion og opl\u00f8sningsmiddelekstraktion.<\/p>\n<p>Det resulterende produkt indeholder ofte forskellige forbindelser fra cannabisplanter, herunder lave niveauer af THC, men dette afh\u00e6nger af plantekilden. P\u00e5 dette stadium er den ekstraherede CBD enten fuldspektrum eller lavspektrum.<\/p>\n<p>Producenter forfiner derefter produktet yderligere for at opn\u00e5 CBD isolat eller krystaller.<\/p>\n<p>Raffineringsprocessen fjerner alle ikke-CBD-forbindelser fra produktet og efterlader ren CBD i en krystallinsk fast form. Normalt maler producenterne krystallerne til salg eller bruger dem i andre CBD produkter.<\/p>\n<h3>Fordele ved CBD krystaller<\/h3>\n<p>Generelt er forskningen i CBD stadig i de tidlige stadier. Der er ogs\u00e5 begr\u00e6nsede unders\u00f8gelser af specifikke former for CBD.<\/p>\n<p>Nogle forskere mener dog, at CBD p\u00e5virker cannabinoidreceptorer i den menneskelige krop. Potentielle sundhedsm\u00e6ssige fordele omfatter:<\/p>\n<p>&nbsp;<\/p>\n<p>Kilde: <a title=\"Medical News Today\" href=\"https:\/\/www.medicalnewstoday.com\/articles\/cbd-crystals\" target=\"_blank\" rel=\"noopener\">Medical News Today<\/a><\/p>\n<p>&nbsp;<\/p>\n<p>&#8211; immunforst\u00e6rkende egenskaber<br \/>\n&#8211; anti-inflammation<br \/>\n&#8211; forebyggelse af opkastning<br \/>\n&#8211; kvalme behandling<br \/>\n&#8211; neurobeskyttende virkninger<br \/>\n&#8211; anti-anfaldseffekter<br \/>\n&#8211; smertelindring<br \/>\n&#8211; forebyggelse af tumordannelse<br \/>\n&#8211; anti-angst virkninger<\/p>\n<p>If\u00f8lge en artikel i Pain kan CBD ogs\u00e5 p\u00e5virke ikke-cannabinoide receptorer, herunder 5-Hydroxytryptophan (5-HTP) serotoninreceptoren.<\/p>\n<p>Serotonin er et kemikalie, der p\u00e5virker niveauet af angst, depression og har en indflydelse p\u00e5 s\u00f8vnen. Dette kan forklare, hvorfor nogle mennesker rapporterer, at CBD positivt p\u00e5virker deres smerte- og angstsymptomer.<\/p>\n<p>En dyreunders\u00f8gelse fra 2015 viste dog, at CBD-isolat kan give svagere fordele end fuld- og bredspektrede former for CBD. Dette kan skyldes, at CBD-isolat ikke indeholder andre forbindelser fra cannabisplanten.<\/p>\n<p>Forskning i &#8216;entourage-effekten&#8217; tyder p\u00e5, at CBD kan have mere udtalte sundhedsm\u00e6ssige fordele, n\u00e5r det indeholder yderligere forbindelser.<\/p>\n<p>Dette betyder ikke, at krystaller er bedre eller v\u00e6rre end andre former for CBD. Yderligere unders\u00f8gelser vil hj\u00e6lpe med at klarl\u00e6gge de potentielle sundhedseffekter af forskellige former for CBD.<\/p>\n<p>I \u00f8jeblikket er der ikke nok beviser til at bekr\u00e6fte en endelig sammenh\u00e6ng mellem CBD-isolat og anekdotisk rapporterede sundhedsm\u00e6ssige fordele.<\/p>\n<p>Det er vores opfattelse at <em>CBD krystaller<\/em> ikke kan st\u00e5 alene. Der er eksempler p\u00e5 at CBD olie er lavet p\u00e5 rene CBD krystaller men disse olier har ikke den forventede effekt. Krystallerne kan bruges til at booste indholdet af CBD men andre forbindelser er ogs\u00e5 n\u00f8dvendige s\u00e5 man opn\u00e5r den bredspektrede effekt.<\/p>\n<p>&nbsp;<\/p>\n<p>Vi bruger CBD krystaller til at booste CBD indholdet i CBD topskud i form af <a href=\"https:\/\/body-n-soul.com\/cbd-snowballs-m-99-cbd-krystaller-10-gr\/\">CBD Snowballs m. 99% CBD Krystaller<\/a> eller <a href=\"https:\/\/body-n-soul.com\/cbg-snowballs-m-99-cbd-krystaller-10-gr\/\">CBG Snowballs m. 99% CBD Krystaller<\/a> hvor vi i sidstn\u00e6vnte har et h\u00f8jt indhold af CBG samt et boost med CBD krustaller. Det er guf.<\/p>\n<p>&nbsp;<\/p>\n<p>I overensstemmelse med loven skal vi anf\u00f8re at CBD krystaller ikke er til konsum. De s\u00e6lges kun som samleobjekter eller pyntegenstande.<\/p>\n<p>&nbsp;<\/p>\n<p>Retur til <a title=\"CBD topskud\" href=\"\/cbd-topskud\/\" data-schema-attribute=\"\">CBD topskud<\/a><\/p>\n","protected":false},"excerpt":{"rendered":"<h2>swiss made CBD krystaller<\/h2>\n<p>Ren CBD i krystalleret form. Indeholder 99,4% CBD og &lt; 0.03% THC<\/p>\n<p>Laboratorietestet.<\/p>\n<p>CBD krystaller kan bruges til en bred vifte af produkter.<\/p>\n<p>Retur til <a title=\"CBD topskud\" href=\"\/cbd-topskud\/\" data-schema-attribute=\"\">CBD topskud<\/a><\/p>\n","protected":false},"featured_media":12558,"comment_status":"open","ping_status":"closed","template":"","meta":{"ocean_post_layout":"","ocean_both_sidebars_style":"","ocean_both_sidebars_content_width":0,"ocean_both_sidebars_sidebars_width":0,"ocean_sidebar":"0","ocean_second_sidebar":"0","ocean_disable_margins":"enable","ocean_add_body_class":"","ocean_shortcode_before_top_bar":"","ocean_shortcode_after_top_bar":"","ocean_shortcode_before_header":"","ocean_shortcode_after_header":"","ocean_has_shortcode":"","ocean_shortcode_after_title":"","ocean_shortcode_before_footer_widgets":"","ocean_shortcode_after_footer_widgets":"","ocean_shortcode_before_footer_bottom":"","ocean_shortcode_after_footer_bottom":"","ocean_display_top_bar":"default","ocean_display_header":"default","ocean_header_style":"","ocean_center_header_left_menu":"0","ocean_custom_header_template":"0","ocean_custom_logo":0,"ocean_custom_retina_logo":0,"ocean_custom_logo_max_width":0,"ocean_custom_logo_tablet_max_width":0,"ocean_custom_logo_mobile_max_width":0,"ocean_custom_logo_max_height":0,"ocean_custom_logo_tablet_max_height":0,"ocean_custom_logo_mobile_max_height":0,"ocean_header_custom_menu":"0","ocean_menu_typo_font_family":"0","ocean_menu_typo_font_subset":"","ocean_menu_typo_font_size":0,"ocean_menu_typo_font_size_tablet":0,"ocean_menu_typo_font_size_mobile":0,"ocean_menu_typo_font_size_unit":"px","ocean_menu_typo_font_weight":"","ocean_menu_typo_font_weight_tablet":"","ocean_menu_typo_font_weight_mobile":"","ocean_menu_typo_transform":"","ocean_menu_typo_transform_tablet":"","ocean_menu_typo_transform_mobile":"","ocean_menu_typo_line_height":0,"ocean_menu_typo_line_height_tablet":0,"ocean_menu_typo_line_height_mobile":0,"ocean_menu_typo_line_height_unit":"","ocean_menu_typo_spacing":0,"ocean_menu_typo_spacing_tablet":0,"ocean_menu_typo_spacing_mobile":0,"ocean_menu_typo_spacing_unit":"","ocean_menu_link_color":"","ocean_menu_link_color_hover":"","ocean_menu_link_color_active":"","ocean_menu_link_background":"","ocean_menu_link_hover_background":"","ocean_menu_link_active_background":"","ocean_menu_social_links_bg":"","ocean_menu_social_hover_links_bg":"","ocean_menu_social_links_color":"","ocean_menu_social_hover_links_color":"","ocean_disable_title":"default","ocean_disable_heading":"default","ocean_post_title":"","ocean_post_subheading":"","ocean_post_title_style":"","ocean_post_title_background_color":"","ocean_post_title_background":0,"ocean_post_title_bg_image_position":"","ocean_post_title_bg_image_attachment":"","ocean_post_title_bg_image_repeat":"","ocean_post_title_bg_image_size":"","ocean_post_title_height":0,"ocean_post_title_bg_overlay":0.5,"ocean_post_title_bg_overlay_color":"","ocean_disable_breadcrumbs":"default","ocean_breadcrumbs_color":"","ocean_breadcrumbs_separator_color":"","ocean_breadcrumbs_links_color":"","ocean_breadcrumbs_links_hover_color":"","ocean_display_footer_widgets":"default","ocean_display_footer_bottom":"default","ocean_custom_footer_template":"0","osh_disable_topbar_sticky":"default","osh_disable_header_sticky":"default","osh_sticky_header_style":"default","osh_sticky_header_effect":"","osh_custom_sticky_logo":0,"osh_custom_retina_sticky_logo":0,"osh_custom_sticky_logo_height":0,"osh_background_color":"","osh_links_color":"","osh_links_hover_color":"","osh_links_active_color":"","osh_links_bg_color":"","osh_links_hover_bg_color":"","osh_links_active_bg_color":"","osh_menu_social_links_color":"","osh_menu_social_hover_links_color":"","iawp_total_views":1003},"product_brand":[],"product_cat":[709],"product_tag":[590,369,333],"class_list":{"0":"post-9685","1":"product","2":"type-product","3":"status-publish","4":"has-post-thumbnail","6":"product_cat-cbd-crystals","7":"product_tag-body-n-soul-cbd","8":"product_tag-cbd-buds-danmark","9":"product_tag-cbd-krystaller","11":"entry","12":"has-media","14":"first","15":"instock","16":"featured","17":"taxable","18":"shipping-taxable","19":"purchasable","20":"product-type-variable","21":"has-default-attributes","22":"has-rating","23":"has-product-nav","24":"col","25":"span_1_of_4","26":"owp-content-center","27":"item-entry","28":"owp-thumbs-layout-vertical","29":"owp-btn-normal","30":"owp-tabs-layout-vertical","31":"has-no-thumbnails","33":"circle-sale"},"_links":{"self":[{"href":"https:\/\/body-n-soul.com\/en\/wp-json\/wp\/v2\/product\/9685","targetHints":{"allow":["GET"]}}],"collection":[{"href":"https:\/\/body-n-soul.com\/en\/wp-json\/wp\/v2\/product"}],"about":[{"href":"https:\/\/body-n-soul.com\/en\/wp-json\/wp\/v2\/types\/product"}],"replies":[{"embeddable":true,"href":"https:\/\/body-n-soul.com\/en\/wp-json\/wp\/v2\/comments?post=9685"}],"wp:featuredmedia":[{"embeddable":true,"href":"https:\/\/body-n-soul.com\/en\/wp-json\/wp\/v2\/media\/12558"}],"wp:attachment":[{"href":"https:\/\/body-n-soul.com\/en\/wp-json\/wp\/v2\/media?parent=9685"}],"wp:term":[{"taxonomy":"product_brand","embeddable":true,"href":"https:\/\/body-n-soul.com\/en\/wp-json\/wp\/v2\/product_brand?post=9685"},{"taxonomy":"product_cat","embeddable":true,"href":"https:\/\/body-n-soul.com\/en\/wp-json\/wp\/v2\/product_cat?post=9685"},{"taxonomy":"product_tag","embeddable":true,"href":"https:\/\/body-n-soul.com\/en\/wp-json\/wp\/v2\/product_tag?post=9685"}],"curies":[{"name":"wp","href":"https:\/\/api.w.org\/{rel}","templated":true}]}}