{"id":9190,"date":"2020-11-15T19:41:03","date_gmt":"2020-11-15T18:41:03","guid":{"rendered":"https:\/\/body-n-soul.com\/?post_type=product&#038;p=9190"},"modified":"2026-02-12T18:40:42","modified_gmt":"2026-02-12T17:40:42","slug":"oeko-cbd-pollen-7","status":"publish","type":"product","link":"https:\/\/body-n-soul.com\/en\/oeko-cbd-pollen-7\/","title":{"rendered":"\u00d8KO CBD Pollen 7%"},"content":{"rendered":"<h2>\u00d8KO CBD pollen med 7% CBD indhold.<\/h2>\n<p>Pollen udvundet fra Futura 75 der er en EU certificered cannabisstamme. Pollen stammer fra h\u00e5ndplukkede topskud hvorfra man mekanisk har fjernet pollen. At topskuddene er h\u00e5ndplukkede betyder at man ikke har noget indhold af sm\u00f8remidler eller andet fra h\u00f8stprocessen der ikke h\u00f8rer til i produktet.<\/p>\n<p>Der er ikke anvendt hverken pesticider eller insektgifte i produktcyklus.<\/p>\n<p>Produktet er rent og raffineret og klar til brug.<\/p>\n<p>Et andet ord for CBD pollen er kief.<\/p>\n<p>Indeholder &lt; 0.2% THC<\/p>\n<h3>Hvad er CBD pollen<\/h3>\n<p>CBD pollen er en fin pulveragtig substans der produceres af han cannabis planterne. De bruges ofte til at forst\u00f8ve f.eks. topskuddene (der kommer fra hun blomsterne).<\/p>\n<p>Derved kan man lave nye cannabisstammer (kryds best\u00f8vning) eller frembringe fr\u00f8 s\u00e5 man kan plante endnu flere cannabisplanter.<\/p>\n<h3>Hvordan bruges CBD pollen<\/h3>\n<p>Man kan tils\u00e6tte pollen til sit topskud eller pibe. Det afgiver en del essentielle olier og dufte n\u00e5r det br\u00e6ndes.<\/p>\n<p>Det kan ogs\u00e5 nydes helt uden andre produkter. Der skal det dog opvarmes langsomt for at f\u00e5 det fulde udbytte af olier og dufte.<\/p>\n<p>indeholder 5g eller 10g<\/p>\n","protected":false},"excerpt":{"rendered":"<h2>\u00d8KO CBD pollen med 7% CBD indhold.<\/h2>\n<p>Pollen udvundet fra Futura 75 der er en EU certificered cannabisstamme. Pollen stammer fra h\u00e5ndplukkede topskud hvorfra man mekanisk har fjernet pollen. At topskuddene er h\u00e5ndplukkede betyder at man ikke har noget indhold af sm\u00f8remidler eller andet fra h\u00f8stprocessen der ikke h\u00f8rer til i produktet.<\/p>\n<p>Der er ikke anvendt hverken pesticider eller insektgifte i produktcyklus.<\/p>\n<p>Indeholder &lt; 0.2% THC<\/p>\n<p>indeholder 5g eller 10g<\/p>\n<p><a title=\"Retur til CBD Topskud\" href=\"\/cbd-topskud\/\">Retur til CBD Topskud<\/a><\/p>\n","protected":false},"featured_media":12737,"comment_status":"open","ping_status":"closed","template":"","meta":{"ocean_post_layout":"","ocean_both_sidebars_style":"","ocean_both_sidebars_content_width":0,"ocean_both_sidebars_sidebars_width":0,"ocean_sidebar":"0","ocean_second_sidebar":"0","ocean_disable_margins":"enable","ocean_add_body_class":"","ocean_shortcode_before_top_bar":"","ocean_shortcode_after_top_bar":"","ocean_shortcode_before_header":"","ocean_shortcode_after_header":"","ocean_has_shortcode":"","ocean_shortcode_after_title":"","ocean_shortcode_before_footer_widgets":"","ocean_shortcode_after_footer_widgets":"","ocean_shortcode_before_footer_bottom":"","ocean_shortcode_after_footer_bottom":"","ocean_display_top_bar":"default","ocean_display_header":"default","ocean_header_style":"","ocean_center_header_left_menu":"0","ocean_custom_header_template":"0","ocean_custom_logo":0,"ocean_custom_retina_logo":0,"ocean_custom_logo_max_width":0,"ocean_custom_logo_tablet_max_width":0,"ocean_custom_logo_mobile_max_width":0,"ocean_custom_logo_max_height":0,"ocean_custom_logo_tablet_max_height":0,"ocean_custom_logo_mobile_max_height":0,"ocean_header_custom_menu":"0","ocean_menu_typo_font_family":"0","ocean_menu_typo_font_subset":"","ocean_menu_typo_font_size":0,"ocean_menu_typo_font_size_tablet":0,"ocean_menu_typo_font_size_mobile":0,"ocean_menu_typo_font_size_unit":"px","ocean_menu_typo_font_weight":"","ocean_menu_typo_font_weight_tablet":"","ocean_menu_typo_font_weight_mobile":"","ocean_menu_typo_transform":"","ocean_menu_typo_transform_tablet":"","ocean_menu_typo_transform_mobile":"","ocean_menu_typo_line_height":0,"ocean_menu_typo_line_height_tablet":0,"ocean_menu_typo_line_height_mobile":0,"ocean_menu_typo_line_height_unit":"","ocean_menu_typo_spacing":0,"ocean_menu_typo_spacing_tablet":0,"ocean_menu_typo_spacing_mobile":0,"ocean_menu_typo_spacing_unit":"","ocean_menu_link_color":"","ocean_menu_link_color_hover":"","ocean_menu_link_color_active":"","ocean_menu_link_background":"","ocean_menu_link_hover_background":"","ocean_menu_link_active_background":"","ocean_menu_social_links_bg":"","ocean_menu_social_hover_links_bg":"","ocean_menu_social_links_color":"","ocean_menu_social_hover_links_color":"","ocean_disable_title":"default","ocean_disable_heading":"default","ocean_post_title":"","ocean_post_subheading":"","ocean_post_title_style":"","ocean_post_title_background_color":"","ocean_post_title_background":0,"ocean_post_title_bg_image_position":"","ocean_post_title_bg_image_attachment":"","ocean_post_title_bg_image_repeat":"","ocean_post_title_bg_image_size":"","ocean_post_title_height":0,"ocean_post_title_bg_overlay":0.5,"ocean_post_title_bg_overlay_color":"","ocean_disable_breadcrumbs":"default","ocean_breadcrumbs_color":"","ocean_breadcrumbs_separator_color":"","ocean_breadcrumbs_links_color":"","ocean_breadcrumbs_links_hover_color":"","ocean_display_footer_widgets":"default","ocean_display_footer_bottom":"default","ocean_custom_footer_template":"0","osh_disable_topbar_sticky":"default","osh_disable_header_sticky":"default","osh_sticky_header_style":"default","osh_sticky_header_effect":"","osh_custom_sticky_logo":0,"osh_custom_retina_sticky_logo":0,"osh_custom_sticky_logo_height":0,"osh_background_color":"","osh_links_color":"","osh_links_hover_color":"","osh_links_active_color":"","osh_links_bg_color":"","osh_links_hover_bg_color":"","osh_links_active_bg_color":"","osh_menu_social_links_color":"","osh_menu_social_hover_links_color":"","iawp_total_views":295},"product_brand":[],"product_cat":[147,248],"product_tag":[958,249],"class_list":{"0":"post-9190","1":"product","2":"type-product","3":"status-publish","4":"has-post-thumbnail","6":"product_cat-cbd-topskud1","7":"product_cat-cbd-hash1","8":"product_tag-body-n-soul-pollen","9":"product_tag-cbd-pollen","11":"entry","12":"has-media","14":"first","15":"instock","16":"taxable","17":"shipping-taxable","18":"purchasable","19":"product-type-variable","20":"has-default-attributes","21":"has-product-nav","22":"col","23":"span_1_of_4","24":"owp-content-center","25":"item-entry","26":"owp-thumbs-layout-vertical","27":"owp-btn-normal","28":"owp-tabs-layout-vertical","30":"circle-sale"},"_links":{"self":[{"href":"https:\/\/body-n-soul.com\/en\/wp-json\/wp\/v2\/product\/9190","targetHints":{"allow":["GET"]}}],"collection":[{"href":"https:\/\/body-n-soul.com\/en\/wp-json\/wp\/v2\/product"}],"about":[{"href":"https:\/\/body-n-soul.com\/en\/wp-json\/wp\/v2\/types\/product"}],"replies":[{"embeddable":true,"href":"https:\/\/body-n-soul.com\/en\/wp-json\/wp\/v2\/comments?post=9190"}],"wp:featuredmedia":[{"embeddable":true,"href":"https:\/\/body-n-soul.com\/en\/wp-json\/wp\/v2\/media\/12737"}],"wp:attachment":[{"href":"https:\/\/body-n-soul.com\/en\/wp-json\/wp\/v2\/media?parent=9190"}],"wp:term":[{"taxonomy":"product_brand","embeddable":true,"href":"https:\/\/body-n-soul.com\/en\/wp-json\/wp\/v2\/product_brand?post=9190"},{"taxonomy":"product_cat","embeddable":true,"href":"https:\/\/body-n-soul.com\/en\/wp-json\/wp\/v2\/product_cat?post=9190"},{"taxonomy":"product_tag","embeddable":true,"href":"https:\/\/body-n-soul.com\/en\/wp-json\/wp\/v2\/product_tag?post=9190"}],"curies":[{"name":"wp","href":"https:\/\/api.w.org\/{rel}","templated":true}]}}