{"id":8675,"date":"2020-07-26T12:46:25","date_gmt":"2020-07-26T10:46:25","guid":{"rendered":"https:\/\/body-n-soul.com\/?post_type=product&#038;p=8675"},"modified":"2025-10-08T12:55:53","modified_gmt":"2025-10-08T10:55:53","slug":"terapilys","status":"publish","type":"product","link":"https:\/\/body-n-soul.com\/en\/terapilys\/","title":{"rendered":"Terapilys"},"content":{"rendered":"<h2>Terapilys uden paraffin<\/h2>\n<p><strong>Aromatisk terapilys fremstillet af organisk sojavoks med hampolie; patchouli-duftende.<\/strong><\/p>\n<p><strong>\u2713 Dette hampelys er udelukkende fremstillet af naturlige ingredienser<\/strong>\u00a0uden paraffin eller petroleumsstoffer. Lyset udsender ikke giftige dampe under forbr\u00e6nding, hvorfor det er helt sikkert for b\u00f8rn og allergikere. Lyset kan vare op til 25 timer og er derfor meget \u00f8konomisk.<\/p>\n<p>Et normalt fyrfadslys br\u00e6nder mellem 7-8 timer. S\u00e5 terapilys svarer s\u00e5ledes til ca 4 alm. fyrfadslys i br\u00e6ndetid.<\/p>\n<p><strong>\u2713\u00a0<\/strong><strong>Patchouli-olie<\/strong>\u00a0har en tr\u00e6agtig og krydret duft. Det har terapeutiske og beroligende egenskaber. Aromaterapi ved hj\u00e6lp af patchouli-olie \u00f8ger stemningen, s\u00e5 du kan lindre angst og stress. Patchouli-olie hj\u00e6lper ogs\u00e5 med at bek\u00e6mpe s\u00f8vnl\u00f8shed.<\/p>\n<p><strong>\u2713\u00a0<\/strong><strong>India hamp stearinlys kan ogs\u00e5 bruges i kropsmassage,<\/strong>\u00a0fordi dens smeltepunkt er relativt lavt, hvilket betyder, at smeltet voks kan h\u00e6ldes direkte p\u00e5 huden uden at for\u00e5rsage forbr\u00e6ndinger. Efter p\u00e5f\u00f8ring af voks forbliver huden fugtet, glat og silkeagtig i lang tid. Duften af \u200b\u200bpatchouli-olie efterlader en delikat og orientalsk duft.<\/p>\n<p><strong>Nettov\u00e6gt: 90 g<br \/>\n<\/strong><\/p>\n","protected":false},"excerpt":{"rendered":"<p>Terapilys uden paraffin. Br\u00e6nder uden at sode og giver ingen forringelse af indemilj\u00f8et som traditionelle stearinlys. Kan bruges som led i kropsmassage &#8211; for gl\u00e6de og lyst.<\/p>\n<p>Br\u00e6ndetid pr lys: op til 25 timer. (dog ikke hvis du bruger dem &#8216;for sjov&#8217;)<\/p>\n<p>&nbsp;<\/p>\n","protected":false},"featured_media":0,"comment_status":"open","ping_status":"closed","template":"","meta":{"ocean_post_layout":"","ocean_both_sidebars_style":"","ocean_both_sidebars_content_width":0,"ocean_both_sidebars_sidebars_width":0,"ocean_sidebar":"0","ocean_second_sidebar":"0","ocean_disable_margins":"enable","ocean_add_body_class":"","ocean_shortcode_before_top_bar":"","ocean_shortcode_after_top_bar":"","ocean_shortcode_before_header":"","ocean_shortcode_after_header":"","ocean_has_shortcode":"","ocean_shortcode_after_title":"","ocean_shortcode_before_footer_widgets":"","ocean_shortcode_after_footer_widgets":"","ocean_shortcode_before_footer_bottom":"","ocean_shortcode_after_footer_bottom":"","ocean_display_top_bar":"default","ocean_display_header":"default","ocean_header_style":"","ocean_center_header_left_menu":"0","ocean_custom_header_template":"0","ocean_custom_logo":0,"ocean_custom_retina_logo":0,"ocean_custom_logo_max_width":0,"ocean_custom_logo_tablet_max_width":0,"ocean_custom_logo_mobile_max_width":0,"ocean_custom_logo_max_height":0,"ocean_custom_logo_tablet_max_height":0,"ocean_custom_logo_mobile_max_height":0,"ocean_header_custom_menu":"0","ocean_menu_typo_font_family":"0","ocean_menu_typo_font_subset":"","ocean_menu_typo_font_size":0,"ocean_menu_typo_font_size_tablet":0,"ocean_menu_typo_font_size_mobile":0,"ocean_menu_typo_font_size_unit":"px","ocean_menu_typo_font_weight":"","ocean_menu_typo_font_weight_tablet":"","ocean_menu_typo_font_weight_mobile":"","ocean_menu_typo_transform":"","ocean_menu_typo_transform_tablet":"","ocean_menu_typo_transform_mobile":"","ocean_menu_typo_line_height":0,"ocean_menu_typo_line_height_tablet":0,"ocean_menu_typo_line_height_mobile":0,"ocean_menu_typo_line_height_unit":"","ocean_menu_typo_spacing":0,"ocean_menu_typo_spacing_tablet":0,"ocean_menu_typo_spacing_mobile":0,"ocean_menu_typo_spacing_unit":"","ocean_menu_link_color":"","ocean_menu_link_color_hover":"","ocean_menu_link_color_active":"","ocean_menu_link_background":"","ocean_menu_link_hover_background":"","ocean_menu_link_active_background":"","ocean_menu_social_links_bg":"","ocean_menu_social_hover_links_bg":"","ocean_menu_social_links_color":"","ocean_menu_social_hover_links_color":"","ocean_disable_title":"default","ocean_disable_heading":"default","ocean_post_title":"","ocean_post_subheading":"","ocean_post_title_style":"","ocean_post_title_background_color":"","ocean_post_title_background":0,"ocean_post_title_bg_image_position":"","ocean_post_title_bg_image_attachment":"","ocean_post_title_bg_image_repeat":"","ocean_post_title_bg_image_size":"","ocean_post_title_height":0,"ocean_post_title_bg_overlay":0.5,"ocean_post_title_bg_overlay_color":"","ocean_disable_breadcrumbs":"default","ocean_breadcrumbs_color":"","ocean_breadcrumbs_separator_color":"","ocean_breadcrumbs_links_color":"","ocean_breadcrumbs_links_hover_color":"","ocean_display_footer_widgets":"default","ocean_display_footer_bottom":"default","ocean_custom_footer_template":"0","osh_disable_topbar_sticky":"default","osh_disable_header_sticky":"default","osh_sticky_header_style":"default","osh_sticky_header_effect":"","osh_custom_sticky_logo":0,"osh_custom_retina_sticky_logo":0,"osh_custom_sticky_logo_height":0,"osh_background_color":"","osh_links_color":"","osh_links_hover_color":"","osh_links_active_color":"","osh_links_bg_color":"","osh_links_hover_bg_color":"","osh_links_active_bg_color":"","osh_menu_social_links_color":"","osh_menu_social_hover_links_color":"","iawp_total_views":17},"product_brand":[],"product_cat":[279,214],"product_tag":[],"class_list":{"0":"post-8675","1":"product","2":"type-product","3":"status-publish","5":"product_cat-india","6":"product_cat-soul","8":"entry","10":"first","11":"outofstock","12":"sale","13":"taxable","14":"shipping-taxable","15":"purchasable","16":"product-type-simple","17":"has-product-nav","18":"col","19":"span_1_of_4","20":"owp-content-center","21":"item-entry","22":"owp-thumbs-layout-vertical","23":"owp-btn-normal","24":"owp-tabs-layout-vertical","25":"has-no-thumbnails","27":"circle-sale"},"_links":{"self":[{"href":"https:\/\/body-n-soul.com\/en\/wp-json\/wp\/v2\/product\/8675","targetHints":{"allow":["GET"]}}],"collection":[{"href":"https:\/\/body-n-soul.com\/en\/wp-json\/wp\/v2\/product"}],"about":[{"href":"https:\/\/body-n-soul.com\/en\/wp-json\/wp\/v2\/types\/product"}],"replies":[{"embeddable":true,"href":"https:\/\/body-n-soul.com\/en\/wp-json\/wp\/v2\/comments?post=8675"}],"wp:attachment":[{"href":"https:\/\/body-n-soul.com\/en\/wp-json\/wp\/v2\/media?parent=8675"}],"wp:term":[{"taxonomy":"product_brand","embeddable":true,"href":"https:\/\/body-n-soul.com\/en\/wp-json\/wp\/v2\/product_brand?post=8675"},{"taxonomy":"product_cat","embeddable":true,"href":"https:\/\/body-n-soul.com\/en\/wp-json\/wp\/v2\/product_cat?post=8675"},{"taxonomy":"product_tag","embeddable":true,"href":"https:\/\/body-n-soul.com\/en\/wp-json\/wp\/v2\/product_tag?post=8675"}],"curies":[{"name":"wp","href":"https:\/\/api.w.org\/{rel}","templated":true}]}}