{"id":5563,"date":"2019-11-14T13:49:03","date_gmt":"2019-11-14T12:49:03","guid":{"rendered":"https:\/\/bodynsoul.es\/?post_type=product&#038;p=5563"},"modified":"2024-03-02T20:09:30","modified_gmt":"2024-03-02T19:09:30","slug":"dag-nat-creme-for-alle-hudtyper-med-cannabisolie","status":"publish","type":"product","link":"https:\/\/body-n-soul.com\/en\/dag-nat-creme-for-alle-hudtyper-med-cannabisolie\/","title":{"rendered":"India ansigtscreme med cannabisolie &#8211; dag\/natcreme"},"content":{"rendered":"<p>India ansigtscreme med cannabisolie forbedrer elasticiteten af \u200b\u200boverhuden, udj\u00e6vner rynker og regenererer denne da cannabisolien g\u00f8r der nemmere for cremens aktive elementer at tr\u00e6nge ind i huden.<\/p>\n<p>P\u00e5 grund af naturlige ingredienser er cremen velegnet til alle hudtyper, is\u00e6r moden, t\u00f8r og irriteret hud. Cremen p\u00e5f\u00f8res let og absorberes hurtigt. Den efterlader ingen fedtet overflade.<\/p>\n<p>F\u00f8lgende aktive elementer indg\u00e5r i cremen:<\/p>\n<p>Cannabisolie: tilf\u00f8rer fugtighed til huden i dybden og eliminerer lipidmangel. Personer med hudproblemer vil f\u00f8le den gavnlige virkning af India ansigtscreme med cannabisolie som en mere let og sp\u00e6ndstig hud. Cremen neds\u00e6tter ogs\u00e5 produktionen af talg hvilket bevirker en mindre fedtet hud.<\/p>\n<p>Arginin: \u00f8ger fugttilf\u00f8rslen og fasthed af overhuden og er effektivt medvirkende til at accelerere epidermal regenerering. Epidermal regenerering er healing af hudens yderste lag.<\/p>\n<p>E-vitamin (kaldet &#8220;ungdommens vitamin&#8221; i kosmetologi) forsinker hudens aldringsproces;<\/p>\n<p>Niacin (vitamin PP) stimulerer kollagenproduktion, har antioxidantegenskaber og beskytter huden mod skadelige virkninger af UV-str\u00e5ler. Derudover lindrer det irritationer og virker mod frie radikaler. Det har en s\u00e6rlig gavnlig virkning p\u00e5 l\u00f8s, t\u00f8r og rynkeudslidt hud.<\/p>\n<p>Anvendelse: P\u00e5f\u00f8r en lille m\u00e6ngde India ansigtscreme med cannabisolie i ansigtet, nakken og halsen. Mass\u00e9r forsigtigt ind i huden. Bruges regelm\u00e6ssigt og bedst efter bad.<\/p>\n","protected":false},"excerpt":{"rendered":"<p>India ansigtscreme med cannabisolie forbedrer elasticiteten af \u200b\u200boverhuden, udj\u00e6vner rynker og regenererer denne da cannabisolien g\u00f8r der nemmere for cremens aktive elementer at tr\u00e6nge ind i huden.<\/p>\n<p>Indeholder 50 ml<\/p>\n","protected":false},"featured_media":8561,"comment_status":"open","ping_status":"closed","template":"","meta":{"ocean_post_layout":"","ocean_both_sidebars_style":"","ocean_both_sidebars_content_width":0,"ocean_both_sidebars_sidebars_width":0,"ocean_sidebar":"0","ocean_second_sidebar":"0","ocean_disable_margins":"enable","ocean_add_body_class":"","ocean_shortcode_before_top_bar":"","ocean_shortcode_after_top_bar":"","ocean_shortcode_before_header":"","ocean_shortcode_after_header":"","ocean_has_shortcode":"","ocean_shortcode_after_title":"","ocean_shortcode_before_footer_widgets":"","ocean_shortcode_after_footer_widgets":"","ocean_shortcode_before_footer_bottom":"","ocean_shortcode_after_footer_bottom":"","ocean_display_top_bar":"default","ocean_display_header":"default","ocean_header_style":"","ocean_center_header_left_menu":"0","ocean_custom_header_template":"0","ocean_custom_logo":0,"ocean_custom_retina_logo":0,"ocean_custom_logo_max_width":0,"ocean_custom_logo_tablet_max_width":0,"ocean_custom_logo_mobile_max_width":0,"ocean_custom_logo_max_height":0,"ocean_custom_logo_tablet_max_height":0,"ocean_custom_logo_mobile_max_height":0,"ocean_header_custom_menu":"0","ocean_menu_typo_font_family":"0","ocean_menu_typo_font_subset":"","ocean_menu_typo_font_size":0,"ocean_menu_typo_font_size_tablet":0,"ocean_menu_typo_font_size_mobile":0,"ocean_menu_typo_font_size_unit":"px","ocean_menu_typo_font_weight":"","ocean_menu_typo_font_weight_tablet":"","ocean_menu_typo_font_weight_mobile":"","ocean_menu_typo_transform":"","ocean_menu_typo_transform_tablet":"","ocean_menu_typo_transform_mobile":"","ocean_menu_typo_line_height":0,"ocean_menu_typo_line_height_tablet":0,"ocean_menu_typo_line_height_mobile":0,"ocean_menu_typo_line_height_unit":"","ocean_menu_typo_spacing":0,"ocean_menu_typo_spacing_tablet":0,"ocean_menu_typo_spacing_mobile":0,"ocean_menu_typo_spacing_unit":"","ocean_menu_link_color":"","ocean_menu_link_color_hover":"","ocean_menu_link_color_active":"","ocean_menu_link_background":"","ocean_menu_link_hover_background":"","ocean_menu_link_active_background":"","ocean_menu_social_links_bg":"","ocean_menu_social_hover_links_bg":"","ocean_menu_social_links_color":"","ocean_menu_social_hover_links_color":"","ocean_disable_title":"default","ocean_disable_heading":"default","ocean_post_title":"","ocean_post_subheading":"","ocean_post_title_style":"","ocean_post_title_background_color":"","ocean_post_title_background":0,"ocean_post_title_bg_image_position":"","ocean_post_title_bg_image_attachment":"","ocean_post_title_bg_image_repeat":"","ocean_post_title_bg_image_size":"","ocean_post_title_height":0,"ocean_post_title_bg_overlay":0.5,"ocean_post_title_bg_overlay_color":"","ocean_disable_breadcrumbs":"default","ocean_breadcrumbs_color":"","ocean_breadcrumbs_separator_color":"","ocean_breadcrumbs_links_color":"","ocean_breadcrumbs_links_hover_color":"","ocean_display_footer_widgets":"default","ocean_display_footer_bottom":"default","ocean_custom_footer_template":"0","osh_disable_topbar_sticky":"default","osh_disable_header_sticky":"default","osh_sticky_header_style":"default","osh_sticky_header_effect":"","osh_custom_sticky_logo":0,"osh_custom_retina_sticky_logo":0,"osh_custom_sticky_logo_height":0,"osh_background_color":"","osh_links_color":"","osh_links_hover_color":"","osh_links_active_color":"","osh_links_bg_color":"","osh_links_hover_bg_color":"","osh_links_active_bg_color":"","osh_menu_social_links_color":"","osh_menu_social_hover_links_color":"","iawp_total_views":82},"product_brand":[],"product_cat":[215,596,279,175],"product_tag":[],"class_list":{"0":"post-5563","1":"product","2":"type-product","3":"status-publish","4":"has-post-thumbnail","6":"product_cat-face","7":"product_cat-cremer-og-kosmetik-med-cbd","8":"product_cat-india","9":"product_cat-care","11":"entry","12":"has-media","14":"first","15":"outofstock","16":"taxable","17":"shipping-taxable","18":"purchasable","19":"product-type-simple","20":"has-rating","21":"has-product-nav","22":"col","23":"span_1_of_4","24":"owp-content-center","25":"item-entry","26":"owp-thumbs-layout-vertical","27":"owp-btn-normal","28":"owp-tabs-layout-vertical","30":"circle-sale"},"_links":{"self":[{"href":"https:\/\/body-n-soul.com\/en\/wp-json\/wp\/v2\/product\/5563","targetHints":{"allow":["GET"]}}],"collection":[{"href":"https:\/\/body-n-soul.com\/en\/wp-json\/wp\/v2\/product"}],"about":[{"href":"https:\/\/body-n-soul.com\/en\/wp-json\/wp\/v2\/types\/product"}],"replies":[{"embeddable":true,"href":"https:\/\/body-n-soul.com\/en\/wp-json\/wp\/v2\/comments?post=5563"}],"wp:featuredmedia":[{"embeddable":true,"href":"https:\/\/body-n-soul.com\/en\/wp-json\/wp\/v2\/media\/8561"}],"wp:attachment":[{"href":"https:\/\/body-n-soul.com\/en\/wp-json\/wp\/v2\/media?parent=5563"}],"wp:term":[{"taxonomy":"product_brand","embeddable":true,"href":"https:\/\/body-n-soul.com\/en\/wp-json\/wp\/v2\/product_brand?post=5563"},{"taxonomy":"product_cat","embeddable":true,"href":"https:\/\/body-n-soul.com\/en\/wp-json\/wp\/v2\/product_cat?post=5563"},{"taxonomy":"product_tag","embeddable":true,"href":"https:\/\/body-n-soul.com\/en\/wp-json\/wp\/v2\/product_tag?post=5563"}],"curies":[{"name":"wp","href":"https:\/\/api.w.org\/{rel}","templated":true}]}}