{"id":28818,"date":"2025-07-16T19:00:35","date_gmt":"2025-07-16T17:00:35","guid":{"rendered":"https:\/\/body-n-soul.com\/?post_type=product&#038;p=28818"},"modified":"2025-12-13T16:48:14","modified_gmt":"2025-12-13T15:48:14","slug":"x-vape-x-max-starry-4-dry-herbs-vaporizer-evergreen","status":"publish","type":"product","link":"https:\/\/body-n-soul.com\/en\/x-vape-x-max-starry-4-dry-herbs-vaporizer-evergreen\/","title":{"rendered":"X-Vape X-Max Starry 4 Dry Herbs Vaporizer Evergreen"},"content":{"rendered":"<h2>X-Vape X-Max Starry 4 Dry Herbs Vaporizer Evergreen<\/h2>\n<p>X-Vape X-Max Starry 4 Dry Herbs Vaporizer Evergreen er den ultimative vaporizer hvis du \u00f8nsker en vapingoplevelse i topklasse. Denne innovative cannabis-vaporizer leveres med en r\u00e6kke nye funktioner og opgraderinger, der vil tage din vapingoplevelse til det n\u00e6ste niveau.<\/p>\n<p>En af de mest bem\u00e6rkelsesv\u00e6rdige funktioner ved Starry 4 er dens justerbare luftstr\u00f8mssystem. Dette giver dig mulighed for at kontrollere m\u00e6ngden af luft, der str\u00f8mmer ind i enheden, hvilket giver dig mulighed for at tilpasse din vapingoplevelse og f\u00e5 det optimale ud af dine topskud. Denne funktion forbedrer ikke kun smagen og dampproduktionen, men den hj\u00e6lper ogs\u00e5 med at forhindre tilstopninger eller forhindringer.<\/p>\n<p>Starry 4 er ogs\u00e5 udstyret med en smart OLED-sk\u00e6rm, der kan vippes, s\u00e5 du kan vende sk\u00e6rmen 180 grader for st\u00f8rre fleksibilitet og bekvemmelighed. Uanset om du er venstre- eller h\u00f8jreh\u00e5ndede, kan du nemt l\u00e6se enhedens sk\u00e6rm uden besv\u00e6r. N\u00e5r det kommer til at kontrollere vaping-oplevelsen, har Starry 4 dig d\u00e6kket ind med tre sessionstimere.<\/p>\n<p>Du kan v\u00e6lge din foretrukne temperatur, tid og sessionsvarighed, hvilket g\u00f8r det nemmere end nogensinde at opn\u00e5 den perfekte vaping-oplevelse.<\/p>\n<p>At l\u00f8be t\u00f8r for str\u00f8m er ikke l\u00e6ngere et problem med X-Vape X-Max Starry 4 Dry Herbs Vaporizer Evergreen. Den drives af et udskifteligt 18650 2550mAH batteri, hvilket sikrer, at du eller dine venner aldrig beh\u00f8ver at bekymre jer om, at enheden l\u00f8ber t\u00f8r for str\u00f8m. Derudover er batteriet let at f\u00e5 adgang til, hvilket g\u00f8r det problemfrit at holde enheden k\u00f8rende.<\/p>\n<p>Hygiejne og holdbarhed er ogs\u00e5 prioriteret med Starry 4 takket v\u00e6re dens h\u00f8jkvalitets zirkoniummundstykke. Dette materiale er ikke-reaktivt, hvilket betyder, at det ikke p\u00e5virker cannabisens smag, og det er ogs\u00e5 nemt at reng\u00f8re.<\/p>\n","protected":false},"excerpt":{"rendered":"<h2>X-Vape X-Max Starry 4 Dry Herbs Vaporizer Evergreen<\/h2>\n<p>Color: evergreen<\/p>\n<p>X-Vape X-Max Starry 4 Dry Herbs Vaporizer Evergreen er den ultimative vaporizer hvis du \u00f8nsker en vapingoplevelse i topklasse. Denne innovative cannabis-vaporizer leveres med en r\u00e6kke nye funktioner og opgraderinger, der vil tage din vapingoplevelse til det n\u00e6ste niveau.<\/p>\n<p>Super vape med en masse indbyggede l\u00e6kkerheder.<\/p>\n<p>Retur til <strong><a href=\"https:\/\/body-n-soul.com\/vaporizers\/\">Vaporizers<\/a><\/strong><\/p>\n<p>&nbsp;<\/p>\n","protected":false},"featured_media":28828,"comment_status":"open","ping_status":"closed","template":"","meta":{"ocean_post_layout":"","ocean_both_sidebars_style":"","ocean_both_sidebars_content_width":0,"ocean_both_sidebars_sidebars_width":0,"ocean_sidebar":"0","ocean_second_sidebar":"0","ocean_disable_margins":"enable","ocean_add_body_class":"","ocean_shortcode_before_top_bar":"","ocean_shortcode_after_top_bar":"","ocean_shortcode_before_header":"","ocean_shortcode_after_header":"","ocean_has_shortcode":"","ocean_shortcode_after_title":"","ocean_shortcode_before_footer_widgets":"","ocean_shortcode_after_footer_widgets":"","ocean_shortcode_before_footer_bottom":"","ocean_shortcode_after_footer_bottom":"","ocean_display_top_bar":"default","ocean_display_header":"default","ocean_header_style":"","ocean_center_header_left_menu":"0","ocean_custom_header_template":"0","ocean_custom_logo":0,"ocean_custom_retina_logo":0,"ocean_custom_logo_max_width":0,"ocean_custom_logo_tablet_max_width":0,"ocean_custom_logo_mobile_max_width":0,"ocean_custom_logo_max_height":0,"ocean_custom_logo_tablet_max_height":0,"ocean_custom_logo_mobile_max_height":0,"ocean_header_custom_menu":"0","ocean_menu_typo_font_family":"0","ocean_menu_typo_font_subset":"","ocean_menu_typo_font_size":0,"ocean_menu_typo_font_size_tablet":0,"ocean_menu_typo_font_size_mobile":0,"ocean_menu_typo_font_size_unit":"px","ocean_menu_typo_font_weight":"","ocean_menu_typo_font_weight_tablet":"","ocean_menu_typo_font_weight_mobile":"","ocean_menu_typo_transform":"","ocean_menu_typo_transform_tablet":"","ocean_menu_typo_transform_mobile":"","ocean_menu_typo_line_height":0,"ocean_menu_typo_line_height_tablet":0,"ocean_menu_typo_line_height_mobile":0,"ocean_menu_typo_line_height_unit":"","ocean_menu_typo_spacing":0,"ocean_menu_typo_spacing_tablet":0,"ocean_menu_typo_spacing_mobile":0,"ocean_menu_typo_spacing_unit":"","ocean_menu_link_color":"","ocean_menu_link_color_hover":"","ocean_menu_link_color_active":"","ocean_menu_link_background":"","ocean_menu_link_hover_background":"","ocean_menu_link_active_background":"","ocean_menu_social_links_bg":"","ocean_menu_social_hover_links_bg":"","ocean_menu_social_links_color":"","ocean_menu_social_hover_links_color":"","ocean_disable_title":"default","ocean_disable_heading":"default","ocean_post_title":"","ocean_post_subheading":"","ocean_post_title_style":"","ocean_post_title_background_color":"","ocean_post_title_background":0,"ocean_post_title_bg_image_position":"","ocean_post_title_bg_image_attachment":"","ocean_post_title_bg_image_repeat":"","ocean_post_title_bg_image_size":"","ocean_post_title_height":0,"ocean_post_title_bg_overlay":0.5,"ocean_post_title_bg_overlay_color":"","ocean_disable_breadcrumbs":"default","ocean_breadcrumbs_color":"","ocean_breadcrumbs_separator_color":"","ocean_breadcrumbs_links_color":"","ocean_breadcrumbs_links_hover_color":"","ocean_display_footer_widgets":"default","ocean_display_footer_bottom":"default","ocean_custom_footer_template":"0","osh_disable_topbar_sticky":"default","osh_disable_header_sticky":"default","osh_sticky_header_style":"default","osh_sticky_header_effect":"","osh_custom_sticky_logo":0,"osh_custom_retina_sticky_logo":0,"osh_custom_sticky_logo_height":0,"osh_background_color":"","osh_links_color":"","osh_links_hover_color":"","osh_links_active_color":"","osh_links_bg_color":"","osh_links_hover_bg_color":"","osh_links_active_bg_color":"","osh_menu_social_links_color":"","osh_menu_social_hover_links_color":"","iawp_total_views":11},"product_brand":[],"product_cat":[888],"product_tag":[449,889],"class_list":{"0":"post-28818","1":"product","2":"type-product","3":"status-publish","4":"has-post-thumbnail","6":"product_cat-vaporizer-cat","7":"product_tag-vaporizer","8":"product_tag-xvape","10":"entry","11":"has-media","13":"first","14":"outofstock","15":"taxable","16":"shipping-taxable","17":"purchasable","18":"product-type-simple","19":"has-product-nav","20":"col","21":"span_1_of_4","22":"owp-content-center","23":"item-entry","24":"owp-thumbs-layout-vertical","25":"owp-btn-normal","26":"owp-tabs-layout-vertical","27":"has-no-thumbnails","29":"circle-sale"},"_links":{"self":[{"href":"https:\/\/body-n-soul.com\/en\/wp-json\/wp\/v2\/product\/28818","targetHints":{"allow":["GET"]}}],"collection":[{"href":"https:\/\/body-n-soul.com\/en\/wp-json\/wp\/v2\/product"}],"about":[{"href":"https:\/\/body-n-soul.com\/en\/wp-json\/wp\/v2\/types\/product"}],"replies":[{"embeddable":true,"href":"https:\/\/body-n-soul.com\/en\/wp-json\/wp\/v2\/comments?post=28818"}],"wp:featuredmedia":[{"embeddable":true,"href":"https:\/\/body-n-soul.com\/en\/wp-json\/wp\/v2\/media\/28828"}],"wp:attachment":[{"href":"https:\/\/body-n-soul.com\/en\/wp-json\/wp\/v2\/media?parent=28818"}],"wp:term":[{"taxonomy":"product_brand","embeddable":true,"href":"https:\/\/body-n-soul.com\/en\/wp-json\/wp\/v2\/product_brand?post=28818"},{"taxonomy":"product_cat","embeddable":true,"href":"https:\/\/body-n-soul.com\/en\/wp-json\/wp\/v2\/product_cat?post=28818"},{"taxonomy":"product_tag","embeddable":true,"href":"https:\/\/body-n-soul.com\/en\/wp-json\/wp\/v2\/product_tag?post=28818"}],"curies":[{"name":"wp","href":"https:\/\/api.w.org\/{rel}","templated":true}]}}