{"id":28635,"date":"2025-07-08T18:26:10","date_gmt":"2025-07-08T16:26:10","guid":{"rendered":"https:\/\/body-n-soul.com\/?post_type=product&#038;p=28635"},"modified":"2026-01-29T17:01:51","modified_gmt":"2026-01-29T16:01:51","slug":"iguana-fuld-spectrum-cbd-vape-lemon-haze","status":"publish","type":"product","link":"https:\/\/body-n-soul.com\/en\/iguana-fuld-spectrum-cbd-vape-lemon-haze\/","title":{"rendered":"Iguana fuld spectrum CBD vape Lemon Haze &#8211; 1400mg"},"content":{"rendered":"<h2>Iguana fuld spectrum CBD vape Lemon Haze<\/h2>\n<p>Denne vape indeholder 1400mg Full Spectrum CBD.<\/p>\n<ul>\n<li>Dimensioner: 105mm x 24mm x 11.2mm<\/li>\n<li>Smag: Lemon Haze<\/li>\n<li>Batteri: 380 mAh<\/li>\n<li>Capacity: 2 ml<\/li>\n<li>Puffs: up to 600<\/li>\n<li>High quality natural terpenes<\/li>\n<li>CBD Fuld Spektrum: 70% 1400mg<\/li>\n<li>THC: 0.2%<\/li>\n<li>Nicotine: 0%<\/li>\n<li>Indeholder ikke VG, PG, PEG, MCT eller andre produkter fra produktionen.<\/li>\n<li>Lader: USB-C<\/li>\n<\/ul>\n<h3>Mere info om CBD Full Spectrum Lemon Haze engangsvape<\/h3>\n<p>Den nye Iguana Smoke Full Spectrum Lemon Haze CBD-engangsvape har en unik og innovativ ny teknologi, der har f\u00e5et stor opm\u00e6rksomhed i de senere \u00e5r for sine terapeutiske egenskaber.<\/p>\n<p>Oplev naturlig afslapning med vores Full Spectrum CBD-vape. Denne vape er skabt med udelukkende cannabinoider og tilbyder en komplet terapeutisk oplevelse. Nyd fordelene ved CBD i sin sandeste form med en bred vifte af cannabinoider og terpener &#8211; slap af og m\u00e6rk lettelsen med hvert sug!<\/p>\n<p>Iguana Pod CBD Full Spectrum indeholder op til 600 sug med 5 forskellige smagsvarianter og leveres klar til brug, ingen batteriopladning eller genopfyldning af v\u00e6ske er n\u00f8dvendig og har en CBD-koncentration p\u00e5 1400 mg\/2 ml.<\/p>\n<p>Iguana Pod-h\u00e5ndtaget har\u00a0 Lemon Haze smag for en frisk og s\u00f8d smag, som du vil gentage, hvis du pr\u00f8ver den.<\/p>\n<p>Dens attraktive design og kompakte st\u00f8rrelse g\u00f8r den til et ideelt tilbeh\u00f8r at have med dig p\u00e5 alle tidspunkter.<\/p>\n<p>Iguana Smoke g\u00f8r det nemmere og nemmere for dig at nyde fordelene ved CBD med ikke-psykoaktive produkter med 0% THC.<\/p>\n<p>Bare v\u00e6lg din yndlingssmag, \u00e5bn den og begynd at bruge den.<\/p>\n","protected":false},"excerpt":{"rendered":"<h2>Iguana fuld spectrum CBD vape Lemon Haze<\/h2>\n<p>Denne vape indeholder 1400mg Full Spectrum CBD.<\/p>\n<ul>\n<li>Dimensioner: 105mm x 24mm x 11.2mm<\/li>\n<li>Smag: Lemon Haze<\/li>\n<li>Batteri: 380 mAh<\/li>\n<li>Capacity: 2 ml<\/li>\n<li>Puffs: up to 600<\/li>\n<li>High quality natural terpenes<\/li>\n<li>CBD Fuld Spektrum: 70% 1400mg<\/li>\n<li>THC: 0.2%<\/li>\n<li>Nicotine: 0%<\/li>\n<li>Indeholder ikke VG, PG, PEG, MCT eller andre produkter fra produktionen.<\/li>\n<li>Lader: USB-C<\/li>\n<\/ul>\n<p>&nbsp;<\/p>\n<p>Retur til\u00a0<strong><a href=\"https:\/\/body-n-soul.com\/en\/cbd-vapes\/\">CBD Vapes<\/a><\/strong><\/p>\n","protected":false},"featured_media":28625,"comment_status":"open","ping_status":"closed","template":"","meta":{"ocean_post_layout":"","ocean_both_sidebars_style":"","ocean_both_sidebars_content_width":0,"ocean_both_sidebars_sidebars_width":0,"ocean_sidebar":"0","ocean_second_sidebar":"0","ocean_disable_margins":"enable","ocean_add_body_class":"","ocean_shortcode_before_top_bar":"","ocean_shortcode_after_top_bar":"","ocean_shortcode_before_header":"","ocean_shortcode_after_header":"","ocean_has_shortcode":"","ocean_shortcode_after_title":"","ocean_shortcode_before_footer_widgets":"","ocean_shortcode_after_footer_widgets":"","ocean_shortcode_before_footer_bottom":"","ocean_shortcode_after_footer_bottom":"","ocean_display_top_bar":"default","ocean_display_header":"default","ocean_header_style":"","ocean_center_header_left_menu":"0","ocean_custom_header_template":"0","ocean_custom_logo":0,"ocean_custom_retina_logo":0,"ocean_custom_logo_max_width":0,"ocean_custom_logo_tablet_max_width":0,"ocean_custom_logo_mobile_max_width":0,"ocean_custom_logo_max_height":0,"ocean_custom_logo_tablet_max_height":0,"ocean_custom_logo_mobile_max_height":0,"ocean_header_custom_menu":"0","ocean_menu_typo_font_family":"0","ocean_menu_typo_font_subset":"","ocean_menu_typo_font_size":0,"ocean_menu_typo_font_size_tablet":0,"ocean_menu_typo_font_size_mobile":0,"ocean_menu_typo_font_size_unit":"px","ocean_menu_typo_font_weight":"","ocean_menu_typo_font_weight_tablet":"","ocean_menu_typo_font_weight_mobile":"","ocean_menu_typo_transform":"","ocean_menu_typo_transform_tablet":"","ocean_menu_typo_transform_mobile":"","ocean_menu_typo_line_height":0,"ocean_menu_typo_line_height_tablet":0,"ocean_menu_typo_line_height_mobile":0,"ocean_menu_typo_line_height_unit":"","ocean_menu_typo_spacing":0,"ocean_menu_typo_spacing_tablet":0,"ocean_menu_typo_spacing_mobile":0,"ocean_menu_typo_spacing_unit":"","ocean_menu_link_color":"","ocean_menu_link_color_hover":"","ocean_menu_link_color_active":"","ocean_menu_link_background":"","ocean_menu_link_hover_background":"","ocean_menu_link_active_background":"","ocean_menu_social_links_bg":"","ocean_menu_social_hover_links_bg":"","ocean_menu_social_links_color":"","ocean_menu_social_hover_links_color":"","ocean_disable_title":"default","ocean_disable_heading":"default","ocean_post_title":"","ocean_post_subheading":"","ocean_post_title_style":"","ocean_post_title_background_color":"","ocean_post_title_background":0,"ocean_post_title_bg_image_position":"","ocean_post_title_bg_image_attachment":"","ocean_post_title_bg_image_repeat":"","ocean_post_title_bg_image_size":"","ocean_post_title_height":0,"ocean_post_title_bg_overlay":0.5,"ocean_post_title_bg_overlay_color":"","ocean_disable_breadcrumbs":"default","ocean_breadcrumbs_color":"","ocean_breadcrumbs_separator_color":"","ocean_breadcrumbs_links_color":"","ocean_breadcrumbs_links_hover_color":"","ocean_display_footer_widgets":"default","ocean_display_footer_bottom":"default","ocean_custom_footer_template":"0","osh_disable_topbar_sticky":"default","osh_disable_header_sticky":"default","osh_sticky_header_style":"default","osh_sticky_header_effect":"","osh_custom_sticky_logo":0,"osh_custom_retina_sticky_logo":0,"osh_custom_sticky_logo_height":0,"osh_background_color":"","osh_links_color":"","osh_links_hover_color":"","osh_links_active_color":"","osh_links_bg_color":"","osh_links_hover_bg_color":"","osh_links_active_bg_color":"","osh_menu_social_links_color":"","osh_menu_social_hover_links_color":"","iawp_total_views":2},"product_brand":[],"product_cat":[764],"product_tag":[],"class_list":{"0":"post-28635","1":"product","2":"type-product","3":"status-publish","4":"has-post-thumbnail","6":"product_cat-cbd-vaporizer-en","8":"entry","9":"has-media","11":"first","12":"instock","13":"taxable","14":"shipping-taxable","15":"purchasable","16":"product-type-simple","17":"has-product-nav","18":"col","19":"span_1_of_4","20":"owp-content-center","21":"item-entry","22":"owp-thumbs-layout-vertical","23":"owp-btn-normal","24":"owp-tabs-layout-vertical","25":"has-no-thumbnails","27":"circle-sale"},"_links":{"self":[{"href":"https:\/\/body-n-soul.com\/en\/wp-json\/wp\/v2\/product\/28635","targetHints":{"allow":["GET"]}}],"collection":[{"href":"https:\/\/body-n-soul.com\/en\/wp-json\/wp\/v2\/product"}],"about":[{"href":"https:\/\/body-n-soul.com\/en\/wp-json\/wp\/v2\/types\/product"}],"replies":[{"embeddable":true,"href":"https:\/\/body-n-soul.com\/en\/wp-json\/wp\/v2\/comments?post=28635"}],"wp:featuredmedia":[{"embeddable":true,"href":"https:\/\/body-n-soul.com\/en\/wp-json\/wp\/v2\/media\/28625"}],"wp:attachment":[{"href":"https:\/\/body-n-soul.com\/en\/wp-json\/wp\/v2\/media?parent=28635"}],"wp:term":[{"taxonomy":"product_brand","embeddable":true,"href":"https:\/\/body-n-soul.com\/en\/wp-json\/wp\/v2\/product_brand?post=28635"},{"taxonomy":"product_cat","embeddable":true,"href":"https:\/\/body-n-soul.com\/en\/wp-json\/wp\/v2\/product_cat?post=28635"},{"taxonomy":"product_tag","embeddable":true,"href":"https:\/\/body-n-soul.com\/en\/wp-json\/wp\/v2\/product_tag?post=28635"}],"curies":[{"name":"wp","href":"https:\/\/api.w.org\/{rel}","templated":true}]}}