{"id":27546,"date":"2025-03-21T23:11:19","date_gmt":"2025-03-21T22:11:19","guid":{"rendered":"https:\/\/body-n-soul.com\/?post_type=product&#038;p=27546"},"modified":"2025-03-22T00:56:51","modified_gmt":"2025-03-21T23:56:51","slug":"delta-munchies-hhc-vape-apple-gelato","status":"publish","type":"product","link":"https:\/\/body-n-soul.com\/en\/delta-munchies-hhc-vape-apple-gelato\/","title":{"rendered":"Delta Munchies HHC vape Apple Gelato 2ml Hybrid"},"content":{"rendered":"<h2>Delta Munchies HHC vape apple gelato<\/h2>\n<p>Super quality hhc vape made in USA.<\/p>\n<p>contains 2ml 90% HHC.<\/p>\n<p>strain: hybrid<\/p>\n<p>taste \/ flavour: Apple Gelato<\/p>\n<p>puffs: 800-1000<\/p>\n<p>&nbsp;<\/p>\n<h3>Apple Gelato<\/h3>\n<p><strong>Apple Gelato<\/strong> er en l\u00e6kker hybridstamme med energiske og glade vibes, der vil transportere dig til h\u00f8sts\u00e6sonen. Men bare rolig; du beh\u00f8ver ikke vente p\u00e5, at \u00e6blerne blomstrer for at pr\u00f8ve denne energigivende godbid.<\/p>\n<p>Aromatik \u2013 Dominerende dufte omfatter \u00e6ble, citrus og cremede noter.<\/p>\n<p>Apple Gelato er en kraftfuld hybridstamme afledt af to ikoniske for\u00e6ldrestammer: Sour Apple og Gelato #33. Denne stamme er l\u00e6kker og en af \u200b\u200bde f\u00e5 afslappende, men alligevel energifyldte sativa-dominerende hybrider.<\/p>\n<p>Denne stamme adskiller sig fra de fleste med cremede \u00e6ble- og mentolnoter parret med en velafbalanceret high. Den blander det bedste fra et modent syrligt \u00e6ble med den cremede, sukkerholdige og citrussmag, der er perfekt til en middags-fork\u00e6lelse.<\/p>\n<p>Oplev den seneste innovation inden for vaping med Delta Munchies HHC vapes. Disse vapes er specielt designet til at tilbyde en unik og potent oplevelse, perfekt til dem, der leder efter et alternativ til traditionelle THC-produkter.<\/p>\n","protected":false},"excerpt":{"rendered":"<h2>Delta Munchies HHC vape Apple Gelato<\/h2>\n<p>Super quality vape made in USA.<\/p>\n<p>Contains 2ml 90% HHC.<\/p>\n<p>strain: hybrid<\/p>\n<p>flavor \/ fragrance: Apple Gelato high quality natural terpenes<\/p>\n<p>puffs: 800-1000<\/p>\n<p>Does not contain THC.<\/p>\n<p>Does not contain VG, PG, PEG, MCT or other cutting agents<\/p>\n<p>Rechargable USB-c. Cable not included.<\/p>\n<p>Sold in a solid box that protects the vape when not in use.<\/p>\n<p>Store the weapon upright when not in use with the muzzle facing up.<\/p>\n<p>Retur til <a href=\"\/hhc-vape\/\">HHC Vapes<\/a><\/p>\n<p>Sold as a flavoring product.<\/p>\n","protected":false},"featured_media":27548,"comment_status":"open","ping_status":"closed","template":"","meta":{"ocean_post_layout":"","ocean_both_sidebars_style":"","ocean_both_sidebars_content_width":0,"ocean_both_sidebars_sidebars_width":0,"ocean_sidebar":"0","ocean_second_sidebar":"0","ocean_disable_margins":"enable","ocean_add_body_class":"","ocean_shortcode_before_top_bar":"","ocean_shortcode_after_top_bar":"","ocean_shortcode_before_header":"","ocean_shortcode_after_header":"","ocean_has_shortcode":"","ocean_shortcode_after_title":"","ocean_shortcode_before_footer_widgets":"","ocean_shortcode_after_footer_widgets":"","ocean_shortcode_before_footer_bottom":"","ocean_shortcode_after_footer_bottom":"","ocean_display_top_bar":"default","ocean_display_header":"default","ocean_header_style":"","ocean_center_header_left_menu":"0","ocean_custom_header_template":"0","ocean_custom_logo":0,"ocean_custom_retina_logo":0,"ocean_custom_logo_max_width":0,"ocean_custom_logo_tablet_max_width":0,"ocean_custom_logo_mobile_max_width":0,"ocean_custom_logo_max_height":0,"ocean_custom_logo_tablet_max_height":0,"ocean_custom_logo_mobile_max_height":0,"ocean_header_custom_menu":"0","ocean_menu_typo_font_family":"0","ocean_menu_typo_font_subset":"","ocean_menu_typo_font_size":0,"ocean_menu_typo_font_size_tablet":0,"ocean_menu_typo_font_size_mobile":0,"ocean_menu_typo_font_size_unit":"px","ocean_menu_typo_font_weight":"","ocean_menu_typo_font_weight_tablet":"","ocean_menu_typo_font_weight_mobile":"","ocean_menu_typo_transform":"","ocean_menu_typo_transform_tablet":"","ocean_menu_typo_transform_mobile":"","ocean_menu_typo_line_height":0,"ocean_menu_typo_line_height_tablet":0,"ocean_menu_typo_line_height_mobile":0,"ocean_menu_typo_line_height_unit":"","ocean_menu_typo_spacing":0,"ocean_menu_typo_spacing_tablet":0,"ocean_menu_typo_spacing_mobile":0,"ocean_menu_typo_spacing_unit":"","ocean_menu_link_color":"","ocean_menu_link_color_hover":"","ocean_menu_link_color_active":"","ocean_menu_link_background":"","ocean_menu_link_hover_background":"","ocean_menu_link_active_background":"","ocean_menu_social_links_bg":"","ocean_menu_social_hover_links_bg":"","ocean_menu_social_links_color":"","ocean_menu_social_hover_links_color":"","ocean_disable_title":"default","ocean_disable_heading":"default","ocean_post_title":"","ocean_post_subheading":"","ocean_post_title_style":"","ocean_post_title_background_color":"","ocean_post_title_background":0,"ocean_post_title_bg_image_position":"","ocean_post_title_bg_image_attachment":"","ocean_post_title_bg_image_repeat":"","ocean_post_title_bg_image_size":"","ocean_post_title_height":0,"ocean_post_title_bg_overlay":0.5,"ocean_post_title_bg_overlay_color":"","ocean_disable_breadcrumbs":"default","ocean_breadcrumbs_color":"","ocean_breadcrumbs_separator_color":"","ocean_breadcrumbs_links_color":"","ocean_breadcrumbs_links_hover_color":"","ocean_display_footer_widgets":"default","ocean_display_footer_bottom":"default","ocean_custom_footer_template":"0","osh_disable_topbar_sticky":"default","osh_disable_header_sticky":"default","osh_sticky_header_style":"default","osh_sticky_header_effect":"","osh_custom_sticky_logo":0,"osh_custom_retina_sticky_logo":0,"osh_custom_sticky_logo_height":0,"osh_background_color":"","osh_links_color":"","osh_links_hover_color":"","osh_links_active_color":"","osh_links_bg_color":"","osh_links_hover_bg_color":"","osh_links_active_bg_color":"","osh_menu_social_links_color":"","osh_menu_social_hover_links_color":"","iawp_total_views":25},"product_brand":[],"product_cat":[757],"product_tag":[886],"class_list":{"0":"post-27546","1":"product","2":"type-product","3":"status-publish","4":"has-post-thumbnail","6":"product_cat-hhc-vapes-en","7":"product_tag-munchies-en","9":"entry","10":"has-media","12":"first","13":"outofstock","14":"taxable","15":"shipping-taxable","16":"purchasable","17":"product-type-simple","18":"has-product-nav","19":"col","20":"span_1_of_4","21":"owp-content-center","22":"item-entry","23":"owp-thumbs-layout-vertical","24":"owp-btn-normal","25":"owp-tabs-layout-vertical","27":"circle-sale"},"_links":{"self":[{"href":"https:\/\/body-n-soul.com\/en\/wp-json\/wp\/v2\/product\/27546","targetHints":{"allow":["GET"]}}],"collection":[{"href":"https:\/\/body-n-soul.com\/en\/wp-json\/wp\/v2\/product"}],"about":[{"href":"https:\/\/body-n-soul.com\/en\/wp-json\/wp\/v2\/types\/product"}],"replies":[{"embeddable":true,"href":"https:\/\/body-n-soul.com\/en\/wp-json\/wp\/v2\/comments?post=27546"}],"wp:featuredmedia":[{"embeddable":true,"href":"https:\/\/body-n-soul.com\/en\/wp-json\/wp\/v2\/media\/27548"}],"wp:attachment":[{"href":"https:\/\/body-n-soul.com\/en\/wp-json\/wp\/v2\/media?parent=27546"}],"wp:term":[{"taxonomy":"product_brand","embeddable":true,"href":"https:\/\/body-n-soul.com\/en\/wp-json\/wp\/v2\/product_brand?post=27546"},{"taxonomy":"product_cat","embeddable":true,"href":"https:\/\/body-n-soul.com\/en\/wp-json\/wp\/v2\/product_cat?post=27546"},{"taxonomy":"product_tag","embeddable":true,"href":"https:\/\/body-n-soul.com\/en\/wp-json\/wp\/v2\/product_tag?post=27546"}],"curies":[{"name":"wp","href":"https:\/\/api.w.org\/{rel}","templated":true}]}}