{"id":26511,"date":"2024-12-09T17:35:10","date_gmt":"2024-12-09T16:35:10","guid":{"rendered":"https:\/\/body-n-soul.com\/?post_type=product&#038;p=26511"},"modified":"2025-06-23T16:57:19","modified_gmt":"2025-06-23T14:57:19","slug":"raw-classic-1-1-4-wide-jointpapir","status":"publish","type":"product","link":"https:\/\/body-n-soul.com\/en\/raw-classic-1-1-4-wide-jointpapir\/","title":{"rendered":"Raw Classic 1 1\/4 Wide Jointpapir &#8211; 500 ark"},"content":{"rendered":"<h2>Raw Classic 1 1\/4 Wide Jointpapir<\/h2>\n<p>Naturligt uraffineret organisk hamp rullepapir.<\/p>\n<ul>\n<li>Ultra tynd og langsomt br\u00e6ndende.<\/li>\n<li>St\u00f8rrelse: 1 1\/4 bredde<\/li>\n<li>Ubleget<\/li>\n<li>500 blade pr. boks<\/li>\n<li>Specielt krydsvandm\u00e6rke<\/li>\n<li>Ingen genetisk modificeret organisme (ingen GMO)<\/li>\n<li>Ingen klorblegemiddel<\/li>\n<li>Lavet med vedvarende energi<\/li>\n<li>Veganer venlig<\/li>\n<\/ul>\n<p>&nbsp;<\/p>\n<p>Raw \u00f8kologisk hamp enkelt bredde<\/p>\n<p>Mesterligt fremstillet af naturligt uraffineret, ren hamp uden tilsat kridt eller farvestoffer. R\u00e5papir er lavet af naturlige planter med nul forbr\u00e6ndingsadditiver. Raw Organic Hemp Papers er fremstillet ved hj\u00e6lp af en speciel rent vand-metode, der naturligt resulterer i et meget tyndt let solbrunt papir, der br\u00e6nder ekstra langsomt og ekstra rent. Dobbelt fodring: 100 blade pr. pakke.<\/p>\n<p>Om Raw<\/p>\n<p>Raw laver de bedste rullepapirer. R\u00e5papir er lavet af naturlige planter og er naturligt ubleget og uraffineret.<\/p>\n<p>&nbsp;<\/p>\n<p>&nbsp;<\/p>\n<p>&nbsp;<\/p>\n<p>Reference:\u00a01112581<\/p>\n","protected":false},"excerpt":{"rendered":"<ul>\n<li>\n<h2>Raw Classic 1 1\/4 Wide Jointpapir<\/h2>\n<p>Naturligt uraffineret organisk hamp rullepapir.<\/p>\n<ul>\n<li>Ultra tynd og langsomt br\u00e6ndende.<\/li>\n<li>St\u00f8rrelse: 1 1\/4 bredde<\/li>\n<li>Ubleget<\/li>\n<li>500 blade pr. boks<\/li>\n<li>Specielt krydsvandm\u00e6rke<\/li>\n<li>Ingen genetisk modificeret organisme (ingen GMO)<\/li>\n<li>Ingen klorblegemiddel<\/li>\n<li>Lavet med vedvarende energi<\/li>\n<li>Veganer venlig<\/li>\n<\/ul>\n<\/li>\n<\/ul>\n<p><strong>Retur til\u00a0<a href=\"\/jointpapir\/\">jointpapir<\/a><\/strong><\/p>\n<p>&nbsp;<\/p>\n","protected":false},"featured_media":26515,"comment_status":"open","ping_status":"closed","template":"","meta":{"ocean_post_layout":"","ocean_both_sidebars_style":"","ocean_both_sidebars_content_width":0,"ocean_both_sidebars_sidebars_width":0,"ocean_sidebar":"0","ocean_second_sidebar":"0","ocean_disable_margins":"enable","ocean_add_body_class":"","ocean_shortcode_before_top_bar":"","ocean_shortcode_after_top_bar":"","ocean_shortcode_before_header":"","ocean_shortcode_after_header":"","ocean_has_shortcode":"","ocean_shortcode_after_title":"","ocean_shortcode_before_footer_widgets":"","ocean_shortcode_after_footer_widgets":"","ocean_shortcode_before_footer_bottom":"","ocean_shortcode_after_footer_bottom":"","ocean_display_top_bar":"default","ocean_display_header":"default","ocean_header_style":"","ocean_center_header_left_menu":"0","ocean_custom_header_template":"0","ocean_custom_logo":0,"ocean_custom_retina_logo":0,"ocean_custom_logo_max_width":0,"ocean_custom_logo_tablet_max_width":0,"ocean_custom_logo_mobile_max_width":0,"ocean_custom_logo_max_height":0,"ocean_custom_logo_tablet_max_height":0,"ocean_custom_logo_mobile_max_height":0,"ocean_header_custom_menu":"0","ocean_menu_typo_font_family":"0","ocean_menu_typo_font_subset":"","ocean_menu_typo_font_size":0,"ocean_menu_typo_font_size_tablet":0,"ocean_menu_typo_font_size_mobile":0,"ocean_menu_typo_font_size_unit":"px","ocean_menu_typo_font_weight":"","ocean_menu_typo_font_weight_tablet":"","ocean_menu_typo_font_weight_mobile":"","ocean_menu_typo_transform":"","ocean_menu_typo_transform_tablet":"","ocean_menu_typo_transform_mobile":"","ocean_menu_typo_line_height":0,"ocean_menu_typo_line_height_tablet":0,"ocean_menu_typo_line_height_mobile":0,"ocean_menu_typo_line_height_unit":"","ocean_menu_typo_spacing":0,"ocean_menu_typo_spacing_tablet":0,"ocean_menu_typo_spacing_mobile":0,"ocean_menu_typo_spacing_unit":"","ocean_menu_link_color":"","ocean_menu_link_color_hover":"","ocean_menu_link_color_active":"","ocean_menu_link_background":"","ocean_menu_link_hover_background":"","ocean_menu_link_active_background":"","ocean_menu_social_links_bg":"","ocean_menu_social_hover_links_bg":"","ocean_menu_social_links_color":"","ocean_menu_social_hover_links_color":"","ocean_disable_title":"default","ocean_disable_heading":"default","ocean_post_title":"","ocean_post_subheading":"","ocean_post_title_style":"","ocean_post_title_background_color":"","ocean_post_title_background":0,"ocean_post_title_bg_image_position":"","ocean_post_title_bg_image_attachment":"","ocean_post_title_bg_image_repeat":"","ocean_post_title_bg_image_size":"","ocean_post_title_height":0,"ocean_post_title_bg_overlay":0.5,"ocean_post_title_bg_overlay_color":"","ocean_disable_breadcrumbs":"default","ocean_breadcrumbs_color":"","ocean_breadcrumbs_separator_color":"","ocean_breadcrumbs_links_color":"","ocean_breadcrumbs_links_hover_color":"","ocean_display_footer_widgets":"default","ocean_display_footer_bottom":"default","ocean_custom_footer_template":"0","osh_disable_topbar_sticky":"default","osh_disable_header_sticky":"default","osh_sticky_header_style":"default","osh_sticky_header_effect":"","osh_custom_sticky_logo":0,"osh_custom_retina_sticky_logo":0,"osh_custom_sticky_logo_height":0,"osh_background_color":"","osh_links_color":"","osh_links_hover_color":"","osh_links_active_color":"","osh_links_bg_color":"","osh_links_hover_bg_color":"","osh_links_active_bg_color":"","osh_menu_social_links_color":"","osh_menu_social_hover_links_color":"","iawp_total_views":74},"product_brand":[],"product_cat":[622],"product_tag":[850,724],"class_list":{"0":"post-26511","1":"product","2":"type-product","3":"status-publish","4":"has-post-thumbnail","6":"product_cat-tilbehoer-cat","7":"product_tag-joint-paper","8":"product_tag-raw","10":"entry","11":"has-media","13":"first","14":"instock","15":"taxable","16":"shipping-taxable","17":"purchasable","18":"product-type-simple","19":"has-product-nav","20":"col","21":"span_1_of_4","22":"owp-content-center","23":"item-entry","24":"owp-thumbs-layout-vertical","25":"owp-btn-normal","26":"owp-tabs-layout-vertical","28":"circle-sale"},"_links":{"self":[{"href":"https:\/\/body-n-soul.com\/en\/wp-json\/wp\/v2\/product\/26511","targetHints":{"allow":["GET"]}}],"collection":[{"href":"https:\/\/body-n-soul.com\/en\/wp-json\/wp\/v2\/product"}],"about":[{"href":"https:\/\/body-n-soul.com\/en\/wp-json\/wp\/v2\/types\/product"}],"replies":[{"embeddable":true,"href":"https:\/\/body-n-soul.com\/en\/wp-json\/wp\/v2\/comments?post=26511"}],"wp:featuredmedia":[{"embeddable":true,"href":"https:\/\/body-n-soul.com\/en\/wp-json\/wp\/v2\/media\/26515"}],"wp:attachment":[{"href":"https:\/\/body-n-soul.com\/en\/wp-json\/wp\/v2\/media?parent=26511"}],"wp:term":[{"taxonomy":"product_brand","embeddable":true,"href":"https:\/\/body-n-soul.com\/en\/wp-json\/wp\/v2\/product_brand?post=26511"},{"taxonomy":"product_cat","embeddable":true,"href":"https:\/\/body-n-soul.com\/en\/wp-json\/wp\/v2\/product_cat?post=26511"},{"taxonomy":"product_tag","embeddable":true,"href":"https:\/\/body-n-soul.com\/en\/wp-json\/wp\/v2\/product_tag?post=26511"}],"curies":[{"name":"wp","href":"https:\/\/api.w.org\/{rel}","templated":true}]}}