{"id":25593,"date":"2024-08-31T17:47:55","date_gmt":"2024-08-31T15:47:55","guid":{"rendered":"https:\/\/body-n-soul.com\/?post_type=product&#038;p=25593"},"modified":"2026-03-15T13:20:15","modified_gmt":"2026-03-15T12:20:15","slug":"le-chanvrier-francais-bubblegum-cbd-topskud","status":"publish","type":"product","link":"https:\/\/body-n-soul.com\/en\/le-chanvrier-francais-bubblegum-cbd-topskud\/","title":{"rendered":"Le Chanvrier Fran\u00e7ais Bubblegum CBD topskud &#8211; 10% Greenhouse"},"content":{"rendered":"<h2>Le Chanvrier Fran\u00e7ais Bubblegum CBD topskud<\/h2>\n<p>L\u00e6kre CBD topkud dyrket og kultiveret i Frankrig, n\u00e6rmere bestemt i Provence.<\/p>\n<p>Bubblegum er en CBD-blomst af h\u00f8j kvalitet, med en meget s\u00f8d og ret frisk smag Den er rig p\u00e5 s\u00f8de og frugtagtige noter.<\/p>\n<p>Topskuddet eyrket i drivhus i s\u00e5 de er groet under ordnede forhold hvilket giver disse hampblomster en f\u00f8rsteklasses kvalitet.<\/p>\n<p>Hvis du er til det lidt tyggegummi agtige s\u00a8vil du elske denne meget popul\u00e6re sort.<\/p>\n<p>Bubblegum-sorten har en s\u00e6rlig duft med st\u00e6rke og s\u00f8de noter.<\/p>\n<p>Med hensyn til effekt er dens CBD-niveau omkring 10%, ideel til at reducere erioder med stress og til at fremme s\u00f8vn.<\/p>\n<h3>Data<\/h3>\n<p>Denne Bubble Gum har det s\u00e6rlige ved at have meget s\u00f8de og meget aromatiske terpener.<\/p>\n<p>Den er dyrket indend\u00f8rs (Drivhus) for at forsyne den med rigeligt lys og dermed kontrollere plantens v\u00e6kst og h\u00f8st.<\/p>\n<p>Hvis du leder efter en s\u00f8d og aromatisk blomst, s\u00e5 g\u00e5 efter den med lukkede \u00f8jne. Det er en no-brainer&#8230; \ud83d\ude42<\/p>\n<p>Meget godt CBD niveau og smukke knopper.<\/p>\n<p>Fremragende bevaring.<\/p>\n<p>Oprindelsesregion: Provence<\/p>\n","protected":false},"excerpt":{"rendered":"<h2>Le Chanvrier Fran\u00e7ais Bubblegum CBD topskud<\/h2>\n<p>Et meget flot klippet og kompakt topskud med en s\u00f8dlig aroma og duft<\/p>\n<p>st\u00f8rrelse p\u00e5 topskud:\u00a0 mellem &#8211; stor.<\/p>\n<p>Der er ingen fr\u00f8 i produktet og der er k\u00e6let for detaljerne. Et klasse A+ produkt<\/p>\n<p>Retur til\u00a0<strong><a href=\"\/cbd-topskud\/\">CBD topskud<\/a><\/strong><\/p>\n","protected":false},"featured_media":25785,"comment_status":"open","ping_status":"closed","template":"","meta":{"ocean_post_layout":"","ocean_both_sidebars_style":"","ocean_both_sidebars_content_width":0,"ocean_both_sidebars_sidebars_width":0,"ocean_sidebar":"0","ocean_second_sidebar":"0","ocean_disable_margins":"enable","ocean_add_body_class":"","ocean_shortcode_before_top_bar":"","ocean_shortcode_after_top_bar":"","ocean_shortcode_before_header":"","ocean_shortcode_after_header":"","ocean_has_shortcode":"","ocean_shortcode_after_title":"","ocean_shortcode_before_footer_widgets":"","ocean_shortcode_after_footer_widgets":"","ocean_shortcode_before_footer_bottom":"","ocean_shortcode_after_footer_bottom":"","ocean_display_top_bar":"default","ocean_display_header":"default","ocean_header_style":"","ocean_center_header_left_menu":"0","ocean_custom_header_template":"0","ocean_custom_logo":0,"ocean_custom_retina_logo":0,"ocean_custom_logo_max_width":0,"ocean_custom_logo_tablet_max_width":0,"ocean_custom_logo_mobile_max_width":0,"ocean_custom_logo_max_height":0,"ocean_custom_logo_tablet_max_height":0,"ocean_custom_logo_mobile_max_height":0,"ocean_header_custom_menu":"0","ocean_menu_typo_font_family":"0","ocean_menu_typo_font_subset":"","ocean_menu_typo_font_size":0,"ocean_menu_typo_font_size_tablet":0,"ocean_menu_typo_font_size_mobile":0,"ocean_menu_typo_font_size_unit":"px","ocean_menu_typo_font_weight":"","ocean_menu_typo_font_weight_tablet":"","ocean_menu_typo_font_weight_mobile":"","ocean_menu_typo_transform":"","ocean_menu_typo_transform_tablet":"","ocean_menu_typo_transform_mobile":"","ocean_menu_typo_line_height":0,"ocean_menu_typo_line_height_tablet":0,"ocean_menu_typo_line_height_mobile":0,"ocean_menu_typo_line_height_unit":"","ocean_menu_typo_spacing":0,"ocean_menu_typo_spacing_tablet":0,"ocean_menu_typo_spacing_mobile":0,"ocean_menu_typo_spacing_unit":"","ocean_menu_link_color":"","ocean_menu_link_color_hover":"","ocean_menu_link_color_active":"","ocean_menu_link_background":"","ocean_menu_link_hover_background":"","ocean_menu_link_active_background":"","ocean_menu_social_links_bg":"","ocean_menu_social_hover_links_bg":"","ocean_menu_social_links_color":"","ocean_menu_social_hover_links_color":"","ocean_disable_title":"default","ocean_disable_heading":"default","ocean_post_title":"","ocean_post_subheading":"","ocean_post_title_style":"","ocean_post_title_background_color":"","ocean_post_title_background":0,"ocean_post_title_bg_image_position":"","ocean_post_title_bg_image_attachment":"","ocean_post_title_bg_image_repeat":"","ocean_post_title_bg_image_size":"","ocean_post_title_height":0,"ocean_post_title_bg_overlay":0.5,"ocean_post_title_bg_overlay_color":"","ocean_disable_breadcrumbs":"default","ocean_breadcrumbs_color":"","ocean_breadcrumbs_separator_color":"","ocean_breadcrumbs_links_color":"","ocean_breadcrumbs_links_hover_color":"","ocean_display_footer_widgets":"default","ocean_display_footer_bottom":"default","ocean_custom_footer_template":"0","osh_disable_topbar_sticky":"default","osh_disable_header_sticky":"default","osh_sticky_header_style":"default","osh_sticky_header_effect":"","osh_custom_sticky_logo":0,"osh_custom_retina_sticky_logo":0,"osh_custom_sticky_logo_height":0,"osh_background_color":"","osh_links_color":"","osh_links_hover_color":"","osh_links_active_color":"","osh_links_bg_color":"","osh_links_hover_bg_color":"","osh_links_active_bg_color":"","osh_menu_social_links_color":"","osh_menu_social_hover_links_color":"","iawp_total_views":34},"product_brand":[],"product_cat":[147],"product_tag":[866],"class_list":{"0":"post-25593","1":"product","2":"type-product","3":"status-publish","4":"has-post-thumbnail","6":"product_cat-cbd-topskud1","7":"product_tag-chanvrier","9":"entry","10":"has-media","12":"first","13":"instock","14":"taxable","15":"shipping-taxable","16":"purchasable","17":"product-type-variable","18":"has-default-attributes","19":"has-product-nav","20":"col","21":"span_1_of_4","22":"owp-content-center","23":"item-entry","24":"owp-thumbs-layout-vertical","25":"owp-btn-normal","26":"owp-tabs-layout-vertical","27":"has-no-thumbnails","29":"circle-sale"},"_links":{"self":[{"href":"https:\/\/body-n-soul.com\/en\/wp-json\/wp\/v2\/product\/25593","targetHints":{"allow":["GET"]}}],"collection":[{"href":"https:\/\/body-n-soul.com\/en\/wp-json\/wp\/v2\/product"}],"about":[{"href":"https:\/\/body-n-soul.com\/en\/wp-json\/wp\/v2\/types\/product"}],"replies":[{"embeddable":true,"href":"https:\/\/body-n-soul.com\/en\/wp-json\/wp\/v2\/comments?post=25593"}],"wp:featuredmedia":[{"embeddable":true,"href":"https:\/\/body-n-soul.com\/en\/wp-json\/wp\/v2\/media\/25785"}],"wp:attachment":[{"href":"https:\/\/body-n-soul.com\/en\/wp-json\/wp\/v2\/media?parent=25593"}],"wp:term":[{"taxonomy":"product_brand","embeddable":true,"href":"https:\/\/body-n-soul.com\/en\/wp-json\/wp\/v2\/product_brand?post=25593"},{"taxonomy":"product_cat","embeddable":true,"href":"https:\/\/body-n-soul.com\/en\/wp-json\/wp\/v2\/product_cat?post=25593"},{"taxonomy":"product_tag","embeddable":true,"href":"https:\/\/body-n-soul.com\/en\/wp-json\/wp\/v2\/product_tag?post=25593"}],"curies":[{"name":"wp","href":"https:\/\/api.w.org\/{rel}","templated":true}]}}