{"id":2407,"date":"2019-02-23T19:21:52","date_gmt":"2019-02-23T18:21:52","guid":{"rendered":"https:\/\/bodynsoul.es\/?post_type=product&#038;p=576"},"modified":"2025-04-19T20:34:21","modified_gmt":"2025-04-19T18:34:21","slug":"jans-multilotion-no1-100-ml","status":"publish","type":"product","link":"https:\/\/body-n-soul.com\/en\/jans-multilotion-no1-100-ml\/","title":{"rendered":"Jans Multilotion no1 mod smerte &#8211; 100 ml"},"content":{"rendered":"<h3>jans multilotion no1 100 ml &#8211; mod smerte<\/h3>\n<p>jans multilotion no1 er en bodylotion der kan p\u00e5sm\u00f8res hele kroppen, yder en fantastisk f\u00f8lelse og velv\u00e6re.<\/p>\n<p>Den er specielt udviklet og velegnet til p\u00e5sm\u00f8ring p\u00e5 omr\u00e5der med moderat smerte som gigt, muskelsmerter og nervesmerter.<\/p>\n<p>Cremen er baseret p\u00e5 cannabisolie og tilsat E-vitamin i store m\u00e6ngder. Kombinationen af cannabisolie og E-vitamin udg\u00f8r en meget st\u00e6rk antioxidant.<\/p>\n<p>Derudover er cannabisolie meget velegnet til p\u00e5sm\u00f8ring p\u00e5 huden da denne medvirker til at lotionen tr\u00e6nger nemmere og dybere ind i huden.<\/p>\n<p>Lotionen efterlader huden fedtfri.<\/p>\n<p>Kan p\u00e5sm\u00f8res s\u00e5 ofte man \u00f8nsker.<\/p>\n<p>Leveres i praktisk pumpeflaske, der er luft samt drypfri.<br \/>\nLet dosering og super hygiejnisk.<\/p>\n<p>Indhold:<\/p>\n<p>Vand<\/p>\n<p>Aloe Vera juice<\/p>\n<p>Hampefr\u00f8 olie<\/p>\n<p>Mandel olie<\/p>\n<p>K\u00e6mpenatlys olie<\/p>\n<p>Lavendel olie<\/p>\n<p>Muskatel salvie olie<\/p>\n<p>Glyserin<\/p>\n<p>A-D-E Vitamin<\/p>\n<p>Canabis Sativa (L)<\/p>\n<p>Vegetabilsk fedt<\/p>\n<p>Natrium benzoat<\/p>\n<p>Voks<\/p>\n<p>&nbsp;<\/p>\n<p>THC indhold under 0,2%<\/p>\n<p>&nbsp;<\/p>\n<p>Fremstillet i Spanien af Take a choice.<\/p>\n<p>&nbsp;<\/p>\n<p>Holdbarhed min. 12 mdr.<\/p>\n<p>&nbsp;<\/p>\n<p>Ikke testet p\u00e5 dyr.<\/p>\n<p>&nbsp;<\/p>\n<p>Forsigtighed skal udvises ved allergi overfor indholds stofferne, vi frasiger os et hvert ansvar for evt. allergiske reaktioner, der kan forekomme hos allergikere.<\/p>\n<p>&nbsp;<\/p>\n<p>Lotion er ikke tilt\u00e6nkt at stille diagnose, behandle eller kurerer nogen sygdomme eller lidelser.<\/p>\n<p>100 ml<\/p>\n","protected":false},"excerpt":{"rendered":"<p>jans multilotion no1 100 ml &#8211; mod smerte jans multilotion no1 er en bodylotion der kan p\u00e5sm\u00f8res hele kroppen, yder en fantastisk f\u00f8lelse og velv\u00e6re. Den er specielt udviklet og velegnet til p\u00e5sm\u00f8ring p\u00e5 omr\u00e5der med moderat smerte som gigt, muskelsmerter og nervesmerter. Cremen er baseret p\u00e5 cannabisolie og tilsat E-vitamin i store m\u00e6ngder. Kombinationen [&hellip;]<\/p>\n","protected":false},"featured_media":8075,"comment_status":"open","ping_status":"closed","template":"","meta":{"ocean_post_layout":"","ocean_both_sidebars_style":"","ocean_both_sidebars_content_width":0,"ocean_both_sidebars_sidebars_width":0,"ocean_sidebar":"0","ocean_second_sidebar":"0","ocean_disable_margins":"enable","ocean_add_body_class":"","ocean_shortcode_before_top_bar":"","ocean_shortcode_after_top_bar":"","ocean_shortcode_before_header":"","ocean_shortcode_after_header":"","ocean_has_shortcode":"","ocean_shortcode_after_title":"","ocean_shortcode_before_footer_widgets":"","ocean_shortcode_after_footer_widgets":"","ocean_shortcode_before_footer_bottom":"","ocean_shortcode_after_footer_bottom":"","ocean_display_top_bar":"default","ocean_display_header":"default","ocean_header_style":"","ocean_center_header_left_menu":"0","ocean_custom_header_template":"0","ocean_custom_logo":0,"ocean_custom_retina_logo":0,"ocean_custom_logo_max_width":0,"ocean_custom_logo_tablet_max_width":0,"ocean_custom_logo_mobile_max_width":0,"ocean_custom_logo_max_height":0,"ocean_custom_logo_tablet_max_height":0,"ocean_custom_logo_mobile_max_height":0,"ocean_header_custom_menu":"0","ocean_menu_typo_font_family":"0","ocean_menu_typo_font_subset":"","ocean_menu_typo_font_size":0,"ocean_menu_typo_font_size_tablet":0,"ocean_menu_typo_font_size_mobile":0,"ocean_menu_typo_font_size_unit":"px","ocean_menu_typo_font_weight":"","ocean_menu_typo_font_weight_tablet":"","ocean_menu_typo_font_weight_mobile":"","ocean_menu_typo_transform":"","ocean_menu_typo_transform_tablet":"","ocean_menu_typo_transform_mobile":"","ocean_menu_typo_line_height":0,"ocean_menu_typo_line_height_tablet":0,"ocean_menu_typo_line_height_mobile":0,"ocean_menu_typo_line_height_unit":"","ocean_menu_typo_spacing":0,"ocean_menu_typo_spacing_tablet":0,"ocean_menu_typo_spacing_mobile":0,"ocean_menu_typo_spacing_unit":"","ocean_menu_link_color":"","ocean_menu_link_color_hover":"","ocean_menu_link_color_active":"","ocean_menu_link_background":"","ocean_menu_link_hover_background":"","ocean_menu_link_active_background":"","ocean_menu_social_links_bg":"","ocean_menu_social_hover_links_bg":"","ocean_menu_social_links_color":"","ocean_menu_social_hover_links_color":"","ocean_disable_title":"default","ocean_disable_heading":"default","ocean_post_title":"","ocean_post_subheading":"","ocean_post_title_style":"","ocean_post_title_background_color":"","ocean_post_title_background":0,"ocean_post_title_bg_image_position":"","ocean_post_title_bg_image_attachment":"","ocean_post_title_bg_image_repeat":"","ocean_post_title_bg_image_size":"","ocean_post_title_height":0,"ocean_post_title_bg_overlay":0.5,"ocean_post_title_bg_overlay_color":"","ocean_disable_breadcrumbs":"default","ocean_breadcrumbs_color":"","ocean_breadcrumbs_separator_color":"","ocean_breadcrumbs_links_color":"","ocean_breadcrumbs_links_hover_color":"","ocean_display_footer_widgets":"default","ocean_display_footer_bottom":"default","ocean_custom_footer_template":"0","osh_disable_topbar_sticky":"default","osh_disable_header_sticky":"default","osh_sticky_header_style":"default","osh_sticky_header_effect":"","osh_custom_sticky_logo":0,"osh_custom_retina_sticky_logo":0,"osh_custom_sticky_logo_height":0,"osh_background_color":"","osh_links_color":"","osh_links_hover_color":"","osh_links_active_color":"","osh_links_bg_color":"","osh_links_hover_bg_color":"","osh_links_active_bg_color":"","osh_menu_social_links_color":"","osh_menu_social_hover_links_color":"","iawp_total_views":200},"product_brand":[],"product_cat":[321,596],"product_tag":[114,123],"class_list":{"0":"post-2407","1":"product","2":"type-product","3":"status-publish","4":"has-post-thumbnail","6":"product_cat-smertelindring","7":"product_cat-cremer-og-kosmetik-med-cbd","8":"product_tag-lotion","9":"product_tag-mod-smerter","11":"entry","12":"has-media","14":"first","15":"outofstock","16":"taxable","17":"shipping-taxable","18":"purchasable","19":"product-type-simple","20":"has-product-nav","21":"col","22":"span_1_of_4","23":"owp-content-center","24":"item-entry","25":"owp-thumbs-layout-vertical","26":"owp-btn-normal","27":"owp-tabs-layout-vertical","29":"circle-sale"},"_links":{"self":[{"href":"https:\/\/body-n-soul.com\/en\/wp-json\/wp\/v2\/product\/2407","targetHints":{"allow":["GET"]}}],"collection":[{"href":"https:\/\/body-n-soul.com\/en\/wp-json\/wp\/v2\/product"}],"about":[{"href":"https:\/\/body-n-soul.com\/en\/wp-json\/wp\/v2\/types\/product"}],"replies":[{"embeddable":true,"href":"https:\/\/body-n-soul.com\/en\/wp-json\/wp\/v2\/comments?post=2407"}],"wp:featuredmedia":[{"embeddable":true,"href":"https:\/\/body-n-soul.com\/en\/wp-json\/wp\/v2\/media\/8075"}],"wp:attachment":[{"href":"https:\/\/body-n-soul.com\/en\/wp-json\/wp\/v2\/media?parent=2407"}],"wp:term":[{"taxonomy":"product_brand","embeddable":true,"href":"https:\/\/body-n-soul.com\/en\/wp-json\/wp\/v2\/product_brand?post=2407"},{"taxonomy":"product_cat","embeddable":true,"href":"https:\/\/body-n-soul.com\/en\/wp-json\/wp\/v2\/product_cat?post=2407"},{"taxonomy":"product_tag","embeddable":true,"href":"https:\/\/body-n-soul.com\/en\/wp-json\/wp\/v2\/product_tag?post=2407"}],"curies":[{"name":"wp","href":"https:\/\/api.w.org\/{rel}","templated":true}]}}