{"id":16955,"date":"2023-09-21T19:59:38","date_gmt":"2023-09-21T17:59:38","guid":{"rendered":"https:\/\/body-n-soul.com\/?post_type=product&#038;p=16955"},"modified":"2025-07-11T16:40:44","modified_gmt":"2025-07-11T14:40:44","slug":"bob-marley-grinder","status":"publish","type":"product","link":"https:\/\/body-n-soul.com\/en\/bob-marley-grinder\/","title":{"rendered":"Bob Marley Metal Grinder 4 dele \u2013 50mm"},"content":{"rendered":"<h2>Bob Marley Metal Grinder 4 dele \u2013 50mm<\/h2>\n<p>L\u00e6kker metalgrinder med motiv af mesteren selv &#8211; Bob Marley<\/p>\n<p>Vores Bob Marley Metal Grinder er en kompakt kv\u00e6rn, der best\u00e5r af i alt fire dele. Kv\u00e6rnen har nogle af de mest imponerende og effektive t\u00e6nder p\u00e5 markedet. Den kommer med sammenl\u00e5sende &#8220;pl\u00f8kker&#8221;, der river topskud effektivt i slibekammeret. Produktet opsamles derefter i det n\u00e6ste rum under slibekammeret, mens det nederste rum fanger kostbar kief\/pollen. S\u00e5 intet g\u00e5r til spilde.<\/p>\n<p>Grinderen kommer med et trykt portr\u00e6t af Bob Marley p\u00e5 l\u00e5get. Det er en flot designet grinder, der ikke kun er effektiv, men ogs\u00e5 stilfuld. Og den ligger godt i h\u00e5nden.<\/p>\n<h3>Stilfuld og effektiv<\/h3>\n<p>Bob Marley Grinder har et magnetisk l\u00e5g for at sikre effektiv lukning og en j\u00e6vn slibning uden spild. For at g\u00f8re slibningsprocessen meget nemmere, har grinderen et l\u00e5g med bittesm\u00e5 riller, der forbedrer grebet. Kombinationen af magnetisk lukning, forbedret greb og superskarpe, sammenl\u00e5sende diamantformede t\u00e6nder leverer en j\u00e6vn slibning, der vil forvandle topskud til det pureste st\u00f8v p\u00e5 ingen tid overhovedet.<\/p>\n<p>N\u00e5r blomsten er grindet, samler den sig i midterkammeret. Kammeret har et fint net, der kun tillader de fineste partikler at passere. De sigtede partikler falder derefter ned i basisrummet. Disse er de mest potente og er perfekte til ekstra specielle lejligheder. Gerne i selskab med mesteren p\u00e5 vinyl.<\/p>\n<p>Brug den ogs\u00e5 som gave men husk ikke at tage den med hjem igen.<\/p>\n<p>Man kan n\u00e6sten h\u00f8re\u00a0 mesteren synge &#8220;No woman no cry&#8230;.&#8221;<\/p>\n","protected":false},"excerpt":{"rendered":"<h2>Bob Marley Metal Grinder 4 dele \u2013 50mm<\/h2>\n<p>L\u00e6kker metalgrinder med motiv af mesteren selv &#8211; Bob Marley<\/p>\n<p>Vores Bob Marley Metal Grinder er en kompakt kv\u00e6rn, der best\u00e5r af i alt fire dele.<\/p>\n<p>Kv\u00e6rnen har nogle af de mest imponerende og effektive t\u00e6nder p\u00e5 markedet. Den kommer med sammenl\u00e5sende &#8220;pl\u00f8kker&#8221;, der river topskud effektivt i slibekammeret.<\/p>\n<p>Produktet opsamles derefter i det n\u00e6ste rum under slibekammeret, mens det nederste rum fanger kostbar kief\/pollen. S\u00e5 intet g\u00e5r til spilde.<\/p>\n<p>Retur til\u00a0<a href=\"\/tilbehoer\/\">Tilbeh\u00f8r<\/a><\/p>\n","protected":false},"featured_media":17067,"comment_status":"open","ping_status":"closed","template":"","meta":{"ocean_post_layout":"","ocean_both_sidebars_style":"","ocean_both_sidebars_content_width":0,"ocean_both_sidebars_sidebars_width":0,"ocean_sidebar":"0","ocean_second_sidebar":"0","ocean_disable_margins":"enable","ocean_add_body_class":"","ocean_shortcode_before_top_bar":"","ocean_shortcode_after_top_bar":"","ocean_shortcode_before_header":"","ocean_shortcode_after_header":"","ocean_has_shortcode":"","ocean_shortcode_after_title":"","ocean_shortcode_before_footer_widgets":"","ocean_shortcode_after_footer_widgets":"","ocean_shortcode_before_footer_bottom":"","ocean_shortcode_after_footer_bottom":"","ocean_display_top_bar":"default","ocean_display_header":"default","ocean_header_style":"","ocean_center_header_left_menu":"0","ocean_custom_header_template":"0","ocean_custom_logo":0,"ocean_custom_retina_logo":0,"ocean_custom_logo_max_width":0,"ocean_custom_logo_tablet_max_width":0,"ocean_custom_logo_mobile_max_width":0,"ocean_custom_logo_max_height":0,"ocean_custom_logo_tablet_max_height":0,"ocean_custom_logo_mobile_max_height":0,"ocean_header_custom_menu":"0","ocean_menu_typo_font_family":"0","ocean_menu_typo_font_subset":"","ocean_menu_typo_font_size":0,"ocean_menu_typo_font_size_tablet":0,"ocean_menu_typo_font_size_mobile":0,"ocean_menu_typo_font_size_unit":"px","ocean_menu_typo_font_weight":"","ocean_menu_typo_font_weight_tablet":"","ocean_menu_typo_font_weight_mobile":"","ocean_menu_typo_transform":"","ocean_menu_typo_transform_tablet":"","ocean_menu_typo_transform_mobile":"","ocean_menu_typo_line_height":0,"ocean_menu_typo_line_height_tablet":0,"ocean_menu_typo_line_height_mobile":0,"ocean_menu_typo_line_height_unit":"","ocean_menu_typo_spacing":0,"ocean_menu_typo_spacing_tablet":0,"ocean_menu_typo_spacing_mobile":0,"ocean_menu_typo_spacing_unit":"","ocean_menu_link_color":"","ocean_menu_link_color_hover":"","ocean_menu_link_color_active":"","ocean_menu_link_background":"","ocean_menu_link_hover_background":"","ocean_menu_link_active_background":"","ocean_menu_social_links_bg":"","ocean_menu_social_hover_links_bg":"","ocean_menu_social_links_color":"","ocean_menu_social_hover_links_color":"","ocean_disable_title":"default","ocean_disable_heading":"default","ocean_post_title":"","ocean_post_subheading":"","ocean_post_title_style":"","ocean_post_title_background_color":"","ocean_post_title_background":0,"ocean_post_title_bg_image_position":"","ocean_post_title_bg_image_attachment":"","ocean_post_title_bg_image_repeat":"","ocean_post_title_bg_image_size":"","ocean_post_title_height":0,"ocean_post_title_bg_overlay":0.5,"ocean_post_title_bg_overlay_color":"","ocean_disable_breadcrumbs":"default","ocean_breadcrumbs_color":"","ocean_breadcrumbs_separator_color":"","ocean_breadcrumbs_links_color":"","ocean_breadcrumbs_links_hover_color":"","ocean_display_footer_widgets":"default","ocean_display_footer_bottom":"default","ocean_custom_footer_template":"0","osh_disable_topbar_sticky":"default","osh_disable_header_sticky":"default","osh_sticky_header_style":"default","osh_sticky_header_effect":"","osh_custom_sticky_logo":0,"osh_custom_retina_sticky_logo":0,"osh_custom_sticky_logo_height":0,"osh_background_color":"","osh_links_color":"","osh_links_hover_color":"","osh_links_active_color":"","osh_links_bg_color":"","osh_links_hover_bg_color":"","osh_links_active_bg_color":"","osh_menu_social_links_color":"","osh_menu_social_hover_links_color":"","iawp_total_views":57},"product_brand":[],"product_cat":[908],"product_tag":[855],"class_list":{"0":"post-16955","1":"product","2":"type-product","3":"status-publish","4":"has-post-thumbnail","6":"product_cat-grinder","7":"product_tag-grinder","9":"entry","10":"has-media","12":"first","13":"outofstock","14":"taxable","15":"shipping-taxable","16":"purchasable","17":"product-type-simple","18":"has-product-nav","19":"col","20":"span_1_of_4","21":"owp-content-center","22":"item-entry","23":"owp-thumbs-layout-vertical","24":"owp-btn-normal","25":"owp-tabs-layout-vertical","27":"circle-sale"},"_links":{"self":[{"href":"https:\/\/body-n-soul.com\/en\/wp-json\/wp\/v2\/product\/16955","targetHints":{"allow":["GET"]}}],"collection":[{"href":"https:\/\/body-n-soul.com\/en\/wp-json\/wp\/v2\/product"}],"about":[{"href":"https:\/\/body-n-soul.com\/en\/wp-json\/wp\/v2\/types\/product"}],"replies":[{"embeddable":true,"href":"https:\/\/body-n-soul.com\/en\/wp-json\/wp\/v2\/comments?post=16955"}],"wp:featuredmedia":[{"embeddable":true,"href":"https:\/\/body-n-soul.com\/en\/wp-json\/wp\/v2\/media\/17067"}],"wp:attachment":[{"href":"https:\/\/body-n-soul.com\/en\/wp-json\/wp\/v2\/media?parent=16955"}],"wp:term":[{"taxonomy":"product_brand","embeddable":true,"href":"https:\/\/body-n-soul.com\/en\/wp-json\/wp\/v2\/product_brand?post=16955"},{"taxonomy":"product_cat","embeddable":true,"href":"https:\/\/body-n-soul.com\/en\/wp-json\/wp\/v2\/product_cat?post=16955"},{"taxonomy":"product_tag","embeddable":true,"href":"https:\/\/body-n-soul.com\/en\/wp-json\/wp\/v2\/product_tag?post=16955"}],"curies":[{"name":"wp","href":"https:\/\/api.w.org\/{rel}","templated":true}]}}