{"id":16954,"date":"2023-09-21T19:57:18","date_gmt":"2023-09-21T17:57:18","guid":{"rendered":"https:\/\/body-n-soul.com\/?post_type=product&#038;p=16954"},"modified":"2025-04-12T18:09:42","modified_gmt":"2025-04-12T16:09:42","slug":"santa-cruz-bionedbrydelig-grinder","status":"publish","type":"product","link":"https:\/\/body-n-soul.com\/en\/santa-cruz-bionedbrydelig-grinder\/","title":{"rendered":"Santa Cruz Bionedbrydelig Grinder 2 dele \u2013 55mm"},"content":{"rendered":"<h2>Santa Cruz Bionedbrydelig Grinder<\/h2>\n<p>Nu kan du grinde dine &#8216;gr\u00f8ntsager&#8217; med god samvittighed p\u00e5 denne grinder der er bionedbrydelig.<\/p>\n<p>Santa Cruz biologisk nedbrydelige kv\u00e6rn 2 dele \u2013 55 mm Cookies Edition. Den perfekte tilf\u00f8jelse til din samling af rygeudstyr. Denne grinder er lavet af naturlig hamp og er ikke kun milj\u00f8venlig, men ogs\u00e5 ekstremt holdbar og slidst\u00e6rk.<\/p>\n<p>Med en diameter p\u00e5 55 mm og 2 dele er denne grinder perfekt til at male dine yndlingsurter og &#8216;krydderier&#8217;.<\/p>\n<p>Santa Cruz grinderen med en h\u00e6ldetud, der g\u00f8r det nemt at overf\u00f8re dine grinedede topskud urter til din pibe eller papirjoint.<\/p>\n<p>Dens lille st\u00f8rrelse p\u00e5 g\u00f8r den nem at have med dig, uanset hvor du g\u00e5r. Den har dog alligevel en god v\u00e6gt og ligger godt i h\u00e6nderne n\u00e5r du maler..<\/p>\n<p>Denne kv\u00e6rn er ikke kun funktionel, men ogs\u00e5 stilfuld med sit Cookies Edition-design. Det biologisk nedbrydelige materiale, der bruges i denne grinder, g\u00f8r den til en milj\u00f8venlig mulighed i forhold til plast- og metalgrindere.<\/p>\n<p>&nbsp;<\/p>\n","protected":false},"excerpt":{"rendered":"<h2>Santa Cruz Bionedbrydelig Grinder<\/h2>\n<p>55mm grinder fremstillet af bionedbrydeligt hamp i 2 dele.<\/p>\n<p>God st\u00f8rrelse og v\u00e6gt. Er superholdbar og slidst\u00e6rk.<\/p>\n<p>Retur til\u00a0<a href=\"\/tilbehoer\/\">tilbeh\u00f8r<\/a><\/p>\n","protected":false},"featured_media":25051,"comment_status":"open","ping_status":"closed","template":"","meta":{"ocean_post_layout":"","ocean_both_sidebars_style":"","ocean_both_sidebars_content_width":0,"ocean_both_sidebars_sidebars_width":0,"ocean_sidebar":"0","ocean_second_sidebar":"0","ocean_disable_margins":"enable","ocean_add_body_class":"","ocean_shortcode_before_top_bar":"","ocean_shortcode_after_top_bar":"","ocean_shortcode_before_header":"","ocean_shortcode_after_header":"","ocean_has_shortcode":"","ocean_shortcode_after_title":"","ocean_shortcode_before_footer_widgets":"","ocean_shortcode_after_footer_widgets":"","ocean_shortcode_before_footer_bottom":"","ocean_shortcode_after_footer_bottom":"","ocean_display_top_bar":"default","ocean_display_header":"default","ocean_header_style":"","ocean_center_header_left_menu":"0","ocean_custom_header_template":"0","ocean_custom_logo":0,"ocean_custom_retina_logo":0,"ocean_custom_logo_max_width":0,"ocean_custom_logo_tablet_max_width":0,"ocean_custom_logo_mobile_max_width":0,"ocean_custom_logo_max_height":0,"ocean_custom_logo_tablet_max_height":0,"ocean_custom_logo_mobile_max_height":0,"ocean_header_custom_menu":"0","ocean_menu_typo_font_family":"0","ocean_menu_typo_font_subset":"","ocean_menu_typo_font_size":0,"ocean_menu_typo_font_size_tablet":0,"ocean_menu_typo_font_size_mobile":0,"ocean_menu_typo_font_size_unit":"px","ocean_menu_typo_font_weight":"","ocean_menu_typo_font_weight_tablet":"","ocean_menu_typo_font_weight_mobile":"","ocean_menu_typo_transform":"","ocean_menu_typo_transform_tablet":"","ocean_menu_typo_transform_mobile":"","ocean_menu_typo_line_height":0,"ocean_menu_typo_line_height_tablet":0,"ocean_menu_typo_line_height_mobile":0,"ocean_menu_typo_line_height_unit":"","ocean_menu_typo_spacing":0,"ocean_menu_typo_spacing_tablet":0,"ocean_menu_typo_spacing_mobile":0,"ocean_menu_typo_spacing_unit":"","ocean_menu_link_color":"","ocean_menu_link_color_hover":"","ocean_menu_link_color_active":"","ocean_menu_link_background":"","ocean_menu_link_hover_background":"","ocean_menu_link_active_background":"","ocean_menu_social_links_bg":"","ocean_menu_social_hover_links_bg":"","ocean_menu_social_links_color":"","ocean_menu_social_hover_links_color":"","ocean_disable_title":"default","ocean_disable_heading":"default","ocean_post_title":"","ocean_post_subheading":"","ocean_post_title_style":"","ocean_post_title_background_color":"","ocean_post_title_background":0,"ocean_post_title_bg_image_position":"","ocean_post_title_bg_image_attachment":"","ocean_post_title_bg_image_repeat":"","ocean_post_title_bg_image_size":"","ocean_post_title_height":0,"ocean_post_title_bg_overlay":0.5,"ocean_post_title_bg_overlay_color":"","ocean_disable_breadcrumbs":"default","ocean_breadcrumbs_color":"","ocean_breadcrumbs_separator_color":"","ocean_breadcrumbs_links_color":"","ocean_breadcrumbs_links_hover_color":"","ocean_display_footer_widgets":"default","ocean_display_footer_bottom":"default","ocean_custom_footer_template":"0","osh_disable_topbar_sticky":"default","osh_disable_header_sticky":"default","osh_sticky_header_style":"default","osh_sticky_header_effect":"","osh_custom_sticky_logo":0,"osh_custom_retina_sticky_logo":0,"osh_custom_sticky_logo_height":0,"osh_background_color":"","osh_links_color":"","osh_links_hover_color":"","osh_links_active_color":"","osh_links_bg_color":"","osh_links_hover_bg_color":"","osh_links_active_bg_color":"","osh_menu_social_links_color":"","osh_menu_social_hover_links_color":"","iawp_total_views":39},"product_brand":[],"product_cat":[908],"product_tag":[855],"class_list":{"0":"post-16954","1":"product","2":"type-product","3":"status-publish","4":"has-post-thumbnail","6":"product_cat-grinder","7":"product_tag-grinder","9":"entry","10":"has-media","12":"first","13":"instock","14":"taxable","15":"shipping-taxable","16":"purchasable","17":"product-type-simple","18":"has-product-nav","19":"col","20":"span_1_of_4","21":"owp-content-center","22":"item-entry","23":"owp-thumbs-layout-vertical","24":"owp-btn-normal","25":"owp-tabs-layout-vertical","27":"circle-sale"},"_links":{"self":[{"href":"https:\/\/body-n-soul.com\/en\/wp-json\/wp\/v2\/product\/16954","targetHints":{"allow":["GET"]}}],"collection":[{"href":"https:\/\/body-n-soul.com\/en\/wp-json\/wp\/v2\/product"}],"about":[{"href":"https:\/\/body-n-soul.com\/en\/wp-json\/wp\/v2\/types\/product"}],"replies":[{"embeddable":true,"href":"https:\/\/body-n-soul.com\/en\/wp-json\/wp\/v2\/comments?post=16954"}],"wp:featuredmedia":[{"embeddable":true,"href":"https:\/\/body-n-soul.com\/en\/wp-json\/wp\/v2\/media\/25051"}],"wp:attachment":[{"href":"https:\/\/body-n-soul.com\/en\/wp-json\/wp\/v2\/media?parent=16954"}],"wp:term":[{"taxonomy":"product_brand","embeddable":true,"href":"https:\/\/body-n-soul.com\/en\/wp-json\/wp\/v2\/product_brand?post=16954"},{"taxonomy":"product_cat","embeddable":true,"href":"https:\/\/body-n-soul.com\/en\/wp-json\/wp\/v2\/product_cat?post=16954"},{"taxonomy":"product_tag","embeddable":true,"href":"https:\/\/body-n-soul.com\/en\/wp-json\/wp\/v2\/product_tag?post=16954"}],"curies":[{"name":"wp","href":"https:\/\/api.w.org\/{rel}","templated":true}]}}