{"id":14121,"date":"2022-07-20T13:17:09","date_gmt":"2022-07-20T11:17:09","guid":{"rendered":"https:\/\/body-n-soul.com\/?post_type=product&#038;p=14121"},"modified":"2025-10-08T12:56:03","modified_gmt":"2025-10-08T10:56:03","slug":"hampelys-90-g","status":"publish","type":"product","link":"https:\/\/body-n-soul.com\/en\/hampelys-90-g\/","title":{"rendered":"Hampelys, 90 g"},"content":{"rendered":"<h1>NATURLIG HAMPELYS MED SOJAVOKS<\/h1>\n<h2>NATURLIG HAMPELYS<img fetchpriority=\"high\" decoding=\"async\" src=\"https:\/\/www.indiacosmetics.pl\/files\/SEO\/zdjecia%20skompre\/IMG_0428.jpg\" alt=\"sojab\u00f8nne hamp lys\" width=\"320\" height=\"480\" \/><\/h2>\n<p>Aromatisk lys lavet af naturlig sojavoks, med hampolie med duft af appelsin og kanel.<\/p>\n<p>Lyset er kun lavet af naturlige ingredienser, uden paraffin eller petroleumsstoffer.\u00a0Det afgiver ikke giftige stoffer under forbr\u00e6nding, det er sikkert for allergikere.<br \/>\nMeget \u00f8konomisk &#8211; br\u00e6ndetid: op til 25 timer.<\/p>\n<h2>NATURLIGT SOJAVOKSLYS<\/h2>\n<p>Kanelolie virker stimulerende og tilf\u00f8rer energi.\u00a0Anbefales til depression, nerv\u00f8s udmattelse og irritabilitet.\u00a0Ind\u00e5nding af det lindrer symptomerne p\u00e5 \u00f8vre luftvejsinfektioner.<\/p>\n<p>Appelsinolie er gavnlig i tilf\u00e6lde af nerv\u00f8se sp\u00e6ndinger og s\u00f8vnl\u00f8shed, den afslapper og forbedrer hum\u00f8ret.<\/p>\n<h2>HVORFOR BRUGE SOJALYS?<\/h2>\n<p>INDIA hampelyset kan ogs\u00e5 bruges til kropsmassage.<\/p>\n<p>Den har et relativt lavt smeltepunkt, hvilket betyder, at den smeltede voks kan h\u00e6ldes direkte p\u00e5 huden uden at br\u00e6nde den.<\/p>\n<p>Efter p\u00e5f\u00f8ring af voksen forbliver huden fugtet, glat og silkebl\u00f8d i lang tid, og oliernes aromaer efterlader en meget behagelig duft.<\/p>\n<p><strong>Nettov\u00e6gt:<\/strong>\u00a090 g<\/p>\n","protected":false},"excerpt":{"rendered":"<p>NATURLIG HAMPELYS MED SOJAVOKS NATURLIG HAMPELYS Aromatisk lys lavet af naturlig sojavoks, med hampolie med duft af appelsin og kanel. Lyset er kun lavet af naturlige ingredienser, uden paraffin eller petroleumsstoffer.\u00a0Det afgiver ikke giftige stoffer under forbr\u00e6nding, det er sikkert for allergikere. Meget \u00f8konomisk &#8211; br\u00e6ndetid: op til 25 timer. NATURLIGT SOJAVOKSLYS Kanelolie virker stimulerende [&hellip;]<\/p>\n","protected":false},"featured_media":0,"comment_status":"open","ping_status":"closed","template":"","meta":{"ocean_post_layout":"","ocean_both_sidebars_style":"","ocean_both_sidebars_content_width":0,"ocean_both_sidebars_sidebars_width":0,"ocean_sidebar":"","ocean_second_sidebar":"","ocean_disable_margins":"enable","ocean_add_body_class":"","ocean_shortcode_before_top_bar":"","ocean_shortcode_after_top_bar":"","ocean_shortcode_before_header":"","ocean_shortcode_after_header":"","ocean_has_shortcode":"","ocean_shortcode_after_title":"","ocean_shortcode_before_footer_widgets":"","ocean_shortcode_after_footer_widgets":"","ocean_shortcode_before_footer_bottom":"","ocean_shortcode_after_footer_bottom":"","ocean_display_top_bar":"default","ocean_display_header":"default","ocean_header_style":"","ocean_center_header_left_menu":"","ocean_custom_header_template":"","ocean_custom_logo":0,"ocean_custom_retina_logo":0,"ocean_custom_logo_max_width":0,"ocean_custom_logo_tablet_max_width":0,"ocean_custom_logo_mobile_max_width":0,"ocean_custom_logo_max_height":0,"ocean_custom_logo_tablet_max_height":0,"ocean_custom_logo_mobile_max_height":0,"ocean_header_custom_menu":"","ocean_menu_typo_font_family":"","ocean_menu_typo_font_subset":"","ocean_menu_typo_font_size":0,"ocean_menu_typo_font_size_tablet":0,"ocean_menu_typo_font_size_mobile":0,"ocean_menu_typo_font_size_unit":"px","ocean_menu_typo_font_weight":"","ocean_menu_typo_font_weight_tablet":"","ocean_menu_typo_font_weight_mobile":"","ocean_menu_typo_transform":"","ocean_menu_typo_transform_tablet":"","ocean_menu_typo_transform_mobile":"","ocean_menu_typo_line_height":0,"ocean_menu_typo_line_height_tablet":0,"ocean_menu_typo_line_height_mobile":0,"ocean_menu_typo_line_height_unit":"","ocean_menu_typo_spacing":0,"ocean_menu_typo_spacing_tablet":0,"ocean_menu_typo_spacing_mobile":0,"ocean_menu_typo_spacing_unit":"","ocean_menu_link_color":"","ocean_menu_link_color_hover":"","ocean_menu_link_color_active":"","ocean_menu_link_background":"","ocean_menu_link_hover_background":"","ocean_menu_link_active_background":"","ocean_menu_social_links_bg":"","ocean_menu_social_hover_links_bg":"","ocean_menu_social_links_color":"","ocean_menu_social_hover_links_color":"","ocean_disable_title":"default","ocean_disable_heading":"default","ocean_post_title":"","ocean_post_subheading":"","ocean_post_title_style":"","ocean_post_title_background_color":"","ocean_post_title_background":0,"ocean_post_title_bg_image_position":"","ocean_post_title_bg_image_attachment":"","ocean_post_title_bg_image_repeat":"","ocean_post_title_bg_image_size":"","ocean_post_title_height":0,"ocean_post_title_bg_overlay":0.5,"ocean_post_title_bg_overlay_color":"","ocean_disable_breadcrumbs":"default","ocean_breadcrumbs_color":"","ocean_breadcrumbs_separator_color":"","ocean_breadcrumbs_links_color":"","ocean_breadcrumbs_links_hover_color":"","ocean_display_footer_widgets":"default","ocean_display_footer_bottom":"default","ocean_custom_footer_template":"","osh_disable_topbar_sticky":"default","osh_disable_header_sticky":"default","osh_sticky_header_style":"default","osh_sticky_header_effect":"","osh_custom_sticky_logo":0,"osh_custom_retina_sticky_logo":0,"osh_custom_sticky_logo_height":0,"osh_background_color":"","osh_links_color":"","osh_links_hover_color":"","osh_links_active_color":"","osh_links_bg_color":"","osh_links_hover_bg_color":"","osh_links_active_bg_color":"","osh_menu_social_links_color":"","osh_menu_social_hover_links_color":"","iawp_total_views":27},"product_brand":[],"product_cat":[176,279,214],"product_tag":[],"class_list":{"0":"post-14121","1":"product","2":"type-product","3":"status-publish","5":"product_cat-helse","6":"product_cat-india","7":"product_cat-soul","9":"entry","11":"first","12":"outofstock","13":"sale","14":"taxable","15":"shipping-taxable","16":"purchasable","17":"product-type-simple","18":"has-product-nav","19":"col","20":"span_1_of_4","21":"owp-content-center","22":"item-entry","23":"owp-thumbs-layout-vertical","24":"owp-btn-normal","25":"owp-tabs-layout-vertical","26":"has-no-thumbnails","28":"circle-sale"},"_links":{"self":[{"href":"https:\/\/body-n-soul.com\/en\/wp-json\/wp\/v2\/product\/14121","targetHints":{"allow":["GET"]}}],"collection":[{"href":"https:\/\/body-n-soul.com\/en\/wp-json\/wp\/v2\/product"}],"about":[{"href":"https:\/\/body-n-soul.com\/en\/wp-json\/wp\/v2\/types\/product"}],"replies":[{"embeddable":true,"href":"https:\/\/body-n-soul.com\/en\/wp-json\/wp\/v2\/comments?post=14121"}],"wp:attachment":[{"href":"https:\/\/body-n-soul.com\/en\/wp-json\/wp\/v2\/media?parent=14121"}],"wp:term":[{"taxonomy":"product_brand","embeddable":true,"href":"https:\/\/body-n-soul.com\/en\/wp-json\/wp\/v2\/product_brand?post=14121"},{"taxonomy":"product_cat","embeddable":true,"href":"https:\/\/body-n-soul.com\/en\/wp-json\/wp\/v2\/product_cat?post=14121"},{"taxonomy":"product_tag","embeddable":true,"href":"https:\/\/body-n-soul.com\/en\/wp-json\/wp\/v2\/product_tag?post=14121"}],"curies":[{"name":"wp","href":"https:\/\/api.w.org\/{rel}","templated":true}]}}