{"id":1385,"date":"2019-06-13T15:32:23","date_gmt":"2019-06-13T13:32:23","guid":{"rendered":"https:\/\/bodynsoul.es\/?post_type=product&#038;p=1385"},"modified":"2026-02-14T21:26:01","modified_gmt":"2026-02-14T20:26:01","slug":"india-serum-til-ekstra-toer-hud","status":"publish","type":"product","link":"https:\/\/body-n-soul.com\/en\/india-serum-til-ekstra-toer-hud\/","title":{"rendered":"India serum til ekstra t\u00f8r hud &#8211; 50 ml"},"content":{"rendered":"<h2>India serum til ekstra t\u00f8r hud med cannabisolie<\/h2>\n<p class=\"p1\"><em>India Serum er til ekstra t\u00f8r hud<\/em>. Her er, foruden cannabisolien som den naturlige hovedingrediens, tilf\u00f8jet ekstra vitaminer og naturmidler ift. body lotionen.<\/p>\n<p class=\"p1\">Serummet er designet til at reparerer udsatte omr\u00e5der p\u00e5 h\u00e6nder og i ansigt, men kan bruges over hele kroppen. Den er s\u00e6rligt beskyttende over for koldt vejr.<\/p>\n<p>Serummet er ogs\u00e5 s\u00e6rdels godt mod myggestik. Det fjerner kl\u00f8en p\u00e5 et splitsekund ved blot at p\u00e5f\u00f8re denne og massere ind i huden.<\/p>\n<p>&nbsp;<\/p>\n<h3 class=\"p1\">Ingredienser:<\/h3>\n<p class=\"p1\">Cannabisolie: fugtigg\u00f8r, bl\u00f8dg\u00f8r, afhj\u00e6lper irritation, booster regeneration og beskytter huden.<\/p>\n<p class=\"p1\">Aloe Vera: afhj\u00e6lper irritation, regenererer huden<\/p>\n<p class=\"p1\">D-panthenol: giver yderligere fugt og har en helende effekt p\u00e5 mindre skader p\u00e5 huden som rifter o.lign. Afhj\u00e6lper r\u00f8dmen og har anti-inflammatoriske egenskaber<\/p>\n<p class=\"p1\">E-vitamin: beskytter epidermis, hudens yderste lag, regenererer kollagenfibre, bl\u00f8dg\u00f8r huden.<\/p>\n<p class=\"p1\">Brugsvejledning: Vi anbefaler at serumet masseres ind i huden p\u00e5 det udsatte omr\u00e5de. Brug efter behov.<\/p>\n<p class=\"p1\">Indhold: 50 ml<\/p>\n","protected":false},"excerpt":{"rendered":"<p>Indias Serum\u00a0 til ekstra t\u00f8r hud. Her er, foruden cannabisolien som den naturlige hovedingrediens, tilf\u00f8jet ekstra vitaminer og naturmidler ift. body lotionen.<\/p>\n<p>Er s\u00e6rdeles velegnet til at fjerne kl\u00f8e fra myggestik. P\u00e5f\u00f8r og masser ind i huden og kl\u00f8en er v\u00e6k.<\/p>\n<p>indeholder 50ml.<\/p>\n<p>Retur til <strong><a title=\"pleje\" href=\"\/care\/\" data-schema-attribute=\"\">Pleje<\/a><\/strong><\/p>\n","protected":false},"featured_media":8577,"comment_status":"open","ping_status":"closed","template":"","meta":{"ocean_post_layout":"","ocean_both_sidebars_style":"","ocean_both_sidebars_content_width":0,"ocean_both_sidebars_sidebars_width":0,"ocean_sidebar":"0","ocean_second_sidebar":"0","ocean_disable_margins":"enable","ocean_add_body_class":"","ocean_shortcode_before_top_bar":"","ocean_shortcode_after_top_bar":"","ocean_shortcode_before_header":"","ocean_shortcode_after_header":"","ocean_has_shortcode":"","ocean_shortcode_after_title":"","ocean_shortcode_before_footer_widgets":"","ocean_shortcode_after_footer_widgets":"","ocean_shortcode_before_footer_bottom":"","ocean_shortcode_after_footer_bottom":"","ocean_display_top_bar":"default","ocean_display_header":"default","ocean_header_style":"","ocean_center_header_left_menu":"0","ocean_custom_header_template":"0","ocean_custom_logo":0,"ocean_custom_retina_logo":0,"ocean_custom_logo_max_width":0,"ocean_custom_logo_tablet_max_width":0,"ocean_custom_logo_mobile_max_width":0,"ocean_custom_logo_max_height":0,"ocean_custom_logo_tablet_max_height":0,"ocean_custom_logo_mobile_max_height":0,"ocean_header_custom_menu":"0","ocean_menu_typo_font_family":"0","ocean_menu_typo_font_subset":"","ocean_menu_typo_font_size":0,"ocean_menu_typo_font_size_tablet":0,"ocean_menu_typo_font_size_mobile":0,"ocean_menu_typo_font_size_unit":"px","ocean_menu_typo_font_weight":"","ocean_menu_typo_font_weight_tablet":"","ocean_menu_typo_font_weight_mobile":"","ocean_menu_typo_transform":"","ocean_menu_typo_transform_tablet":"","ocean_menu_typo_transform_mobile":"","ocean_menu_typo_line_height":0,"ocean_menu_typo_line_height_tablet":0,"ocean_menu_typo_line_height_mobile":0,"ocean_menu_typo_line_height_unit":"","ocean_menu_typo_spacing":0,"ocean_menu_typo_spacing_tablet":0,"ocean_menu_typo_spacing_mobile":0,"ocean_menu_typo_spacing_unit":"","ocean_menu_link_color":"","ocean_menu_link_color_hover":"","ocean_menu_link_color_active":"","ocean_menu_link_background":"","ocean_menu_link_hover_background":"","ocean_menu_link_active_background":"","ocean_menu_social_links_bg":"","ocean_menu_social_hover_links_bg":"","ocean_menu_social_links_color":"","ocean_menu_social_hover_links_color":"","ocean_disable_title":"default","ocean_disable_heading":"default","ocean_post_title":"","ocean_post_subheading":"","ocean_post_title_style":"","ocean_post_title_background_color":"","ocean_post_title_background":0,"ocean_post_title_bg_image_position":"","ocean_post_title_bg_image_attachment":"","ocean_post_title_bg_image_repeat":"","ocean_post_title_bg_image_size":"","ocean_post_title_height":0,"ocean_post_title_bg_overlay":0.5,"ocean_post_title_bg_overlay_color":"","ocean_disable_breadcrumbs":"default","ocean_breadcrumbs_color":"","ocean_breadcrumbs_separator_color":"","ocean_breadcrumbs_links_color":"","ocean_breadcrumbs_links_hover_color":"","ocean_display_footer_widgets":"default","ocean_display_footer_bottom":"default","ocean_custom_footer_template":"0","osh_disable_topbar_sticky":"default","osh_disable_header_sticky":"default","osh_sticky_header_style":"default","osh_sticky_header_effect":"","osh_custom_sticky_logo":0,"osh_custom_retina_sticky_logo":0,"osh_custom_sticky_logo_height":0,"osh_background_color":"","osh_links_color":"","osh_links_hover_color":"","osh_links_active_color":"","osh_links_bg_color":"","osh_links_hover_bg_color":"","osh_links_active_bg_color":"","osh_menu_social_links_color":"","osh_menu_social_hover_links_color":"","iawp_total_views":815},"product_brand":[],"product_cat":[94,596,279],"product_tag":[224,225],"class_list":{"0":"post-1385","1":"product","2":"type-product","3":"status-publish","4":"has-post-thumbnail","6":"product_cat-body","7":"product_cat-cremer-og-kosmetik-med-cbd","8":"product_cat-india","9":"product_tag-meget-toer-hud","10":"product_tag-myggestik","12":"entry","13":"has-media","15":"first","16":"instock","17":"sale","18":"taxable","19":"shipping-taxable","20":"purchasable","21":"product-type-simple","22":"has-product-nav","23":"col","24":"span_1_of_4","25":"owp-content-center","26":"item-entry","27":"owp-thumbs-layout-vertical","28":"owp-btn-normal","29":"owp-tabs-layout-vertical","31":"circle-sale"},"_links":{"self":[{"href":"https:\/\/body-n-soul.com\/en\/wp-json\/wp\/v2\/product\/1385","targetHints":{"allow":["GET"]}}],"collection":[{"href":"https:\/\/body-n-soul.com\/en\/wp-json\/wp\/v2\/product"}],"about":[{"href":"https:\/\/body-n-soul.com\/en\/wp-json\/wp\/v2\/types\/product"}],"replies":[{"embeddable":true,"href":"https:\/\/body-n-soul.com\/en\/wp-json\/wp\/v2\/comments?post=1385"}],"wp:featuredmedia":[{"embeddable":true,"href":"https:\/\/body-n-soul.com\/en\/wp-json\/wp\/v2\/media\/8577"}],"wp:attachment":[{"href":"https:\/\/body-n-soul.com\/en\/wp-json\/wp\/v2\/media?parent=1385"}],"wp:term":[{"taxonomy":"product_brand","embeddable":true,"href":"https:\/\/body-n-soul.com\/en\/wp-json\/wp\/v2\/product_brand?post=1385"},{"taxonomy":"product_cat","embeddable":true,"href":"https:\/\/body-n-soul.com\/en\/wp-json\/wp\/v2\/product_cat?post=1385"},{"taxonomy":"product_tag","embeddable":true,"href":"https:\/\/body-n-soul.com\/en\/wp-json\/wp\/v2\/product_tag?post=1385"}],"curies":[{"name":"wp","href":"https:\/\/api.w.org\/{rel}","templated":true}]}}