{"id":13360,"date":"2022-03-15T01:26:46","date_gmt":"2022-03-15T00:26:46","guid":{"rendered":"https:\/\/body-n-soul.com\/?post_type=product&#038;p=13360"},"modified":"2025-10-01T12:08:05","modified_gmt":"2025-10-01T10:08:05","slug":"the-tree-cbd-royal-cheese-topskud-15-cbd-indoor","status":"publish","type":"product","link":"https:\/\/body-n-soul.com\/en\/the-tree-cbd-royal-cheese-topskud-15-cbd-indoor\/","title":{"rendered":"The Tree CBD Royal Cheese topskud &#8211; 15% CBD (Indoor)"},"content":{"rendered":"<h2>The Tree CBD Royal Cheese topskud<\/h2>\n<p>Som en af vores kunder beskrev da han pr\u00f8vede disse topskud:<\/p>\n<p>&#8220;Man f\u00e5r n\u00e6sten lyst til at bruge dem p\u00e5 sin spaghetti&#8230;s\u00e5 godt dufter de af cheddar ost&#8221;.<\/p>\n<p>Vi mener nu at man skal holde cbd for sig og pasta for sig. Men nu er ideen givet videre.<\/p>\n<p>Blomsterne af Royal Cheese CBD fra The Tree har nogle smukke nuancer hvor du kan observere en lysegr\u00f8n farve med lilla toner og de er t\u00e6tte og kompakte. Dette demonstrerer deres kvalitet og gode t\u00f8rring som sammen med dens st\u00e6rke aroma g\u00f8r den meget l\u00e6kker.<\/p>\n<p>Genetisk stammer disser topskud fra den oprindelige Cheese men med en masse forbedringer der er opn\u00e5et via krydsninger med andre stammer. Det er n\u00e6sten umuligt ikke at kunne genkende den velkendte aroma af &#8220;<em>skunk<\/em>&#8220;, som betyder stinker eller stinkende p\u00e5 engelsk, den afgiver en s\u00e6rlig duft, der minder om en bestemt cheddar- eller bl\u00e5skimmelost. Denhar dog andre duftnuancer der g\u00e5r den mere attarktiv en den oprindelige cheese.<\/p>\n<p>Aromaen er meget mere skarp end dens for\u00e6ldres, med krydrede og bitters\u00f8de toner, dette er dens vigtigste egenskab, som g\u00e5r den popul\u00e6r blandt elskere af terpener og ost.<\/p>\n<p>Prim\u00e6rt Sativa s\u00e5 den er god for energien og kreativiteten.<\/p>\n<h3>Karakteristika for The Tree CBD Royal Cheese topskud<\/h3>\n<ul>\n<li>Hamp buds \/ blomster \/ topskud<\/li>\n<li>Dyrket indoor<\/li>\n<li>14% &#8211; 16% CBD<\/li>\n<li>Mindre end 0,20% THC<\/li>\n<li>Genetik:Lambada x Kompolty x Kompolty 1 x Carmagnola Sell<\/li>\n<li>Sativa 70% Indica 30%<\/li>\n<li>Ingen psykoaktive effekter<\/li>\n<li>\u00d8kologisk dyrket<\/li>\n<li>GMO-fri<\/li>\n<li>Pesticidfri<\/li>\n<\/ul>\n<p>&nbsp;<\/p>\n<p>L\u00e6s mere on <a title=\"the tree cbd\" href=\"https:\/\/thetreecbd.com\/\" target=\"_blank\" rel=\"noopener\" data-schema-attribute=\"\">The tree cbd<\/a><\/p>\n<p>Tags: The Tree CBD Royal Cheese topskud, legal cannabis og marihuana, k\u00f8b topskud i Danmark, Indica, Indoor<\/p>\n<p>&nbsp;<\/p>\n<p>Retur til <a title=\"CBD topskud\" href=\"\/cbd-topskud\/\" data-schema-attribute=\"\">CBD topskud<\/a><\/p>\n","protected":false},"excerpt":{"rendered":"<h2>The Tree CBD Royal Cheese topskud<\/h2>\n<p>Beskrivelse kommer<\/p>\n<h3>Karakteristika for The Tree CBD Royal Cheese topskud<\/h3>\n<ul>\n<li>Hamp buds \/ blomster \/ topskud<\/li>\n<li>Dyrket indoor<\/li>\n<li>14% &#8211; 16% CBD<\/li>\n<li>Mindre end 0,20% THC<\/li>\n<li>Genetik:Lambada x Kompolty x Kompolty 1 x Carmagnola Sell<\/li>\n<li>Sativa 70% Indica 30%<\/li>\n<li>Ingen psykoaktive effekter<\/li>\n<li>\u00d8kologisk dyrket<\/li>\n<li>GMO-fri<\/li>\n<li>Pesticidfri<\/li>\n<\/ul>\n<p>&nbsp;<\/p>\n<p>Retur til <a title=\"CBD topskud\" href=\"\/cbd-topskud\/\" data-schema-attribute=\"\">CBD topskud<\/a><\/p>\n","protected":false},"featured_media":13507,"comment_status":"open","ping_status":"closed","template":"","meta":{"ocean_post_layout":"","ocean_both_sidebars_style":"","ocean_both_sidebars_content_width":0,"ocean_both_sidebars_sidebars_width":0,"ocean_sidebar":"0","ocean_second_sidebar":"0","ocean_disable_margins":"enable","ocean_add_body_class":"","ocean_shortcode_before_top_bar":"","ocean_shortcode_after_top_bar":"","ocean_shortcode_before_header":"","ocean_shortcode_after_header":"","ocean_has_shortcode":"","ocean_shortcode_after_title":"","ocean_shortcode_before_footer_widgets":"","ocean_shortcode_after_footer_widgets":"","ocean_shortcode_before_footer_bottom":"","ocean_shortcode_after_footer_bottom":"","ocean_display_top_bar":"default","ocean_display_header":"default","ocean_header_style":"","ocean_center_header_left_menu":"0","ocean_custom_header_template":"0","ocean_custom_logo":0,"ocean_custom_retina_logo":0,"ocean_custom_logo_max_width":0,"ocean_custom_logo_tablet_max_width":0,"ocean_custom_logo_mobile_max_width":0,"ocean_custom_logo_max_height":0,"ocean_custom_logo_tablet_max_height":0,"ocean_custom_logo_mobile_max_height":0,"ocean_header_custom_menu":"0","ocean_menu_typo_font_family":"0","ocean_menu_typo_font_subset":"","ocean_menu_typo_font_size":0,"ocean_menu_typo_font_size_tablet":0,"ocean_menu_typo_font_size_mobile":0,"ocean_menu_typo_font_size_unit":"px","ocean_menu_typo_font_weight":"","ocean_menu_typo_font_weight_tablet":"","ocean_menu_typo_font_weight_mobile":"","ocean_menu_typo_transform":"","ocean_menu_typo_transform_tablet":"","ocean_menu_typo_transform_mobile":"","ocean_menu_typo_line_height":0,"ocean_menu_typo_line_height_tablet":0,"ocean_menu_typo_line_height_mobile":0,"ocean_menu_typo_line_height_unit":"","ocean_menu_typo_spacing":0,"ocean_menu_typo_spacing_tablet":0,"ocean_menu_typo_spacing_mobile":0,"ocean_menu_typo_spacing_unit":"","ocean_menu_link_color":"","ocean_menu_link_color_hover":"","ocean_menu_link_color_active":"","ocean_menu_link_background":"","ocean_menu_link_hover_background":"","ocean_menu_link_active_background":"","ocean_menu_social_links_bg":"","ocean_menu_social_hover_links_bg":"","ocean_menu_social_links_color":"","ocean_menu_social_hover_links_color":"","ocean_disable_title":"default","ocean_disable_heading":"default","ocean_post_title":"","ocean_post_subheading":"","ocean_post_title_style":"","ocean_post_title_background_color":"","ocean_post_title_background":0,"ocean_post_title_bg_image_position":"","ocean_post_title_bg_image_attachment":"","ocean_post_title_bg_image_repeat":"","ocean_post_title_bg_image_size":"","ocean_post_title_height":0,"ocean_post_title_bg_overlay":0.5,"ocean_post_title_bg_overlay_color":"","ocean_disable_breadcrumbs":"default","ocean_breadcrumbs_color":"","ocean_breadcrumbs_separator_color":"","ocean_breadcrumbs_links_color":"","ocean_breadcrumbs_links_hover_color":"","ocean_display_footer_widgets":"default","ocean_display_footer_bottom":"default","ocean_custom_footer_template":"0","osh_disable_topbar_sticky":"default","osh_disable_header_sticky":"default","osh_sticky_header_style":"default","osh_sticky_header_effect":"","osh_custom_sticky_logo":0,"osh_custom_retina_sticky_logo":0,"osh_custom_sticky_logo_height":0,"osh_background_color":"","osh_links_color":"","osh_links_hover_color":"","osh_links_active_color":"","osh_links_bg_color":"","osh_links_hover_bg_color":"","osh_links_active_bg_color":"","osh_menu_social_links_color":"","osh_menu_social_hover_links_color":"","iawp_total_views":258},"product_brand":[],"product_cat":[147],"product_tag":[369,239,615],"class_list":{"0":"post-13360","1":"product","2":"type-product","3":"status-publish","4":"has-post-thumbnail","6":"product_cat-cbd-topskud1","7":"product_tag-cbd-buds-danmark","8":"product_tag-cbd-topskud","9":"product_tag-the-tree-cbd-buds","11":"entry","12":"has-media","14":"first","15":"instock","16":"taxable","17":"shipping-taxable","18":"purchasable","19":"product-type-variable","20":"has-rating","21":"has-product-nav","22":"col","23":"span_1_of_4","24":"owp-content-center","25":"item-entry","26":"owp-thumbs-layout-vertical","27":"owp-btn-normal","28":"owp-tabs-layout-vertical","30":"circle-sale"},"_links":{"self":[{"href":"https:\/\/body-n-soul.com\/en\/wp-json\/wp\/v2\/product\/13360","targetHints":{"allow":["GET"]}}],"collection":[{"href":"https:\/\/body-n-soul.com\/en\/wp-json\/wp\/v2\/product"}],"about":[{"href":"https:\/\/body-n-soul.com\/en\/wp-json\/wp\/v2\/types\/product"}],"replies":[{"embeddable":true,"href":"https:\/\/body-n-soul.com\/en\/wp-json\/wp\/v2\/comments?post=13360"}],"wp:featuredmedia":[{"embeddable":true,"href":"https:\/\/body-n-soul.com\/en\/wp-json\/wp\/v2\/media\/13507"}],"wp:attachment":[{"href":"https:\/\/body-n-soul.com\/en\/wp-json\/wp\/v2\/media?parent=13360"}],"wp:term":[{"taxonomy":"product_brand","embeddable":true,"href":"https:\/\/body-n-soul.com\/en\/wp-json\/wp\/v2\/product_brand?post=13360"},{"taxonomy":"product_cat","embeddable":true,"href":"https:\/\/body-n-soul.com\/en\/wp-json\/wp\/v2\/product_cat?post=13360"},{"taxonomy":"product_tag","embeddable":true,"href":"https:\/\/body-n-soul.com\/en\/wp-json\/wp\/v2\/product_tag?post=13360"}],"curies":[{"name":"wp","href":"https:\/\/api.w.org\/{rel}","templated":true}]}}