{"id":12948,"date":"2022-01-26T17:14:24","date_gmt":"2022-01-26T16:14:24","guid":{"rendered":"https:\/\/body-n-soul.com\/?post_type=product&#038;p=12948"},"modified":"2023-08-09T08:27:34","modified_gmt":"2023-08-09T06:27:34","slug":"cbd-hash-gypsy-haze","status":"publish","type":"product","link":"https:\/\/body-n-soul.com\/en\/cbd-hash-gypsy-haze\/","title":{"rendered":"CBD Hash Gypsy haze 1g &#8211; 19% CBD"},"content":{"rendered":"<h2>CBD Hash Gypsy haze<\/h2>\n<p>Cannabis hash med 19% full spectrum CBD og terpener<\/p>\n<p>Lavet af 100% ren Cannabis Sativa<\/p>\n<p>Produktet er fremstillet af og distribueret af <a title=\"Euphoria\" href=\"https:\/\/euphoria.eu\" data-schema-attribute=\"\" target=\"_blank\" rel=\"noopener\">Euphoria<\/a>. Verdens st\u00f8rste cannabis food producent.<\/p>\n<p>&nbsp;<\/p>\n<p>Disclaimer:<\/p>\n<p>Dette produkt er et EU certificered hamp produkt inkluderet p\u00e5 EUs positiv liste.<\/p>\n<p>THC indhold &lt; 0.2%.<\/p>\n<p>Ingredienser: Europ\u00e6isk industrihamp.<\/p>\n<p>Produktnavn alene for markedsf\u00f8ringsform\u00e5l.<\/p>\n<p>Set vedh\u00e6ftede analyserapport for certificeret indhold.<\/p>\n<p>Vores CBD hash er et r\u00e5materiale og ikke beregnet til indtagelse eller rygning.<\/p>\n<p>Dette er ikke et tobaksprodukt og indeholder hverken tj\u00e6re eller nikotin.<\/p>\n<p>B\u00f8r opbevares k\u00f8ligt og m\u00f8rkt og ikke udsat for sollys.<\/p>\n<p>S\u00e6lges alene som et samlerobjekt.<\/p>\n<p>&nbsp;<\/p>\n","protected":false},"excerpt":{"rendered":"<h2>CBD Hash Gypsy haze &#8211; 19% CBD<\/h2>\n<p>Cannabis hash med 19% CBD og terpener<\/p>\n<p>Indhold: 1g<\/p>\n<p>Indpakket i plastbeholder der forhindrer at massen udt\u00f8rrer.<\/p>\n<p>Tilbage til <a title=\"cbd hash\" href=\"https:\/\/body-n-soul.com\/cbd-hash\/\" data-schema-attribute=\"\">CBD Hash<\/a><\/p>\n","protected":false},"featured_media":12950,"comment_status":"open","ping_status":"closed","template":"","meta":{"ocean_post_layout":"","ocean_both_sidebars_style":"","ocean_both_sidebars_content_width":0,"ocean_both_sidebars_sidebars_width":0,"ocean_sidebar":"0","ocean_second_sidebar":"0","ocean_disable_margins":"enable","ocean_add_body_class":"","ocean_shortcode_before_top_bar":"","ocean_shortcode_after_top_bar":"","ocean_shortcode_before_header":"","ocean_shortcode_after_header":"","ocean_has_shortcode":"","ocean_shortcode_after_title":"","ocean_shortcode_before_footer_widgets":"","ocean_shortcode_after_footer_widgets":"","ocean_shortcode_before_footer_bottom":"","ocean_shortcode_after_footer_bottom":"","ocean_display_top_bar":"default","ocean_display_header":"default","ocean_header_style":"","ocean_center_header_left_menu":"0","ocean_custom_header_template":"0","ocean_custom_logo":0,"ocean_custom_retina_logo":0,"ocean_custom_logo_max_width":0,"ocean_custom_logo_tablet_max_width":0,"ocean_custom_logo_mobile_max_width":0,"ocean_custom_logo_max_height":0,"ocean_custom_logo_tablet_max_height":0,"ocean_custom_logo_mobile_max_height":0,"ocean_header_custom_menu":"0","ocean_menu_typo_font_family":"0","ocean_menu_typo_font_subset":"","ocean_menu_typo_font_size":0,"ocean_menu_typo_font_size_tablet":0,"ocean_menu_typo_font_size_mobile":0,"ocean_menu_typo_font_size_unit":"px","ocean_menu_typo_font_weight":"","ocean_menu_typo_font_weight_tablet":"","ocean_menu_typo_font_weight_mobile":"","ocean_menu_typo_transform":"","ocean_menu_typo_transform_tablet":"","ocean_menu_typo_transform_mobile":"","ocean_menu_typo_line_height":0,"ocean_menu_typo_line_height_tablet":0,"ocean_menu_typo_line_height_mobile":0,"ocean_menu_typo_line_height_unit":"","ocean_menu_typo_spacing":0,"ocean_menu_typo_spacing_tablet":0,"ocean_menu_typo_spacing_mobile":0,"ocean_menu_typo_spacing_unit":"","ocean_menu_link_color":"","ocean_menu_link_color_hover":"","ocean_menu_link_color_active":"","ocean_menu_link_background":"","ocean_menu_link_hover_background":"","ocean_menu_link_active_background":"","ocean_menu_social_links_bg":"","ocean_menu_social_hover_links_bg":"","ocean_menu_social_links_color":"","ocean_menu_social_hover_links_color":"","ocean_disable_title":"default","ocean_disable_heading":"default","ocean_post_title":"","ocean_post_subheading":"","ocean_post_title_style":"","ocean_post_title_background_color":"","ocean_post_title_background":0,"ocean_post_title_bg_image_position":"","ocean_post_title_bg_image_attachment":"","ocean_post_title_bg_image_repeat":"","ocean_post_title_bg_image_size":"","ocean_post_title_height":0,"ocean_post_title_bg_overlay":0.5,"ocean_post_title_bg_overlay_color":"","ocean_disable_breadcrumbs":"default","ocean_breadcrumbs_color":"","ocean_breadcrumbs_separator_color":"","ocean_breadcrumbs_links_color":"","ocean_breadcrumbs_links_hover_color":"","ocean_display_footer_widgets":"default","ocean_display_footer_bottom":"default","ocean_custom_footer_template":"0","osh_disable_topbar_sticky":"default","osh_disable_header_sticky":"default","osh_sticky_header_style":"default","osh_sticky_header_effect":"","osh_custom_sticky_logo":0,"osh_custom_retina_sticky_logo":0,"osh_custom_sticky_logo_height":0,"osh_background_color":"","osh_links_color":"","osh_links_hover_color":"","osh_links_active_color":"","osh_links_bg_color":"","osh_links_hover_bg_color":"","osh_links_active_bg_color":"","osh_menu_social_links_color":"","osh_menu_social_hover_links_color":"","iawp_total_views":61},"product_brand":[],"product_cat":[248],"product_tag":[607,250],"class_list":{"0":"post-12948","1":"product","2":"type-product","3":"status-publish","4":"has-post-thumbnail","6":"product_cat-cbd-hash1","7":"product_tag-cannabis-hash","8":"product_tag-cbd-hash","10":"entry","11":"has-media","13":"first","14":"instock","15":"taxable","16":"shipping-taxable","17":"purchasable","18":"product-type-simple","19":"has-product-nav","20":"col","21":"span_1_of_4","22":"owp-content-center","23":"item-entry","24":"owp-thumbs-layout-vertical","25":"owp-btn-normal","26":"owp-tabs-layout-vertical","27":"has-no-thumbnails","29":"circle-sale"},"_links":{"self":[{"href":"https:\/\/body-n-soul.com\/en\/wp-json\/wp\/v2\/product\/12948","targetHints":{"allow":["GET"]}}],"collection":[{"href":"https:\/\/body-n-soul.com\/en\/wp-json\/wp\/v2\/product"}],"about":[{"href":"https:\/\/body-n-soul.com\/en\/wp-json\/wp\/v2\/types\/product"}],"replies":[{"embeddable":true,"href":"https:\/\/body-n-soul.com\/en\/wp-json\/wp\/v2\/comments?post=12948"}],"wp:featuredmedia":[{"embeddable":true,"href":"https:\/\/body-n-soul.com\/en\/wp-json\/wp\/v2\/media\/12950"}],"wp:attachment":[{"href":"https:\/\/body-n-soul.com\/en\/wp-json\/wp\/v2\/media?parent=12948"}],"wp:term":[{"taxonomy":"product_brand","embeddable":true,"href":"https:\/\/body-n-soul.com\/en\/wp-json\/wp\/v2\/product_brand?post=12948"},{"taxonomy":"product_cat","embeddable":true,"href":"https:\/\/body-n-soul.com\/en\/wp-json\/wp\/v2\/product_cat?post=12948"},{"taxonomy":"product_tag","embeddable":true,"href":"https:\/\/body-n-soul.com\/en\/wp-json\/wp\/v2\/product_tag?post=12948"}],"curies":[{"name":"wp","href":"https:\/\/api.w.org\/{rel}","templated":true}]}}