{"id":12933,"date":"2022-01-25T19:20:48","date_gmt":"2022-01-25T18:20:48","guid":{"rendered":"https:\/\/body-n-soul.com\/?post_type=product&#038;p=12933"},"modified":"2023-08-09T08:27:32","modified_gmt":"2023-08-09T06:27:32","slug":"cannaline-laebepomade-med-cbd-15-ml","status":"publish","type":"product","link":"https:\/\/body-n-soul.com\/en\/cannaline-laebepomade-med-cbd-15-ml\/","title":{"rendered":"Cannaline l\u00e6bepomade med CBD &#8211; 15 ml"},"content":{"rendered":"<h2>Cannaline l\u00e6bepomade med CBD<\/h2>\n<p>Skal du have kysseklare l\u00e6ber p\u00e5 rekordtid eller har vinterens t\u00f8rre luft og sol givet dig <em>sprukne l\u00e6ber<\/em>? S\u00e5 fortvivl ej&#8230; vi har det rigtige produkt til at f\u00e5 dig ovenp\u00e5 igen.<\/p>\n<p>Er du klar over at huden p\u00e5 dine l\u00e6kre l\u00e6ber er den tyndeste i hele dit ansigt og samtidig er de fyldt med cannabinoid-receptorer.<\/p>\n<p>Det g\u00f8r dem til ground zero til at absorbere n\u00e6ringsstoffer til din hud og til at interagere med CBD, som hj\u00e6lper med at berolige, lindre og regenerere hudceller.<\/p>\n<p>Denne lip balm med CBD er pakket fuld af n\u00e6rende ingredienser som Macadamia-olie for at n\u00e6re dine l\u00e6ber i dybden, mens bivoks beskytter dem mod elementerne.<\/p>\n<p>Spring for\u00e5ret i m\u00f8de &#8211; ja eller sommeren eller resten af \u00e5ret &#8211; med denne lille l\u00e6kre sag. Den kan nemt holdes i lommen s\u00e5 du er klar til action any time.<\/p>\n<p>indeholder 15 ml<\/p>\n<p>150 mg CBD<\/p>\n<p><a title=\"Retur til ansigtspleje\" href=\"https:\/\/body-n-soul.com\/face\/\">Retur til ansigtspleje<\/a><\/p>\n<p>&nbsp;<\/p>\n<p>Tags: l\u00e6bepomade med cbd, lip balm med cbd<\/p>\n","protected":false},"excerpt":{"rendered":"<h2>Cannaline l\u00e6bepomade med CBD<\/h2>\n<p>Skal du have kysseklare l\u00e6ber p\u00e5 rekordtid eller har vinterens t\u00f8rre luft og sol givet dig <em>sprukne l\u00e6ber<\/em>? S\u00e5 fortvivl ej&#8230; vi har det rigtige produkt til at f\u00e5 dig ovenp\u00e5 igen.<\/p>\n<p>Er du klar over at huden p\u00e5 dine l\u00e6kre l\u00e6ber er den tyndeste i hele dit ansigt og samtidig er de fyldt med cannabinoid-receptorer.<\/p>\n<p>Det g\u00f8r dem til ground zero til at absorbere n\u00e6ringsstoffer til din hud og til at interagere med CBD, som hj\u00e6lper med at berolige, lindre og regenerere hudceller.<\/p>\n<p>Denne lip balm med CBD er pakket fuld af n\u00e6rende ingredienser som Macadamia-olie for at n\u00e6re dine l\u00e6ber i dybden, mens bivoks beskytter dem mod elementerne.<\/p>\n<p>Spring for\u00e5ret i m\u00f8de &#8211; ja eller sommeren eller resten af \u00e5ret &#8211; med denne lille l\u00e6kre sag. Den kan nemt holdes i lommen s\u00e5 du er klar til action any time.<\/p>\n<p>indeholder 15 ml<\/p>\n<p>150 mg CBD<\/p>\n<p><a title=\"Retur til ansigtspleje\" href=\"https:\/\/body-n-soul.com\/face\/\">Retur til ansigtspleje<\/a><\/p>\n","protected":false},"featured_media":12934,"comment_status":"open","ping_status":"closed","template":"","meta":{"ocean_post_layout":"","ocean_both_sidebars_style":"","ocean_both_sidebars_content_width":0,"ocean_both_sidebars_sidebars_width":0,"ocean_sidebar":"0","ocean_second_sidebar":"0","ocean_disable_margins":"enable","ocean_add_body_class":"","ocean_shortcode_before_top_bar":"","ocean_shortcode_after_top_bar":"","ocean_shortcode_before_header":"","ocean_shortcode_after_header":"","ocean_has_shortcode":"","ocean_shortcode_after_title":"","ocean_shortcode_before_footer_widgets":"","ocean_shortcode_after_footer_widgets":"","ocean_shortcode_before_footer_bottom":"","ocean_shortcode_after_footer_bottom":"","ocean_display_top_bar":"default","ocean_display_header":"default","ocean_header_style":"","ocean_center_header_left_menu":"0","ocean_custom_header_template":"0","ocean_custom_logo":0,"ocean_custom_retina_logo":0,"ocean_custom_logo_max_width":0,"ocean_custom_logo_tablet_max_width":0,"ocean_custom_logo_mobile_max_width":0,"ocean_custom_logo_max_height":0,"ocean_custom_logo_tablet_max_height":0,"ocean_custom_logo_mobile_max_height":0,"ocean_header_custom_menu":"0","ocean_menu_typo_font_family":"0","ocean_menu_typo_font_subset":"","ocean_menu_typo_font_size":0,"ocean_menu_typo_font_size_tablet":0,"ocean_menu_typo_font_size_mobile":0,"ocean_menu_typo_font_size_unit":"px","ocean_menu_typo_font_weight":"","ocean_menu_typo_font_weight_tablet":"","ocean_menu_typo_font_weight_mobile":"","ocean_menu_typo_transform":"","ocean_menu_typo_transform_tablet":"","ocean_menu_typo_transform_mobile":"","ocean_menu_typo_line_height":0,"ocean_menu_typo_line_height_tablet":0,"ocean_menu_typo_line_height_mobile":0,"ocean_menu_typo_line_height_unit":"","ocean_menu_typo_spacing":0,"ocean_menu_typo_spacing_tablet":0,"ocean_menu_typo_spacing_mobile":0,"ocean_menu_typo_spacing_unit":"","ocean_menu_link_color":"","ocean_menu_link_color_hover":"","ocean_menu_link_color_active":"","ocean_menu_link_background":"","ocean_menu_link_hover_background":"","ocean_menu_link_active_background":"","ocean_menu_social_links_bg":"","ocean_menu_social_hover_links_bg":"","ocean_menu_social_links_color":"","ocean_menu_social_hover_links_color":"","ocean_disable_title":"default","ocean_disable_heading":"default","ocean_post_title":"","ocean_post_subheading":"","ocean_post_title_style":"","ocean_post_title_background_color":"","ocean_post_title_background":0,"ocean_post_title_bg_image_position":"","ocean_post_title_bg_image_attachment":"","ocean_post_title_bg_image_repeat":"","ocean_post_title_bg_image_size":"","ocean_post_title_height":0,"ocean_post_title_bg_overlay":0.5,"ocean_post_title_bg_overlay_color":"","ocean_disable_breadcrumbs":"default","ocean_breadcrumbs_color":"","ocean_breadcrumbs_separator_color":"","ocean_breadcrumbs_links_color":"","ocean_breadcrumbs_links_hover_color":"","ocean_display_footer_widgets":"default","ocean_display_footer_bottom":"default","ocean_custom_footer_template":"0","osh_disable_topbar_sticky":"default","osh_disable_header_sticky":"default","osh_sticky_header_style":"default","osh_sticky_header_effect":"","osh_custom_sticky_logo":0,"osh_custom_retina_sticky_logo":0,"osh_custom_sticky_logo_height":0,"osh_background_color":"","osh_links_color":"","osh_links_hover_color":"","osh_links_active_color":"","osh_links_bg_color":"","osh_links_hover_bg_color":"","osh_links_active_bg_color":"","osh_menu_social_links_color":"","osh_menu_social_hover_links_color":"","iawp_total_views":17},"product_brand":[],"product_cat":[596,215],"product_tag":[599,397],"class_list":{"0":"post-12933","1":"product","2":"type-product","3":"status-publish","4":"has-post-thumbnail","6":"product_cat-cremer-og-kosmetik-med-cbd","7":"product_cat-face","8":"product_tag-laebepomade-med-cbd","9":"product_tag-lip-balm","11":"entry","12":"has-media","14":"first","15":"instock","16":"taxable","17":"shipping-taxable","18":"purchasable","19":"product-type-simple","20":"has-product-nav","21":"col","22":"span_1_of_4","23":"owp-content-center","24":"item-entry","25":"owp-thumbs-layout-vertical","26":"owp-btn-normal","27":"owp-tabs-layout-vertical","28":"has-no-thumbnails","30":"circle-sale"},"_links":{"self":[{"href":"https:\/\/body-n-soul.com\/en\/wp-json\/wp\/v2\/product\/12933","targetHints":{"allow":["GET"]}}],"collection":[{"href":"https:\/\/body-n-soul.com\/en\/wp-json\/wp\/v2\/product"}],"about":[{"href":"https:\/\/body-n-soul.com\/en\/wp-json\/wp\/v2\/types\/product"}],"replies":[{"embeddable":true,"href":"https:\/\/body-n-soul.com\/en\/wp-json\/wp\/v2\/comments?post=12933"}],"wp:featuredmedia":[{"embeddable":true,"href":"https:\/\/body-n-soul.com\/en\/wp-json\/wp\/v2\/media\/12934"}],"wp:attachment":[{"href":"https:\/\/body-n-soul.com\/en\/wp-json\/wp\/v2\/media?parent=12933"}],"wp:term":[{"taxonomy":"product_brand","embeddable":true,"href":"https:\/\/body-n-soul.com\/en\/wp-json\/wp\/v2\/product_brand?post=12933"},{"taxonomy":"product_cat","embeddable":true,"href":"https:\/\/body-n-soul.com\/en\/wp-json\/wp\/v2\/product_cat?post=12933"},{"taxonomy":"product_tag","embeddable":true,"href":"https:\/\/body-n-soul.com\/en\/wp-json\/wp\/v2\/product_tag?post=12933"}],"curies":[{"name":"wp","href":"https:\/\/api.w.org\/{rel}","templated":true}]}}