{"id":12929,"date":"2022-01-25T18:24:16","date_gmt":"2022-01-25T17:24:16","guid":{"rendered":"https:\/\/body-n-soul.com\/?post_type=product&#038;p=12929"},"modified":"2024-03-01T01:35:06","modified_gmt":"2024-03-01T00:35:06","slug":"cannaline-creme-til-irriteret-hud-med-cbd-50-ml","status":"publish","type":"product","link":"https:\/\/body-n-soul.com\/en\/cannaline-creme-til-irriteret-hud-med-cbd-50-ml\/","title":{"rendered":"Cannaline creme til irriteret hud med CBD &#8211; 50 ml"},"content":{"rendered":"<h2>Cannaline creme til irriteret hud med CBD<\/h2>\n<p>Cannaline Skin Therapy creme med cbd erberegnet til f\u00f8lsom, irritert og t\u00f8r hud.<\/p>\n<p>N\u00e6rende hudterapibalsam beroliger og hj\u00e6lper med at lindre kl\u00f8e forbundet med mindre hudirritationer og eksemer.<\/p>\n<p>Ricinusolie forhindrer huden i at t\u00f8rre ud og det hj\u00e6lper med regenerering af ar.<\/p>\n<p>cremen indeholder 1000mg CBD<\/p>\n<p><a title=\"Retur til ansigtspleje\" href=\"https:\/\/body-n-soul.com\/face\/\">Retur til ansigtspleje<\/a><\/p>\n","protected":false},"excerpt":{"rendered":"<h2>Cannaline creme til irriteret hud med CBD<\/h2>\n<p>Cannaline Skin Therapy creme med cbd erberegnet til f\u00f8lsom, irritert og t\u00f8r hud.<\/p>\n<p>N\u00e6rende hudterapibalsam beroliger og hj\u00e6lper med at lindre kl\u00f8e forbundet med mindre hudirritationer og eksemer.<\/p>\n<p>Ricinusolie forhindrer huden i at t\u00f8rre ud og det hj\u00e6lper med regenerering af ar.<\/p>\n<p>cremen indeholder 1000mg CBD<\/p>\n<p>&nbsp;<\/p>\n","protected":false},"featured_media":12930,"comment_status":"open","ping_status":"closed","template":"","meta":{"ocean_post_layout":"","ocean_both_sidebars_style":"","ocean_both_sidebars_content_width":0,"ocean_both_sidebars_sidebars_width":0,"ocean_sidebar":"0","ocean_second_sidebar":"0","ocean_disable_margins":"enable","ocean_add_body_class":"","ocean_shortcode_before_top_bar":"","ocean_shortcode_after_top_bar":"","ocean_shortcode_before_header":"","ocean_shortcode_after_header":"","ocean_has_shortcode":"","ocean_shortcode_after_title":"","ocean_shortcode_before_footer_widgets":"","ocean_shortcode_after_footer_widgets":"","ocean_shortcode_before_footer_bottom":"","ocean_shortcode_after_footer_bottom":"","ocean_display_top_bar":"default","ocean_display_header":"default","ocean_header_style":"","ocean_center_header_left_menu":"0","ocean_custom_header_template":"0","ocean_custom_logo":0,"ocean_custom_retina_logo":0,"ocean_custom_logo_max_width":0,"ocean_custom_logo_tablet_max_width":0,"ocean_custom_logo_mobile_max_width":0,"ocean_custom_logo_max_height":0,"ocean_custom_logo_tablet_max_height":0,"ocean_custom_logo_mobile_max_height":0,"ocean_header_custom_menu":"0","ocean_menu_typo_font_family":"0","ocean_menu_typo_font_subset":"","ocean_menu_typo_font_size":0,"ocean_menu_typo_font_size_tablet":0,"ocean_menu_typo_font_size_mobile":0,"ocean_menu_typo_font_size_unit":"px","ocean_menu_typo_font_weight":"","ocean_menu_typo_font_weight_tablet":"","ocean_menu_typo_font_weight_mobile":"","ocean_menu_typo_transform":"","ocean_menu_typo_transform_tablet":"","ocean_menu_typo_transform_mobile":"","ocean_menu_typo_line_height":0,"ocean_menu_typo_line_height_tablet":0,"ocean_menu_typo_line_height_mobile":0,"ocean_menu_typo_line_height_unit":"","ocean_menu_typo_spacing":0,"ocean_menu_typo_spacing_tablet":0,"ocean_menu_typo_spacing_mobile":0,"ocean_menu_typo_spacing_unit":"","ocean_menu_link_color":"","ocean_menu_link_color_hover":"","ocean_menu_link_color_active":"","ocean_menu_link_background":"","ocean_menu_link_hover_background":"","ocean_menu_link_active_background":"","ocean_menu_social_links_bg":"","ocean_menu_social_hover_links_bg":"","ocean_menu_social_links_color":"","ocean_menu_social_hover_links_color":"","ocean_disable_title":"default","ocean_disable_heading":"default","ocean_post_title":"","ocean_post_subheading":"","ocean_post_title_style":"","ocean_post_title_background_color":"","ocean_post_title_background":0,"ocean_post_title_bg_image_position":"","ocean_post_title_bg_image_attachment":"","ocean_post_title_bg_image_repeat":"","ocean_post_title_bg_image_size":"","ocean_post_title_height":0,"ocean_post_title_bg_overlay":0.5,"ocean_post_title_bg_overlay_color":"","ocean_disable_breadcrumbs":"default","ocean_breadcrumbs_color":"","ocean_breadcrumbs_separator_color":"","ocean_breadcrumbs_links_color":"","ocean_breadcrumbs_links_hover_color":"","ocean_display_footer_widgets":"default","ocean_display_footer_bottom":"default","ocean_custom_footer_template":"0","osh_disable_topbar_sticky":"default","osh_disable_header_sticky":"default","osh_sticky_header_style":"default","osh_sticky_header_effect":"","osh_custom_sticky_logo":0,"osh_custom_retina_sticky_logo":0,"osh_custom_sticky_logo_height":0,"osh_background_color":"","osh_links_color":"","osh_links_hover_color":"","osh_links_active_color":"","osh_links_bg_color":"","osh_links_hover_bg_color":"","osh_links_active_bg_color":"","osh_menu_social_links_color":"","osh_menu_social_hover_links_color":"","iawp_total_views":43},"product_brand":[],"product_cat":[596,94],"product_tag":[],"class_list":{"0":"post-12929","1":"product","2":"type-product","3":"status-publish","4":"has-post-thumbnail","6":"product_cat-cremer-og-kosmetik-med-cbd","7":"product_cat-body","9":"entry","10":"has-media","12":"first","13":"instock","14":"taxable","15":"shipping-taxable","16":"purchasable","17":"product-type-simple","18":"has-product-nav","19":"col","20":"span_1_of_4","21":"owp-content-center","22":"item-entry","23":"owp-thumbs-layout-vertical","24":"owp-btn-normal","25":"owp-tabs-layout-vertical","26":"has-no-thumbnails","28":"circle-sale"},"_links":{"self":[{"href":"https:\/\/body-n-soul.com\/en\/wp-json\/wp\/v2\/product\/12929","targetHints":{"allow":["GET"]}}],"collection":[{"href":"https:\/\/body-n-soul.com\/en\/wp-json\/wp\/v2\/product"}],"about":[{"href":"https:\/\/body-n-soul.com\/en\/wp-json\/wp\/v2\/types\/product"}],"replies":[{"embeddable":true,"href":"https:\/\/body-n-soul.com\/en\/wp-json\/wp\/v2\/comments?post=12929"}],"wp:featuredmedia":[{"embeddable":true,"href":"https:\/\/body-n-soul.com\/en\/wp-json\/wp\/v2\/media\/12930"}],"wp:attachment":[{"href":"https:\/\/body-n-soul.com\/en\/wp-json\/wp\/v2\/media?parent=12929"}],"wp:term":[{"taxonomy":"product_brand","embeddable":true,"href":"https:\/\/body-n-soul.com\/en\/wp-json\/wp\/v2\/product_brand?post=12929"},{"taxonomy":"product_cat","embeddable":true,"href":"https:\/\/body-n-soul.com\/en\/wp-json\/wp\/v2\/product_cat?post=12929"},{"taxonomy":"product_tag","embeddable":true,"href":"https:\/\/body-n-soul.com\/en\/wp-json\/wp\/v2\/product_tag?post=12929"}],"curies":[{"name":"wp","href":"https:\/\/api.w.org\/{rel}","templated":true}]}}