{"id":12869,"date":"2022-01-20T12:20:46","date_gmt":"2022-01-20T11:20:46","guid":{"rendered":"https:\/\/body-n-soul.com\/?post_type=product&#038;p=12869"},"modified":"2025-12-30T22:15:03","modified_gmt":"2025-12-30T21:15:03","slug":"tree-cbd-pre-rolls","status":"publish","type":"product","link":"https:\/\/body-n-soul.com\/en\/tree-cbd-pre-rolls\/","title":{"rendered":"Tree CBD pre rolls &#8211; 22% CBD"},"content":{"rendered":"<h2>CBD Pre rolls<\/h2>\n<p>Er du typen der ikke har t\u00e5lmodighed til at rulle joints hver gang eller gider du ikke sl\u00e6be hele grejet med i form af toptrim, grinder papir og alt muligt andet s\u00e5 er her l\u00f8sningen for dig. En super l\u00e6kker h\u00f8jkvaluitets pre roll. Det bliver ikke meget nemmere.<\/p>\n<p>For dem, der ikke \u00f8nsker at vente p\u00e5 noget, har vi f\u00e5et pre rolls fra The Tree CBD. Det er den hurtigste m\u00e5de at nyde CBD-blomster p\u00e5. Disse pre rolls er fuld spektret. De kommer fyldt med med hamp i sin mest naturlige form og med en perfekt kombination af toptrim og grindede\u00a0 CBD topskud.<\/p>\n<p>Fremstillet af helt naturlig hamp og hver pre-roll indeholder cirka 150 mg CBD. Plus, det er lavet med den h\u00f8jeste kvalitet CBD, som naturen har at tilbyde. Tredjeparts laboratorietestet, GMP-certificeret, additivfri og h\u00e5ndpakket. De er satme l\u00e6kre.<\/p>\n<p>Lavet med et udvalg af de 100% overlegne CBD blomster fra Tree CBD. Disse CBD hamp pre-rolls er den perfekte m\u00e5de at nyde en uds\u00f8gt blanding af de bedst s\u00e6lgende hamp varianter, herunder: Amnesia, Strawberry, Citron, Pistacie, Haze, Orange Cookies, OG Kush, Sundae Driver og Gelato.<\/p>\n<p>Derudover er hvert af disse produkter lavet med organisk hamppapir og har ogs\u00e5 en kvalitets mundstykke, for en s\u00e5 &#8216;smooth&#8217; oplevelse som muligt. Du bliver ikke skuffet med dette produkt.<\/p>\n<p>Hver pre roll er omhyggeligt indpakket i et plastr\u00f8r der beskytter produktet og s\u00f8rger for at det ikke t\u00f8rrer ud.<\/p>\n<p>Dette er IKKE et tobaksprodukt og <strong>prisen er pr styk<\/strong>.<\/p>\n<p>S\u00e6lges som samleobjekt.<\/p>\n<p>En pre roll best\u00e5r af 70% indoor topskud, 20% green house topskud og 10% outdoor topskud. Der bruges kun kvalitets topskud.<\/p>\n<p>&nbsp;<\/p>\n<h3>Karakteristika for The Tree CBD pre roll<\/h3>\n<ul>\n<li>Hamp buds \/ blomster \/ topskud<\/li>\n<li>Dyrket indend\u00f8rs<\/li>\n<li>20-23% CBD<\/li>\n<li>Mindre end 0,20% THC<\/li>\n<li>Genetik: EU certificerede fr\u00f8<\/li>\n<li>Ingen psykoaktive effekter<\/li>\n<li>\u00d8kologisk dyrket<\/li>\n<li>GMO-fri<\/li>\n<li>Pesticidfri<\/li>\n<\/ul>\n<p>&nbsp;<\/p>\n<p>L\u00e6s mere on <a title=\"the tree cbd\" href=\"https:\/\/thetreecbd.com\/\" target=\"_blank\" rel=\"noopener\" data-schema-attribute=\"\">The tree cbd<\/a><\/p>\n<p>Tags: The Tree CBD Gelato topskud, legal cannabis og marihuana, k\u00f8b topskud i Danmark, Indica, Indoor<\/p>\n<p>&nbsp;<\/p>\n<p>Retur til <a title=\"CBD topskud\" href=\"\/cbd-topskud\/\" data-schema-attribute=\"\">CBD topskud<\/a><\/p>\n<p>&nbsp;<\/p>\n","protected":false},"excerpt":{"rendered":"<h2>CBD pre rolls<\/h2>\n<p>L\u00e6kre CBD pre rolls af de bedste r\u00e5varer.<\/p>\n<p>En pre roll best\u00e5r af 70% indoor topskud, 20% green house topskud og 10% outdoor topskud. Der bruges kun kvalitets topskud.<\/p>\n<p>Prisen er <strong>pr styk<\/strong>. Billedet er kun illustrativt.<\/p>\n<p>Dette er ikke et tobaksprodukt.<\/p>\n<h3>Karakteristika for The Tree CBD pre roll<\/h3>\n<ul>\n<li>Hamp buds \/ blomster \/ topskud<\/li>\n<li>Dyrket indend\u00f8rs<\/li>\n<li>20-23% CBD<\/li>\n<li>Mindre end 0,20% THC<\/li>\n<li>Genetik: EU certificerede fr\u00f8<\/li>\n<li>Ingen psykoaktive effekter<\/li>\n<li>\u00d8kologisk dyrket<\/li>\n<li>GMO-fri<\/li>\n<li>Pesticidfri<\/li>\n<\/ul>\n<p>Retur til <a title=\"CBD topskud\" href=\"\/cbd-topskud\/\" data-schema-attribute=\"\">CBD topskud<\/a><\/p>\n<p>S\u00e6lges som samleobjekt.<\/p>\n","protected":false},"featured_media":12875,"comment_status":"open","ping_status":"closed","template":"","meta":{"ocean_post_layout":"","ocean_both_sidebars_style":"","ocean_both_sidebars_content_width":0,"ocean_both_sidebars_sidebars_width":0,"ocean_sidebar":"0","ocean_second_sidebar":"0","ocean_disable_margins":"enable","ocean_add_body_class":"","ocean_shortcode_before_top_bar":"","ocean_shortcode_after_top_bar":"","ocean_shortcode_before_header":"","ocean_shortcode_after_header":"","ocean_has_shortcode":"","ocean_shortcode_after_title":"","ocean_shortcode_before_footer_widgets":"","ocean_shortcode_after_footer_widgets":"","ocean_shortcode_before_footer_bottom":"","ocean_shortcode_after_footer_bottom":"","ocean_display_top_bar":"default","ocean_display_header":"default","ocean_header_style":"","ocean_center_header_left_menu":"0","ocean_custom_header_template":"0","ocean_custom_logo":0,"ocean_custom_retina_logo":0,"ocean_custom_logo_max_width":0,"ocean_custom_logo_tablet_max_width":0,"ocean_custom_logo_mobile_max_width":0,"ocean_custom_logo_max_height":0,"ocean_custom_logo_tablet_max_height":0,"ocean_custom_logo_mobile_max_height":0,"ocean_header_custom_menu":"0","ocean_menu_typo_font_family":"0","ocean_menu_typo_font_subset":"","ocean_menu_typo_font_size":0,"ocean_menu_typo_font_size_tablet":0,"ocean_menu_typo_font_size_mobile":0,"ocean_menu_typo_font_size_unit":"px","ocean_menu_typo_font_weight":"","ocean_menu_typo_font_weight_tablet":"","ocean_menu_typo_font_weight_mobile":"","ocean_menu_typo_transform":"","ocean_menu_typo_transform_tablet":"","ocean_menu_typo_transform_mobile":"","ocean_menu_typo_line_height":0,"ocean_menu_typo_line_height_tablet":0,"ocean_menu_typo_line_height_mobile":0,"ocean_menu_typo_line_height_unit":"","ocean_menu_typo_spacing":0,"ocean_menu_typo_spacing_tablet":0,"ocean_menu_typo_spacing_mobile":0,"ocean_menu_typo_spacing_unit":"","ocean_menu_link_color":"","ocean_menu_link_color_hover":"","ocean_menu_link_color_active":"","ocean_menu_link_background":"","ocean_menu_link_hover_background":"","ocean_menu_link_active_background":"","ocean_menu_social_links_bg":"","ocean_menu_social_hover_links_bg":"","ocean_menu_social_links_color":"","ocean_menu_social_hover_links_color":"","ocean_disable_title":"default","ocean_disable_heading":"default","ocean_post_title":"","ocean_post_subheading":"","ocean_post_title_style":"","ocean_post_title_background_color":"","ocean_post_title_background":0,"ocean_post_title_bg_image_position":"","ocean_post_title_bg_image_attachment":"","ocean_post_title_bg_image_repeat":"","ocean_post_title_bg_image_size":"","ocean_post_title_height":0,"ocean_post_title_bg_overlay":0.5,"ocean_post_title_bg_overlay_color":"","ocean_disable_breadcrumbs":"default","ocean_breadcrumbs_color":"","ocean_breadcrumbs_separator_color":"","ocean_breadcrumbs_links_color":"","ocean_breadcrumbs_links_hover_color":"","ocean_display_footer_widgets":"default","ocean_display_footer_bottom":"default","ocean_custom_footer_template":"0","osh_disable_topbar_sticky":"default","osh_disable_header_sticky":"default","osh_sticky_header_style":"default","osh_sticky_header_effect":"","osh_custom_sticky_logo":0,"osh_custom_retina_sticky_logo":0,"osh_custom_sticky_logo_height":0,"osh_background_color":"","osh_links_color":"","osh_links_hover_color":"","osh_links_active_color":"","osh_links_bg_color":"","osh_links_hover_bg_color":"","osh_links_active_bg_color":"","osh_menu_social_links_color":"","osh_menu_social_hover_links_color":"","iawp_total_views":2417},"product_brand":[],"product_cat":[147],"product_tag":[239,595,506,615],"class_list":{"0":"post-12869","1":"product","2":"type-product","3":"status-publish","4":"has-post-thumbnail","6":"product_cat-cbd-topskud1","7":"product_tag-cbd-topskud","8":"product_tag-pre-roll","9":"product_tag-the-tree-cbd","10":"product_tag-the-tree-cbd-buds","12":"entry","13":"has-media","15":"first","16":"instock","17":"featured","18":"taxable","19":"shipping-taxable","20":"purchasable","21":"product-type-simple","22":"has-product-nav","23":"col","24":"span_1_of_4","25":"owp-content-center","26":"item-entry","27":"owp-thumbs-layout-vertical","28":"owp-btn-normal","29":"owp-tabs-layout-vertical","31":"circle-sale"},"_links":{"self":[{"href":"https:\/\/body-n-soul.com\/en\/wp-json\/wp\/v2\/product\/12869","targetHints":{"allow":["GET"]}}],"collection":[{"href":"https:\/\/body-n-soul.com\/en\/wp-json\/wp\/v2\/product"}],"about":[{"href":"https:\/\/body-n-soul.com\/en\/wp-json\/wp\/v2\/types\/product"}],"replies":[{"embeddable":true,"href":"https:\/\/body-n-soul.com\/en\/wp-json\/wp\/v2\/comments?post=12869"}],"wp:featuredmedia":[{"embeddable":true,"href":"https:\/\/body-n-soul.com\/en\/wp-json\/wp\/v2\/media\/12875"}],"wp:attachment":[{"href":"https:\/\/body-n-soul.com\/en\/wp-json\/wp\/v2\/media?parent=12869"}],"wp:term":[{"taxonomy":"product_brand","embeddable":true,"href":"https:\/\/body-n-soul.com\/en\/wp-json\/wp\/v2\/product_brand?post=12869"},{"taxonomy":"product_cat","embeddable":true,"href":"https:\/\/body-n-soul.com\/en\/wp-json\/wp\/v2\/product_cat?post=12869"},{"taxonomy":"product_tag","embeddable":true,"href":"https:\/\/body-n-soul.com\/en\/wp-json\/wp\/v2\/product_tag?post=12869"}],"curies":[{"name":"wp","href":"https:\/\/api.w.org\/{rel}","templated":true}]}}