{"id":12785,"date":"2021-12-26T21:37:58","date_gmt":"2021-12-26T20:37:58","guid":{"rendered":"https:\/\/body-n-soul.com\/?post_type=product&#038;p=12785"},"modified":"2026-04-08T07:16:38","modified_gmt":"2026-04-08T05:16:38","slug":"prima-eco-cbd-toptrim-tobakserstatning","status":"publish","type":"product","link":"https:\/\/body-n-soul.com\/en\/prima-eco-cbd-toptrim-tobakserstatning\/","title":{"rendered":"Prima ECO CBD Toptrim Tobakserstatning &#8211; 10% CBD"},"content":{"rendered":"<h2>Prima ECO CBD Toptrim Tobakserstatning<\/h2>\n<p>Dette toptrim er det ypperste der kan k\u00f8bes for penge &#8211; det er rent guf.<\/p>\n<p><span class=\"VIiyi\" lang=\"da\"><span class=\"JLqJ4b ChMk0b\" data-language-for-alternatives=\"da\" data-language-to-translate-into=\"es\" data-phrase-index=\"0\" data-number-of-phrases=\"3\">Vores prima tobakserstatning best\u00e5r af et blend af f\u00f8rsteklasses CBD buds fra de mest eftertragtede sorter hos The Tree CBD.<\/span> <span class=\"JLqJ4b ChMk0b\" data-language-for-alternatives=\"da\" data-language-to-translate-into=\"es\" data-phrase-index=\"1\" data-number-of-phrases=\"3\">Denne indend\u00f8rs trim indeholder hakkede topskud, bladene t\u00e6ttest p\u00e5 hampeblomsten, som er fulde af harpiks og rig p\u00e5 CBD, og \u200b\u200bhele\u00a0 blomster med en h\u00f8j koncentration af CBD.<\/span> Alt i den sk\u00f8nneste blanding.<br \/>\n<\/span><\/p>\n<p>Produktet er 100% \u00f8kologisk og fri for pesticider og andre giftstoffer. Er fremstillet af de bedste plantematerialer fra produktionen af pistachio topskud og er groet indend\u00f8re.<\/p>\n<p>Vores toptrim er rig p\u00e5 t\u00f8rrede blomster \/ topskud.<\/p>\n<p>Bem\u00e6rk der kan forekomme enkelte fr\u00f8 i produktet. Dem b\u00f8r man fjerne inden produktet tages i anvendelse.<\/p>\n<p>Bruges som tobakserstatning i stedet for tobak. Produktet indeholder ikke nikotin, tj\u00e6re eller andet skadeligt men blot t\u00f8rret cannabisblade.<\/p>\n<p>Du beh\u00f8ver ikke at riste tobaks erstatningen f\u00f8r du bruger det. Blot bland med CBD topskud eller hvad du planl\u00e6gger at ryge og grind blandingen.<\/p>\n<p>CBD toptrim er meget aromatisk og dufter l\u00e6kkert af Cannabis.<\/p>\n<p>THC &lt; 0.2%<\/p>\n<p>Retur til <a title=\"CBD topskud\" href=\"\/cbd-topskud\/\" data-schema-attribute=\"\">CBD topskud<\/a><\/p>\n<p>Produktet s\u00e6lges udelukkende som samleobjekt. Ikke til konsum.<\/p>\n<p>Prima eco cbd toptrim. F\u00f8rsteklasses tobakserstatning eller tobaks erstatning.<br \/>\net godt alternativ til tobak i joint eller med CBD hash.<\/p>\n","protected":false},"excerpt":{"rendered":"<h2>Prima ECO CBD Toptrim\u00a0Tobakserstatning<\/h2>\n<p>Dette toptrim eller <em>tobakserstatning<\/em> er det ypperste der kan k\u00f8bes for penge &#8211; det er rent guf og nu med et indhold af CBD p\u00e5 10%+.<\/p>\n<p>Produktet er 100% \u00f8kologisk og fri for pesticider og andre giftstoffer. Er fremstillet af de bedste plantematerialer fra produktionen af topskud og er groet indend\u00f8re.<\/p>\n<p>Vores <strong>tobakserstatning<\/strong> er rig p\u00e5 t\u00f8rrede blomster \/ topskud der giver den er behagelig smag og duft.<\/p>\n<p>Dette er ikke et tobaksprodukt. Det s\u00e6lges udelukkende som samleobjekt. Ikke til konsum.<\/p>\n<p>Et godt alternativ til tobak i joints eller med CBD hash.<\/p>\n<p>Retur til <a title=\"CBD topskud\" href=\"\/cbd-topskud\/\" data-schema-attribute=\"\">CBD topskud<\/a><\/p>\n","protected":false},"featured_media":12790,"comment_status":"open","ping_status":"closed","template":"","meta":{"ocean_post_layout":"","ocean_both_sidebars_style":"","ocean_both_sidebars_content_width":0,"ocean_both_sidebars_sidebars_width":0,"ocean_sidebar":"0","ocean_second_sidebar":"0","ocean_disable_margins":"enable","ocean_add_body_class":"","ocean_shortcode_before_top_bar":"","ocean_shortcode_after_top_bar":"","ocean_shortcode_before_header":"","ocean_shortcode_after_header":"","ocean_has_shortcode":"","ocean_shortcode_after_title":"","ocean_shortcode_before_footer_widgets":"","ocean_shortcode_after_footer_widgets":"","ocean_shortcode_before_footer_bottom":"","ocean_shortcode_after_footer_bottom":"","ocean_display_top_bar":"default","ocean_display_header":"default","ocean_header_style":"","ocean_center_header_left_menu":"0","ocean_custom_header_template":"0","ocean_custom_logo":0,"ocean_custom_retina_logo":0,"ocean_custom_logo_max_width":0,"ocean_custom_logo_tablet_max_width":0,"ocean_custom_logo_mobile_max_width":0,"ocean_custom_logo_max_height":0,"ocean_custom_logo_tablet_max_height":0,"ocean_custom_logo_mobile_max_height":0,"ocean_header_custom_menu":"0","ocean_menu_typo_font_family":"0","ocean_menu_typo_font_subset":"","ocean_menu_typo_font_size":0,"ocean_menu_typo_font_size_tablet":0,"ocean_menu_typo_font_size_mobile":0,"ocean_menu_typo_font_size_unit":"px","ocean_menu_typo_font_weight":"","ocean_menu_typo_font_weight_tablet":"","ocean_menu_typo_font_weight_mobile":"","ocean_menu_typo_transform":"","ocean_menu_typo_transform_tablet":"","ocean_menu_typo_transform_mobile":"","ocean_menu_typo_line_height":0,"ocean_menu_typo_line_height_tablet":0,"ocean_menu_typo_line_height_mobile":0,"ocean_menu_typo_line_height_unit":"","ocean_menu_typo_spacing":0,"ocean_menu_typo_spacing_tablet":0,"ocean_menu_typo_spacing_mobile":0,"ocean_menu_typo_spacing_unit":"","ocean_menu_link_color":"","ocean_menu_link_color_hover":"","ocean_menu_link_color_active":"","ocean_menu_link_background":"","ocean_menu_link_hover_background":"","ocean_menu_link_active_background":"","ocean_menu_social_links_bg":"","ocean_menu_social_hover_links_bg":"","ocean_menu_social_links_color":"","ocean_menu_social_hover_links_color":"","ocean_disable_title":"default","ocean_disable_heading":"default","ocean_post_title":"","ocean_post_subheading":"","ocean_post_title_style":"","ocean_post_title_background_color":"","ocean_post_title_background":0,"ocean_post_title_bg_image_position":"","ocean_post_title_bg_image_attachment":"","ocean_post_title_bg_image_repeat":"","ocean_post_title_bg_image_size":"","ocean_post_title_height":0,"ocean_post_title_bg_overlay":0.5,"ocean_post_title_bg_overlay_color":"","ocean_disable_breadcrumbs":"default","ocean_breadcrumbs_color":"","ocean_breadcrumbs_separator_color":"","ocean_breadcrumbs_links_color":"","ocean_breadcrumbs_links_hover_color":"","ocean_display_footer_widgets":"default","ocean_display_footer_bottom":"default","ocean_custom_footer_template":"0","osh_disable_topbar_sticky":"default","osh_disable_header_sticky":"default","osh_sticky_header_style":"default","osh_sticky_header_effect":"","osh_custom_sticky_logo":0,"osh_custom_retina_sticky_logo":0,"osh_custom_sticky_logo_height":0,"osh_background_color":"","osh_links_color":"","osh_links_hover_color":"","osh_links_active_color":"","osh_links_bg_color":"","osh_links_hover_bg_color":"","osh_links_active_bg_color":"","osh_menu_social_links_color":"","osh_menu_social_hover_links_color":"","iawp_total_views":3715},"product_brand":[],"product_cat":[147],"product_tag":[957,594,502],"class_list":{"0":"post-12785","1":"product","2":"type-product","3":"status-publish","4":"has-post-thumbnail","6":"product_cat-cbd-topskud1","7":"product_tag-body-n-soul-toptrim","8":"product_tag-cbd-toptrim","9":"product_tag-tobakserstatning","11":"entry","12":"has-media","14":"first","15":"instock","16":"featured","17":"taxable","18":"shipping-taxable","19":"purchasable","20":"product-type-variable","21":"has-default-attributes","22":"has-rating","23":"has-product-nav","24":"col","25":"span_1_of_4","26":"owp-content-center","27":"item-entry","28":"owp-thumbs-layout-vertical","29":"owp-btn-normal","30":"owp-tabs-layout-vertical","32":"circle-sale"},"_links":{"self":[{"href":"https:\/\/body-n-soul.com\/en\/wp-json\/wp\/v2\/product\/12785","targetHints":{"allow":["GET"]}}],"collection":[{"href":"https:\/\/body-n-soul.com\/en\/wp-json\/wp\/v2\/product"}],"about":[{"href":"https:\/\/body-n-soul.com\/en\/wp-json\/wp\/v2\/types\/product"}],"replies":[{"embeddable":true,"href":"https:\/\/body-n-soul.com\/en\/wp-json\/wp\/v2\/comments?post=12785"}],"wp:featuredmedia":[{"embeddable":true,"href":"https:\/\/body-n-soul.com\/en\/wp-json\/wp\/v2\/media\/12790"}],"wp:attachment":[{"href":"https:\/\/body-n-soul.com\/en\/wp-json\/wp\/v2\/media?parent=12785"}],"wp:term":[{"taxonomy":"product_brand","embeddable":true,"href":"https:\/\/body-n-soul.com\/en\/wp-json\/wp\/v2\/product_brand?post=12785"},{"taxonomy":"product_cat","embeddable":true,"href":"https:\/\/body-n-soul.com\/en\/wp-json\/wp\/v2\/product_cat?post=12785"},{"taxonomy":"product_tag","embeddable":true,"href":"https:\/\/body-n-soul.com\/en\/wp-json\/wp\/v2\/product_tag?post=12785"}],"curies":[{"name":"wp","href":"https:\/\/api.w.org\/{rel}","templated":true}]}}