{"id":11926,"date":"2021-09-12T16:05:37","date_gmt":"2021-09-12T14:05:37","guid":{"rendered":"https:\/\/body-n-soul.com\/?post_type=product&#038;p=11926"},"modified":"2024-08-07T08:20:48","modified_gmt":"2024-08-07T06:20:48","slug":"the-tree-cbd-sweet-island-skunk-topskud","status":"publish","type":"product","link":"https:\/\/body-n-soul.com\/en\/the-tree-cbd-sweet-island-skunk-topskud\/","title":{"rendered":"The Tree CBD Sweet island skunk topskud &#8211; 13% CBD (Outdoor)"},"content":{"rendered":"<h2>The Tree CBD Sweet island skunk topskud<\/h2>\n<p>Igen et smash hit af lovlige CBD topskud fra the Tree CBD nemlig Sweet Island Skunk &#8211; sorten med en unik genetik og som indeholder en relativt stor m\u00e6ngde i hver blomst.<\/p>\n<p>Disse CBD topskud er resultatet af en genetisk krydsning mellem <strong>Finola<\/strong> x <strong>Tidza<\/strong> x <strong>delta Llossa<\/strong> alle dyrket indend\u00f8rs p\u00e5 en 100% naturlig m\u00e5de uden brug af tils\u00e6tningsstoffer eller pesticider af nogen art.<\/p>\n<p>Et look og en aroma, der minder om creme fraiche.<\/p>\n<h3>Skunk<\/h3>\n<p>Skunk er en unik og original sort. Blomsten er en Indica domineret sort, med 80% og blot 20% sativa. Det g\u00f8r denne cannabis blomst til en spektakul\u00e6r, kraftfuld og l\u00e6kker rygeoplevelse. Dens h\u00f8je styrke g\u00f8r Sweet Island Skunk til en interessant\u00a0 ryger.<\/p>\n<p>Duften er det, der kendetegner denne plantes karakter. Dens duft er en bitters\u00f8d blanding.<\/p>\n<p>Den bitters\u00f8de aroma kan minde om olie mens den s\u00f8de del har noter af fl\u00f8deost eller creme fraiche.<\/p>\n<p>Derudover fortyndes aromaen af \u200b\u200bSweet Island Skunk mod en cremet-s\u00f8d tone, der giver den krop og intensitet.<\/p>\n<p>Med hensyn til blomstens udseende kan man finde chokolade nuancer med jordn\u00e6re, orange og hvide toner som dem af fl\u00f8deost.<\/p>\n<p>Disse blomster har en endnu st\u00f8rre afslappende effekt takket v\u00e6re deres h\u00f8je CBD -indhold, mellem 12% og 14%..<\/p>\n<p>Da de desuden indeholder mindre end 0,20% THC, er de fuldst\u00e6ndig lovlige i hele Europa og har ingen psykoaktiv effekt af nogen art.<\/p>\n<p>&nbsp;<\/p>\n<h3>Karakteristika for The Tree CBD Sweet island skunk topskud<\/h3>\n<ul>\n<li>Hamp buds \/ blomster \/ topskud<\/li>\n<li>Dyrket udend\u00f8rs \/ outdoor<\/li>\n<li>Fra 12% til 13% CBD<\/li>\n<li>Mindre end 0,20% THC<\/li>\n<li>Genetik: <strong>Finola x Tidza x delta LLossa<\/strong><\/li>\n<li>Sativa 20% Indica 80%<\/li>\n<li>Ingen psykoaktive effekter<\/li>\n<li>\u00d8kologisk dyrket<\/li>\n<li>GMO-fri<\/li>\n<li>Pesticidfri<\/li>\n<\/ul>\n<p>&nbsp;<\/p>\n<p>L\u00e6s mere on <a title=\"the tree cbd\" href=\"https:\/\/thetreecbd.com\/\" target=\"_blank\" rel=\"noopener\" data-schema-attribute=\"\">The tree cbd<\/a><\/p>\n<p>Tags: The Tree CBD Sweet island skunk topskud, legal cannabis og marihuana, <em>CBD Danmark<\/em>, Indica, Indoor<\/p>\n<p>&nbsp;<\/p>\n<p>Retur til <a title=\"CBD topskud\" href=\"\/cbd-topskud\/\" data-schema-attribute=\"\">CBD topskud<\/a><\/p>\n<p>&nbsp;<\/p>\n","protected":false},"excerpt":{"rendered":"<h3>The Tree CBD Sweet island skunk topskud<\/h3>\n<p>Et godt CBD topskud med en meget h\u00f8j andel af Indica<\/p>\n<ul>\n<li>Hamp buds \/ blomster \/ topskud<\/li>\n<li>Dyrket udend\u00f8rs \/ outdoor<\/li>\n<li>Fra 12% til 13% CBD<\/li>\n<li>Mindre end 0,20% THC<\/li>\n<li>Genetik: <strong>Finola x Tidza x delta LLossa<\/strong><\/li>\n<li>Sativa 20% Indica 80%<\/li>\n<li>Ingen psykoaktive effekter<\/li>\n<li>\u00d8kologisk dyrket<\/li>\n<li>GMO-fri<\/li>\n<li>Pesticidfri<\/li>\n<\/ul>\n<p>&nbsp;<\/p>\n<p>G\u00e5 tilbage til <a title=\"cbd topskud\" href=\"\/cbd-topskud\/\" data-schema-attribute=\"\">CBD Topskud<\/a> kategorien.<\/p>\n<p>&nbsp;<\/p>\n","protected":false},"featured_media":11932,"comment_status":"open","ping_status":"closed","template":"","meta":{"ocean_post_layout":"","ocean_both_sidebars_style":"","ocean_both_sidebars_content_width":0,"ocean_both_sidebars_sidebars_width":0,"ocean_sidebar":"0","ocean_second_sidebar":"0","ocean_disable_margins":"enable","ocean_add_body_class":"","ocean_shortcode_before_top_bar":"","ocean_shortcode_after_top_bar":"","ocean_shortcode_before_header":"","ocean_shortcode_after_header":"","ocean_has_shortcode":"","ocean_shortcode_after_title":"","ocean_shortcode_before_footer_widgets":"","ocean_shortcode_after_footer_widgets":"","ocean_shortcode_before_footer_bottom":"","ocean_shortcode_after_footer_bottom":"","ocean_display_top_bar":"default","ocean_display_header":"default","ocean_header_style":"","ocean_center_header_left_menu":"0","ocean_custom_header_template":"0","ocean_custom_logo":0,"ocean_custom_retina_logo":0,"ocean_custom_logo_max_width":0,"ocean_custom_logo_tablet_max_width":0,"ocean_custom_logo_mobile_max_width":0,"ocean_custom_logo_max_height":0,"ocean_custom_logo_tablet_max_height":0,"ocean_custom_logo_mobile_max_height":0,"ocean_header_custom_menu":"0","ocean_menu_typo_font_family":"0","ocean_menu_typo_font_subset":"","ocean_menu_typo_font_size":0,"ocean_menu_typo_font_size_tablet":0,"ocean_menu_typo_font_size_mobile":0,"ocean_menu_typo_font_size_unit":"px","ocean_menu_typo_font_weight":"","ocean_menu_typo_font_weight_tablet":"","ocean_menu_typo_font_weight_mobile":"","ocean_menu_typo_transform":"","ocean_menu_typo_transform_tablet":"","ocean_menu_typo_transform_mobile":"","ocean_menu_typo_line_height":0,"ocean_menu_typo_line_height_tablet":0,"ocean_menu_typo_line_height_mobile":0,"ocean_menu_typo_line_height_unit":"","ocean_menu_typo_spacing":0,"ocean_menu_typo_spacing_tablet":0,"ocean_menu_typo_spacing_mobile":0,"ocean_menu_typo_spacing_unit":"","ocean_menu_link_color":"","ocean_menu_link_color_hover":"","ocean_menu_link_color_active":"","ocean_menu_link_background":"","ocean_menu_link_hover_background":"","ocean_menu_link_active_background":"","ocean_menu_social_links_bg":"","ocean_menu_social_hover_links_bg":"","ocean_menu_social_links_color":"","ocean_menu_social_hover_links_color":"","ocean_disable_title":"default","ocean_disable_heading":"default","ocean_post_title":"","ocean_post_subheading":"","ocean_post_title_style":"","ocean_post_title_background_color":"","ocean_post_title_background":0,"ocean_post_title_bg_image_position":"","ocean_post_title_bg_image_attachment":"","ocean_post_title_bg_image_repeat":"","ocean_post_title_bg_image_size":"","ocean_post_title_height":0,"ocean_post_title_bg_overlay":0.5,"ocean_post_title_bg_overlay_color":"","ocean_disable_breadcrumbs":"default","ocean_breadcrumbs_color":"","ocean_breadcrumbs_separator_color":"","ocean_breadcrumbs_links_color":"","ocean_breadcrumbs_links_hover_color":"","ocean_display_footer_widgets":"default","ocean_display_footer_bottom":"default","ocean_custom_footer_template":"0","osh_disable_topbar_sticky":"default","osh_disable_header_sticky":"default","osh_sticky_header_style":"default","osh_sticky_header_effect":"","osh_custom_sticky_logo":0,"osh_custom_retina_sticky_logo":0,"osh_custom_sticky_logo_height":0,"osh_background_color":"","osh_links_color":"","osh_links_hover_color":"","osh_links_active_color":"","osh_links_bg_color":"","osh_links_hover_bg_color":"","osh_links_active_bg_color":"","osh_menu_social_links_color":"","osh_menu_social_hover_links_color":"","iawp_total_views":362},"product_brand":[],"product_cat":[147],"product_tag":[369,553,506,615,365],"class_list":{"0":"post-11926","1":"product","2":"type-product","3":"status-publish","4":"has-post-thumbnail","6":"product_cat-cbd-topskud1","7":"product_tag-cbd-buds-danmark","8":"product_tag-drivhus","9":"product_tag-the-tree-cbd","10":"product_tag-the-tree-cbd-buds","11":"product_tag-topskud-i-danmark","13":"entry","14":"has-media","16":"first","17":"instock","18":"taxable","19":"shipping-taxable","20":"purchasable","21":"product-type-variable","22":"has-default-attributes","23":"has-product-nav","24":"col","25":"span_1_of_4","26":"owp-content-center","27":"item-entry","28":"owp-thumbs-layout-vertical","29":"owp-btn-normal","30":"owp-tabs-layout-vertical","32":"circle-sale"},"_links":{"self":[{"href":"https:\/\/body-n-soul.com\/en\/wp-json\/wp\/v2\/product\/11926","targetHints":{"allow":["GET"]}}],"collection":[{"href":"https:\/\/body-n-soul.com\/en\/wp-json\/wp\/v2\/product"}],"about":[{"href":"https:\/\/body-n-soul.com\/en\/wp-json\/wp\/v2\/types\/product"}],"replies":[{"embeddable":true,"href":"https:\/\/body-n-soul.com\/en\/wp-json\/wp\/v2\/comments?post=11926"}],"wp:featuredmedia":[{"embeddable":true,"href":"https:\/\/body-n-soul.com\/en\/wp-json\/wp\/v2\/media\/11932"}],"wp:attachment":[{"href":"https:\/\/body-n-soul.com\/en\/wp-json\/wp\/v2\/media?parent=11926"}],"wp:term":[{"taxonomy":"product_brand","embeddable":true,"href":"https:\/\/body-n-soul.com\/en\/wp-json\/wp\/v2\/product_brand?post=11926"},{"taxonomy":"product_cat","embeddable":true,"href":"https:\/\/body-n-soul.com\/en\/wp-json\/wp\/v2\/product_cat?post=11926"},{"taxonomy":"product_tag","embeddable":true,"href":"https:\/\/body-n-soul.com\/en\/wp-json\/wp\/v2\/product_tag?post=11926"}],"curies":[{"name":"wp","href":"https:\/\/api.w.org\/{rel}","templated":true}]}}