{"id":11613,"date":"2021-08-28T16:43:48","date_gmt":"2021-08-28T14:43:48","guid":{"rendered":"https:\/\/body-n-soul.com\/?post_type=product&#038;p=11613"},"modified":"2024-12-25T05:23:44","modified_gmt":"2024-12-25T04:23:44","slug":"the-tree-cbd-sundae-driver-topskud","status":"publish","type":"product","link":"https:\/\/body-n-soul.com\/en\/the-tree-cbd-sundae-driver-topskud\/","title":{"rendered":"The Tree CBD Sundae Driver topskud &#8211; 22 % CBD (Indoor)"},"content":{"rendered":"<h2>The Tree CBD Sundae driver topskud<\/h2>\n<p>Lovlige marihuana topskud fra Sundae Driver CBD-stammen, lige nu, en af stammerne med den h\u00f8jeste m\u00e6ngde CBD, der findes p\u00e5 markedet.<\/p>\n<p>Udseende er glat og aromaen er s\u00f8d.<\/p>\n<p>Med dette topskud giver The Tree CBD dig en topvariant med udelukkende store buds. Til dig, der kun vil have det bedste af det bedste. Blomsten byder p\u00e5 en s\u00f8d, cremet, chokoladeagtig smag, med en let sukkerholdig og frugtig ud\u00e5nding. En aroma, der ligner en s\u00f8d dessert med stykker af chokolade &#8211; deraf navnet: Sundae.<\/p>\n<p>Sundae Driver har et t\u00e6t trichomed\u00e6ksel, n\u00e5r det er ordentligt dyrket og t\u00f8rret og h\u00e6rdet. Det er en blomst med frodige og l\u00e6kre farver. Takket v\u00e6re sin genetiske arv, indeholder den nuancer af forskellige farver s\u00e5som r\u00f8dlig, lilla og bl\u00e5lig. Det er virkelig smukke blomster at se p\u00e5, pr\u00f8v dem. Vi kan kun anbefale dem.<\/p>\n<p>Disse blomster kommer fra en krydsning mellem genetik certificeret af EU, dyrket indend\u00f8rs p\u00e5 en 100% \u00f8kologisk m\u00e5de, uden brug af tils\u00e6tningsstoffer eller pesticider af nogen art.<\/p>\n<p>Derudover kan du nyde dens krop og afslappende effekt takket v\u00e6re dens h\u00f8je niveauer af CBD, mellem 20% og 23%.<\/p>\n<p>Da de desuden indeholder mindre end 0,19% THC, er de fuldst\u00e6ndig lovlige i hele Europa, og har ingen psykoaktiv effekt af nogen art.<\/p>\n<h3>Karakteristika for The Tree CBD Sundae driver topskud<\/h3>\n<ul>\n<li>Hamp buds \/ blomster \/ topskud<\/li>\n<li>Dyrket indoor<\/li>\n<li>21% &#8211; 23% CBD<\/li>\n<li>Mindre end 0,20% THC<\/li>\n<li>Genetik: Original Amnesia x CBD Pura &#8211; EU certificerede fr\u00f8<\/li>\n<li>Sativa 60% Indica 40%<\/li>\n<li>Ingen psykoaktive effekter<\/li>\n<li>\u00d8kologisk dyrket<\/li>\n<li>GMO-fri<\/li>\n<li>Pesticidfri<\/li>\n<\/ul>\n<p>&nbsp;<\/p>\n<p>L\u00e6s mere on <a title=\"the tree cbd\" href=\"https:\/\/thetreecbd.com\/\" target=\"_blank\" rel=\"noopener\" data-schema-attribute=\"\">The tree cbd<\/a><\/p>\n<p>Tags: The Tree CBD Gelato topskud, legal cannabis og marihuana, k\u00f8b topskud i Danmark, Indica, Indoor<\/p>\n<p>&nbsp;<\/p>\n<p>Retur til <a title=\"CBD topskud\" href=\"\/cbd-topskud\/\" data-schema-attribute=\"\">CBD topskud<\/a><\/p>\n","protected":false},"excerpt":{"rendered":"<h2>The Tree CBD Sundae driver topskud<\/h2>\n<p>Blomsten byder p\u00e5 en s\u00f8d, cremet, chokoladeagtig smag, med en let sukkerholdig og frugtig ud\u00e5nding. En aroma, der ligner en s\u00f8d dessert med stykker af chokolade &#8211; deraf navnet: Sundae.<\/p>\n<h3>Karakteristika for The Tree CBD Sundae driver topskud<\/h3>\n<ul>\n<li>Hamp buds \/ blomster \/ topskud<\/li>\n<li>Dyrket\u00a0 indoor<\/li>\n<li>21% &#8211; 23% CBD<\/li>\n<li>Mindre end 0,20% THC<\/li>\n<li>Genetik: Original Amnesia x CBD Pura &#8211; EU certificerede fr\u00f8<\/li>\n<li>Sativa 60% Indica 40%<\/li>\n<li>Ingen psykoaktive effekter<\/li>\n<li>\u00d8kologisk dyrket<\/li>\n<li>GMO-fri<\/li>\n<li>Pesticidfri<\/li>\n<\/ul>\n<p>Retur til <a title=\"CBD topskud\" href=\"\/cbd-topskud\/\" data-schema-attribute=\"\">CBD topskud<\/a><\/p>\n","protected":false},"featured_media":11942,"comment_status":"open","ping_status":"closed","template":"","meta":{"ocean_post_layout":"","ocean_both_sidebars_style":"","ocean_both_sidebars_content_width":0,"ocean_both_sidebars_sidebars_width":0,"ocean_sidebar":"0","ocean_second_sidebar":"0","ocean_disable_margins":"enable","ocean_add_body_class":"","ocean_shortcode_before_top_bar":"","ocean_shortcode_after_top_bar":"","ocean_shortcode_before_header":"","ocean_shortcode_after_header":"","ocean_has_shortcode":"","ocean_shortcode_after_title":"","ocean_shortcode_before_footer_widgets":"","ocean_shortcode_after_footer_widgets":"","ocean_shortcode_before_footer_bottom":"","ocean_shortcode_after_footer_bottom":"","ocean_display_top_bar":"default","ocean_display_header":"default","ocean_header_style":"","ocean_center_header_left_menu":"0","ocean_custom_header_template":"0","ocean_custom_logo":0,"ocean_custom_retina_logo":0,"ocean_custom_logo_max_width":0,"ocean_custom_logo_tablet_max_width":0,"ocean_custom_logo_mobile_max_width":0,"ocean_custom_logo_max_height":0,"ocean_custom_logo_tablet_max_height":0,"ocean_custom_logo_mobile_max_height":0,"ocean_header_custom_menu":"0","ocean_menu_typo_font_family":"0","ocean_menu_typo_font_subset":"","ocean_menu_typo_font_size":0,"ocean_menu_typo_font_size_tablet":0,"ocean_menu_typo_font_size_mobile":0,"ocean_menu_typo_font_size_unit":"px","ocean_menu_typo_font_weight":"","ocean_menu_typo_font_weight_tablet":"","ocean_menu_typo_font_weight_mobile":"","ocean_menu_typo_transform":"","ocean_menu_typo_transform_tablet":"","ocean_menu_typo_transform_mobile":"","ocean_menu_typo_line_height":0,"ocean_menu_typo_line_height_tablet":0,"ocean_menu_typo_line_height_mobile":0,"ocean_menu_typo_line_height_unit":"","ocean_menu_typo_spacing":0,"ocean_menu_typo_spacing_tablet":0,"ocean_menu_typo_spacing_mobile":0,"ocean_menu_typo_spacing_unit":"","ocean_menu_link_color":"","ocean_menu_link_color_hover":"","ocean_menu_link_color_active":"","ocean_menu_link_background":"","ocean_menu_link_hover_background":"","ocean_menu_link_active_background":"","ocean_menu_social_links_bg":"","ocean_menu_social_hover_links_bg":"","ocean_menu_social_links_color":"","ocean_menu_social_hover_links_color":"","ocean_disable_title":"default","ocean_disable_heading":"default","ocean_post_title":"","ocean_post_subheading":"","ocean_post_title_style":"","ocean_post_title_background_color":"","ocean_post_title_background":0,"ocean_post_title_bg_image_position":"","ocean_post_title_bg_image_attachment":"","ocean_post_title_bg_image_repeat":"","ocean_post_title_bg_image_size":"","ocean_post_title_height":0,"ocean_post_title_bg_overlay":0.5,"ocean_post_title_bg_overlay_color":"","ocean_disable_breadcrumbs":"default","ocean_breadcrumbs_color":"","ocean_breadcrumbs_separator_color":"","ocean_breadcrumbs_links_color":"","ocean_breadcrumbs_links_hover_color":"","ocean_display_footer_widgets":"default","ocean_display_footer_bottom":"default","ocean_custom_footer_template":"0","osh_disable_topbar_sticky":"default","osh_disable_header_sticky":"default","osh_sticky_header_style":"default","osh_sticky_header_effect":"","osh_custom_sticky_logo":0,"osh_custom_retina_sticky_logo":0,"osh_custom_sticky_logo_height":0,"osh_background_color":"","osh_links_color":"","osh_links_hover_color":"","osh_links_active_color":"","osh_links_bg_color":"","osh_links_hover_bg_color":"","osh_links_active_bg_color":"","osh_menu_social_links_color":"","osh_menu_social_hover_links_color":"","iawp_total_views":261},"product_brand":[],"product_cat":[147],"product_tag":[369,553,506,615,365],"class_list":{"0":"post-11613","1":"product","2":"type-product","3":"status-publish","4":"has-post-thumbnail","6":"product_cat-cbd-topskud1","7":"product_tag-cbd-buds-danmark","8":"product_tag-drivhus","9":"product_tag-the-tree-cbd","10":"product_tag-the-tree-cbd-buds","11":"product_tag-topskud-i-danmark","13":"entry","14":"has-media","16":"first","17":"outofstock","18":"taxable","19":"shipping-taxable","20":"purchasable","21":"product-type-variable","22":"has-product-nav","23":"col","24":"span_1_of_4","25":"owp-content-center","26":"item-entry","27":"owp-thumbs-layout-vertical","28":"owp-btn-normal","29":"owp-tabs-layout-vertical","31":"circle-sale"},"_links":{"self":[{"href":"https:\/\/body-n-soul.com\/en\/wp-json\/wp\/v2\/product\/11613","targetHints":{"allow":["GET"]}}],"collection":[{"href":"https:\/\/body-n-soul.com\/en\/wp-json\/wp\/v2\/product"}],"about":[{"href":"https:\/\/body-n-soul.com\/en\/wp-json\/wp\/v2\/types\/product"}],"replies":[{"embeddable":true,"href":"https:\/\/body-n-soul.com\/en\/wp-json\/wp\/v2\/comments?post=11613"}],"wp:featuredmedia":[{"embeddable":true,"href":"https:\/\/body-n-soul.com\/en\/wp-json\/wp\/v2\/media\/11942"}],"wp:attachment":[{"href":"https:\/\/body-n-soul.com\/en\/wp-json\/wp\/v2\/media?parent=11613"}],"wp:term":[{"taxonomy":"product_brand","embeddable":true,"href":"https:\/\/body-n-soul.com\/en\/wp-json\/wp\/v2\/product_brand?post=11613"},{"taxonomy":"product_cat","embeddable":true,"href":"https:\/\/body-n-soul.com\/en\/wp-json\/wp\/v2\/product_cat?post=11613"},{"taxonomy":"product_tag","embeddable":true,"href":"https:\/\/body-n-soul.com\/en\/wp-json\/wp\/v2\/product_tag?post=11613"}],"curies":[{"name":"wp","href":"https:\/\/api.w.org\/{rel}","templated":true}]}}