{"id":10630,"date":"2021-06-20T00:37:24","date_gmt":"2021-06-19T22:37:24","guid":{"rendered":"https:\/\/body-n-soul.com\/?post_type=product&#038;p=10630"},"modified":"2025-05-09T11:20:10","modified_gmt":"2025-05-09T09:20:10","slug":"the-tree-cbd-pistachio-topskud-indoor","status":"publish","type":"product","link":"https:\/\/body-n-soul.com\/en\/the-tree-cbd-pistachio-topskud-indoor\/","title":{"rendered":"The Tree CBD Pistachio topskud &#8211; 22% CBD (Indoor)"},"content":{"rendered":"<h2>The Tree CBD Pistachio topskud &#8211; indoor<\/h2>\n<p>The Tree CBD giver dig de lovlige marihuana topskud af Pistachio-sorten lige nu Dette er en af de stammer med den h\u00f8jeste m\u00e6ngde CBD, der findes p\u00e5 markedet.<\/p>\n<p>Disse blomster kommer fra en genetisk krydsning mellem Original Zkittles x Carma\u00f1ola x Futura x Harlequin. De dyrket indend\u00f8rs 100% naturligt uden brug af tils\u00e6tningsstoffer eller pesticider af nogen art.<\/p>\n<h3>Det mest eksotiske udseende og duft<\/h3>\n<p>The Tree CBD Pistachio topskud er en af \u200b\u200bde sorter, der indeholder en eksotisk, t\u00f8r og s\u00f8d og sur smag &#8211; ja det lyder m\u00e6rligt men den er god nok. Og hvordan beskriver man egentlig en smag.<\/p>\n<p>Blomsterne er kompakte og frodige og har en m\u00f8rkegr\u00f8n nuance med nogle brune og lilla toner.\u00a0 De minder om pistacion\u00f8d som er gr\u00f8n og lilla p\u00e5 indersiden og brun p\u00e5 ydersiden. Hvis du kan lide n\u00f8dder, er dette din sort, fordi den har en t\u00f8r og bitters\u00f8d aroma, der minder om pistacienes smag &#8211; gode n\u00f8dder.<\/p>\n<h3>CBD l\u00e6kker<\/h3>\n<p>Denne blomst er en af \u200b\u200bdem, der indeholder det h\u00f8jeste niveau af CBD. Af denne grund, hvis du pr\u00f8ver The Tree CBD Pistachio topskud, vil du kunne se dens afslappende effekt takket v\u00e6re dens h\u00f8je niveauer af CBD &#8211; typisk mellem 20% og 23%.<\/p>\n<p>Da de desuden indeholder mindre end 0,19% THC, er de fuldst\u00e6ndig lovlige i hele Europa og har ingen psykoaktiv effekt af nogen art.<\/p>\n<h4><\/h4>\n<h3>Karakteristika for The Tree CBD Pistachio topskud<\/h3>\n<ul>\n<li>Hamp topskud \/ flowers \/ buds<\/li>\n<li>Dyrket indoor \/ indend\u00f8rs<\/li>\n<li>Mindre end 0,19% THC<\/li>\n<li>Fra 20% til 23% CBD<\/li>\n<li>Genetik: Original Zkittles x Carma\u00f1ola x Futura x Harlequin<\/li>\n<li>Ingen psykoaktive effekter<\/li>\n<li>\u00d8kologisk dyrket<\/li>\n<li>GMO-fri<\/li>\n<li>Pesticidfri<\/li>\n<\/ul>\n<p>L\u00e6s mere on <a title=\"the tree cbd\" href=\"https:\/\/thetreecbd.com\/\" target=\"_blank\" rel=\"noopener\" data-schema-attribute=\"\">The tree cbd<\/a><\/p>\n<p>Tags: The Tree CBD Pistachio topskud, legal cannabis, k\u00f8b topskud i Danmark, Indica, Indoor, lovlige marihuana topskud<\/p>\n","protected":false},"excerpt":{"rendered":"<h3>The Tree CBD Pistachio topskud<\/h3>\n<ul>\n<li>Hamp topskud \/ flowers \/ buds<\/li>\n<li>Dyrket indoor \/ indend\u00f8rs<\/li>\n<li>Mindre end 0,19% THC<\/li>\n<li>Fra 20% til 23% CBD<\/li>\n<li>Genetik: Original Zkittles x Carma\u00f1ola x Futura x Harlequin<\/li>\n<li>Ingen psykoaktive effekter<\/li>\n<li>\u00d8kologisk dyrket<\/li>\n<li>GMO-fri<\/li>\n<li>Pesticidfri<\/li>\n<\/ul>\n","protected":false},"featured_media":10634,"comment_status":"open","ping_status":"closed","template":"","meta":{"ocean_post_layout":"","ocean_both_sidebars_style":"","ocean_both_sidebars_content_width":0,"ocean_both_sidebars_sidebars_width":0,"ocean_sidebar":"0","ocean_second_sidebar":"0","ocean_disable_margins":"enable","ocean_add_body_class":"","ocean_shortcode_before_top_bar":"","ocean_shortcode_after_top_bar":"","ocean_shortcode_before_header":"","ocean_shortcode_after_header":"","ocean_has_shortcode":"","ocean_shortcode_after_title":"","ocean_shortcode_before_footer_widgets":"","ocean_shortcode_after_footer_widgets":"","ocean_shortcode_before_footer_bottom":"","ocean_shortcode_after_footer_bottom":"","ocean_display_top_bar":"default","ocean_display_header":"default","ocean_header_style":"","ocean_center_header_left_menu":"0","ocean_custom_header_template":"0","ocean_custom_logo":0,"ocean_custom_retina_logo":0,"ocean_custom_logo_max_width":0,"ocean_custom_logo_tablet_max_width":0,"ocean_custom_logo_mobile_max_width":0,"ocean_custom_logo_max_height":0,"ocean_custom_logo_tablet_max_height":0,"ocean_custom_logo_mobile_max_height":0,"ocean_header_custom_menu":"0","ocean_menu_typo_font_family":"0","ocean_menu_typo_font_subset":"","ocean_menu_typo_font_size":0,"ocean_menu_typo_font_size_tablet":0,"ocean_menu_typo_font_size_mobile":0,"ocean_menu_typo_font_size_unit":"px","ocean_menu_typo_font_weight":"","ocean_menu_typo_font_weight_tablet":"","ocean_menu_typo_font_weight_mobile":"","ocean_menu_typo_transform":"","ocean_menu_typo_transform_tablet":"","ocean_menu_typo_transform_mobile":"","ocean_menu_typo_line_height":0,"ocean_menu_typo_line_height_tablet":0,"ocean_menu_typo_line_height_mobile":0,"ocean_menu_typo_line_height_unit":"","ocean_menu_typo_spacing":0,"ocean_menu_typo_spacing_tablet":0,"ocean_menu_typo_spacing_mobile":0,"ocean_menu_typo_spacing_unit":"","ocean_menu_link_color":"","ocean_menu_link_color_hover":"","ocean_menu_link_color_active":"","ocean_menu_link_background":"","ocean_menu_link_hover_background":"","ocean_menu_link_active_background":"","ocean_menu_social_links_bg":"","ocean_menu_social_hover_links_bg":"","ocean_menu_social_links_color":"","ocean_menu_social_hover_links_color":"","ocean_disable_title":"default","ocean_disable_heading":"default","ocean_post_title":"","ocean_post_subheading":"","ocean_post_title_style":"","ocean_post_title_background_color":"","ocean_post_title_background":0,"ocean_post_title_bg_image_position":"","ocean_post_title_bg_image_attachment":"","ocean_post_title_bg_image_repeat":"","ocean_post_title_bg_image_size":"","ocean_post_title_height":0,"ocean_post_title_bg_overlay":0.5,"ocean_post_title_bg_overlay_color":"","ocean_disable_breadcrumbs":"default","ocean_breadcrumbs_color":"","ocean_breadcrumbs_separator_color":"","ocean_breadcrumbs_links_color":"","ocean_breadcrumbs_links_hover_color":"","ocean_display_footer_widgets":"default","ocean_display_footer_bottom":"default","ocean_custom_footer_template":"0","osh_disable_topbar_sticky":"default","osh_disable_header_sticky":"default","osh_sticky_header_style":"default","osh_sticky_header_effect":"","osh_custom_sticky_logo":0,"osh_custom_retina_sticky_logo":0,"osh_custom_sticky_logo_height":0,"osh_background_color":"","osh_links_color":"","osh_links_hover_color":"","osh_links_active_color":"","osh_links_bg_color":"","osh_links_hover_bg_color":"","osh_links_active_bg_color":"","osh_menu_social_links_color":"","osh_menu_social_hover_links_color":"","iawp_total_views":283},"product_brand":[],"product_cat":[147],"product_tag":[369,506,615],"class_list":{"0":"post-10630","1":"product","2":"type-product","3":"status-publish","4":"has-post-thumbnail","6":"product_cat-cbd-topskud1","7":"product_tag-cbd-buds-danmark","8":"product_tag-the-tree-cbd","9":"product_tag-the-tree-cbd-buds","11":"entry","12":"has-media","14":"first","15":"instock","16":"taxable","17":"shipping-taxable","18":"purchasable","19":"product-type-variable","20":"has-default-attributes","21":"has-rating","22":"has-product-nav","23":"col","24":"span_1_of_4","25":"owp-content-center","26":"item-entry","27":"owp-thumbs-layout-vertical","28":"owp-btn-normal","29":"owp-tabs-layout-vertical","31":"circle-sale"},"_links":{"self":[{"href":"https:\/\/body-n-soul.com\/en\/wp-json\/wp\/v2\/product\/10630","targetHints":{"allow":["GET"]}}],"collection":[{"href":"https:\/\/body-n-soul.com\/en\/wp-json\/wp\/v2\/product"}],"about":[{"href":"https:\/\/body-n-soul.com\/en\/wp-json\/wp\/v2\/types\/product"}],"replies":[{"embeddable":true,"href":"https:\/\/body-n-soul.com\/en\/wp-json\/wp\/v2\/comments?post=10630"}],"wp:featuredmedia":[{"embeddable":true,"href":"https:\/\/body-n-soul.com\/en\/wp-json\/wp\/v2\/media\/10634"}],"wp:attachment":[{"href":"https:\/\/body-n-soul.com\/en\/wp-json\/wp\/v2\/media?parent=10630"}],"wp:term":[{"taxonomy":"product_brand","embeddable":true,"href":"https:\/\/body-n-soul.com\/en\/wp-json\/wp\/v2\/product_brand?post=10630"},{"taxonomy":"product_cat","embeddable":true,"href":"https:\/\/body-n-soul.com\/en\/wp-json\/wp\/v2\/product_cat?post=10630"},{"taxonomy":"product_tag","embeddable":true,"href":"https:\/\/body-n-soul.com\/en\/wp-json\/wp\/v2\/product_tag?post=10630"}],"curies":[{"name":"wp","href":"https:\/\/api.w.org\/{rel}","templated":true}]}}