{"id":10622,"date":"2021-06-19T23:31:22","date_gmt":"2021-06-19T21:31:22","guid":{"rendered":"https:\/\/body-n-soul.com\/?post_type=product&#038;p=10622"},"modified":"2026-02-03T21:53:49","modified_gmt":"2026-02-03T20:53:49","slug":"the-tree-cbd-zkittlez-topskud-indoor","status":"publish","type":"product","link":"https:\/\/body-n-soul.com\/en\/the-tree-cbd-zkittlez-topskud-indoor\/","title":{"rendered":"The Tree CBD Zkittlez topskud &#8211; 26% CBD (Indoor)"},"content":{"rendered":"<h2>The Tree CBD Zkittlez topskud \u2013 indoor<\/h2>\n<p>The Tree CBD giver dig Zkittlez CBD legal marihuana topskud, en blomst med en helt unik genetik i Europa.<\/p>\n<p>Disse CBD blomster kommer fra en dominerende indica hybrid genetik, en blanding af Grape Ape og Grapefruit, krydset med Delta Llosa. Resultatet er enest\u00e5ende og genetikken er certificeret af Den Europ\u00e6iske Union (EU).<\/p>\n<h3>Here we go\u2026<\/h3>\n<p>De tykke knopper eksploderer i et spektrum af lysegr\u00f8nne nuancer og afgiver en s\u00f8d, tropisk blanding af frugtsmag.<\/p>\n<p>Virkningerne af The Tree CBD Zkittlez CBD er afslappende og efterlader dig fokuseret og glad, mens du hj\u00e6lper kroppen med at slappe af. Kan bruges n\u00e5r som helst p\u00e5 dagen.<\/p>\n<p>Det har en meget let smag, der ikke kradser i halsen, mens du ryger, og en st\u00e6rk, men s\u00f8d lugt. Og nu som sommeren kommer, er den den perfekte f\u00f8lgesvend til dine sommern\u00e6tter med sin afslappende effekt takket v\u00e6re dens 26,96% CBD.<\/p>\n<h3>En l\u00e6kker model<\/h3>\n<p>Visuelt repr\u00e6senterer denne blomst generelt cannabis-arketypen indica. T\u00e6tte, runde eller koniske lysegr\u00f8nne knopper med orange h\u00e5r, br\u00e6ndt skorpet i et tykt lag trichomer med blomster, der har tendens til at v\u00e6re mere kl\u00e6brige og meget aromatiske.<\/p>\n<p>Derudover dyrkes denne sort 100% naturligt og i indend\u00f8rs dyrkning uden brug af tils\u00e6tningsstoffer eller pesticider af nogen art.<\/p>\n<p>Da de desuden indeholder mindre end 0,20% THC, er de fuldst\u00e6ndig lovlige i hele Europa og har ingen psykoaktiv effekt af nogen art.<\/p>\n<h3><\/h3>\n<h3>Karakteristika for The Tree CBD Zkittlez topskud<\/h3>\n<ul>\n<li>Hamp buds \/ blomster \/ topskud<\/li>\n<li>Dyrket indend\u00f8rs \/ indoor<\/li>\n<li>26,96% CBD<\/li>\n<li>Mindre end 0,20% THC<\/li>\n<li>Genetik: Grape Ape x Grapefrugt x Delta Llosa<\/li>\n<li>Dominant indica<\/li>\n<li>Ingen psykoaktive effekter<\/li>\n<li>\u00d8kologisk dyrket<\/li>\n<li>GMO-fri<\/li>\n<li>Pesticidfri<\/li>\n<\/ul>\n<p>L\u00e6s mere on\u00a0<a title=\"the tree cbd\" href=\"http:\/\/web.archive.org\/web\/20230930184702\/https:\/\/thetreecbd.com\/\" target=\"_blank\" rel=\"noopener\" data-schema-attribute=\"\">The tree cbd<\/a><\/p>\n<p>Tags: The Tree CBD Zkittlez topskud, legal cannabis, k\u00f8b topskud i Danmark, Indica, Indoor<\/p>\n","protected":false},"excerpt":{"rendered":"<h2>The Tree CBD Zkittlez topskud<\/h2>\n<h3>Karakteristika ved The Tree CBD Zkittlez topskud \u2013 Indoor:<\/h3>\n<ul>\n<li>Hamp buds \/ blomster \/ topskud<\/li>\n<li>Dyrket indoor \/ indend\u00f8rs<\/li>\n<li>26,96% CBD<\/li>\n<li>Mindre end 0,20% THC<\/li>\n<li>Genetik: Grape Ape x Grapefrugt x Delta Llosa<\/li>\n<li>Dominant indica<\/li>\n<li>Ingen psykoaktive effekter<\/li>\n<li>\u00d8kologisk dyrket<\/li>\n<li>GMO-fri<\/li>\n<li>Pesticidfri<\/li>\n<\/ul>\n<p>Retur til\u00a0<a title=\"CBD topskud\" href=\"http:\/\/web.archive.org\/web\/20230930184702\/https:\/\/body-n-soul.dk\/cbd-topskud\/\" data-schema-attribute=\"\">CBD topskud<\/a><\/p>\n","protected":false},"featured_media":10627,"comment_status":"open","ping_status":"closed","template":"","meta":{"ocean_post_layout":"","ocean_both_sidebars_style":"","ocean_both_sidebars_content_width":0,"ocean_both_sidebars_sidebars_width":0,"ocean_sidebar":"0","ocean_second_sidebar":"0","ocean_disable_margins":"enable","ocean_add_body_class":"","ocean_shortcode_before_top_bar":"","ocean_shortcode_after_top_bar":"","ocean_shortcode_before_header":"","ocean_shortcode_after_header":"","ocean_has_shortcode":"","ocean_shortcode_after_title":"","ocean_shortcode_before_footer_widgets":"","ocean_shortcode_after_footer_widgets":"","ocean_shortcode_before_footer_bottom":"","ocean_shortcode_after_footer_bottom":"","ocean_display_top_bar":"default","ocean_display_header":"default","ocean_header_style":"","ocean_center_header_left_menu":"0","ocean_custom_header_template":"0","ocean_custom_logo":0,"ocean_custom_retina_logo":0,"ocean_custom_logo_max_width":0,"ocean_custom_logo_tablet_max_width":0,"ocean_custom_logo_mobile_max_width":0,"ocean_custom_logo_max_height":0,"ocean_custom_logo_tablet_max_height":0,"ocean_custom_logo_mobile_max_height":0,"ocean_header_custom_menu":"0","ocean_menu_typo_font_family":"0","ocean_menu_typo_font_subset":"","ocean_menu_typo_font_size":0,"ocean_menu_typo_font_size_tablet":0,"ocean_menu_typo_font_size_mobile":0,"ocean_menu_typo_font_size_unit":"px","ocean_menu_typo_font_weight":"","ocean_menu_typo_font_weight_tablet":"","ocean_menu_typo_font_weight_mobile":"","ocean_menu_typo_transform":"","ocean_menu_typo_transform_tablet":"","ocean_menu_typo_transform_mobile":"","ocean_menu_typo_line_height":0,"ocean_menu_typo_line_height_tablet":0,"ocean_menu_typo_line_height_mobile":0,"ocean_menu_typo_line_height_unit":"","ocean_menu_typo_spacing":0,"ocean_menu_typo_spacing_tablet":0,"ocean_menu_typo_spacing_mobile":0,"ocean_menu_typo_spacing_unit":"","ocean_menu_link_color":"","ocean_menu_link_color_hover":"","ocean_menu_link_color_active":"","ocean_menu_link_background":"","ocean_menu_link_hover_background":"","ocean_menu_link_active_background":"","ocean_menu_social_links_bg":"","ocean_menu_social_hover_links_bg":"","ocean_menu_social_links_color":"","ocean_menu_social_hover_links_color":"","ocean_disable_title":"default","ocean_disable_heading":"default","ocean_post_title":"","ocean_post_subheading":"","ocean_post_title_style":"","ocean_post_title_background_color":"","ocean_post_title_background":0,"ocean_post_title_bg_image_position":"","ocean_post_title_bg_image_attachment":"","ocean_post_title_bg_image_repeat":"","ocean_post_title_bg_image_size":"","ocean_post_title_height":0,"ocean_post_title_bg_overlay":0.5,"ocean_post_title_bg_overlay_color":"","ocean_disable_breadcrumbs":"default","ocean_breadcrumbs_color":"","ocean_breadcrumbs_separator_color":"","ocean_breadcrumbs_links_color":"","ocean_breadcrumbs_links_hover_color":"","ocean_display_footer_widgets":"default","ocean_display_footer_bottom":"default","ocean_custom_footer_template":"0","osh_disable_topbar_sticky":"default","osh_disable_header_sticky":"default","osh_sticky_header_style":"default","osh_sticky_header_effect":"","osh_custom_sticky_logo":0,"osh_custom_retina_sticky_logo":0,"osh_custom_sticky_logo_height":0,"osh_background_color":"","osh_links_color":"","osh_links_hover_color":"","osh_links_active_color":"","osh_links_bg_color":"","osh_links_hover_bg_color":"","osh_links_active_bg_color":"","osh_menu_social_links_color":"","osh_menu_social_hover_links_color":"","iawp_total_views":863},"product_brand":[],"product_cat":[147],"product_tag":[369,507,506,615],"class_list":{"0":"post-10622","1":"product","2":"type-product","3":"status-publish","4":"has-post-thumbnail","6":"product_cat-cbd-topskud1","7":"product_tag-cbd-buds-danmark","8":"product_tag-indoor","9":"product_tag-the-tree-cbd","10":"product_tag-the-tree-cbd-buds","12":"entry","13":"has-media","15":"first","16":"instock","17":"taxable","18":"shipping-taxable","19":"purchasable","20":"product-type-variable","21":"has-default-attributes","22":"has-rating","23":"has-product-nav","24":"col","25":"span_1_of_4","26":"owp-content-center","27":"item-entry","28":"owp-thumbs-layout-vertical","29":"owp-btn-normal","30":"owp-tabs-layout-vertical","32":"circle-sale"},"_links":{"self":[{"href":"https:\/\/body-n-soul.com\/en\/wp-json\/wp\/v2\/product\/10622","targetHints":{"allow":["GET"]}}],"collection":[{"href":"https:\/\/body-n-soul.com\/en\/wp-json\/wp\/v2\/product"}],"about":[{"href":"https:\/\/body-n-soul.com\/en\/wp-json\/wp\/v2\/types\/product"}],"replies":[{"embeddable":true,"href":"https:\/\/body-n-soul.com\/en\/wp-json\/wp\/v2\/comments?post=10622"}],"wp:featuredmedia":[{"embeddable":true,"href":"https:\/\/body-n-soul.com\/en\/wp-json\/wp\/v2\/media\/10627"}],"wp:attachment":[{"href":"https:\/\/body-n-soul.com\/en\/wp-json\/wp\/v2\/media?parent=10622"}],"wp:term":[{"taxonomy":"product_brand","embeddable":true,"href":"https:\/\/body-n-soul.com\/en\/wp-json\/wp\/v2\/product_brand?post=10622"},{"taxonomy":"product_cat","embeddable":true,"href":"https:\/\/body-n-soul.com\/en\/wp-json\/wp\/v2\/product_cat?post=10622"},{"taxonomy":"product_tag","embeddable":true,"href":"https:\/\/body-n-soul.com\/en\/wp-json\/wp\/v2\/product_tag?post=10622"}],"curies":[{"name":"wp","href":"https:\/\/api.w.org\/{rel}","templated":true}]}}