{"id":9971,"date":"2021-04-21T12:11:53","date_gmt":"2021-04-21T10:11:53","guid":{"rendered":"https:\/\/body-n-soul.com\/?post_type=product&#038;p=9971"},"modified":"2023-08-09T08:24:50","modified_gmt":"2023-08-09T06:24:50","slug":"annabis-arthrocann-gel-med-cbd","status":"publish","type":"product","link":"https:\/\/body-n-soul.com\/de\/produkt\/annabis-arthrocann-gel-med-cbd\/","title":{"rendered":"Annabis Arthrocann Gel med CBD &#8211; 75 ml"},"content":{"rendered":"<h2>Annabis arthrocann Gel<\/h2>\n<p><span class=\"VIiyi\" lang=\"da\"><span class=\"JLqJ4b\" data-language-for-alternatives=\"da\" data-language-to-translate-into=\"es\" data-phrase-index=\"0\">Hamp og <em>kolloids\u00f8lvbaseret massagegel<\/em> der giver en beroligende, afslappende og forfriskende fornemmelse ved at massere det \u00f8nskede omr\u00e5de. <\/span><\/span><\/p>\n<p><span class=\"VIiyi\" lang=\"da\"><span class=\"JLqJ4b\" data-language-for-alternatives=\"da\" data-language-to-translate-into=\"es\" data-phrase-index=\"0\"><strong>ARTHROCANN<\/strong> er en cannabisgel, der er specielt beregnet til massage og lindring af ubehag i muskler og led. <\/span><\/span><\/p>\n<p><span class=\"VIiyi\" lang=\"da\"><span class=\"JLqJ4b\" data-language-for-alternatives=\"da\" data-language-to-translate-into=\"es\" data-phrase-index=\"0\">Den er baseret p\u00e5 cannabisfr\u00f8olie, beriget med Omega 3-6 um\u00e6ttede fedtsyrer og kombineret med op til 10 naturlige antiinflammatoriske aktive ingredienser.\u00a0 Dette giver en \u00f8jeblikkelig beroligende og afslappende effektn\u00e5r cremen masseres ind p\u00e5 det \u00f8nskede \u00f8mme omr\u00e5de. <\/span><\/span><\/p>\n<p><span class=\"VIiyi\" lang=\"da\"><span class=\"JLqJ4b\" data-language-for-alternatives=\"da\" data-language-to-translate-into=\"es\" data-phrase-index=\"0\">Takket v\u00e6re den let absorberede vandige geltekstur giver den en behagelig p\u00e5f\u00f8ring og en tonende fornemmelse n\u00e5r som helst p\u00e5 dagen uden at efterlade spor. <\/span><\/span><\/p>\n<p><span class=\"VIiyi\" lang=\"da\"><span class=\"JLqJ4b\" data-language-for-alternatives=\"da\" data-language-to-translate-into=\"es\" data-phrase-index=\"0\">En ideel vegansk gel til b\u00e5de en naturlig lindring af ubehag fra daglige vores dag til dag, s\u00e5som kontrakturer, eller til at p\u00e5f\u00f8re f\u00f8r og efter at have dyrket sport for at forhindre mulige skader. <\/span><\/span><\/p>\n<p><span class=\"VIiyi\" lang=\"da\"><span class=\"JLqJ4b\" data-language-for-alternatives=\"da\" data-language-to-translate-into=\"es\" data-phrase-index=\"0\">Ogs\u00e5 tilg\u00e6ngelig som\u00a0 <strong><a title=\"Arthrocann Varmegel med CBD\" href=\"\/annabis-arthrocann-varmegel-med-cbd\/\" data-schema-attribute=\"\">Arthrocann Varmegel med CBD<\/a><\/strong>\u00a0 gel med varmeeffekt til dem, der har brug for en mere intens muskelaflastning eller som en sports forvarmningsgel.<\/span><\/span><\/p>\n<p>&nbsp;<\/p>\n<p>Annabis arthrocann Gel for dit velv\u00e6re.<\/p>\n<p>&nbsp;<\/p>\n<p>Annabis arthrocann Gel fremstilles af <a title=\"Annabis Hemp products\" href=\"https:\/\/www.annabishemp.com\/annabis-hemp-products-about-us\/\" data-schema-attribute=\"\" target=\"_blank\" rel=\"noopener\">Annabis Hemp products<\/a> der har mange \u00e5rs erfaring med fremstillig af hampbaserede kosmetiske produkter. Deres ekspertise er din sikkerhed for produkter af h\u00f8j kvalitet.<\/p>\n<p>&nbsp;<\/p>\n<p>&nbsp;<\/p>\n<p><a title=\"Tilbage til Helse\" href=\"\/helse\/\" data-schema-attribute=\"\">Tilbage til Helse<\/a><\/p>\n","protected":false},"excerpt":{"rendered":"<p>Annabis arthrocann Gel er en h<span class=\"VIiyi\" lang=\"da\"><span class=\"JLqJ4b\" data-language-for-alternatives=\"da\" data-language-to-translate-into=\"es\" data-phrase-index=\"0\">amp og kolloids\u00f8lvbaseret massagegel der giver en beroligende, afslappende og forfriskende fornemmelse ved at massere det \u00f8nskede omr\u00e5de. <\/span><\/span><\/p>\n<p>Tr\u00e6nger nemt ind i huden og overlader ingen fedtet eller olieret overflade.<\/p>\n<p>Et vegansk produkt.<\/p>\n<p>Indeholder: 75 ml.<\/p>\n<p>&nbsp;<\/p>\n<p><a title=\"Tilbage til Helse\" href=\"\/helse\/\" data-schema-attribute=\"\">Tilbage til Helse<\/a><\/p>\n","protected":false},"featured_media":9972,"comment_status":"open","ping_status":"closed","template":"","meta":{"ocean_post_layout":"","ocean_both_sidebars_style":"","ocean_both_sidebars_content_width":0,"ocean_both_sidebars_sidebars_width":0,"ocean_sidebar":"0","ocean_second_sidebar":"0","ocean_disable_margins":"enable","ocean_add_body_class":"","ocean_shortcode_before_top_bar":"","ocean_shortcode_after_top_bar":"","ocean_shortcode_before_header":"","ocean_shortcode_after_header":"","ocean_has_shortcode":"","ocean_shortcode_after_title":"","ocean_shortcode_before_footer_widgets":"","ocean_shortcode_after_footer_widgets":"","ocean_shortcode_before_footer_bottom":"","ocean_shortcode_after_footer_bottom":"","ocean_display_top_bar":"default","ocean_display_header":"default","ocean_header_style":"","ocean_center_header_left_menu":"0","ocean_custom_header_template":"0","ocean_custom_logo":0,"ocean_custom_retina_logo":0,"ocean_custom_logo_max_width":0,"ocean_custom_logo_tablet_max_width":0,"ocean_custom_logo_mobile_max_width":0,"ocean_custom_logo_max_height":0,"ocean_custom_logo_tablet_max_height":0,"ocean_custom_logo_mobile_max_height":0,"ocean_header_custom_menu":"0","ocean_menu_typo_font_family":"0","ocean_menu_typo_font_subset":"","ocean_menu_typo_font_size":0,"ocean_menu_typo_font_size_tablet":0,"ocean_menu_typo_font_size_mobile":0,"ocean_menu_typo_font_size_unit":"px","ocean_menu_typo_font_weight":"","ocean_menu_typo_font_weight_tablet":"","ocean_menu_typo_font_weight_mobile":"","ocean_menu_typo_transform":"","ocean_menu_typo_transform_tablet":"","ocean_menu_typo_transform_mobile":"","ocean_menu_typo_line_height":0,"ocean_menu_typo_line_height_tablet":0,"ocean_menu_typo_line_height_mobile":0,"ocean_menu_typo_line_height_unit":"","ocean_menu_typo_spacing":0,"ocean_menu_typo_spacing_tablet":0,"ocean_menu_typo_spacing_mobile":0,"ocean_menu_typo_spacing_unit":"","ocean_menu_link_color":"","ocean_menu_link_color_hover":"","ocean_menu_link_color_active":"","ocean_menu_link_background":"","ocean_menu_link_hover_background":"","ocean_menu_link_active_background":"","ocean_menu_social_links_bg":"","ocean_menu_social_hover_links_bg":"","ocean_menu_social_links_color":"","ocean_menu_social_hover_links_color":"","ocean_disable_title":"default","ocean_disable_heading":"default","ocean_post_title":"","ocean_post_subheading":"","ocean_post_title_style":"","ocean_post_title_background_color":"","ocean_post_title_background":0,"ocean_post_title_bg_image_position":"","ocean_post_title_bg_image_attachment":"","ocean_post_title_bg_image_repeat":"","ocean_post_title_bg_image_size":"","ocean_post_title_height":0,"ocean_post_title_bg_overlay":0.5,"ocean_post_title_bg_overlay_color":"","ocean_disable_breadcrumbs":"default","ocean_breadcrumbs_color":"","ocean_breadcrumbs_separator_color":"","ocean_breadcrumbs_links_color":"","ocean_breadcrumbs_links_hover_color":"","ocean_display_footer_widgets":"default","ocean_display_footer_bottom":"default","ocean_custom_footer_template":"0","osh_disable_topbar_sticky":"default","osh_disable_header_sticky":"default","osh_sticky_header_style":"default","osh_sticky_header_effect":"","osh_custom_sticky_logo":0,"osh_custom_retina_sticky_logo":0,"osh_custom_sticky_logo_height":0,"osh_background_color":"","osh_links_color":"","osh_links_hover_color":"","osh_links_active_color":"","osh_links_bg_color":"","osh_links_hover_bg_color":"","osh_links_active_bg_color":"","osh_menu_social_links_color":"","osh_menu_social_hover_links_color":"","iawp_total_views":149},"product_brand":[],"product_cat":[321,59,596,94],"product_tag":[390,391,531,389],"class_list":{"0":"post-9971","1":"product","2":"type-product","3":"status-publish","4":"has-post-thumbnail","6":"product_cat-smertelindring","7":"product_cat-cbd","8":"product_cat-cremer-og-kosmetik-med-cbd","9":"product_cat-body","10":"product_tag-annabis","11":"product_tag-arthrocann","12":"product_tag-kolloidsoelv","13":"product_tag-massage-gel","15":"entry","16":"has-media","18":"first","19":"outofstock","20":"taxable","21":"shipping-taxable","22":"purchasable","23":"product-type-simple","24":"has-product-nav","25":"col","26":"span_1_of_4","27":"owp-content-center","28":"item-entry","29":"owp-thumbs-layout-vertical","30":"owp-btn-normal","31":"owp-tabs-layout-vertical","32":"has-no-thumbnails","34":"circle-sale"},"_links":{"self":[{"href":"https:\/\/body-n-soul.com\/de\/wp-json\/wp\/v2\/product\/9971","targetHints":{"allow":["GET"]}}],"collection":[{"href":"https:\/\/body-n-soul.com\/de\/wp-json\/wp\/v2\/product"}],"about":[{"href":"https:\/\/body-n-soul.com\/de\/wp-json\/wp\/v2\/types\/product"}],"replies":[{"embeddable":true,"href":"https:\/\/body-n-soul.com\/de\/wp-json\/wp\/v2\/comments?post=9971"}],"wp:featuredmedia":[{"embeddable":true,"href":"https:\/\/body-n-soul.com\/de\/wp-json\/wp\/v2\/media\/9972"}],"wp:attachment":[{"href":"https:\/\/body-n-soul.com\/de\/wp-json\/wp\/v2\/media?parent=9971"}],"wp:term":[{"taxonomy":"product_brand","embeddable":true,"href":"https:\/\/body-n-soul.com\/de\/wp-json\/wp\/v2\/product_brand?post=9971"},{"taxonomy":"product_cat","embeddable":true,"href":"https:\/\/body-n-soul.com\/de\/wp-json\/wp\/v2\/product_cat?post=9971"},{"taxonomy":"product_tag","embeddable":true,"href":"https:\/\/body-n-soul.com\/de\/wp-json\/wp\/v2\/product_tag?post=9971"}],"curies":[{"name":"wp","href":"https:\/\/api.w.org\/{rel}","templated":true}]}}