{"id":9935,"date":"2021-04-10T13:12:56","date_gmt":"2021-04-10T11:12:56","guid":{"rendered":"https:\/\/body-n-soul.com\/?post_type=product&#038;p=9935"},"modified":"2024-11-11T20:36:13","modified_gmt":"2024-11-11T19:36:13","slug":"fatal-cbg-topskud-white-20-cbg","status":"publish","type":"product","link":"https:\/\/body-n-soul.com\/de\/produkt\/fatal-cbg-topskud-white-20-cbg\/","title":{"rendered":"Fatal CBG topskud White &#8211; 20% CBG"},"content":{"rendered":"<h2>Fatal CBG topskud White<\/h2>\n<p><span class=\"VIiyi\" lang=\"da\"><span class=\"JLqJ4b\" data-language-for-alternatives=\"da\" data-language-to-translate-into=\"es\" data-phrase-index=\"0\">Fatal eller White CBG er den f\u00f8rste Cannabis-lette stamme med Cannabigerol (CBG) der er ophav til alle andre Cannabinoider. <\/span><\/span><\/p>\n<p><span class=\"VIiyi\" lang=\"da\"><span class=\"JLqJ4b\" data-language-for-alternatives=\"da\" data-language-to-translate-into=\"es\" data-phrase-index=\"0\">Efter grundigt at have studeret de forskellige unders\u00f8gelser som det videnskabelige samfund har lavet p\u00e5 CBG, har vores mestre af hampedyrkere dedikeret sig med al deres professionalisme og opn\u00e5et en sort med et meget h\u00f8jt indhold af det aktive stof CBG. <\/span><\/span><\/p>\n<p><span class=\"VIiyi\" lang=\"da\"><span class=\"JLqJ4b\" data-language-for-alternatives=\"da\" data-language-to-translate-into=\"es\" data-phrase-index=\"0\">Et omhyggeligt udvalg af terpener giver denne nye sort en naturlig aroma og smag med let parfumerede toner, der kan tilfredsstille selv de mest raffinerede n\u00e6ser. <\/span><\/span><\/p>\n<p><span class=\"VIiyi\" lang=\"da\"><span class=\"JLqJ4b\" data-language-for-alternatives=\"da\" data-language-to-translate-into=\"es\" data-phrase-index=\"0\">Blomsterne i denne nye sort af Cannabis-light er af blandet st\u00f8rrelse, men alle ekstremt fulde, kompakte og harpiksagtige. Skovgr\u00f8n farve, som kan v\u00e6re lysere eller m\u00f8rkere med nuancer, der kan v\u00e6re mere eller mindre gyldne. <\/span><\/span><\/p>\n<p><span class=\"VIiyi\" lang=\"da\"><span class=\"JLqJ4b\" data-language-for-alternatives=\"da\" data-language-to-translate-into=\"es\" data-phrase-index=\"0\">De er blomster med en bl\u00f8d og let kl\u00e6brig konsistens p\u00e5 grund af den h\u00f8je tilstedev\u00e6relse af trichomer, som danner en harpiksagtig patina p\u00e5 blomsterstandene. Den naturlige og let musky aroma af denne stamme er frisk og duftende, s\u00f8d og dv\u00e6lende. <\/span><\/span><\/p>\n<p><span class=\"VIiyi\" lang=\"da\"><span class=\"JLqJ4b\" data-language-for-alternatives=\"da\" data-language-to-translate-into=\"es\" data-phrase-index=\"0\">THC &lt;0,2% <\/span><\/span><\/p>\n<p><span class=\"VIiyi\" lang=\"da\"><span class=\"JLqJ4b\" data-language-for-alternatives=\"da\" data-language-to-translate-into=\"es\" data-phrase-index=\"0\">Det er et 100% lovligt produkt i hele EU, som kan k\u00f8bes sikkert og uden at l\u00f8be nogen risiko. <\/span><\/span><\/p>\n<p><span class=\"VIiyi\" lang=\"da\"><span class=\"JLqJ4b\" data-language-for-alternatives=\"da\" data-language-to-translate-into=\"es\" data-phrase-index=\"0\"> Retur til <a title=\"CBD topskud\" href=\"\/cbd-topskud\/\" data-schema-attribute=\"\">CBD topskud<\/a><\/span><\/span><\/p>\n<p>&nbsp;<\/p>\n<hr \/>\n<p>&nbsp;<\/p>\n<p><span class=\"VIiyi\" lang=\"da\"><span class=\"JLqJ4b\" data-language-for-alternatives=\"da\" data-language-to-translate-into=\"es\" data-phrase-index=\"0\">Kultiveret i et af de h\u00f8jeste bjerge i Abruzzo, omkring 700 meter h\u00f8jt, i et omr\u00e5de beskyttet mod variationer i temperatur og fugtighed. <\/span><\/span><\/p>\n<p><span class=\"VIiyi\" lang=\"da\"><span class=\"JLqJ4b\" data-language-for-alternatives=\"da\" data-language-to-translate-into=\"es\" data-phrase-index=\"0\">Fatale drager fordel af adskillige solskinstimer, et t\u00f8rt og tempereret klima og regelm\u00e6ssig nedb\u00f8r, naturlige forhold, der favoriserer rigelige og sammenh\u00e6ngende. blomstrer. <\/span><\/span><\/p>\n<p><span class=\"VIiyi\" lang=\"da\"><span class=\"JLqJ4b\" data-language-for-alternatives=\"da\" data-language-to-translate-into=\"es\" data-phrase-index=\"0\">Terre di Cannabis dyrker sin jord efter en pr\u00e6cis landbrugsetik, der anvendes ingen type pesticid eller kemisk tils\u00e6tningsstof eller tungmetaller. Kun naturlige organiske n\u00e6ringsstoffer som kompost kan tils\u00e6ttes jorden, som n\u00e6rer og styrker jorden uden at forurene den. <\/span><\/span><\/p>\n<p><span class=\"VIiyi\" lang=\"da\"><span class=\"JLqJ4b\" data-language-for-alternatives=\"da\" data-language-to-translate-into=\"es\" data-phrase-index=\"0\">Virksomheden tager sig af hele forsyningsk\u00e6den, fra fr\u00f8udv\u00e6lgelse til s\u00e5ning, fra h\u00f8stt\u00f8rring, fra forarbejdning til emballering og distribution, som vi administrerer via vores hjemmeside. Dette giver os mulighed for at tilbyde produkter af h\u00f8jeste kvalitet, TOP-kvalitet og 100% fremstillet i Italien til konkurrencedygtige og fordelagtige priser. <\/span><\/span><\/p>\n<p><span class=\"VIiyi\" lang=\"da\"><span class=\"JLqJ4b\" data-language-for-alternatives=\"da\" data-language-to-translate-into=\"es\" data-phrase-index=\"0\">Som alle de andre blomsterstande af Terre di Cannabis mangler det psykoaktive og dopingeffekter, det dyrkes ogs\u00e5 i henhold til loven. <\/span><\/span><\/p>\n<p><span class=\"VIiyi\" lang=\"da\"><span class=\"JLqJ4b\" data-language-for-alternatives=\"da\" data-language-to-translate-into=\"es\" data-phrase-index=\"0\">THC-procenten er mindre end 0,2% som kr\u00e6vet i g\u00e6ldende lovgivning. <\/span><\/span><\/p>\n<p><span class=\"VIiyi\" lang=\"da\"><span class=\"JLqJ4b\" data-language-for-alternatives=\"da\" data-language-to-translate-into=\"es\" data-phrase-index=\"0\">Det er et 100% lovligt produkt i hele EU, som kan k\u00f8bes sikkert og uden at l\u00f8be nogen risiko. <\/span><\/span><\/p>\n<p>&nbsp;<\/p>\n<p>Tags: CBD topskud CBG buds k\u00f8b cbd i danmark<\/p>\n","protected":false},"excerpt":{"rendered":"<p>Fatal CBD topskud eller white CBG er et meget aromatisk topskud med en l\u00e6kker harpiksagtig konsistens.<\/p>\n<p>Bem\u00e6rk at CBG er det aktive stof og ikke CBD.<\/p>\n<p>indeholder 2g eller 10g<\/p>\n<p>CBG: 20%<\/p>\n<p><span class=\"VIiyi\" lang=\"da\"><span class=\"JLqJ4b\" data-language-for-alternatives=\"da\" data-language-to-translate-into=\"es\" data-phrase-index=\"0\">THC &lt;0,2% <\/span><\/span><\/p>\n<p><span class=\"VIiyi\" lang=\"da\"><span class=\"JLqJ4b\" data-language-for-alternatives=\"da\" data-language-to-translate-into=\"es\" data-phrase-index=\"0\">Det er et 100% lovligt produkt i hele EU, som kan k\u00f8bes sikkert og uden at l\u00f8be nogen risiko. <\/span><\/span><\/p>\n<p>Retur til <a title=\"CBD topskud\" href=\"\/cbd-topskud\/\" data-schema-attribute=\"\">CBD topskud<\/a><\/p>\n","protected":false},"featured_media":9951,"comment_status":"open","ping_status":"closed","template":"","meta":{"ocean_post_layout":"","ocean_both_sidebars_style":"","ocean_both_sidebars_content_width":0,"ocean_both_sidebars_sidebars_width":0,"ocean_sidebar":"0","ocean_second_sidebar":"0","ocean_disable_margins":"enable","ocean_add_body_class":"","ocean_shortcode_before_top_bar":"","ocean_shortcode_after_top_bar":"","ocean_shortcode_before_header":"","ocean_shortcode_after_header":"","ocean_has_shortcode":"","ocean_shortcode_after_title":"","ocean_shortcode_before_footer_widgets":"","ocean_shortcode_after_footer_widgets":"","ocean_shortcode_before_footer_bottom":"","ocean_shortcode_after_footer_bottom":"","ocean_display_top_bar":"default","ocean_display_header":"default","ocean_header_style":"","ocean_center_header_left_menu":"0","ocean_custom_header_template":"0","ocean_custom_logo":0,"ocean_custom_retina_logo":0,"ocean_custom_logo_max_width":0,"ocean_custom_logo_tablet_max_width":0,"ocean_custom_logo_mobile_max_width":0,"ocean_custom_logo_max_height":0,"ocean_custom_logo_tablet_max_height":0,"ocean_custom_logo_mobile_max_height":0,"ocean_header_custom_menu":"0","ocean_menu_typo_font_family":"0","ocean_menu_typo_font_subset":"","ocean_menu_typo_font_size":0,"ocean_menu_typo_font_size_tablet":0,"ocean_menu_typo_font_size_mobile":0,"ocean_menu_typo_font_size_unit":"px","ocean_menu_typo_font_weight":"","ocean_menu_typo_font_weight_tablet":"","ocean_menu_typo_font_weight_mobile":"","ocean_menu_typo_transform":"","ocean_menu_typo_transform_tablet":"","ocean_menu_typo_transform_mobile":"","ocean_menu_typo_line_height":0,"ocean_menu_typo_line_height_tablet":0,"ocean_menu_typo_line_height_mobile":0,"ocean_menu_typo_line_height_unit":"","ocean_menu_typo_spacing":0,"ocean_menu_typo_spacing_tablet":0,"ocean_menu_typo_spacing_mobile":0,"ocean_menu_typo_spacing_unit":"","ocean_menu_link_color":"","ocean_menu_link_color_hover":"","ocean_menu_link_color_active":"","ocean_menu_link_background":"","ocean_menu_link_hover_background":"","ocean_menu_link_active_background":"","ocean_menu_social_links_bg":"","ocean_menu_social_hover_links_bg":"","ocean_menu_social_links_color":"","ocean_menu_social_hover_links_color":"","ocean_disable_title":"default","ocean_disable_heading":"default","ocean_post_title":"","ocean_post_subheading":"","ocean_post_title_style":"","ocean_post_title_background_color":"","ocean_post_title_background":0,"ocean_post_title_bg_image_position":"","ocean_post_title_bg_image_attachment":"","ocean_post_title_bg_image_repeat":"","ocean_post_title_bg_image_size":"","ocean_post_title_height":0,"ocean_post_title_bg_overlay":0.5,"ocean_post_title_bg_overlay_color":"","ocean_disable_breadcrumbs":"default","ocean_breadcrumbs_color":"","ocean_breadcrumbs_separator_color":"","ocean_breadcrumbs_links_color":"","ocean_breadcrumbs_links_hover_color":"","ocean_display_footer_widgets":"default","ocean_display_footer_bottom":"default","ocean_custom_footer_template":"0","osh_disable_topbar_sticky":"default","osh_disable_header_sticky":"default","osh_sticky_header_style":"default","osh_sticky_header_effect":"","osh_custom_sticky_logo":0,"osh_custom_retina_sticky_logo":0,"osh_custom_sticky_logo_height":0,"osh_background_color":"","osh_links_color":"","osh_links_hover_color":"","osh_links_active_color":"","osh_links_bg_color":"","osh_links_hover_bg_color":"","osh_links_active_bg_color":"","osh_menu_social_links_color":"","osh_menu_social_hover_links_color":"","iawp_total_views":213},"product_brand":[],"product_cat":[147],"product_tag":[60,369,385,504,235,384],"class_list":{"0":"post-9935","1":"product","2":"type-product","3":"status-publish","4":"has-post-thumbnail","6":"product_cat-cbd-topskud1","7":"product_tag-cbd","8":"product_tag-cbd-buds-danmark","9":"product_tag-cbg","10":"product_tag-terre-di-cannabis","11":"product_tag-topskud","12":"product_tag-white","14":"entry","15":"has-media","17":"first","18":"outofstock","19":"taxable","20":"shipping-taxable","21":"purchasable","22":"product-type-variable","23":"has-default-attributes","24":"has-product-nav","25":"col","26":"span_1_of_4","27":"owp-content-center","28":"item-entry","29":"owp-thumbs-layout-vertical","30":"owp-btn-normal","31":"owp-tabs-layout-vertical","33":"circle-sale"},"_links":{"self":[{"href":"https:\/\/body-n-soul.com\/de\/wp-json\/wp\/v2\/product\/9935","targetHints":{"allow":["GET"]}}],"collection":[{"href":"https:\/\/body-n-soul.com\/de\/wp-json\/wp\/v2\/product"}],"about":[{"href":"https:\/\/body-n-soul.com\/de\/wp-json\/wp\/v2\/types\/product"}],"replies":[{"embeddable":true,"href":"https:\/\/body-n-soul.com\/de\/wp-json\/wp\/v2\/comments?post=9935"}],"wp:featuredmedia":[{"embeddable":true,"href":"https:\/\/body-n-soul.com\/de\/wp-json\/wp\/v2\/media\/9951"}],"wp:attachment":[{"href":"https:\/\/body-n-soul.com\/de\/wp-json\/wp\/v2\/media?parent=9935"}],"wp:term":[{"taxonomy":"product_brand","embeddable":true,"href":"https:\/\/body-n-soul.com\/de\/wp-json\/wp\/v2\/product_brand?post=9935"},{"taxonomy":"product_cat","embeddable":true,"href":"https:\/\/body-n-soul.com\/de\/wp-json\/wp\/v2\/product_cat?post=9935"},{"taxonomy":"product_tag","embeddable":true,"href":"https:\/\/body-n-soul.com\/de\/wp-json\/wp\/v2\/product_tag?post=9935"}],"curies":[{"name":"wp","href":"https:\/\/api.w.org\/{rel}","templated":true}]}}