{"id":8685,"date":"2020-07-26T12:58:21","date_gmt":"2020-07-26T10:58:21","guid":{"rendered":"https:\/\/body-n-soul.com\/?post_type=product&#038;p=8685"},"modified":"2024-08-24T09:35:31","modified_gmt":"2024-08-24T07:35:31","slug":"acnedraaber","status":"publish","type":"product","link":"https:\/\/body-n-soul.com\/de\/produkt\/acnedraaber\/","title":{"rendered":"India acnedr\u00e5ber &#8211; 30 ml"},"content":{"rendered":"<h2>India acnedr\u00e5ber<\/h2>\n<p>India acnedr\u00e5ber er effektive til at h\u00e5ndtere acne, bumser og hudorme.<\/p>\n<p>De har antiseptiske og antibakterielle egenskaber; naturlige ingredienser indeholdt i formlen garanterer sk\u00e5nsom, men effektiv handling og langtidsvirkninger. Dr\u00e5berne fremskynder helingen af \u200b\u200bpletter og sm\u00e5 s\u00e5r og forhindrer efterf\u00f8lgende hud\u00e6ndringer.<\/p>\n<p>Aktive ingredienser:<\/p>\n<ul>\n<li>Tetr\u00e6olie: har desinfektionsmiddel og antibakterielle egenskaber. Virker som et bakteriedr\u00e6bende middel mod anaerobe bakterier, der for\u00e5rsager acne;<\/li>\n<li>Hampolie: giver korrekt hydrering, regenererer huden og g\u00f8r den mere elastisk. Nyttig til hudtilstande som psoriasis, eksem og seborrhea. Har evnen til at regulere talg sekretion og s\u00e5ledes forhindre udbrud;<\/li>\n<li>Lavendelekstrakt: underst\u00f8tter heling af s\u00e5r efter udbrud.<\/li>\n<\/ul>\n<p>Brug: P\u00e5f\u00f8r 1 dr\u00e5be p\u00e5 en vatpind og p\u00e5f\u00f8r den p\u00e5 stedet hvor bumsen eller hudormen sidder..<\/p>\n<p>Bet\u00e6ndelsen vil typisk forsvinde inden for 2-3 dage.<\/p>\n<p>Dr\u00e5berne er uparfumerede og de er ikke testet p\u00e5 dyr.<\/p>\n","protected":false},"excerpt":{"rendered":"<p>India acnedr\u00e5ber har antiseptiske egenskaber der modvirker og bek\u00e6mper acne, bumser og hudorme. Disse forsinder typisk indenfor 2-3 dage.<\/p>\n<p>Midlet er yderst effektivt og baseret p\u00e5 naturlige ingredienser og ikke kemi. Er uparfumeret.<\/p>\n<p>indeholder 50 ml.<\/p>\n<p>Ikke testet p\u00e5 dyr.<\/p>\n","protected":false},"featured_media":0,"comment_status":"open","ping_status":"closed","template":"","meta":{"ocean_post_layout":"","ocean_both_sidebars_style":"","ocean_both_sidebars_content_width":0,"ocean_both_sidebars_sidebars_width":0,"ocean_sidebar":"0","ocean_second_sidebar":"0","ocean_disable_margins":"enable","ocean_add_body_class":"","ocean_shortcode_before_top_bar":"","ocean_shortcode_after_top_bar":"","ocean_shortcode_before_header":"","ocean_shortcode_after_header":"","ocean_has_shortcode":"","ocean_shortcode_after_title":"","ocean_shortcode_before_footer_widgets":"","ocean_shortcode_after_footer_widgets":"","ocean_shortcode_before_footer_bottom":"","ocean_shortcode_after_footer_bottom":"","ocean_display_top_bar":"default","ocean_display_header":"default","ocean_header_style":"","ocean_center_header_left_menu":"0","ocean_custom_header_template":"0","ocean_custom_logo":0,"ocean_custom_retina_logo":0,"ocean_custom_logo_max_width":0,"ocean_custom_logo_tablet_max_width":0,"ocean_custom_logo_mobile_max_width":0,"ocean_custom_logo_max_height":0,"ocean_custom_logo_tablet_max_height":0,"ocean_custom_logo_mobile_max_height":0,"ocean_header_custom_menu":"0","ocean_menu_typo_font_family":"0","ocean_menu_typo_font_subset":"","ocean_menu_typo_font_size":0,"ocean_menu_typo_font_size_tablet":0,"ocean_menu_typo_font_size_mobile":0,"ocean_menu_typo_font_size_unit":"px","ocean_menu_typo_font_weight":"","ocean_menu_typo_font_weight_tablet":"","ocean_menu_typo_font_weight_mobile":"","ocean_menu_typo_transform":"","ocean_menu_typo_transform_tablet":"","ocean_menu_typo_transform_mobile":"","ocean_menu_typo_line_height":0,"ocean_menu_typo_line_height_tablet":0,"ocean_menu_typo_line_height_mobile":0,"ocean_menu_typo_line_height_unit":"","ocean_menu_typo_spacing":0,"ocean_menu_typo_spacing_tablet":0,"ocean_menu_typo_spacing_mobile":0,"ocean_menu_typo_spacing_unit":"","ocean_menu_link_color":"","ocean_menu_link_color_hover":"","ocean_menu_link_color_active":"","ocean_menu_link_background":"","ocean_menu_link_hover_background":"","ocean_menu_link_active_background":"","ocean_menu_social_links_bg":"","ocean_menu_social_hover_links_bg":"","ocean_menu_social_links_color":"","ocean_menu_social_hover_links_color":"","ocean_disable_title":"default","ocean_disable_heading":"default","ocean_post_title":"","ocean_post_subheading":"","ocean_post_title_style":"","ocean_post_title_background_color":"","ocean_post_title_background":0,"ocean_post_title_bg_image_position":"","ocean_post_title_bg_image_attachment":"","ocean_post_title_bg_image_repeat":"","ocean_post_title_bg_image_size":"","ocean_post_title_height":0,"ocean_post_title_bg_overlay":0.5,"ocean_post_title_bg_overlay_color":"","ocean_disable_breadcrumbs":"default","ocean_breadcrumbs_color":"","ocean_breadcrumbs_separator_color":"","ocean_breadcrumbs_links_color":"","ocean_breadcrumbs_links_hover_color":"","ocean_display_footer_widgets":"default","ocean_display_footer_bottom":"default","ocean_custom_footer_template":"0","osh_disable_topbar_sticky":"default","osh_disable_header_sticky":"default","osh_sticky_header_style":"default","osh_sticky_header_effect":"","osh_custom_sticky_logo":0,"osh_custom_retina_sticky_logo":0,"osh_custom_sticky_logo_height":0,"osh_background_color":"","osh_links_color":"","osh_links_hover_color":"","osh_links_active_color":"","osh_links_bg_color":"","osh_links_hover_bg_color":"","osh_links_active_bg_color":"","osh_menu_social_links_color":"","osh_menu_social_hover_links_color":"","iawp_total_views":26},"product_brand":[],"product_cat":[94,279],"product_tag":[327,328,329,313],"class_list":{"0":"post-8685","1":"product","2":"type-product","3":"status-publish","5":"product_cat-body","6":"product_cat-india","7":"product_tag-acne","8":"product_tag-bumser","9":"product_tag-hudorme","10":"product_tag-india-cosmetics","12":"entry","14":"first","15":"instock","16":"sale","17":"taxable","18":"shipping-taxable","19":"purchasable","20":"product-type-simple","21":"has-product-nav","22":"col","23":"span_1_of_4","24":"owp-content-center","25":"item-entry","26":"owp-thumbs-layout-vertical","27":"owp-btn-normal","28":"owp-tabs-layout-vertical","29":"has-no-thumbnails","31":"circle-sale"},"_links":{"self":[{"href":"https:\/\/body-n-soul.com\/de\/wp-json\/wp\/v2\/product\/8685","targetHints":{"allow":["GET"]}}],"collection":[{"href":"https:\/\/body-n-soul.com\/de\/wp-json\/wp\/v2\/product"}],"about":[{"href":"https:\/\/body-n-soul.com\/de\/wp-json\/wp\/v2\/types\/product"}],"replies":[{"embeddable":true,"href":"https:\/\/body-n-soul.com\/de\/wp-json\/wp\/v2\/comments?post=8685"}],"wp:attachment":[{"href":"https:\/\/body-n-soul.com\/de\/wp-json\/wp\/v2\/media?parent=8685"}],"wp:term":[{"taxonomy":"product_brand","embeddable":true,"href":"https:\/\/body-n-soul.com\/de\/wp-json\/wp\/v2\/product_brand?post=8685"},{"taxonomy":"product_cat","embeddable":true,"href":"https:\/\/body-n-soul.com\/de\/wp-json\/wp\/v2\/product_cat?post=8685"},{"taxonomy":"product_tag","embeddable":true,"href":"https:\/\/body-n-soul.com\/de\/wp-json\/wp\/v2\/product_tag?post=8685"}],"curies":[{"name":"wp","href":"https:\/\/api.w.org\/{rel}","templated":true}]}}