{"id":8673,"date":"2020-07-26T12:44:57","date_gmt":"2020-07-26T10:44:57","guid":{"rendered":"https:\/\/body-n-soul.com\/?post_type=product&#038;p=8673"},"modified":"2025-10-08T12:55:42","modified_gmt":"2025-10-08T10:55:42","slug":"myggelys","status":"publish","type":"product","link":"https:\/\/body-n-soul.com\/de\/produkt\/myggelys\/","title":{"rendered":"Myggelys"},"content":{"rendered":"<p><strong>Aromatisk anti-myglys fremstillet af organisk sojavoks med hampolie; citrongr\u00e6s, nellike og patchouli-duftende.<\/strong><\/p>\n<p><strong>\u2713 Dette hampelys er udelukkende fremstillet af naturlige ingredienser<\/strong>\u00a0uden paraffin eller petroleumsstoffer. Lyset udsender ikke giftige dampe under forbr\u00e6nding, hvorfor det er helt sikkert for b\u00f8rn og allergikere. Lyset kan vare op til 25 timer og er derfor meget \u00f8konomisk.<\/p>\n<p><strong>\u2713\u00a0<\/strong><strong>Citrongr\u00e6solie<\/strong>\u00a0har en intens og forfriskende citrusduft. Det frast\u00f8der myg samt andre insekter (inklusive fluer og n\u00e6se). Derudover slapper citrongr\u00e6solie af og lindrer stress.<\/p>\n<p><strong>\u2713\u00a0<\/strong><strong>N\u00e6veolie<\/strong>\u00a0har en varm og krydret duft. Det afviser effektivt myg, mens dens duft \u00f8ger stemningen.<\/p>\n<p><strong>\u2713\u00a0<\/strong><strong>Patchouli-olie<\/strong>\u00a0har en tr\u00e6agtig og krydret duft. Det fungerer perfekt som midler til at afv\u00e6rge insekter. Derudover har det terapeutiske og beroligende egenskaber.<\/p>\n<p><strong>\u2713\u00a0<\/strong><strong>India hamp stearinlys kan ogs\u00e5 bruges i kropsmassage,<\/strong>\u00a0fordi dens smeltepunkt er relativt lavt, hvilket betyder, at smeltet voks kan h\u00e6ldes direkte p\u00e5 huden uden at for\u00e5rsage forbr\u00e6ndinger. Efter p\u00e5f\u00f8ring af voks forbliver huden fugtig, glat og silkeagtig i lang tid, mens &#8222;sm\u00e5 blodsugere&#8220; holder sig v\u00e6k fra huden.<\/p>\n<p><strong>Nettov\u00e6gt: 90 g<\/strong><\/p>\n","protected":false},"excerpt":{"rendered":"<p>Aromatisk anti-myglys fremstillet af organisk sojavoks med hampolie; citrongr\u00e6s, nellike og patchouli-duftende. \u2713 Dette hampelys er udelukkende fremstillet af naturlige ingredienser\u00a0uden paraffin eller petroleumsstoffer. Lyset udsender ikke giftige dampe under forbr\u00e6nding, hvorfor det er helt sikkert for b\u00f8rn og allergikere. Lyset kan vare op til 25 timer og er derfor meget \u00f8konomisk. \u2713\u00a0Citrongr\u00e6solie\u00a0har en intens [&hellip;]<\/p>\n","protected":false},"featured_media":0,"comment_status":"open","ping_status":"closed","template":"","meta":{"ocean_post_layout":"","ocean_both_sidebars_style":"","ocean_both_sidebars_content_width":0,"ocean_both_sidebars_sidebars_width":0,"ocean_sidebar":"","ocean_second_sidebar":"","ocean_disable_margins":"enable","ocean_add_body_class":"","ocean_shortcode_before_top_bar":"","ocean_shortcode_after_top_bar":"","ocean_shortcode_before_header":"","ocean_shortcode_after_header":"","ocean_has_shortcode":"","ocean_shortcode_after_title":"","ocean_shortcode_before_footer_widgets":"","ocean_shortcode_after_footer_widgets":"","ocean_shortcode_before_footer_bottom":"","ocean_shortcode_after_footer_bottom":"","ocean_display_top_bar":"default","ocean_display_header":"default","ocean_header_style":"","ocean_center_header_left_menu":"","ocean_custom_header_template":"","ocean_custom_logo":0,"ocean_custom_retina_logo":0,"ocean_custom_logo_max_width":0,"ocean_custom_logo_tablet_max_width":0,"ocean_custom_logo_mobile_max_width":0,"ocean_custom_logo_max_height":0,"ocean_custom_logo_tablet_max_height":0,"ocean_custom_logo_mobile_max_height":0,"ocean_header_custom_menu":"","ocean_menu_typo_font_family":"","ocean_menu_typo_font_subset":"","ocean_menu_typo_font_size":0,"ocean_menu_typo_font_size_tablet":0,"ocean_menu_typo_font_size_mobile":0,"ocean_menu_typo_font_size_unit":"px","ocean_menu_typo_font_weight":"","ocean_menu_typo_font_weight_tablet":"","ocean_menu_typo_font_weight_mobile":"","ocean_menu_typo_transform":"","ocean_menu_typo_transform_tablet":"","ocean_menu_typo_transform_mobile":"","ocean_menu_typo_line_height":0,"ocean_menu_typo_line_height_tablet":0,"ocean_menu_typo_line_height_mobile":0,"ocean_menu_typo_line_height_unit":"","ocean_menu_typo_spacing":0,"ocean_menu_typo_spacing_tablet":0,"ocean_menu_typo_spacing_mobile":0,"ocean_menu_typo_spacing_unit":"","ocean_menu_link_color":"","ocean_menu_link_color_hover":"","ocean_menu_link_color_active":"","ocean_menu_link_background":"","ocean_menu_link_hover_background":"","ocean_menu_link_active_background":"","ocean_menu_social_links_bg":"","ocean_menu_social_hover_links_bg":"","ocean_menu_social_links_color":"","ocean_menu_social_hover_links_color":"","ocean_disable_title":"default","ocean_disable_heading":"default","ocean_post_title":"","ocean_post_subheading":"","ocean_post_title_style":"","ocean_post_title_background_color":"","ocean_post_title_background":0,"ocean_post_title_bg_image_position":"","ocean_post_title_bg_image_attachment":"","ocean_post_title_bg_image_repeat":"","ocean_post_title_bg_image_size":"","ocean_post_title_height":0,"ocean_post_title_bg_overlay":0.5,"ocean_post_title_bg_overlay_color":"","ocean_disable_breadcrumbs":"default","ocean_breadcrumbs_color":"","ocean_breadcrumbs_separator_color":"","ocean_breadcrumbs_links_color":"","ocean_breadcrumbs_links_hover_color":"","ocean_display_footer_widgets":"default","ocean_display_footer_bottom":"default","ocean_custom_footer_template":"","osh_disable_topbar_sticky":"default","osh_disable_header_sticky":"default","osh_sticky_header_style":"default","osh_sticky_header_effect":"","osh_custom_sticky_logo":0,"osh_custom_retina_sticky_logo":0,"osh_custom_sticky_logo_height":0,"osh_background_color":"","osh_links_color":"","osh_links_hover_color":"","osh_links_active_color":"","osh_links_bg_color":"","osh_links_hover_bg_color":"","osh_links_active_bg_color":"","osh_menu_social_links_color":"","osh_menu_social_hover_links_color":"","iawp_total_views":73},"product_brand":[],"product_cat":[279,214],"product_tag":[],"class_list":{"0":"post-8673","1":"product","2":"type-product","3":"status-publish","5":"product_cat-india","6":"product_cat-soul","8":"entry","10":"first","11":"outofstock","12":"sale","13":"taxable","14":"shipping-taxable","15":"purchasable","16":"product-type-simple","17":"has-rating","18":"has-product-nav","19":"col","20":"span_1_of_4","21":"owp-content-center","22":"item-entry","23":"owp-thumbs-layout-vertical","24":"owp-btn-normal","25":"owp-tabs-layout-vertical","26":"has-no-thumbnails","28":"circle-sale"},"_links":{"self":[{"href":"https:\/\/body-n-soul.com\/de\/wp-json\/wp\/v2\/product\/8673","targetHints":{"allow":["GET"]}}],"collection":[{"href":"https:\/\/body-n-soul.com\/de\/wp-json\/wp\/v2\/product"}],"about":[{"href":"https:\/\/body-n-soul.com\/de\/wp-json\/wp\/v2\/types\/product"}],"replies":[{"embeddable":true,"href":"https:\/\/body-n-soul.com\/de\/wp-json\/wp\/v2\/comments?post=8673"}],"wp:attachment":[{"href":"https:\/\/body-n-soul.com\/de\/wp-json\/wp\/v2\/media?parent=8673"}],"wp:term":[{"taxonomy":"product_brand","embeddable":true,"href":"https:\/\/body-n-soul.com\/de\/wp-json\/wp\/v2\/product_brand?post=8673"},{"taxonomy":"product_cat","embeddable":true,"href":"https:\/\/body-n-soul.com\/de\/wp-json\/wp\/v2\/product_cat?post=8673"},{"taxonomy":"product_tag","embeddable":true,"href":"https:\/\/body-n-soul.com\/de\/wp-json\/wp\/v2\/product_tag?post=8673"}],"curies":[{"name":"wp","href":"https:\/\/api.w.org\/{rel}","templated":true}]}}