{"id":8572,"date":"2020-07-16T17:53:16","date_gmt":"2020-07-16T15:53:16","guid":{"rendered":"https:\/\/body-n-soul.com\/?post_type=product&#038;p=8572"},"modified":"2023-08-23T06:39:39","modified_gmt":"2023-08-23T04:39:39","slug":"psoriasissalve-med-cannabisudtraek","status":"publish","type":"product","link":"https:\/\/body-n-soul.com\/de\/produkt\/psoriasissalve-med-cannabisudtraek\/","title":{"rendered":"India psoriasissalve med cannabisudtr\u00e6k"},"content":{"rendered":"<h2>Psoriasissalve med cannabisudtr\u00e6k<\/h2>\n<p>Salven er naturligt beriget med E-vitamin og indeholder udtr\u00e6k fra cannabis, som forhindrer bet\u00e6ndelse i over- og underhud, styrker v\u00e6ggene i blodkar og forbedrer hudens blodforsyning.<\/p>\n<p>Produktet er perfekt til f\u00f8lgende hudtyper og betingelser:<\/p>\n<ul>\n<li>s\u00e6rdeles effektiv salve mod psoriasis<\/li>\n<li>atopisk hud<\/li>\n<li>ru og ekstremt t\u00f8r<\/li>\n<li>spr\u00e6kkede h\u00e6le<\/li>\n<li>dehydreret<\/li>\n<li>med r\u00f8de pletter<\/li>\n<\/ul>\n<p>Salven indeholder organisk koldpresset hampolie som lindrer, n\u00e6rer og regenererer overhuden. Produktet er meget effektiv atopisk dermatitis, da det naturligt gendanner sundheden p\u00e5 huden. Ogs\u00e5 s\u00e6rdeles effektiv salve mod psoriasis hvirlket normalt kr\u00e6ver langt dyre cremer.<\/p>\n<p>Dermatologiske tests bekr\u00e6ftede, at salven ikke for\u00e5rsager nogen allergiske reaktioner.<\/p>\n<p>Anvendelse: P\u00e5f\u00f8r lokalt og bruges efter behov.<\/p>\n","protected":false},"excerpt":{"rendered":"<p>En l\u00e6kker psoriasissalve som er meget effektiv mod psoriais og atopisk dermatitis.<\/p>\n<p>Salven er tyndtflydende og uparfumeret.<\/p>\n<p>Indeholder 50ml.<\/p>\n","protected":false},"featured_media":8574,"comment_status":"open","ping_status":"closed","template":"","meta":{"ocean_post_layout":"","ocean_both_sidebars_style":"","ocean_both_sidebars_content_width":0,"ocean_both_sidebars_sidebars_width":0,"ocean_sidebar":"0","ocean_second_sidebar":"0","ocean_disable_margins":"enable","ocean_add_body_class":"","ocean_shortcode_before_top_bar":"","ocean_shortcode_after_top_bar":"","ocean_shortcode_before_header":"","ocean_shortcode_after_header":"","ocean_has_shortcode":"","ocean_shortcode_after_title":"","ocean_shortcode_before_footer_widgets":"","ocean_shortcode_after_footer_widgets":"","ocean_shortcode_before_footer_bottom":"","ocean_shortcode_after_footer_bottom":"","ocean_display_top_bar":"default","ocean_display_header":"default","ocean_header_style":"","ocean_center_header_left_menu":"0","ocean_custom_header_template":"0","ocean_custom_logo":0,"ocean_custom_retina_logo":0,"ocean_custom_logo_max_width":0,"ocean_custom_logo_tablet_max_width":0,"ocean_custom_logo_mobile_max_width":0,"ocean_custom_logo_max_height":0,"ocean_custom_logo_tablet_max_height":0,"ocean_custom_logo_mobile_max_height":0,"ocean_header_custom_menu":"0","ocean_menu_typo_font_family":"0","ocean_menu_typo_font_subset":"","ocean_menu_typo_font_size":0,"ocean_menu_typo_font_size_tablet":0,"ocean_menu_typo_font_size_mobile":0,"ocean_menu_typo_font_size_unit":"px","ocean_menu_typo_font_weight":"","ocean_menu_typo_font_weight_tablet":"","ocean_menu_typo_font_weight_mobile":"","ocean_menu_typo_transform":"","ocean_menu_typo_transform_tablet":"","ocean_menu_typo_transform_mobile":"","ocean_menu_typo_line_height":0,"ocean_menu_typo_line_height_tablet":0,"ocean_menu_typo_line_height_mobile":0,"ocean_menu_typo_line_height_unit":"","ocean_menu_typo_spacing":0,"ocean_menu_typo_spacing_tablet":0,"ocean_menu_typo_spacing_mobile":0,"ocean_menu_typo_spacing_unit":"","ocean_menu_link_color":"","ocean_menu_link_color_hover":"","ocean_menu_link_color_active":"","ocean_menu_link_background":"","ocean_menu_link_hover_background":"","ocean_menu_link_active_background":"","ocean_menu_social_links_bg":"","ocean_menu_social_hover_links_bg":"","ocean_menu_social_links_color":"","ocean_menu_social_hover_links_color":"","ocean_disable_title":"default","ocean_disable_heading":"default","ocean_post_title":"","ocean_post_subheading":"","ocean_post_title_style":"","ocean_post_title_background_color":"","ocean_post_title_background":0,"ocean_post_title_bg_image_position":"","ocean_post_title_bg_image_attachment":"","ocean_post_title_bg_image_repeat":"","ocean_post_title_bg_image_size":"","ocean_post_title_height":0,"ocean_post_title_bg_overlay":0.5,"ocean_post_title_bg_overlay_color":"","ocean_disable_breadcrumbs":"default","ocean_breadcrumbs_color":"","ocean_breadcrumbs_separator_color":"","ocean_breadcrumbs_links_color":"","ocean_breadcrumbs_links_hover_color":"","ocean_display_footer_widgets":"default","ocean_display_footer_bottom":"default","ocean_custom_footer_template":"0","osh_disable_topbar_sticky":"default","osh_disable_header_sticky":"default","osh_sticky_header_style":"default","osh_sticky_header_effect":"","osh_custom_sticky_logo":0,"osh_custom_retina_sticky_logo":0,"osh_custom_sticky_logo_height":0,"osh_background_color":"","osh_links_color":"","osh_links_hover_color":"","osh_links_active_color":"","osh_links_bg_color":"","osh_links_hover_bg_color":"","osh_links_active_bg_color":"","osh_menu_social_links_color":"","osh_menu_social_hover_links_color":"","iawp_total_views":42},"product_brand":[],"product_cat":[94,596,279],"product_tag":[223,222],"class_list":{"0":"post-8572","1":"product","2":"type-product","3":"status-publish","4":"has-post-thumbnail","6":"product_cat-body","7":"product_cat-cremer-og-kosmetik-med-cbd","8":"product_cat-india","9":"product_tag-atopisk-dermatitis","10":"product_tag-psoriasis","12":"entry","13":"has-media","15":"first","16":"instock","17":"sale","18":"taxable","19":"shipping-taxable","20":"purchasable","21":"product-type-simple","22":"has-product-nav","23":"col","24":"span_1_of_4","25":"owp-content-center","26":"item-entry","27":"owp-thumbs-layout-vertical","28":"owp-btn-normal","29":"owp-tabs-layout-vertical","30":"has-no-thumbnails","32":"circle-sale"},"_links":{"self":[{"href":"https:\/\/body-n-soul.com\/de\/wp-json\/wp\/v2\/product\/8572","targetHints":{"allow":["GET"]}}],"collection":[{"href":"https:\/\/body-n-soul.com\/de\/wp-json\/wp\/v2\/product"}],"about":[{"href":"https:\/\/body-n-soul.com\/de\/wp-json\/wp\/v2\/types\/product"}],"replies":[{"embeddable":true,"href":"https:\/\/body-n-soul.com\/de\/wp-json\/wp\/v2\/comments?post=8572"}],"wp:featuredmedia":[{"embeddable":true,"href":"https:\/\/body-n-soul.com\/de\/wp-json\/wp\/v2\/media\/8574"}],"wp:attachment":[{"href":"https:\/\/body-n-soul.com\/de\/wp-json\/wp\/v2\/media?parent=8572"}],"wp:term":[{"taxonomy":"product_brand","embeddable":true,"href":"https:\/\/body-n-soul.com\/de\/wp-json\/wp\/v2\/product_brand?post=8572"},{"taxonomy":"product_cat","embeddable":true,"href":"https:\/\/body-n-soul.com\/de\/wp-json\/wp\/v2\/product_cat?post=8572"},{"taxonomy":"product_tag","embeddable":true,"href":"https:\/\/body-n-soul.com\/de\/wp-json\/wp\/v2\/product_tag?post=8572"}],"curies":[{"name":"wp","href":"https:\/\/api.w.org\/{rel}","templated":true}]}}