{"id":28746,"date":"2025-07-11T19:21:38","date_gmt":"2025-07-11T17:21:38","guid":{"rendered":"https:\/\/body-n-soul.com\/raw-black-square-metal-mikserbakke\/"},"modified":"2025-07-11T19:37:53","modified_gmt":"2025-07-11T17:37:53","slug":"raw-black-square-metal-rolling-tray","status":"publish","type":"product","link":"https:\/\/body-n-soul.com\/de\/produkt\/raw-black-square-metal-rolling-tray\/","title":{"rendered":"RAW Black Square Metal Rolling Tray 23x23cm"},"content":{"rendered":"<h2>RAW Black Square Metal Rolling Tray<\/h2>\n<p>Eine sch\u00f6ne Mischtablett von RAW im coolen schwarzen Design, genau wie das ber\u00fchmte schwarze Jointpapier.<\/p>\n<p>Die Marke ist leicht an dem roten RAW-Logo auf dem charakteristischen schwarzen Hintergrund zu erkennen.<\/p>\n<p>Damit Sie sicher sein k\u00f6nnen, dass es sich um Original RAW Produkte handelt, wird sie selbstverst\u00e4ndlich mit einem Echtheitszertifikat geliefert.<\/p>\n<p>Sie ist leicht zu reinigen und hat keine Kanten oder andere Stellen, an denen sich Schmutz ansammeln kann.<\/p>\n<p>Die Schale hat eine praktische Gr\u00f6\u00dfe von 23 x 23 cm, sodass Sie alle Ihre Utensilien w\u00e4hrend der Arbeit darauf aufbewahren k\u00f6nnen.<\/p>\n<p>Damit Ihre wertvollen Heilmittel nicht auf den Boden fallen, ist die gesamte Schale von einem 2,5 cm hohen Rand umgeben.<\/p>\n<p>Ein unverzichtbares Werkzeug f\u00fcr den vielbesch\u00e4ftigten Raucher.<\/p>\n<p>Tags: RAW schwarze Mischtablett, Rolling Tray<\/p>\n","protected":false},"excerpt":{"rendered":"<h2>RAW Black Square Metal Rolling Tray<\/h2>\n<p>Raw black Metal\u00a0Rolling Tray.<\/p>\n<ul>\n<li><strong>Producent :<\/strong>\u00a0RAW<\/li>\n<li><strong>Model :<\/strong> Quadratisches metal Rollingtray<\/li>\n<li><strong>Type :<\/strong> Metal Mischtablett<\/li>\n<li><strong>LxBxH : <\/strong>230 mm x 230mm x 25mm<\/li>\n<li><strong>Farve :<\/strong> Schwarts \/ Gold<\/li>\n<\/ul>\n<p>&nbsp;<\/p>\n<p>Retur til\u00a0<strong><a href=\"https:\/\/body-n-soul.com\/de\/rolling-trays\/\">rolling trays<\/a><\/strong><\/p>\n","protected":false},"featured_media":28744,"comment_status":"open","ping_status":"closed","template":"","meta":{"ocean_post_layout":"","ocean_both_sidebars_style":"","ocean_both_sidebars_content_width":0,"ocean_both_sidebars_sidebars_width":0,"ocean_sidebar":"0","ocean_second_sidebar":"0","ocean_disable_margins":"enable","ocean_add_body_class":"","ocean_shortcode_before_top_bar":"","ocean_shortcode_after_top_bar":"","ocean_shortcode_before_header":"","ocean_shortcode_after_header":"","ocean_has_shortcode":"","ocean_shortcode_after_title":"","ocean_shortcode_before_footer_widgets":"","ocean_shortcode_after_footer_widgets":"","ocean_shortcode_before_footer_bottom":"","ocean_shortcode_after_footer_bottom":"","ocean_display_top_bar":"default","ocean_display_header":"default","ocean_header_style":"","ocean_center_header_left_menu":"0","ocean_custom_header_template":"0","ocean_custom_logo":0,"ocean_custom_retina_logo":0,"ocean_custom_logo_max_width":0,"ocean_custom_logo_tablet_max_width":0,"ocean_custom_logo_mobile_max_width":0,"ocean_custom_logo_max_height":0,"ocean_custom_logo_tablet_max_height":0,"ocean_custom_logo_mobile_max_height":0,"ocean_header_custom_menu":"0","ocean_menu_typo_font_family":"0","ocean_menu_typo_font_subset":"","ocean_menu_typo_font_size":0,"ocean_menu_typo_font_size_tablet":0,"ocean_menu_typo_font_size_mobile":0,"ocean_menu_typo_font_size_unit":"px","ocean_menu_typo_font_weight":"","ocean_menu_typo_font_weight_tablet":"","ocean_menu_typo_font_weight_mobile":"","ocean_menu_typo_transform":"","ocean_menu_typo_transform_tablet":"","ocean_menu_typo_transform_mobile":"","ocean_menu_typo_line_height":0,"ocean_menu_typo_line_height_tablet":0,"ocean_menu_typo_line_height_mobile":0,"ocean_menu_typo_line_height_unit":"","ocean_menu_typo_spacing":0,"ocean_menu_typo_spacing_tablet":0,"ocean_menu_typo_spacing_mobile":0,"ocean_menu_typo_spacing_unit":"","ocean_menu_link_color":"","ocean_menu_link_color_hover":"","ocean_menu_link_color_active":"","ocean_menu_link_background":"","ocean_menu_link_hover_background":"","ocean_menu_link_active_background":"","ocean_menu_social_links_bg":"","ocean_menu_social_hover_links_bg":"","ocean_menu_social_links_color":"","ocean_menu_social_hover_links_color":"","ocean_disable_title":"default","ocean_disable_heading":"default","ocean_post_title":"","ocean_post_subheading":"","ocean_post_title_style":"","ocean_post_title_background_color":"","ocean_post_title_background":0,"ocean_post_title_bg_image_position":"","ocean_post_title_bg_image_attachment":"","ocean_post_title_bg_image_repeat":"","ocean_post_title_bg_image_size":"","ocean_post_title_height":0,"ocean_post_title_bg_overlay":0.5,"ocean_post_title_bg_overlay_color":"","ocean_disable_breadcrumbs":"default","ocean_breadcrumbs_color":"","ocean_breadcrumbs_separator_color":"","ocean_breadcrumbs_links_color":"","ocean_breadcrumbs_links_hover_color":"","ocean_display_footer_widgets":"default","ocean_display_footer_bottom":"default","ocean_custom_footer_template":"0","osh_disable_topbar_sticky":"default","osh_disable_header_sticky":"default","osh_sticky_header_style":"default","osh_sticky_header_effect":"","osh_custom_sticky_logo":0,"osh_custom_retina_sticky_logo":0,"osh_custom_sticky_logo_height":0,"osh_background_color":"","osh_links_color":"","osh_links_hover_color":"","osh_links_active_color":"","osh_links_bg_color":"","osh_links_hover_bg_color":"","osh_links_active_bg_color":"","osh_menu_social_links_color":"","osh_menu_social_hover_links_color":"","iawp_total_views":0},"product_brand":[],"product_cat":[911],"product_tag":[],"class_list":{"0":"post-28746","1":"product","2":"type-product","3":"status-publish","4":"has-post-thumbnail","6":"product_cat-rolling-tray-de","8":"entry","9":"has-media","11":"first","12":"instock","13":"taxable","14":"shipping-taxable","15":"purchasable","16":"product-type-simple","17":"has-product-nav","18":"col","19":"span_1_of_4","20":"owp-content-center","21":"item-entry","22":"owp-thumbs-layout-vertical","23":"owp-btn-normal","24":"owp-tabs-layout-vertical","26":"circle-sale"},"_links":{"self":[{"href":"https:\/\/body-n-soul.com\/de\/wp-json\/wp\/v2\/product\/28746","targetHints":{"allow":["GET"]}}],"collection":[{"href":"https:\/\/body-n-soul.com\/de\/wp-json\/wp\/v2\/product"}],"about":[{"href":"https:\/\/body-n-soul.com\/de\/wp-json\/wp\/v2\/types\/product"}],"replies":[{"embeddable":true,"href":"https:\/\/body-n-soul.com\/de\/wp-json\/wp\/v2\/comments?post=28746"}],"wp:featuredmedia":[{"embeddable":true,"href":"https:\/\/body-n-soul.com\/de\/wp-json\/wp\/v2\/media\/28744"}],"wp:attachment":[{"href":"https:\/\/body-n-soul.com\/de\/wp-json\/wp\/v2\/media?parent=28746"}],"wp:term":[{"taxonomy":"product_brand","embeddable":true,"href":"https:\/\/body-n-soul.com\/de\/wp-json\/wp\/v2\/product_brand?post=28746"},{"taxonomy":"product_cat","embeddable":true,"href":"https:\/\/body-n-soul.com\/de\/wp-json\/wp\/v2\/product_cat?post=28746"},{"taxonomy":"product_tag","embeddable":true,"href":"https:\/\/body-n-soul.com\/de\/wp-json\/wp\/v2\/product_tag?post=28746"}],"curies":[{"name":"wp","href":"https:\/\/api.w.org\/{rel}","templated":true}]}}