{"id":28663,"date":"2025-07-09T20:53:11","date_gmt":"2025-07-09T18:53:11","guid":{"rendered":"https:\/\/body-n-soul.com\/?post_type=product&#038;p=28663"},"modified":"2025-07-10T18:32:38","modified_gmt":"2025-07-10T16:32:38","slug":"champ-high-pool-cristal-glasspfeife-schwartz","status":"publish","type":"product","link":"https:\/\/body-n-soul.com\/de\/produkt\/champ-high-pool-cristal-glasspfeife-schwartz\/","title":{"rendered":"Champ High Pool Cristal Glaspfeife schwarz &#8211; 11cm"},"content":{"rendered":"<h2 class=\"product_title entry-title wd-entities-title\">Champ High Pool Cristal Glaspfeife schwarz<\/h2>\n<p>Glasig und elegant!<\/p>\n<p>Wenn Sie sich schon immer eine elegante, hochglanzpolierte Pfeife gew\u00fcnscht haben, ist diese die Antwort auf Ihre Gebete.<\/p>\n<p>Die Champ High Pool Glaspfeifen in Schwarz sind sehr langlebig und wundersch\u00f6n anzusehen. Das schlichte Design, erg\u00e4nzt durch die gl\u00e4nzende schwarze Farbe, macht sie besonders attraktiv.<\/p>\n<p>Diese schwarzen Glaspfeifen werden von erfahrenen Fachleuten aus hochwertigem Borosilikatglas gefertigt. Dieses Borosilikatglas h\u00e4lt hohen Temperaturen stand und leitet die W\u00e4rme sehr schlecht \u2013 Sie verbrennen sich also beim Inhalieren nicht die Finger.<\/p>\n<p>Die Dicke und Zusammensetzung des Glases sorgen daf\u00fcr, dass Sie sich beim Rauchen nicht die Finger verbrennen.<\/p>\n<p>Die Pfeifen sind leicht und kompakt und k\u00f6nnen \u00fcberallhin mitgenommen werden.<\/p>\n<p>Dar\u00fcber hinaus sind Champ High Pool Glaspfeifen rissfest, rostbest\u00e4ndig, langlebig und leicht zu reinigen.<\/p>\n","protected":false},"excerpt":{"rendered":"<h2 class=\"product_title entry-title wd-entities-title\">Champ High Pool Cristal Glaspfeife schwarz<\/h2>\n<p>Elegante Pfeife aus hochgl\u00e4nzendem Borosilikat.<\/p>\n<p>Sch\u00f6n anzusehen, einfach zu handhaben und zu reinigen.<\/p>\n<p>L\u00e4nge: 11,5 cm<\/p>\n<p>Farbe: Schwarz<\/p>\n<p><span class=\"HwtZe\" lang=\"de\"><span class=\"jCAhz ChMk0b\"><span class=\"ryNqvb\">Zur\u00fcck zu den<\/span><\/span><\/span> <strong><a href=\"https:\/\/body-n-soul.com\/de\/pfeifen\/\">pfeifen<\/a><\/strong><\/p>\n","protected":false},"featured_media":28686,"comment_status":"open","ping_status":"closed","template":"","meta":{"ocean_post_layout":"","ocean_both_sidebars_style":"","ocean_both_sidebars_content_width":0,"ocean_both_sidebars_sidebars_width":0,"ocean_sidebar":"0","ocean_second_sidebar":"0","ocean_disable_margins":"enable","ocean_add_body_class":"","ocean_shortcode_before_top_bar":"","ocean_shortcode_after_top_bar":"","ocean_shortcode_before_header":"","ocean_shortcode_after_header":"","ocean_has_shortcode":"","ocean_shortcode_after_title":"","ocean_shortcode_before_footer_widgets":"","ocean_shortcode_after_footer_widgets":"","ocean_shortcode_before_footer_bottom":"","ocean_shortcode_after_footer_bottom":"","ocean_display_top_bar":"default","ocean_display_header":"default","ocean_header_style":"","ocean_center_header_left_menu":"0","ocean_custom_header_template":"0","ocean_custom_logo":0,"ocean_custom_retina_logo":0,"ocean_custom_logo_max_width":0,"ocean_custom_logo_tablet_max_width":0,"ocean_custom_logo_mobile_max_width":0,"ocean_custom_logo_max_height":0,"ocean_custom_logo_tablet_max_height":0,"ocean_custom_logo_mobile_max_height":0,"ocean_header_custom_menu":"0","ocean_menu_typo_font_family":"0","ocean_menu_typo_font_subset":"","ocean_menu_typo_font_size":0,"ocean_menu_typo_font_size_tablet":0,"ocean_menu_typo_font_size_mobile":0,"ocean_menu_typo_font_size_unit":"px","ocean_menu_typo_font_weight":"","ocean_menu_typo_font_weight_tablet":"","ocean_menu_typo_font_weight_mobile":"","ocean_menu_typo_transform":"","ocean_menu_typo_transform_tablet":"","ocean_menu_typo_transform_mobile":"","ocean_menu_typo_line_height":0,"ocean_menu_typo_line_height_tablet":0,"ocean_menu_typo_line_height_mobile":0,"ocean_menu_typo_line_height_unit":"","ocean_menu_typo_spacing":0,"ocean_menu_typo_spacing_tablet":0,"ocean_menu_typo_spacing_mobile":0,"ocean_menu_typo_spacing_unit":"","ocean_menu_link_color":"","ocean_menu_link_color_hover":"","ocean_menu_link_color_active":"","ocean_menu_link_background":"","ocean_menu_link_hover_background":"","ocean_menu_link_active_background":"","ocean_menu_social_links_bg":"","ocean_menu_social_hover_links_bg":"","ocean_menu_social_links_color":"","ocean_menu_social_hover_links_color":"","ocean_disable_title":"default","ocean_disable_heading":"default","ocean_post_title":"","ocean_post_subheading":"","ocean_post_title_style":"","ocean_post_title_background_color":"","ocean_post_title_background":0,"ocean_post_title_bg_image_position":"","ocean_post_title_bg_image_attachment":"","ocean_post_title_bg_image_repeat":"","ocean_post_title_bg_image_size":"","ocean_post_title_height":0,"ocean_post_title_bg_overlay":0.5,"ocean_post_title_bg_overlay_color":"","ocean_disable_breadcrumbs":"default","ocean_breadcrumbs_color":"","ocean_breadcrumbs_separator_color":"","ocean_breadcrumbs_links_color":"","ocean_breadcrumbs_links_hover_color":"","ocean_display_footer_widgets":"default","ocean_display_footer_bottom":"default","ocean_custom_footer_template":"0","osh_disable_topbar_sticky":"default","osh_disable_header_sticky":"default","osh_sticky_header_style":"default","osh_sticky_header_effect":"","osh_custom_sticky_logo":0,"osh_custom_retina_sticky_logo":0,"osh_custom_sticky_logo_height":0,"osh_background_color":"","osh_links_color":"","osh_links_hover_color":"","osh_links_active_color":"","osh_links_bg_color":"","osh_links_hover_bg_color":"","osh_links_active_bg_color":"","osh_menu_social_links_color":"","osh_menu_social_hover_links_color":"","iawp_total_views":2},"product_brand":[],"product_cat":[914],"product_tag":[],"class_list":{"0":"post-28663","1":"product","2":"type-product","3":"status-publish","4":"has-post-thumbnail","6":"product_cat-pfeife-de","8":"entry","9":"has-media","11":"first","12":"instock","13":"featured","14":"taxable","15":"shipping-taxable","16":"purchasable","17":"product-type-simple","18":"has-product-nav","19":"col","20":"span_1_of_4","21":"owp-content-center","22":"item-entry","23":"owp-thumbs-layout-vertical","24":"owp-btn-normal","25":"owp-tabs-layout-vertical","26":"has-no-thumbnails","28":"circle-sale"},"_links":{"self":[{"href":"https:\/\/body-n-soul.com\/de\/wp-json\/wp\/v2\/product\/28663","targetHints":{"allow":["GET"]}}],"collection":[{"href":"https:\/\/body-n-soul.com\/de\/wp-json\/wp\/v2\/product"}],"about":[{"href":"https:\/\/body-n-soul.com\/de\/wp-json\/wp\/v2\/types\/product"}],"replies":[{"embeddable":true,"href":"https:\/\/body-n-soul.com\/de\/wp-json\/wp\/v2\/comments?post=28663"}],"wp:featuredmedia":[{"embeddable":true,"href":"https:\/\/body-n-soul.com\/de\/wp-json\/wp\/v2\/media\/28686"}],"wp:attachment":[{"href":"https:\/\/body-n-soul.com\/de\/wp-json\/wp\/v2\/media?parent=28663"}],"wp:term":[{"taxonomy":"product_brand","embeddable":true,"href":"https:\/\/body-n-soul.com\/de\/wp-json\/wp\/v2\/product_brand?post=28663"},{"taxonomy":"product_cat","embeddable":true,"href":"https:\/\/body-n-soul.com\/de\/wp-json\/wp\/v2\/product_cat?post=28663"},{"taxonomy":"product_tag","embeddable":true,"href":"https:\/\/body-n-soul.com\/de\/wp-json\/wp\/v2\/product_tag?post=28663"}],"curies":[{"name":"wp","href":"https:\/\/api.w.org\/{rel}","templated":true}]}}