{"id":28042,"date":"2023-09-21T20:08:58","date_gmt":"2023-09-21T18:08:58","guid":{"rendered":"https:\/\/body-n-soul.com\/champ-high-metal-pibe-i-traelook\/"},"modified":"2023-09-21T20:08:58","modified_gmt":"2023-09-21T18:08:58","slug":"champ-high-metal-pibe-i-traelook","status":"publish","type":"product","link":"https:\/\/body-n-soul.com\/de\/produkt\/champ-high-metal-pibe-i-traelook\/","title":{"rendered":"Champ High metal pibe i tr\u00e6look &#8211; 12 cm"},"content":{"rendered":"<h2>Champ High metal pibe i tr\u00e6look<\/h2>\n<p>Det bliver ikke mere unikt end dette<\/p>\n<p>Dette er t\u00e6t p\u00e5 at v\u00e6re den perfekte pibe.<\/p>\n<ul>\n<li>Enest\u00e5ende<\/li>\n<li>effektiv<\/li>\n<li>nem at reng\u00f8re<\/li>\n<li>varmebestandig&#8230;<\/li>\n<\/ul>\n<p>den har det hele! Vi taler selvf\u00f8lgelig om Wholesale Champ High Metal\/Wooden Pipe.<\/p>\n<p>Lad os starte med udseendet. Dette uds\u00f8gte produkt ligner en million dollars i sin fremragende og glatte finish for dets tr\u00e6- og metaldele.<\/p>\n<p>Mundstykket, sk\u00e5len og stilken p\u00e5 disse Wholesale Champ High metal\/tr\u00e6pibe er lavet af metal af h\u00f8j kvalitet. Det sikrer, at den vil v\u00e6re holdbar nok til at holde i lang tid n\u00e6sten uanset hvor meget du bruger den.<\/p>\n<p>For at sikre, at du ikke br\u00e6nder nallerne under brug p\u00e5 grund af varme, inkluderede Champ High en tr\u00e6muffe der d\u00e6kker metalstammen p\u00e5 piben. Champ High t\u00e6nker p\u00e5 deres brugeres ve og vel.<\/p>\n<p>Champ High piben inkludere 5 ekstra filtre (screens). Dette vil forhindre at du kommer til at opleve pull-through n\u00e5r du ryger.<\/p>\n<p>Men hvad er et pull-through overhovedet? Pull-through opst\u00e5r, n\u00e5r du hiver for h\u00e5rdt ind n\u00e5r du bruger piben. Dette f\u00e5r aske og andre ting fra topskuddene til at ende op i k\u00e6ften p\u00e5 dig hvilket bestemt ikke er rart. Det \u00f8del\u00e6gger rygeoplevelsen n\u00e5r ting der burde v\u00e6re i piben pludseligt befinder sig i din mund. Heldigvis er svaret p\u00e5 dette problem inkluderet i med piben i pakken.<\/p>\n<p>En simpel l\u00f8sning som giver dig en bekvem og elegant oplevelse.<\/p>\n<p>Enkel at bruge. Nem at reng\u00f8re.<\/p>\n<p>Disse piber er meget ligetil at bruge. Selv hvis du er en komplet amat\u00f8r b\u00f8r du kunne bruge denne pibe ellers skal du have dine skolepenge tilbage.<\/p>\n<p>En anden ekstra fordel er at det er nemt reng\u00f8re en Champ High Metal\/Wooden Pipe. Du kan uden problemer skille den ad i de forskellige dele og rense alle revner og spr\u00e6kker grundigt. Dette produkt har ingen sv\u00e6rt tilg\u00e6ngelige steder, s\u00e5 reng\u00f8ring vil v\u00e6re en leg for dig. Dit k\u00f8kken derimod&#8230;uha<\/p>\n<p>De er ogs\u00e5 sm\u00e5 og lette nok til at kunne b\u00e6res overalt, hvor du f\u00e6rdes. Det eneste, du skal g\u00f8re, er at sikre, at der ikke er rester af urter tilbage i r\u00f8rets sk\u00e5l, f\u00f8r du pakker det til et roadtrip eller ferie. Men det er der n\u00e6ppe for vi ryger op n\u00e5r f\u00f8rst vi er staret.<\/p>\n<p>N\u00e5, nok om det. Der er mange fordele ved denne pibe men dem vi ikke har n\u00e6vnt m\u00e5 du selv finde.<\/p>\n<p>God forn\u00f8jelse<\/p>\n","protected":false},"excerpt":{"rendered":"<h2>Champ High metal pibe i tr\u00e6look<\/h2>\n<p>En fed lille l\u00e6kker handy pibe n\u00e5r du lige skal have et lyn-stop.<\/p>\n<p>Letv\u00e6gts pibe i matal 12 cm l\u00e6ngde. Nem at reng\u00f8re og skille ad.<\/p>\n<p>l\u00e6ngde: 12 cm.<\/p>\n<p>Pakken indeholder 5 ekstra filtre.<\/p>\n<p>Retur til\u00a0<a href=\"\/tilbehoer\/\">tilbeh\u00f8r<\/a><\/p>\n","protected":false},"featured_media":25032,"comment_status":"open","ping_status":"closed","template":"","meta":{"ocean_post_layout":"","ocean_both_sidebars_style":"","ocean_both_sidebars_content_width":0,"ocean_both_sidebars_sidebars_width":0,"ocean_sidebar":"0","ocean_second_sidebar":"0","ocean_disable_margins":"enable","ocean_add_body_class":"","ocean_shortcode_before_top_bar":"","ocean_shortcode_after_top_bar":"","ocean_shortcode_before_header":"","ocean_shortcode_after_header":"","ocean_has_shortcode":"","ocean_shortcode_after_title":"","ocean_shortcode_before_footer_widgets":"","ocean_shortcode_after_footer_widgets":"","ocean_shortcode_before_footer_bottom":"","ocean_shortcode_after_footer_bottom":"","ocean_display_top_bar":"default","ocean_display_header":"default","ocean_header_style":"","ocean_center_header_left_menu":"0","ocean_custom_header_template":"0","ocean_custom_logo":0,"ocean_custom_retina_logo":0,"ocean_custom_logo_max_width":0,"ocean_custom_logo_tablet_max_width":0,"ocean_custom_logo_mobile_max_width":0,"ocean_custom_logo_max_height":0,"ocean_custom_logo_tablet_max_height":0,"ocean_custom_logo_mobile_max_height":0,"ocean_header_custom_menu":"0","ocean_menu_typo_font_family":"0","ocean_menu_typo_font_subset":"","ocean_menu_typo_font_size":0,"ocean_menu_typo_font_size_tablet":0,"ocean_menu_typo_font_size_mobile":0,"ocean_menu_typo_font_size_unit":"px","ocean_menu_typo_font_weight":"","ocean_menu_typo_font_weight_tablet":"","ocean_menu_typo_font_weight_mobile":"","ocean_menu_typo_transform":"","ocean_menu_typo_transform_tablet":"","ocean_menu_typo_transform_mobile":"","ocean_menu_typo_line_height":0,"ocean_menu_typo_line_height_tablet":0,"ocean_menu_typo_line_height_mobile":0,"ocean_menu_typo_line_height_unit":"","ocean_menu_typo_spacing":0,"ocean_menu_typo_spacing_tablet":0,"ocean_menu_typo_spacing_mobile":0,"ocean_menu_typo_spacing_unit":"","ocean_menu_link_color":"","ocean_menu_link_color_hover":"","ocean_menu_link_color_active":"","ocean_menu_link_background":"","ocean_menu_link_hover_background":"","ocean_menu_link_active_background":"","ocean_menu_social_links_bg":"","ocean_menu_social_hover_links_bg":"","ocean_menu_social_links_color":"","ocean_menu_social_hover_links_color":"","ocean_disable_title":"default","ocean_disable_heading":"default","ocean_post_title":"","ocean_post_subheading":"","ocean_post_title_style":"","ocean_post_title_background_color":"","ocean_post_title_background":0,"ocean_post_title_bg_image_position":"","ocean_post_title_bg_image_attachment":"","ocean_post_title_bg_image_repeat":"","ocean_post_title_bg_image_size":"","ocean_post_title_height":0,"ocean_post_title_bg_overlay":0.5,"ocean_post_title_bg_overlay_color":"","ocean_disable_breadcrumbs":"default","ocean_breadcrumbs_color":"","ocean_breadcrumbs_separator_color":"","ocean_breadcrumbs_links_color":"","ocean_breadcrumbs_links_hover_color":"","ocean_display_footer_widgets":"default","ocean_display_footer_bottom":"default","ocean_custom_footer_template":"0","osh_disable_topbar_sticky":"default","osh_disable_header_sticky":"default","osh_sticky_header_style":"default","osh_sticky_header_effect":"","osh_custom_sticky_logo":0,"osh_custom_retina_sticky_logo":0,"osh_custom_sticky_logo_height":0,"osh_background_color":"","osh_links_color":"","osh_links_hover_color":"","osh_links_active_color":"","osh_links_bg_color":"","osh_links_hover_bg_color":"","osh_links_active_bg_color":"","osh_menu_social_links_color":"","osh_menu_social_hover_links_color":"","iawp_total_views":3},"product_brand":[],"product_cat":[914],"product_tag":[],"class_list":{"0":"post-28042","1":"product","2":"type-product","3":"status-publish","4":"has-post-thumbnail","6":"product_cat-pfeife-de","8":"entry","9":"has-media","11":"first","12":"instock","13":"taxable","14":"shipping-taxable","15":"purchasable","16":"product-type-simple","17":"has-product-nav","18":"col","19":"span_1_of_4","20":"owp-content-center","21":"item-entry","22":"owp-thumbs-layout-vertical","23":"owp-btn-normal","24":"owp-tabs-layout-vertical","26":"circle-sale"},"_links":{"self":[{"href":"https:\/\/body-n-soul.com\/de\/wp-json\/wp\/v2\/product\/28042","targetHints":{"allow":["GET"]}}],"collection":[{"href":"https:\/\/body-n-soul.com\/de\/wp-json\/wp\/v2\/product"}],"about":[{"href":"https:\/\/body-n-soul.com\/de\/wp-json\/wp\/v2\/types\/product"}],"replies":[{"embeddable":true,"href":"https:\/\/body-n-soul.com\/de\/wp-json\/wp\/v2\/comments?post=28042"}],"wp:featuredmedia":[{"embeddable":true,"href":"https:\/\/body-n-soul.com\/de\/wp-json\/wp\/v2\/media\/25032"}],"wp:attachment":[{"href":"https:\/\/body-n-soul.com\/de\/wp-json\/wp\/v2\/media?parent=28042"}],"wp:term":[{"taxonomy":"product_brand","embeddable":true,"href":"https:\/\/body-n-soul.com\/de\/wp-json\/wp\/v2\/product_brand?post=28042"},{"taxonomy":"product_cat","embeddable":true,"href":"https:\/\/body-n-soul.com\/de\/wp-json\/wp\/v2\/product_cat?post=28042"},{"taxonomy":"product_tag","embeddable":true,"href":"https:\/\/body-n-soul.com\/de\/wp-json\/wp\/v2\/product_tag?post=28042"}],"curies":[{"name":"wp","href":"https:\/\/api.w.org\/{rel}","templated":true}]}}