{"id":27975,"date":"2025-04-12T15:42:11","date_gmt":"2025-04-12T13:42:11","guid":{"rendered":"https:\/\/body-n-soul.com\/best-buds-girl-scout-cookies-portable-rolling-tray\/"},"modified":"2025-04-12T16:34:46","modified_gmt":"2025-04-12T14:34:46","slug":"best-buds-girl-scout-cookies-portable-rolling-tray","status":"publish","type":"product","link":"https:\/\/body-n-soul.com\/de\/produkt\/best-buds-girl-scout-cookies-portable-rolling-tray\/","title":{"rendered":"Best Buds Girl Scout Cookies Portable Rolling Tray"},"content":{"rendered":"<h2>Best Buds Girl Scout Cookies Portable Rolling Tray<\/h2>\n<p>Tragbares Rolltablett Best Buds Girl Scout Cookies<\/p>\n<p>Das tragbare Rolling tray Girl Scout Cookies von Best Buds ist eine k\u00f6stliche und praktische Mixertabletttasche, die Sie \u00fcberallhin mitnehmen k\u00f6nnen.<\/p>\n<p>Es wiegt nicht mehr als 20 g, l\u00e4sst sich einfach zusammenfalten und unterwegs oder zu Festivals mitnehmen.<\/p>\n<p>Das Material ist handgefertigtes PU-Leder mit einem Motiv von Girl Scout Cookies. Das Motiv ist auf beiden Seiten der Mixertasche gleich.<\/p>\n<p>Der Beutel l\u00e4sst sich durch den stabilen Rei\u00dfverschluss leicht \u00f6ffnen und die Innenseite ist glatt, sodass sich alles gut vermischen l\u00e4sst und nichts h\u00e4ngen bleibt.<\/p>\n<p>Die Reinigung ist einfach, da sich der Beutel komplett \u00f6ffnen l\u00e4sst.<\/p>\n<p>Au\u00dferdem ist es mit einer stabilen Schlaufe ausgestattet, sodass Sie es beispielsweise an Schl\u00fcsseln oder \u00c4hnlichem befestigen k\u00f6nnen.<\/p>\n<p><strong>Produzent<\/strong>: Best Buds<br \/>\n<strong>Typ<\/strong>: Mixer-Tabletttasche \/ rolling tray<br \/>\n<strong>Material<\/strong>: Handgefertigtes PU-Leder<br \/>\n<strong>Farbe<\/strong>: Von allem etwas<br \/>\n<strong>Motiv:<\/strong> Girl Scout Cookies<br \/>\n<strong>Abmessungen<\/strong>: 70 \u00d7 130 \u00d7 20 mm<br \/>\n<strong>Gewicht<\/strong>: 20 Gramm<\/p>\n<p>&nbsp;<\/p>\n","protected":false},"excerpt":{"rendered":"<h2>Best Buds Girl Scout Cookies Portable Rolling Tray<\/h2>\n<p>Tragbares Rolltablett Best Buds Girl Scout Cookies<\/p>\n<p>Ein h\u00fcbsches kleines Mischtablett aus handgen\u00e4htem PU-Leder mit einem Girl Scout Cookies Motiv.<\/p>\n<p>Durch das geringe Gewicht l\u00e4sst es sich problemlos \u00fcberallhin mitnehmen.<\/p>\n<p><strong>Produzent<\/strong>: Best Buds<br \/>\n<strong>Typ<\/strong>: Mixer-Tabletttasche \/ rolling tray<br \/>\n<strong>Material<\/strong>: Handgefertigtes PU-Leder<br \/>\n<strong>Farbe<\/strong>: Von allem etwas<br \/>\n<strong>Motiv:<\/strong> Girl Scout Cookies<br \/>\n<strong>Abmessungen<\/strong>: 70 \u00d7 130 \u00d7 20 mm<br \/>\n<strong>Gewicht<\/strong>: 20 Gramm<\/p>\n<p>Zur\u00fcck zu den <a href=\"\/de\/rolling-trays\/\"><strong>rolling trays<\/strong><\/a><\/p>\n<p>&nbsp;<\/p>\n","protected":false},"featured_media":27969,"comment_status":"open","ping_status":"closed","template":"","meta":{"ocean_post_layout":"","ocean_both_sidebars_style":"","ocean_both_sidebars_content_width":0,"ocean_both_sidebars_sidebars_width":0,"ocean_sidebar":"0","ocean_second_sidebar":"0","ocean_disable_margins":"enable","ocean_add_body_class":"","ocean_shortcode_before_top_bar":"","ocean_shortcode_after_top_bar":"","ocean_shortcode_before_header":"","ocean_shortcode_after_header":"","ocean_has_shortcode":"","ocean_shortcode_after_title":"","ocean_shortcode_before_footer_widgets":"","ocean_shortcode_after_footer_widgets":"","ocean_shortcode_before_footer_bottom":"","ocean_shortcode_after_footer_bottom":"","ocean_display_top_bar":"default","ocean_display_header":"default","ocean_header_style":"","ocean_center_header_left_menu":"0","ocean_custom_header_template":"0","ocean_custom_logo":0,"ocean_custom_retina_logo":0,"ocean_custom_logo_max_width":0,"ocean_custom_logo_tablet_max_width":0,"ocean_custom_logo_mobile_max_width":0,"ocean_custom_logo_max_height":0,"ocean_custom_logo_tablet_max_height":0,"ocean_custom_logo_mobile_max_height":0,"ocean_header_custom_menu":"0","ocean_menu_typo_font_family":"0","ocean_menu_typo_font_subset":"","ocean_menu_typo_font_size":0,"ocean_menu_typo_font_size_tablet":0,"ocean_menu_typo_font_size_mobile":0,"ocean_menu_typo_font_size_unit":"px","ocean_menu_typo_font_weight":"","ocean_menu_typo_font_weight_tablet":"","ocean_menu_typo_font_weight_mobile":"","ocean_menu_typo_transform":"","ocean_menu_typo_transform_tablet":"","ocean_menu_typo_transform_mobile":"","ocean_menu_typo_line_height":0,"ocean_menu_typo_line_height_tablet":0,"ocean_menu_typo_line_height_mobile":0,"ocean_menu_typo_line_height_unit":"","ocean_menu_typo_spacing":0,"ocean_menu_typo_spacing_tablet":0,"ocean_menu_typo_spacing_mobile":0,"ocean_menu_typo_spacing_unit":"","ocean_menu_link_color":"","ocean_menu_link_color_hover":"","ocean_menu_link_color_active":"","ocean_menu_link_background":"","ocean_menu_link_hover_background":"","ocean_menu_link_active_background":"","ocean_menu_social_links_bg":"","ocean_menu_social_hover_links_bg":"","ocean_menu_social_links_color":"","ocean_menu_social_hover_links_color":"","ocean_disable_title":"default","ocean_disable_heading":"default","ocean_post_title":"","ocean_post_subheading":"","ocean_post_title_style":"","ocean_post_title_background_color":"","ocean_post_title_background":0,"ocean_post_title_bg_image_position":"","ocean_post_title_bg_image_attachment":"","ocean_post_title_bg_image_repeat":"","ocean_post_title_bg_image_size":"","ocean_post_title_height":0,"ocean_post_title_bg_overlay":0.5,"ocean_post_title_bg_overlay_color":"","ocean_disable_breadcrumbs":"default","ocean_breadcrumbs_color":"","ocean_breadcrumbs_separator_color":"","ocean_breadcrumbs_links_color":"","ocean_breadcrumbs_links_hover_color":"","ocean_display_footer_widgets":"default","ocean_display_footer_bottom":"default","ocean_custom_footer_template":"0","osh_disable_topbar_sticky":"default","osh_disable_header_sticky":"default","osh_sticky_header_style":"default","osh_sticky_header_effect":"","osh_custom_sticky_logo":0,"osh_custom_retina_sticky_logo":0,"osh_custom_sticky_logo_height":0,"osh_background_color":"","osh_links_color":"","osh_links_hover_color":"","osh_links_active_color":"","osh_links_bg_color":"","osh_links_hover_bg_color":"","osh_links_active_bg_color":"","osh_menu_social_links_color":"","osh_menu_social_hover_links_color":"","iawp_total_views":4},"product_brand":[],"product_cat":[911],"product_tag":[],"class_list":{"0":"post-27975","1":"product","2":"type-product","3":"status-publish","4":"has-post-thumbnail","6":"product_cat-rolling-tray-de","8":"entry","9":"has-media","11":"first","12":"instock","13":"taxable","14":"shipping-taxable","15":"purchasable","16":"product-type-simple","17":"has-product-nav","18":"col","19":"span_1_of_4","20":"owp-content-center","21":"item-entry","22":"owp-thumbs-layout-vertical","23":"owp-btn-normal","24":"owp-tabs-layout-vertical","26":"circle-sale"},"_links":{"self":[{"href":"https:\/\/body-n-soul.com\/de\/wp-json\/wp\/v2\/product\/27975","targetHints":{"allow":["GET"]}}],"collection":[{"href":"https:\/\/body-n-soul.com\/de\/wp-json\/wp\/v2\/product"}],"about":[{"href":"https:\/\/body-n-soul.com\/de\/wp-json\/wp\/v2\/types\/product"}],"replies":[{"embeddable":true,"href":"https:\/\/body-n-soul.com\/de\/wp-json\/wp\/v2\/comments?post=27975"}],"wp:featuredmedia":[{"embeddable":true,"href":"https:\/\/body-n-soul.com\/de\/wp-json\/wp\/v2\/media\/27969"}],"wp:attachment":[{"href":"https:\/\/body-n-soul.com\/de\/wp-json\/wp\/v2\/media?parent=27975"}],"wp:term":[{"taxonomy":"product_brand","embeddable":true,"href":"https:\/\/body-n-soul.com\/de\/wp-json\/wp\/v2\/product_brand?post=27975"},{"taxonomy":"product_cat","embeddable":true,"href":"https:\/\/body-n-soul.com\/de\/wp-json\/wp\/v2\/product_cat?post=27975"},{"taxonomy":"product_tag","embeddable":true,"href":"https:\/\/body-n-soul.com\/de\/wp-json\/wp\/v2\/product_tag?post=27975"}],"curies":[{"name":"wp","href":"https:\/\/api.w.org\/{rel}","templated":true}]}}