{"id":27759,"date":"2025-03-28T19:47:57","date_gmt":"2025-03-28T18:47:57","guid":{"rendered":"https:\/\/body-n-soul.com\/xvape-avant-vaporizer\/"},"modified":"2025-03-28T19:47:57","modified_gmt":"2025-03-28T18:47:57","slug":"xvape-avant-vaporizer","status":"publish","type":"product","link":"https:\/\/body-n-soul.com\/de\/produkt\/xvape-avant-vaporizer\/","title":{"rendered":"Xvape Avant vaporizer"},"content":{"rendered":"<h2>Xvape Avant vaporizer<\/h2>\n<p>Nogle gange kan vaping p\u00e5 farten eller offentligt v\u00e6re besv\u00e6rligt. Med XVAPE Avant dry herb vaporizer har du den mest diskrete, under-radar vape, og det hele er pakket i et subtilt sort etui. Avant dry herb vape tilbyder et hurtigt, effektivt hit drevet af 5 temperaturindstillinger og et bredmundet keramisk bagekammer toppet af XVAPEs klassiske magnetiske ziconia-mundstykke.  <\/p>\n<p><strong>Hvem er Avant for?<\/strong><br \/>\nAvant er for enhver, der har brug for en p\u00e5 udkig efter en b\u00e6rbar kvalitetsfordamper til en fantastisk pris. Den har 5 temperaturindstillinger, en st\u00f8rrelse, der kan lomme, USB-opladning, et magnetisk mundstykke af zirconia og et anodiseret aluminiumshus. Avant leverer funktioner, der ikke ses i vaporizers til dobbelt s\u00e5 h\u00f8j pris.  <\/p>\n<p><strong>Temperaturfleksibilitet<\/strong><br \/>\nMed 5 forudindstillede temperaturer at v\u00e6lge imellem giver <strong>Xvape Avant vaporizer<\/strong> dig et v\u00e6ld af opvarmningsmuligheder til dine botaniske produkter. Temperaturindstillingerne er markeret ved 365\/374\/392\/410\/428\u00b0F (eller 185\/190\/200\/210\/220\u00b0C). <\/p>\n<p>&nbsp;<\/p>\n<p><strong>Specifikationer:<\/strong><\/p>\n<p>100 % isoleret luftvej<br \/>\nInnovativt kompakt og uds\u00f8gt fladt design<br \/>\nMagnetisk keramisk mundstykke<br \/>\nSlagfast metalhus<br \/>\nGenialt keramisk bagekammer med stor kapacitet<br \/>\n5 Temperaturindstillinger<br \/>\nTemperaturhukommelse<br \/>\nH\u00f8j hastighed 1200 MAH batteri<br \/>\nKortslutningsbeskyttelse<br \/>\nTemperaturomr\u00e5de (356\u00b0F \u2013 428\u00b0F)<\/p>\n","protected":false},"excerpt":{"rendered":"<h2>Xvape Avant vaporizer<\/h2>\n<p>Dry Herb Vaporizer til Urt \/ blomster<\/p>\n<p>Enkel, diskret og velbygget, XVape Avant dry herb vaporizer er nem at bruge for vaperen p\u00e5 farten.<\/p>\n<p>N\u00e5r b\u00e6rbarhed og diskretion er et must, er XVAPE AVANT dry herb vaporizer det eneste valg. Med et lommevenligt og innovativt fladt design har Avant 5 unikke temperaturindstillinger, et magnetisk mundstykke med industriel styrke og et keramisk bagekammer med stor kapacitet. Klik, pust og g\u00e5&#8230; s\u00e5 enkelt er det virkelig.  <\/p>\n","protected":false},"featured_media":27690,"comment_status":"open","ping_status":"closed","template":"","meta":{"ocean_post_layout":"","ocean_both_sidebars_style":"","ocean_both_sidebars_content_width":0,"ocean_both_sidebars_sidebars_width":0,"ocean_sidebar":"0","ocean_second_sidebar":"0","ocean_disable_margins":"enable","ocean_add_body_class":"","ocean_shortcode_before_top_bar":"","ocean_shortcode_after_top_bar":"","ocean_shortcode_before_header":"","ocean_shortcode_after_header":"","ocean_has_shortcode":"","ocean_shortcode_after_title":"","ocean_shortcode_before_footer_widgets":"","ocean_shortcode_after_footer_widgets":"","ocean_shortcode_before_footer_bottom":"","ocean_shortcode_after_footer_bottom":"","ocean_display_top_bar":"default","ocean_display_header":"default","ocean_header_style":"","ocean_center_header_left_menu":"0","ocean_custom_header_template":"0","ocean_custom_logo":0,"ocean_custom_retina_logo":0,"ocean_custom_logo_max_width":0,"ocean_custom_logo_tablet_max_width":0,"ocean_custom_logo_mobile_max_width":0,"ocean_custom_logo_max_height":0,"ocean_custom_logo_tablet_max_height":0,"ocean_custom_logo_mobile_max_height":0,"ocean_header_custom_menu":"0","ocean_menu_typo_font_family":"0","ocean_menu_typo_font_subset":"","ocean_menu_typo_font_size":0,"ocean_menu_typo_font_size_tablet":0,"ocean_menu_typo_font_size_mobile":0,"ocean_menu_typo_font_size_unit":"px","ocean_menu_typo_font_weight":"","ocean_menu_typo_font_weight_tablet":"","ocean_menu_typo_font_weight_mobile":"","ocean_menu_typo_transform":"","ocean_menu_typo_transform_tablet":"","ocean_menu_typo_transform_mobile":"","ocean_menu_typo_line_height":0,"ocean_menu_typo_line_height_tablet":0,"ocean_menu_typo_line_height_mobile":0,"ocean_menu_typo_line_height_unit":"","ocean_menu_typo_spacing":0,"ocean_menu_typo_spacing_tablet":0,"ocean_menu_typo_spacing_mobile":0,"ocean_menu_typo_spacing_unit":"","ocean_menu_link_color":"","ocean_menu_link_color_hover":"","ocean_menu_link_color_active":"","ocean_menu_link_background":"","ocean_menu_link_hover_background":"","ocean_menu_link_active_background":"","ocean_menu_social_links_bg":"","ocean_menu_social_hover_links_bg":"","ocean_menu_social_links_color":"","ocean_menu_social_hover_links_color":"","ocean_disable_title":"default","ocean_disable_heading":"default","ocean_post_title":"","ocean_post_subheading":"","ocean_post_title_style":"","ocean_post_title_background_color":"","ocean_post_title_background":0,"ocean_post_title_bg_image_position":"","ocean_post_title_bg_image_attachment":"","ocean_post_title_bg_image_repeat":"","ocean_post_title_bg_image_size":"","ocean_post_title_height":0,"ocean_post_title_bg_overlay":0.5,"ocean_post_title_bg_overlay_color":"","ocean_disable_breadcrumbs":"default","ocean_breadcrumbs_color":"","ocean_breadcrumbs_separator_color":"","ocean_breadcrumbs_links_color":"","ocean_breadcrumbs_links_hover_color":"","ocean_display_footer_widgets":"default","ocean_display_footer_bottom":"default","ocean_custom_footer_template":"0","osh_disable_topbar_sticky":"default","osh_disable_header_sticky":"default","osh_sticky_header_style":"default","osh_sticky_header_effect":"","osh_custom_sticky_logo":0,"osh_custom_retina_sticky_logo":0,"osh_custom_sticky_logo_height":0,"osh_background_color":"","osh_links_color":"","osh_links_hover_color":"","osh_links_active_color":"","osh_links_bg_color":"","osh_links_hover_bg_color":"","osh_links_active_bg_color":"","osh_menu_social_links_color":"","osh_menu_social_hover_links_color":"","iawp_total_views":1},"product_brand":[],"product_cat":[892],"product_tag":[893,894],"class_list":{"0":"post-27759","1":"product","2":"type-product","3":"status-publish","4":"has-post-thumbnail","6":"product_cat-vaporizer","7":"product_tag-vaporizer-de","8":"product_tag-xvape-de","10":"entry","11":"has-media","13":"first","14":"instock","15":"taxable","16":"shipping-taxable","17":"purchasable","18":"product-type-simple","19":"has-product-nav","20":"col","21":"span_1_of_4","22":"owp-content-center","23":"item-entry","24":"owp-thumbs-layout-vertical","25":"owp-btn-normal","26":"owp-tabs-layout-vertical","28":"circle-sale"},"_links":{"self":[{"href":"https:\/\/body-n-soul.com\/de\/wp-json\/wp\/v2\/product\/27759","targetHints":{"allow":["GET"]}}],"collection":[{"href":"https:\/\/body-n-soul.com\/de\/wp-json\/wp\/v2\/product"}],"about":[{"href":"https:\/\/body-n-soul.com\/de\/wp-json\/wp\/v2\/types\/product"}],"replies":[{"embeddable":true,"href":"https:\/\/body-n-soul.com\/de\/wp-json\/wp\/v2\/comments?post=27759"}],"wp:featuredmedia":[{"embeddable":true,"href":"https:\/\/body-n-soul.com\/de\/wp-json\/wp\/v2\/media\/27690"}],"wp:attachment":[{"href":"https:\/\/body-n-soul.com\/de\/wp-json\/wp\/v2\/media?parent=27759"}],"wp:term":[{"taxonomy":"product_brand","embeddable":true,"href":"https:\/\/body-n-soul.com\/de\/wp-json\/wp\/v2\/product_brand?post=27759"},{"taxonomy":"product_cat","embeddable":true,"href":"https:\/\/body-n-soul.com\/de\/wp-json\/wp\/v2\/product_cat?post=27759"},{"taxonomy":"product_tag","embeddable":true,"href":"https:\/\/body-n-soul.com\/de\/wp-json\/wp\/v2\/product_tag?post=27759"}],"curies":[{"name":"wp","href":"https:\/\/api.w.org\/{rel}","templated":true}]}}