{"id":26478,"date":"2024-12-07T17:39:36","date_gmt":"2024-12-07T16:39:36","guid":{"rendered":"https:\/\/body-n-soul.com\/?post_type=product&#038;p=26478"},"modified":"2025-03-08T17:07:31","modified_gmt":"2025-03-08T16:07:31","slug":"jumbo-king-size-jointpapir-med-pre-rolled-filtre","status":"publish","type":"product","link":"https:\/\/body-n-soul.com\/de\/produkt\/jumbo-king-size-jointpapir-med-pre-rolled-filtre\/","title":{"rendered":"Jumbo King Size Jointpapir med Pre-Rolled Filtre &#8211; 24 ark"},"content":{"rendered":"<h2>Jumbo King Size Jointpapir med Pre-Rolled Filtre<\/h2>\n<p>Perfekt sk\u00e5ret joint papir for din nemhed og bekvemmelighed<\/p>\n<p>Jumbo King Size rullepapir med forrullede filtre er perfekte til dig der \u00f8nsker at nyde din afslapningstid med stil og ikke gider at rode med filtre og andet stads.<\/p>\n<p>Det hele er serveres for dig her og s\u00e5 i en l\u00e6kker sort indpakning med guldskrift. whats&#8217;s not to like.<\/p>\n<p>Jumbo Joint paper er lavet med materialer af h\u00f8jeste kvalitet for at sikre, at du f\u00e5r mest muligt ud af hver joint.<\/p>\n<p>Jumbo King Size rullepapir med forrullede filte samles omhyggeligt og glattes, f\u00f8r de rulles for et rent udseende og glat forbr\u00e6nding.<\/p>\n<h3>Produktbeskrivelse<\/h3>\n<p>Naturfiberbaseret ubleget joint paper lavet med rene naturlige ingredienser<\/p>\n<p>Hvert pakke indeholder 24 ark og dertil h\u00f8rende filte.<\/p>\n<p>Fremstillet med f\u00f8rsteklasses materialer<\/p>\n<p>Glat rullende papir<\/p>\n<p>Alle materialerne er fri for tils\u00e6tningsstoffer og kemikalier, hvilket g\u00f8r dem til et sundere alternativ.<\/p>\n<p>Forsigtigt sk\u00e5ret og rullet filtre for maksimal forn\u00f8jelse<\/p>\n<p>Forrullede filte er en fordel da du ikke skal sidde og bikse med at ruller og holde styr p\u00e5 hvor du har dine &#8218;krydderier&#8216;. Alt er klart til brug. S\u00e5 turen er blevet kortere fra trang til sm\u00f8g.<\/p>\n<p>Jumbo har omhyggeligt sk\u00e5ret og rullet hvert filter til disse joint papers, idet man er opm\u00e6rksom p\u00e5 papirets naturlige fibr\u00f8se korn og s\u00f8rger for at skabe en perfekt rund, glat spids.<\/p>\n<p>&nbsp;<\/p>\n<p>Reference: 36226<\/p>\n","protected":false},"excerpt":{"rendered":"<h2>Jumbo King Size Jointpapir med Pre-Rolled Filtre<\/h2>\n<p>Egenskaber:<\/p>\n<p>&#8211; Det er et 100% \u00f8kologisk og naturligt papir.<br \/>\n&#8211; Fremstillet af hampefibre.<br \/>\n&#8211; Ultratynd og gennemskinnelig.<br \/>\n&#8211; Med naturlig hamp gummi.<br \/>\n&#8211; Klorfri.<br \/>\n&#8211; Ingen tils\u00e6tningsstoffer.<\/p>\n<p><strong>Retur til\u00a0<a href=\"\/jointpapir\/\">jointpapir<\/a><\/strong><\/p>\n<p>&nbsp;<\/p>\n","protected":false},"featured_media":26480,"comment_status":"open","ping_status":"closed","template":"","meta":{"ocean_post_layout":"","ocean_both_sidebars_style":"","ocean_both_sidebars_content_width":0,"ocean_both_sidebars_sidebars_width":0,"ocean_sidebar":"0","ocean_second_sidebar":"0","ocean_disable_margins":"enable","ocean_add_body_class":"","ocean_shortcode_before_top_bar":"","ocean_shortcode_after_top_bar":"","ocean_shortcode_before_header":"","ocean_shortcode_after_header":"","ocean_has_shortcode":"","ocean_shortcode_after_title":"","ocean_shortcode_before_footer_widgets":"","ocean_shortcode_after_footer_widgets":"","ocean_shortcode_before_footer_bottom":"","ocean_shortcode_after_footer_bottom":"","ocean_display_top_bar":"default","ocean_display_header":"default","ocean_header_style":"","ocean_center_header_left_menu":"0","ocean_custom_header_template":"0","ocean_custom_logo":0,"ocean_custom_retina_logo":0,"ocean_custom_logo_max_width":0,"ocean_custom_logo_tablet_max_width":0,"ocean_custom_logo_mobile_max_width":0,"ocean_custom_logo_max_height":0,"ocean_custom_logo_tablet_max_height":0,"ocean_custom_logo_mobile_max_height":0,"ocean_header_custom_menu":"0","ocean_menu_typo_font_family":"0","ocean_menu_typo_font_subset":"","ocean_menu_typo_font_size":0,"ocean_menu_typo_font_size_tablet":0,"ocean_menu_typo_font_size_mobile":0,"ocean_menu_typo_font_size_unit":"px","ocean_menu_typo_font_weight":"","ocean_menu_typo_font_weight_tablet":"","ocean_menu_typo_font_weight_mobile":"","ocean_menu_typo_transform":"","ocean_menu_typo_transform_tablet":"","ocean_menu_typo_transform_mobile":"","ocean_menu_typo_line_height":0,"ocean_menu_typo_line_height_tablet":0,"ocean_menu_typo_line_height_mobile":0,"ocean_menu_typo_line_height_unit":"","ocean_menu_typo_spacing":0,"ocean_menu_typo_spacing_tablet":0,"ocean_menu_typo_spacing_mobile":0,"ocean_menu_typo_spacing_unit":"","ocean_menu_link_color":"","ocean_menu_link_color_hover":"","ocean_menu_link_color_active":"","ocean_menu_link_background":"","ocean_menu_link_hover_background":"","ocean_menu_link_active_background":"","ocean_menu_social_links_bg":"","ocean_menu_social_hover_links_bg":"","ocean_menu_social_links_color":"","ocean_menu_social_hover_links_color":"","ocean_disable_title":"default","ocean_disable_heading":"default","ocean_post_title":"","ocean_post_subheading":"","ocean_post_title_style":"","ocean_post_title_background_color":"","ocean_post_title_background":0,"ocean_post_title_bg_image_position":"","ocean_post_title_bg_image_attachment":"","ocean_post_title_bg_image_repeat":"","ocean_post_title_bg_image_size":"","ocean_post_title_height":0,"ocean_post_title_bg_overlay":0.5,"ocean_post_title_bg_overlay_color":"","ocean_disable_breadcrumbs":"default","ocean_breadcrumbs_color":"","ocean_breadcrumbs_separator_color":"","ocean_breadcrumbs_links_color":"","ocean_breadcrumbs_links_hover_color":"","ocean_display_footer_widgets":"default","ocean_display_footer_bottom":"default","ocean_custom_footer_template":"0","osh_disable_topbar_sticky":"default","osh_disable_header_sticky":"default","osh_sticky_header_style":"default","osh_sticky_header_effect":"","osh_custom_sticky_logo":0,"osh_custom_retina_sticky_logo":0,"osh_custom_sticky_logo_height":0,"osh_background_color":"","osh_links_color":"","osh_links_hover_color":"","osh_links_active_color":"","osh_links_bg_color":"","osh_links_hover_bg_color":"","osh_links_active_bg_color":"","osh_menu_social_links_color":"","osh_menu_social_hover_links_color":"","iawp_total_views":68},"product_brand":[],"product_cat":[622],"product_tag":[850,874],"class_list":{"0":"post-26478","1":"product","2":"type-product","3":"status-publish","4":"has-post-thumbnail","6":"product_cat-tilbehoer-cat","7":"product_tag-joint-paper","8":"product_tag-jumbo","10":"entry","11":"has-media","13":"first","14":"instock","15":"taxable","16":"shipping-taxable","17":"purchasable","18":"product-type-simple","19":"has-product-nav","20":"col","21":"span_1_of_4","22":"owp-content-center","23":"item-entry","24":"owp-thumbs-layout-vertical","25":"owp-btn-normal","26":"owp-tabs-layout-vertical","28":"circle-sale"},"_links":{"self":[{"href":"https:\/\/body-n-soul.com\/de\/wp-json\/wp\/v2\/product\/26478","targetHints":{"allow":["GET"]}}],"collection":[{"href":"https:\/\/body-n-soul.com\/de\/wp-json\/wp\/v2\/product"}],"about":[{"href":"https:\/\/body-n-soul.com\/de\/wp-json\/wp\/v2\/types\/product"}],"replies":[{"embeddable":true,"href":"https:\/\/body-n-soul.com\/de\/wp-json\/wp\/v2\/comments?post=26478"}],"wp:featuredmedia":[{"embeddable":true,"href":"https:\/\/body-n-soul.com\/de\/wp-json\/wp\/v2\/media\/26480"}],"wp:attachment":[{"href":"https:\/\/body-n-soul.com\/de\/wp-json\/wp\/v2\/media?parent=26478"}],"wp:term":[{"taxonomy":"product_brand","embeddable":true,"href":"https:\/\/body-n-soul.com\/de\/wp-json\/wp\/v2\/product_brand?post=26478"},{"taxonomy":"product_cat","embeddable":true,"href":"https:\/\/body-n-soul.com\/de\/wp-json\/wp\/v2\/product_cat?post=26478"},{"taxonomy":"product_tag","embeddable":true,"href":"https:\/\/body-n-soul.com\/de\/wp-json\/wp\/v2\/product_tag?post=26478"}],"curies":[{"name":"wp","href":"https:\/\/api.w.org\/{rel}","templated":true}]}}