{"id":25681,"date":"2024-09-14T16:55:58","date_gmt":"2024-09-14T14:55:58","guid":{"rendered":"https:\/\/body-n-soul.com\/?post_type=product&#038;p=25681"},"modified":"2025-04-21T13:11:46","modified_gmt":"2025-04-21T11:11:46","slug":"iguana-hhc-vape-amnesia","status":"publish","type":"product","link":"https:\/\/body-n-soul.com\/de\/produkt\/iguana-hhc-vape-amnesia\/","title":{"rendered":"Iguana HHC Kartusche Amnesia 1ml &#8211; 900 mg"},"content":{"rendered":"<h2>Iguana HHC Kartusche Amnesia<\/h2>\n<p>Iguana Smoke Kartusche HHC Good Vibes Gelato<\/p>\n<p>HHC Good Vibes Kartusche enth\u00e4lt 1ml Liquid mit einer 90%igen HHC-Konzentration und 300 Z\u00fcgen.<\/p>\n<p>Der Dampf enth\u00e4lt weder Nikotin noch THC (Tetrahydrocannabinol), sondern nur HHC-Destillat und nat\u00fcrliche Terpene von Amnesia Terpens.<\/p>\n<p>Dieser Iguana Smoke HHC Kartusche ist sofort einsatzbereit. Er ben\u00f6tigt keine Nachf\u00fcllfl\u00fcssigkeit.<\/p>\n<p>Der iguana hhc pod passt auf einen Standardakku mit 510 Gewinde.<\/p>\n<p>Sein attraktives Design und seine kompakte Gr\u00f6\u00dfe machen ihn zu einer idealen Erg\u00e4nzung, die man immer bei sich tragen kann.<\/p>\n<p>Um mehr \u00fcber HHC zu erfahren, lesen Sie den folgenden Artikel \u00fcber HHC<\/p>\n<h3>Kurze Beschreibung von HHC<\/h3>\n<p>HHC ist ein minderwertiges Cannabinoid mit THC-\u00e4hnlichen Wirkungen, aber 10-20 % weniger stark. Genie\u00dfen Sie eine \u00e4hnliche Wirkung wie das k\u00f6nigliche Cannabinoid.<\/p>\n<p>Dieser innovative HHC-Vaporizer von Iguana verwendet erstklassiges 90%iges HHC-Harz zusammen mit unglaublichen Sorten von Terpenen, um einen starken geistigen und k\u00f6rperlichen Rausch zu erzeugen. Diese HHC-Patronen geh\u00f6ren zu den st\u00e4rksten verf\u00fcgbaren Hexahydrocannabinol-Patronen.<\/p>\n<p>Die meisten HHC-Anwender berichten, dass sie sich geistig und k\u00f6rperlich gut f\u00fchlen, ohne dass es zu Beeintr\u00e4chtigungen kommt. HHC bietet ein entspannendes Gef\u00fchl, \u00e4hnlich wie D9 THC, ohne die langsame Couch-Lock-Nebenwirkung.<\/p>\n<p>HHC sorgt f\u00fcr einen geselligeren Rausch und belastet die Lunge weniger als D8.<\/p>\n<p><strong>\u00a0<\/strong><\/p>\n","protected":false},"excerpt":{"rendered":"<h2>Iguana HHC Kartusche Amnesia<\/h2>\n<p>1ml &#8211; 90% HHC &#8211; 900 mg HHC insgesamt.<\/p>\n<p>300 Z\u00fcge<\/p>\n<p>Iguana HHC Space Kartusche Amnesia Geschmack Einweg vape<\/p>\n<p>Sie enth\u00e4lt 900 mg HHC und nat\u00fcrliche Terpene, aromatisiert mit dem beliebten Amnesia-Geschmack.<\/p>\n<p>Gro\u00dfartiges HHC Vape mit einem gro\u00dfartigen Geschmack.<\/p>\n<ul>\n<li>Iguana Smoke CBD Marke<\/li>\n<li>HHC Good Vibes Kartusche<\/li>\n<li>Amnesia Geruch und Geschmack<\/li>\n<li>510 battery standard<\/li>\n<li>Fassungsverm\u00f6gen: 1ml<\/li>\n<li>Puffs: bis zu 300<\/li>\n<li>Hochwertige nat\u00fcrliche Terpene<\/li>\n<li>HHC: 90% \/ 900 mg<\/li>\n<li>THC: 0<\/li>\n<li>Nikotin: 0%.<\/li>\n<li>Enth\u00e4lt kein VG, PG, PEG, MCT oder andere Schneidstoffe<\/li>\n<\/ul>\n<p><span class=\"HwtZe\" lang=\"de\"><span class=\"jCAhz JxVs2d ChMk0b\"><span class=\"ryNqvb\">zur\u00fcck zu<\/span><\/span><\/span> <a href=\"\/de\/hhc-vape\">hhc vape<\/a><\/p>\n","protected":false},"featured_media":25676,"comment_status":"open","ping_status":"closed","template":"","meta":{"ocean_post_layout":"","ocean_both_sidebars_style":"","ocean_both_sidebars_content_width":0,"ocean_both_sidebars_sidebars_width":0,"ocean_sidebar":"0","ocean_second_sidebar":"0","ocean_disable_margins":"enable","ocean_add_body_class":"","ocean_shortcode_before_top_bar":"","ocean_shortcode_after_top_bar":"","ocean_shortcode_before_header":"","ocean_shortcode_after_header":"","ocean_has_shortcode":"","ocean_shortcode_after_title":"","ocean_shortcode_before_footer_widgets":"","ocean_shortcode_after_footer_widgets":"","ocean_shortcode_before_footer_bottom":"","ocean_shortcode_after_footer_bottom":"","ocean_display_top_bar":"default","ocean_display_header":"default","ocean_header_style":"","ocean_center_header_left_menu":"0","ocean_custom_header_template":"0","ocean_custom_logo":0,"ocean_custom_retina_logo":0,"ocean_custom_logo_max_width":0,"ocean_custom_logo_tablet_max_width":0,"ocean_custom_logo_mobile_max_width":0,"ocean_custom_logo_max_height":0,"ocean_custom_logo_tablet_max_height":0,"ocean_custom_logo_mobile_max_height":0,"ocean_header_custom_menu":"0","ocean_menu_typo_font_family":"0","ocean_menu_typo_font_subset":"","ocean_menu_typo_font_size":0,"ocean_menu_typo_font_size_tablet":0,"ocean_menu_typo_font_size_mobile":0,"ocean_menu_typo_font_size_unit":"px","ocean_menu_typo_font_weight":"","ocean_menu_typo_font_weight_tablet":"","ocean_menu_typo_font_weight_mobile":"","ocean_menu_typo_transform":"","ocean_menu_typo_transform_tablet":"","ocean_menu_typo_transform_mobile":"","ocean_menu_typo_line_height":0,"ocean_menu_typo_line_height_tablet":0,"ocean_menu_typo_line_height_mobile":0,"ocean_menu_typo_line_height_unit":"","ocean_menu_typo_spacing":0,"ocean_menu_typo_spacing_tablet":0,"ocean_menu_typo_spacing_mobile":0,"ocean_menu_typo_spacing_unit":"","ocean_menu_link_color":"","ocean_menu_link_color_hover":"","ocean_menu_link_color_active":"","ocean_menu_link_background":"","ocean_menu_link_hover_background":"","ocean_menu_link_active_background":"","ocean_menu_social_links_bg":"","ocean_menu_social_hover_links_bg":"","ocean_menu_social_links_color":"","ocean_menu_social_hover_links_color":"","ocean_disable_title":"default","ocean_disable_heading":"default","ocean_post_title":"","ocean_post_subheading":"","ocean_post_title_style":"","ocean_post_title_background_color":"","ocean_post_title_background":0,"ocean_post_title_bg_image_position":"","ocean_post_title_bg_image_attachment":"","ocean_post_title_bg_image_repeat":"","ocean_post_title_bg_image_size":"","ocean_post_title_height":0,"ocean_post_title_bg_overlay":0.5,"ocean_post_title_bg_overlay_color":"","ocean_disable_breadcrumbs":"default","ocean_breadcrumbs_color":"","ocean_breadcrumbs_separator_color":"","ocean_breadcrumbs_links_color":"","ocean_breadcrumbs_links_hover_color":"","ocean_display_footer_widgets":"default","ocean_display_footer_bottom":"default","ocean_custom_footer_template":"0","osh_disable_topbar_sticky":"default","osh_disable_header_sticky":"default","osh_sticky_header_style":"default","osh_sticky_header_effect":"","osh_custom_sticky_logo":0,"osh_custom_retina_sticky_logo":0,"osh_custom_sticky_logo_height":0,"osh_background_color":"","osh_links_color":"","osh_links_hover_color":"","osh_links_active_color":"","osh_links_bg_color":"","osh_links_hover_bg_color":"","osh_links_active_bg_color":"","osh_menu_social_links_color":"","osh_menu_social_hover_links_color":"","iawp_total_views":26},"product_brand":[],"product_cat":[759],"product_tag":[865],"class_list":{"0":"post-25681","1":"product","2":"type-product","3":"status-publish","4":"has-post-thumbnail","6":"product_cat-hhc-vapes-de","7":"product_tag-iguana-de","9":"entry","10":"has-media","12":"first","13":"outofstock","14":"taxable","15":"shipping-taxable","16":"purchasable","17":"product-type-simple","18":"has-product-nav","19":"col","20":"span_1_of_4","21":"owp-content-center","22":"item-entry","23":"owp-thumbs-layout-vertical","24":"owp-btn-normal","25":"owp-tabs-layout-vertical","26":"has-no-thumbnails","28":"circle-sale"},"_links":{"self":[{"href":"https:\/\/body-n-soul.com\/de\/wp-json\/wp\/v2\/product\/25681","targetHints":{"allow":["GET"]}}],"collection":[{"href":"https:\/\/body-n-soul.com\/de\/wp-json\/wp\/v2\/product"}],"about":[{"href":"https:\/\/body-n-soul.com\/de\/wp-json\/wp\/v2\/types\/product"}],"replies":[{"embeddable":true,"href":"https:\/\/body-n-soul.com\/de\/wp-json\/wp\/v2\/comments?post=25681"}],"wp:featuredmedia":[{"embeddable":true,"href":"https:\/\/body-n-soul.com\/de\/wp-json\/wp\/v2\/media\/25676"}],"wp:attachment":[{"href":"https:\/\/body-n-soul.com\/de\/wp-json\/wp\/v2\/media?parent=25681"}],"wp:term":[{"taxonomy":"product_brand","embeddable":true,"href":"https:\/\/body-n-soul.com\/de\/wp-json\/wp\/v2\/product_brand?post=25681"},{"taxonomy":"product_cat","embeddable":true,"href":"https:\/\/body-n-soul.com\/de\/wp-json\/wp\/v2\/product_cat?post=25681"},{"taxonomy":"product_tag","embeddable":true,"href":"https:\/\/body-n-soul.com\/de\/wp-json\/wp\/v2\/product_tag?post=25681"}],"curies":[{"name":"wp","href":"https:\/\/api.w.org\/{rel}","templated":true}]}}