{"id":25596,"date":"2024-08-31T19:08:17","date_gmt":"2024-08-31T17:08:17","guid":{"rendered":"https:\/\/body-n-soul.com\/?post_type=product&#038;p=25596"},"modified":"2025-11-02T23:31:21","modified_gmt":"2025-11-02T22:31:21","slug":"le-chanvrier-francais-mango-kush-cbd-topskud","status":"publish","type":"product","link":"https:\/\/body-n-soul.com\/de\/produkt\/le-chanvrier-francais-mango-kush-cbd-topskud\/","title":{"rendered":"Le Chanvrier Fran\u00e7ais Mango kush CBD topskud &#8211; 10% Greenhouse"},"content":{"rendered":"<h2>Le Chanvrier Fran\u00e7ais Mango kush CBD topskud<\/h2>\n<p>Dette topskud er produceret i Frankrig og kommer fra egnen omkring Savoie.<\/p>\n<p>Med et\u00a0 h\u00f8jt naturligt CBD niveau og effektiv kultivering er Mango Kush en typisk fransk CBD blomst.<\/p>\n<p>Den er is\u00e6r god hvis du er ny p\u00e5 CBD omr\u00e5det og frem for alt hvis du blot \u00f8nsker at slappe af.<\/p>\n<p>Le Chanvrier Fran\u00e7ais Mango kush CBD topskud er faktisk fremelsket netop med rekreative tendenser i tankerne.<\/p>\n<p>Den giver en god afslappende f\u00f8lelse i kroppen og en stemning af gl\u00e6de.<\/p>\n<p>Topskuddende har en god smag af Mango dvs en s\u00f8d og tropisk aroma &#8211; ligesom Mango.<\/p>\n<p>Mango Kush er en indend\u00f8rs voksende blomst med relativt store blomster, der udvikler kraftfulde og frugtige aromaer.<\/p>\n<h3>Smagsprofil<\/h3>\n<p>Denne profil er kun vejledende for hvordan beskriver man farven bl\u00e5 for en blind. Afvigelser kan ogs\u00e5 forkomme da det er et organisk produkt.<\/p>\n<p>CBD Mango Kush har typisk en tropisk og frugtagtig smag med en tydelig smag af mango, suppleret med jordagtige og fyrretr\u00e6sagtige undertoner.<\/p>\n<p>Mangosmagen er fremtr\u00e6dende og den er ledsaget af noter af citrus og en let s\u00f8dme.<\/p>\n<p>Ud over frugtsmagen kan du smage en subtil, urtet <em>kush<\/em>-smag, der tilf\u00f8rer et strejf af krydderi eller peber og giver en god balance til den samlede smagsprofil.<\/p>\n<p>Smagen m\u00e5 betegnes eksotisk&#8230; \ud83d\ude42<\/p>\n<h3>Data<\/h3>\n<p>Det har et fremragende CBD-niveau, og dets bevaring er lige s\u00e5 godt.<\/p>\n<p>Hvis du kan lide frugtige blomster, s\u00e5 t\u00f8v ikke!<\/p>\n<p>Oprindelse: Savoie<\/p>\n<p>CBD niveau: Fremragende<\/p>\n<p>Konservering: Fremragende<\/p>\n","protected":false},"excerpt":{"rendered":"<h2>Le Chanvrier Fran\u00e7ais Mango kush CBD topskud<\/h2>\n<p>Et meget flot klippet og kompakt topskud. De er sm\u00e6kre l\u00e6kre.<\/p>\n<p>Smagen er i den milde ende men duften og aromaen af Mango er god.<\/p>\n<p>st\u00f8rrelse p\u00e5 topskud:\u00a0 sm\u00e5 &#8211; mellemstore. Meget kompakte i strukturen og en god duft og smag af mango<\/p>\n<p>Der er ingen fr\u00f8 i produktet og der er k\u00e6let for detaljerne.<\/p>\n<p>Retur til\u00a0<strong><a href=\"\/cbd-topskud\/\">CBD topskud<\/a><\/strong><\/p>\n","protected":false},"featured_media":25765,"comment_status":"open","ping_status":"closed","template":"","meta":{"ocean_post_layout":"","ocean_both_sidebars_style":"","ocean_both_sidebars_content_width":0,"ocean_both_sidebars_sidebars_width":0,"ocean_sidebar":"0","ocean_second_sidebar":"0","ocean_disable_margins":"enable","ocean_add_body_class":"","ocean_shortcode_before_top_bar":"","ocean_shortcode_after_top_bar":"","ocean_shortcode_before_header":"","ocean_shortcode_after_header":"","ocean_has_shortcode":"","ocean_shortcode_after_title":"","ocean_shortcode_before_footer_widgets":"","ocean_shortcode_after_footer_widgets":"","ocean_shortcode_before_footer_bottom":"","ocean_shortcode_after_footer_bottom":"","ocean_display_top_bar":"default","ocean_display_header":"default","ocean_header_style":"","ocean_center_header_left_menu":"0","ocean_custom_header_template":"0","ocean_custom_logo":0,"ocean_custom_retina_logo":0,"ocean_custom_logo_max_width":0,"ocean_custom_logo_tablet_max_width":0,"ocean_custom_logo_mobile_max_width":0,"ocean_custom_logo_max_height":0,"ocean_custom_logo_tablet_max_height":0,"ocean_custom_logo_mobile_max_height":0,"ocean_header_custom_menu":"0","ocean_menu_typo_font_family":"0","ocean_menu_typo_font_subset":"","ocean_menu_typo_font_size":0,"ocean_menu_typo_font_size_tablet":0,"ocean_menu_typo_font_size_mobile":0,"ocean_menu_typo_font_size_unit":"px","ocean_menu_typo_font_weight":"","ocean_menu_typo_font_weight_tablet":"","ocean_menu_typo_font_weight_mobile":"","ocean_menu_typo_transform":"","ocean_menu_typo_transform_tablet":"","ocean_menu_typo_transform_mobile":"","ocean_menu_typo_line_height":0,"ocean_menu_typo_line_height_tablet":0,"ocean_menu_typo_line_height_mobile":0,"ocean_menu_typo_line_height_unit":"","ocean_menu_typo_spacing":0,"ocean_menu_typo_spacing_tablet":0,"ocean_menu_typo_spacing_mobile":0,"ocean_menu_typo_spacing_unit":"","ocean_menu_link_color":"","ocean_menu_link_color_hover":"","ocean_menu_link_color_active":"","ocean_menu_link_background":"","ocean_menu_link_hover_background":"","ocean_menu_link_active_background":"","ocean_menu_social_links_bg":"","ocean_menu_social_hover_links_bg":"","ocean_menu_social_links_color":"","ocean_menu_social_hover_links_color":"","ocean_disable_title":"default","ocean_disable_heading":"default","ocean_post_title":"","ocean_post_subheading":"","ocean_post_title_style":"","ocean_post_title_background_color":"","ocean_post_title_background":0,"ocean_post_title_bg_image_position":"","ocean_post_title_bg_image_attachment":"","ocean_post_title_bg_image_repeat":"","ocean_post_title_bg_image_size":"","ocean_post_title_height":0,"ocean_post_title_bg_overlay":0.5,"ocean_post_title_bg_overlay_color":"","ocean_disable_breadcrumbs":"default","ocean_breadcrumbs_color":"","ocean_breadcrumbs_separator_color":"","ocean_breadcrumbs_links_color":"","ocean_breadcrumbs_links_hover_color":"","ocean_display_footer_widgets":"default","ocean_display_footer_bottom":"default","ocean_custom_footer_template":"0","osh_disable_topbar_sticky":"default","osh_disable_header_sticky":"default","osh_sticky_header_style":"default","osh_sticky_header_effect":"","osh_custom_sticky_logo":0,"osh_custom_retina_sticky_logo":0,"osh_custom_sticky_logo_height":0,"osh_background_color":"","osh_links_color":"","osh_links_hover_color":"","osh_links_active_color":"","osh_links_bg_color":"","osh_links_hover_bg_color":"","osh_links_active_bg_color":"","osh_menu_social_links_color":"","osh_menu_social_hover_links_color":"","iawp_total_views":49},"product_brand":[],"product_cat":[147],"product_tag":[866],"class_list":{"0":"post-25596","1":"product","2":"type-product","3":"status-publish","4":"has-post-thumbnail","6":"product_cat-cbd-topskud1","7":"product_tag-chanvrier","9":"entry","10":"has-media","12":"first","13":"instock","14":"featured","15":"taxable","16":"shipping-taxable","17":"purchasable","18":"product-type-variable","19":"has-default-attributes","20":"has-product-nav","21":"col","22":"span_1_of_4","23":"owp-content-center","24":"item-entry","25":"owp-thumbs-layout-vertical","26":"owp-btn-normal","27":"owp-tabs-layout-vertical","28":"has-no-thumbnails","30":"circle-sale"},"_links":{"self":[{"href":"https:\/\/body-n-soul.com\/de\/wp-json\/wp\/v2\/product\/25596","targetHints":{"allow":["GET"]}}],"collection":[{"href":"https:\/\/body-n-soul.com\/de\/wp-json\/wp\/v2\/product"}],"about":[{"href":"https:\/\/body-n-soul.com\/de\/wp-json\/wp\/v2\/types\/product"}],"replies":[{"embeddable":true,"href":"https:\/\/body-n-soul.com\/de\/wp-json\/wp\/v2\/comments?post=25596"}],"wp:featuredmedia":[{"embeddable":true,"href":"https:\/\/body-n-soul.com\/de\/wp-json\/wp\/v2\/media\/25765"}],"wp:attachment":[{"href":"https:\/\/body-n-soul.com\/de\/wp-json\/wp\/v2\/media?parent=25596"}],"wp:term":[{"taxonomy":"product_brand","embeddable":true,"href":"https:\/\/body-n-soul.com\/de\/wp-json\/wp\/v2\/product_brand?post=25596"},{"taxonomy":"product_cat","embeddable":true,"href":"https:\/\/body-n-soul.com\/de\/wp-json\/wp\/v2\/product_cat?post=25596"},{"taxonomy":"product_tag","embeddable":true,"href":"https:\/\/body-n-soul.com\/de\/wp-json\/wp\/v2\/product_tag?post=25596"}],"curies":[{"name":"wp","href":"https:\/\/api.w.org\/{rel}","templated":true}]}}