{"id":24596,"date":"2024-06-11T15:04:40","date_gmt":"2024-06-11T13:04:40","guid":{"rendered":"https:\/\/body-n-soul.com\/?post_type=product&#038;p=24596"},"modified":"2024-06-27T12:41:06","modified_gmt":"2024-06-27T10:41:06","slug":"the-tree-cbd-vape-sundae-driver-85","status":"publish","type":"product","link":"https:\/\/body-n-soul.com\/de\/produkt\/the-tree-cbd-vape-sundae-driver-85\/","title":{"rendered":"The Tree CBD vape Sundae Driver &#8211; 85%"},"content":{"rendered":"<h2>The Tree CBD vape Sundae Driver &#8211; 85%<\/h2>\n<p>Denne Sundae Driver CBD Vape fra The Tree er en alt-i-\u00e9n, genopladelig og engangsvape, diskret og stilfuld. Dens ydeevne b\u00f8r ikke undervurderes p\u00e5 grund af dens st\u00f8rrelse, lette v\u00e6gt og stilen, som dens matte finish og det fornemme diamantdesign giver.<\/p>\n<p>Denne CBD vape har en 0,5 ml tank, fyldt med 85% CBD destillat, hvilket giver et samlet indhold p\u00e5 425mg med hver vape. En \u00e6gte engangsforn\u00f8jelse, der vil give dig omkring 800 sug. Derudover er den totalt fri for THC og Nikotin, s\u00e5 den hverken har psykoaktive effekter eller er vanedannende i hvert fald.<\/p>\n<p>Et smukt kunstv\u00e6rk, let at gribe og sv\u00e6rt at give slip. Sundae Driver CBD-vapen fra The Tree har et integreret synligt olietanksystem og tilbyder stor komfort, s\u00e5 du kan nyde hver sidste dr\u00e5be.<\/p>\n<p>Med denne s\u00e6rlige vape kan du nyde duften af \u200b\u200bden frodige og l\u00e6kre Sundae Driver. Denne sort, som vandt andenpr\u00e6mien i Cosecha Cup, er let genkendelig takket v\u00e6re sin s\u00f8de, cremede, chokoladeagtige smag, med en let sukkerholdig og frugtig ud\u00e5nding. En aroma, der ligner en s\u00f8d dessert med chokoladestykker. Og hvem \u00e6\u00e6\u00e6\u00e6\u00e6eeeelsker ikke chokolade.<\/p>\n<p>Denne engangs CBD vape har et slankt design, der g\u00f8r det nemt at holde og holde i h\u00e5nden. Og s\u00e5 du kan nyde hver sidste dr\u00e5be, er olietanken integreret med en gennemsigtig sk\u00e6rm, s\u00e5 ladningen er synlig hele tiden.<\/p>\n<p>Med maksimal omhu i tankerne er den indre struktur af &#8218;Poche&#8216; sammensat af medicinsk kvalitet 316L rustfrit st\u00e5l, hvilket garanterer et h\u00f8jt sikkerhedsniveau. Gadgetens moderne design har et integreret LED-lys, der aktiveres, n\u00e5r du inhalerer. Den er skabt til at v\u00e6re din store f\u00f8lgesvend.<\/p>\n<p>Drevet af et 350mAh lagret batteri og med genopladelig &#8218;Poche&#8216;-funktion, er risikoen for at l\u00f8be t\u00f8r for batteri midt under brug, som det sker med mange engangsdampe, der dr\u00e6ner deres batteri f\u00f8r deres olie, fuldst\u00e6ndig elimineret, dette garanterer en fantastisk oplevelse. Langtidsholdbar uden spild og ingen bekymringer.<\/p>\n","protected":false},"excerpt":{"rendered":"<h2>The Tree CBD vape Sundae Driver &#8211; 85%<\/h2>\n<p>Tankkapacitet: 0,5ml.<br \/>\nIndeholder 425 mg CBD (85%).<br \/>\nSundae Driver duft.<br \/>\nDesign med synlig olietank.<br \/>\nF\u00f8devarekvalitet PCTG dyse.<br \/>\nIndvendig struktur af medicinsk kvalitet 316L rustfrit st\u00e5l.<br \/>\nDen aktiveres ved ind\u00e5nding.<br \/>\nIntegreret LED-indikator.<br \/>\nMicro USB oplader.<br \/>\nSt\u00f8rrelse: 93,7x22x11mm.<br \/>\nBatteri: 350mAh indbygget.<br \/>\nTankkapacitet: 0,5ml.<br \/>\nGaranteret uden THC og uden nikotin.<br \/>\nIngen alkohol og ingen animalske ekstrakter.<\/p>\n","protected":false},"featured_media":24597,"comment_status":"open","ping_status":"closed","template":"","meta":{"ocean_post_layout":"","ocean_both_sidebars_style":"","ocean_both_sidebars_content_width":0,"ocean_both_sidebars_sidebars_width":0,"ocean_sidebar":"0","ocean_second_sidebar":"0","ocean_disable_margins":"enable","ocean_add_body_class":"","ocean_shortcode_before_top_bar":"","ocean_shortcode_after_top_bar":"","ocean_shortcode_before_header":"","ocean_shortcode_after_header":"","ocean_has_shortcode":"","ocean_shortcode_after_title":"","ocean_shortcode_before_footer_widgets":"","ocean_shortcode_after_footer_widgets":"","ocean_shortcode_before_footer_bottom":"","ocean_shortcode_after_footer_bottom":"","ocean_display_top_bar":"default","ocean_display_header":"default","ocean_header_style":"","ocean_center_header_left_menu":"0","ocean_custom_header_template":"0","ocean_custom_logo":0,"ocean_custom_retina_logo":0,"ocean_custom_logo_max_width":0,"ocean_custom_logo_tablet_max_width":0,"ocean_custom_logo_mobile_max_width":0,"ocean_custom_logo_max_height":0,"ocean_custom_logo_tablet_max_height":0,"ocean_custom_logo_mobile_max_height":0,"ocean_header_custom_menu":"0","ocean_menu_typo_font_family":"0","ocean_menu_typo_font_subset":"","ocean_menu_typo_font_size":0,"ocean_menu_typo_font_size_tablet":0,"ocean_menu_typo_font_size_mobile":0,"ocean_menu_typo_font_size_unit":"px","ocean_menu_typo_font_weight":"","ocean_menu_typo_font_weight_tablet":"","ocean_menu_typo_font_weight_mobile":"","ocean_menu_typo_transform":"","ocean_menu_typo_transform_tablet":"","ocean_menu_typo_transform_mobile":"","ocean_menu_typo_line_height":0,"ocean_menu_typo_line_height_tablet":0,"ocean_menu_typo_line_height_mobile":0,"ocean_menu_typo_line_height_unit":"","ocean_menu_typo_spacing":0,"ocean_menu_typo_spacing_tablet":0,"ocean_menu_typo_spacing_mobile":0,"ocean_menu_typo_spacing_unit":"","ocean_menu_link_color":"","ocean_menu_link_color_hover":"","ocean_menu_link_color_active":"","ocean_menu_link_background":"","ocean_menu_link_hover_background":"","ocean_menu_link_active_background":"","ocean_menu_social_links_bg":"","ocean_menu_social_hover_links_bg":"","ocean_menu_social_links_color":"","ocean_menu_social_hover_links_color":"","ocean_disable_title":"default","ocean_disable_heading":"default","ocean_post_title":"","ocean_post_subheading":"","ocean_post_title_style":"","ocean_post_title_background_color":"","ocean_post_title_background":0,"ocean_post_title_bg_image_position":"","ocean_post_title_bg_image_attachment":"","ocean_post_title_bg_image_repeat":"","ocean_post_title_bg_image_size":"","ocean_post_title_height":0,"ocean_post_title_bg_overlay":0.5,"ocean_post_title_bg_overlay_color":"","ocean_disable_breadcrumbs":"default","ocean_breadcrumbs_color":"","ocean_breadcrumbs_separator_color":"","ocean_breadcrumbs_links_color":"","ocean_breadcrumbs_links_hover_color":"","ocean_display_footer_widgets":"default","ocean_display_footer_bottom":"default","ocean_custom_footer_template":"0","osh_disable_topbar_sticky":"default","osh_disable_header_sticky":"default","osh_sticky_header_style":"default","osh_sticky_header_effect":"","osh_custom_sticky_logo":0,"osh_custom_retina_sticky_logo":0,"osh_custom_sticky_logo_height":0,"osh_background_color":"","osh_links_color":"","osh_links_hover_color":"","osh_links_active_color":"","osh_links_bg_color":"","osh_links_hover_bg_color":"","osh_links_active_bg_color":"","osh_menu_social_links_color":"","osh_menu_social_hover_links_color":"","iawp_total_views":37},"product_brand":[],"product_cat":[620],"product_tag":[],"class_list":{"0":"post-24596","1":"product","2":"type-product","3":"status-publish","4":"has-post-thumbnail","6":"product_cat-cbd-vaporizer","8":"entry","9":"has-media","11":"first","12":"outofstock","13":"sale","14":"taxable","15":"shipping-taxable","16":"purchasable","17":"product-type-simple","18":"has-product-nav","19":"col","20":"span_1_of_4","21":"owp-content-center","22":"item-entry","23":"owp-thumbs-layout-vertical","24":"owp-btn-normal","25":"owp-tabs-layout-vertical","26":"has-no-thumbnails","28":"circle-sale"},"_links":{"self":[{"href":"https:\/\/body-n-soul.com\/de\/wp-json\/wp\/v2\/product\/24596","targetHints":{"allow":["GET"]}}],"collection":[{"href":"https:\/\/body-n-soul.com\/de\/wp-json\/wp\/v2\/product"}],"about":[{"href":"https:\/\/body-n-soul.com\/de\/wp-json\/wp\/v2\/types\/product"}],"replies":[{"embeddable":true,"href":"https:\/\/body-n-soul.com\/de\/wp-json\/wp\/v2\/comments?post=24596"}],"wp:featuredmedia":[{"embeddable":true,"href":"https:\/\/body-n-soul.com\/de\/wp-json\/wp\/v2\/media\/24597"}],"wp:attachment":[{"href":"https:\/\/body-n-soul.com\/de\/wp-json\/wp\/v2\/media?parent=24596"}],"wp:term":[{"taxonomy":"product_brand","embeddable":true,"href":"https:\/\/body-n-soul.com\/de\/wp-json\/wp\/v2\/product_brand?post=24596"},{"taxonomy":"product_cat","embeddable":true,"href":"https:\/\/body-n-soul.com\/de\/wp-json\/wp\/v2\/product_cat?post=24596"},{"taxonomy":"product_tag","embeddable":true,"href":"https:\/\/body-n-soul.com\/de\/wp-json\/wp\/v2\/product_tag?post=24596"}],"curies":[{"name":"wp","href":"https:\/\/api.w.org\/{rel}","templated":true}]}}