{"id":24227,"date":"2024-05-04T17:24:23","date_gmt":"2024-05-04T15:24:23","guid":{"rendered":"https:\/\/body-n-soul.com\/?post_type=product&#038;p=24227"},"modified":"2024-05-04T17:46:44","modified_gmt":"2024-05-04T15:46:44","slug":"iguana-hhc-light-vape-berry-ice-2ml-625-mg","status":"publish","type":"product","link":"https:\/\/body-n-soul.com\/de\/produkt\/iguana-hhc-light-vape-berry-ice-2ml-625-mg\/","title":{"rendered":"Iguana HHC Light vape Berry Ice 2ml \u2013 625 mg"},"content":{"rendered":"<h2>Iguana HHC Light vape Berry Ice<\/h2>\n<p>Iguana Smoke Disposable Vaper HHC light Berry Ice<\/p>\n<p>HHC Light Vape engangsvape indeholder 2 ml v\u00e6ske med en 25 % HHC-koncentration og 800 puffs.<\/p>\n<p>Vapen indeholder ikke nikotin eller THC (tetrahydrocannabinol) men kun HHC-destillat og naturlige terpener fra Berry Ice.<\/p>\n<p>Denne Iguana Smoke engangsvape er klar til brug. Den beh\u00f8ver ikke nogen form for p\u00e5fyldningsv\u00e6ske, og selvom dens batteri er genopladeligt, er den klar til at blive brugt fra det \u00f8jeblik, du tager den ud af \u00e6sken.<\/p>\n<p>Den har et meget attraktivt design og en kompakt st\u00f8rrelse, der g\u00f8r den til et ideelt supplement til altid at have med dig.<\/p>\n<p>For at l\u00e6re mere om HHC l\u00e6s f\u00f8lgende artikel om HHC<\/p>\n<h3>Kort beskrivelse af HHC<\/h3>\n<p>HHC er en mindre cannabinoid med THC-lignende effekter men 10-20 % mindre kraftfuld. Nyd en effekt, der ligner kongecannabinoiden.<\/p>\n<p>Denne innovative HHC vaper fra Iguana bruger premium 25% HHC harpiks sammen med l\u00e6kre stammer af terpener for at give en moderat mental og fysisk high.<\/p>\n<p>De fleste HHC-brugere rapporterer om en god f\u00f8lelse i sind og krop uden nogen ulemper. HHC tilbyder en afslappende f\u00f8lelse, der ligner D9 THC, uden den langsomme couch lock-bivirkning.<\/p>\n<p>HHC giver et mere socialt high og er mindre h\u00e5rdt for lungerne sammenlignet med D8.<\/p>\n<p><strong>Bem\u00e6rk:<\/strong> Produktet indholder HHC og det kan v\u00e6re forbundet med risiko at importere dette til Danmark.<\/p>\n","protected":false},"excerpt":{"rendered":"<h2>Iguana HHC Light vape Berry Ice<\/h2>\n<p>2ml &#8211; 25% HHC &#8211; 625 mg HHC totalt.<\/p>\n<p>600 puffs<\/p>\n<p>Iguana HHC Light Vape Berry Ice smag Engangsvaper<\/p>\n<p>Den indeholder 625mg HHC og naturlige terpener smagt til med Berry Ice.<\/p>\n<p>Fantastisk HHC vaper med en god smag.<\/p>\n<ul>\n<li>Iguana Smoke HHC-m\u00e6rke<\/li>\n<li>HHC Light Vibes engangsvape<\/li>\n<li>Berry Ice Duft og smag<\/li>\n<li>Batteri: 350mAh<\/li>\n<li>Kapacitet: 2ml<\/li>\n<li>Puffs: op til 800<\/li>\n<li>Naturlige terpener af h\u00f8j kvalitet<\/li>\n<li>HHC: 25 % \/ 625 mg<\/li>\n<li>THC: 0 %<\/li>\n<li>Nikotin: 0%<\/li>\n<li>Indeholder ikke VG, PG, PEG, MCT eller andre sk\u00e6remidler<\/li>\n<\/ul>\n<p>Retur til\u00a0<a href=\"\/hhc-vape\/\">HHC Vapes<\/a><\/p>\n<p><strong>Bem\u00e6rk:<\/strong> Produktet indholder HHC og det kan v\u00e6re forbundet med risiko at importere dette til Danmark.<\/p>\n","protected":false},"featured_media":24223,"comment_status":"open","ping_status":"closed","template":"","meta":{"ocean_post_layout":"","ocean_both_sidebars_style":"","ocean_both_sidebars_content_width":0,"ocean_both_sidebars_sidebars_width":0,"ocean_sidebar":"0","ocean_second_sidebar":"0","ocean_disable_margins":"enable","ocean_add_body_class":"","ocean_shortcode_before_top_bar":"","ocean_shortcode_after_top_bar":"","ocean_shortcode_before_header":"","ocean_shortcode_after_header":"","ocean_has_shortcode":"","ocean_shortcode_after_title":"","ocean_shortcode_before_footer_widgets":"","ocean_shortcode_after_footer_widgets":"","ocean_shortcode_before_footer_bottom":"","ocean_shortcode_after_footer_bottom":"","ocean_display_top_bar":"default","ocean_display_header":"default","ocean_header_style":"","ocean_center_header_left_menu":"0","ocean_custom_header_template":"0","ocean_custom_logo":0,"ocean_custom_retina_logo":0,"ocean_custom_logo_max_width":0,"ocean_custom_logo_tablet_max_width":0,"ocean_custom_logo_mobile_max_width":0,"ocean_custom_logo_max_height":0,"ocean_custom_logo_tablet_max_height":0,"ocean_custom_logo_mobile_max_height":0,"ocean_header_custom_menu":"0","ocean_menu_typo_font_family":"0","ocean_menu_typo_font_subset":"","ocean_menu_typo_font_size":0,"ocean_menu_typo_font_size_tablet":0,"ocean_menu_typo_font_size_mobile":0,"ocean_menu_typo_font_size_unit":"px","ocean_menu_typo_font_weight":"","ocean_menu_typo_font_weight_tablet":"","ocean_menu_typo_font_weight_mobile":"","ocean_menu_typo_transform":"","ocean_menu_typo_transform_tablet":"","ocean_menu_typo_transform_mobile":"","ocean_menu_typo_line_height":0,"ocean_menu_typo_line_height_tablet":0,"ocean_menu_typo_line_height_mobile":0,"ocean_menu_typo_line_height_unit":"","ocean_menu_typo_spacing":0,"ocean_menu_typo_spacing_tablet":0,"ocean_menu_typo_spacing_mobile":0,"ocean_menu_typo_spacing_unit":"","ocean_menu_link_color":"","ocean_menu_link_color_hover":"","ocean_menu_link_color_active":"","ocean_menu_link_background":"","ocean_menu_link_hover_background":"","ocean_menu_link_active_background":"","ocean_menu_social_links_bg":"","ocean_menu_social_hover_links_bg":"","ocean_menu_social_links_color":"","ocean_menu_social_hover_links_color":"","ocean_disable_title":"default","ocean_disable_heading":"default","ocean_post_title":"","ocean_post_subheading":"","ocean_post_title_style":"","ocean_post_title_background_color":"","ocean_post_title_background":0,"ocean_post_title_bg_image_position":"","ocean_post_title_bg_image_attachment":"","ocean_post_title_bg_image_repeat":"","ocean_post_title_bg_image_size":"","ocean_post_title_height":0,"ocean_post_title_bg_overlay":0.5,"ocean_post_title_bg_overlay_color":"","ocean_disable_breadcrumbs":"default","ocean_breadcrumbs_color":"","ocean_breadcrumbs_separator_color":"","ocean_breadcrumbs_links_color":"","ocean_breadcrumbs_links_hover_color":"","ocean_display_footer_widgets":"default","ocean_display_footer_bottom":"default","ocean_custom_footer_template":"0","osh_disable_topbar_sticky":"default","osh_disable_header_sticky":"default","osh_sticky_header_style":"default","osh_sticky_header_effect":"","osh_custom_sticky_logo":0,"osh_custom_retina_sticky_logo":0,"osh_custom_sticky_logo_height":0,"osh_background_color":"","osh_links_color":"","osh_links_hover_color":"","osh_links_active_color":"","osh_links_bg_color":"","osh_links_hover_bg_color":"","osh_links_active_bg_color":"","osh_menu_social_links_color":"","osh_menu_social_hover_links_color":"","iawp_total_views":48},"product_brand":[],"product_cat":[699],"product_tag":[729],"class_list":{"0":"post-24227","1":"product","2":"type-product","3":"status-publish","4":"has-post-thumbnail","6":"product_cat-hhc-vapes","7":"product_tag-iguana","9":"entry","10":"has-media","12":"first","13":"outofstock","14":"taxable","15":"shipping-taxable","16":"purchasable","17":"product-type-simple","18":"has-product-nav","19":"col","20":"span_1_of_4","21":"owp-content-center","22":"item-entry","23":"owp-thumbs-layout-vertical","24":"owp-btn-normal","25":"owp-tabs-layout-vertical","26":"has-no-thumbnails","28":"circle-sale"},"_links":{"self":[{"href":"https:\/\/body-n-soul.com\/de\/wp-json\/wp\/v2\/product\/24227","targetHints":{"allow":["GET"]}}],"collection":[{"href":"https:\/\/body-n-soul.com\/de\/wp-json\/wp\/v2\/product"}],"about":[{"href":"https:\/\/body-n-soul.com\/de\/wp-json\/wp\/v2\/types\/product"}],"replies":[{"embeddable":true,"href":"https:\/\/body-n-soul.com\/de\/wp-json\/wp\/v2\/comments?post=24227"}],"wp:featuredmedia":[{"embeddable":true,"href":"https:\/\/body-n-soul.com\/de\/wp-json\/wp\/v2\/media\/24223"}],"wp:attachment":[{"href":"https:\/\/body-n-soul.com\/de\/wp-json\/wp\/v2\/media?parent=24227"}],"wp:term":[{"taxonomy":"product_brand","embeddable":true,"href":"https:\/\/body-n-soul.com\/de\/wp-json\/wp\/v2\/product_brand?post=24227"},{"taxonomy":"product_cat","embeddable":true,"href":"https:\/\/body-n-soul.com\/de\/wp-json\/wp\/v2\/product_cat?post=24227"},{"taxonomy":"product_tag","embeddable":true,"href":"https:\/\/body-n-soul.com\/de\/wp-json\/wp\/v2\/product_tag?post=24227"}],"curies":[{"name":"wp","href":"https:\/\/api.w.org\/{rel}","templated":true}]}}