{"id":23991,"date":"2024-04-12T17:49:19","date_gmt":"2024-04-12T15:49:19","guid":{"rendered":"https:\/\/body-n-soul.com\/?post_type=product&#038;p=23991"},"modified":"2026-04-21T11:16:13","modified_gmt":"2026-04-21T09:16:13","slug":"radian-massage-creme-100g","status":"publish","type":"product","link":"https:\/\/body-n-soul.com\/de\/produkt\/radian-massage-creme-100g\/","title":{"rendered":"Radian Massage Creme &#8211; 100g"},"content":{"rendered":"<h2>Radian Massage Creme<\/h2>\n<p>Massagecreme til at l\u00f8sne muskelstivhed o.lign.<\/p>\n<p>Nettov\u00e6gt 100g<\/p>\n<p><strong>Bruges til<\/strong>:<br \/>\nRadian Muscle Rub er en creme, som giver symptomatisk lindring af \u00f8mhed og smerter, herunder; muskelstivhed, bl\u00e5 m\u00e6rker, forstuvninger, fibrositis.<\/p>\n<p>Lindrer gigtsmerter og er effektiv som sportsmassage creme<\/p>\n<h3>Vigtige fordele<\/h3>\n<p>&#8211; Radian massage creme er ideel til muskelsmerter og gigt<br \/>\n&#8211; Radian Massage Creme er en smertelindrende creme der giver dybt gennemtr\u00e6ngende ultra lindring til at arbejde, hvor det g\u00f8r ondt<br \/>\n&#8211; Den bruges til h\u00e6nder, f\u00f8dder, arme, ben og krop<br \/>\n&#8211; Den er fedtfrit og pletter ikke<br \/>\n&#8211; Hurtigt virkende formel<\/p>\n<p><strong>S\u00e5dan bruges Radian Massage creme<\/strong><\/p>\n<p>Voksne og b\u00f8rn over 6: P\u00e5f\u00f8r p\u00e5 det angrebne omr\u00e5de og mass\u00e9r langsomt godt ind i huden.<br \/>\nTil muskelpletter og stivhed bruges den bedst efter et varmt bad.<br \/>\nB\u00f8rn under 6: Anbefales ikke.<\/p>\n<p><strong>Indhold:<\/strong><\/p>\n<p>Aktive ingredienser w\/w: Menthol 2,54 %, kamfer 1,43 %, methylsalicylat 0,42 %, oleoresin-capsicum 0,005 %.<br \/>\nIndeholder ogs\u00e5: Vand, lanolin, lanolinalkohol, cetostearylalkohol, flydende paraffin, emulgerende voks, hvid vaseline, industriel denatureret sprit, imidurinstof, dichlorbenzylalkohol.<\/p>\n<p><strong>Yderligere:<\/strong><\/p>\n<p>Holdes v\u00e6k fra \u00f8jne, irriteret eller \u00f8delagt hud og f\u00f8lsomme omr\u00e5der. Brug sparsomt p\u00e5 \u00f8m hud og d\u00e6k ikke umiddelbart efter p\u00e5f\u00f8ring.<\/p>\n<p>Stop brugen, hvis der opst\u00e5r overdreven irritation, og kontakt din l\u00e6ge, hvis symptomerne forts\u00e6tter.<\/p>\n<p>M\u00e5 ikke anvendes, hvis du er gravid uden f\u00f8rst at konsultere din l\u00e6ge<br \/>\nKan bruges af m\u00f8dre, der ammer<\/p>\n<p>M\u00e5 ikke anvendes, hvis du tager warfarin uden f\u00f8rst at konsultere din l\u00e6ge<\/p>\n<p>M\u00e5 ikke anvendes, hvis du er allergisk eller f\u00f8lsom over for aspirin eller nogen af ingredienserne<\/p>\n","protected":false},"excerpt":{"rendered":"<h2>Radian Massage Creme<\/h2>\n<p>Massagecreme til at l\u00f8sne muskelstivhed o.lign.<\/p>\n<p>&#8211; Radian massage creme er ideel til muskelsmerter og gigt<br \/>\n&#8211; Radian Massage Creme er en smertelindrende creme der giver dybt gennemtr\u00e6ngende ultra lindring til at arbejde, hvor det g\u00f8r ondt<br \/>\n&#8211; Den bruges til h\u00e6nder, f\u00f8dder, arme, ben og krop<br \/>\n&#8211; Den er fedtfrit og pletter ikke<br \/>\n&#8211; Hurtigt virkende formel<\/p>\n<p>St\u00f8rrelse: 100g<\/p>\n<p><strong>Bruges til<\/strong>:<br \/>\nRadian Muscle Rub er en creme, som giver symptomatisk lindring af \u00f8mhed og smerter, herunder; muskelstivhed, bl\u00e5 m\u00e6rker, forstuvninger, fibrositis.<\/p>\n<p>Retur til <a href=\"\/smertelindring\/\">smertelindring<\/a><\/p>\n","protected":false},"featured_media":23992,"comment_status":"open","ping_status":"closed","template":"","meta":{"ocean_post_layout":"","ocean_both_sidebars_style":"","ocean_both_sidebars_content_width":0,"ocean_both_sidebars_sidebars_width":0,"ocean_sidebar":"0","ocean_second_sidebar":"0","ocean_disable_margins":"enable","ocean_add_body_class":"","ocean_shortcode_before_top_bar":"","ocean_shortcode_after_top_bar":"","ocean_shortcode_before_header":"","ocean_shortcode_after_header":"","ocean_has_shortcode":"","ocean_shortcode_after_title":"","ocean_shortcode_before_footer_widgets":"","ocean_shortcode_after_footer_widgets":"","ocean_shortcode_before_footer_bottom":"","ocean_shortcode_after_footer_bottom":"","ocean_display_top_bar":"default","ocean_display_header":"default","ocean_header_style":"","ocean_center_header_left_menu":"0","ocean_custom_header_template":"0","ocean_custom_logo":0,"ocean_custom_retina_logo":0,"ocean_custom_logo_max_width":0,"ocean_custom_logo_tablet_max_width":0,"ocean_custom_logo_mobile_max_width":0,"ocean_custom_logo_max_height":0,"ocean_custom_logo_tablet_max_height":0,"ocean_custom_logo_mobile_max_height":0,"ocean_header_custom_menu":"0","ocean_menu_typo_font_family":"0","ocean_menu_typo_font_subset":"","ocean_menu_typo_font_size":0,"ocean_menu_typo_font_size_tablet":0,"ocean_menu_typo_font_size_mobile":0,"ocean_menu_typo_font_size_unit":"px","ocean_menu_typo_font_weight":"","ocean_menu_typo_font_weight_tablet":"","ocean_menu_typo_font_weight_mobile":"","ocean_menu_typo_transform":"","ocean_menu_typo_transform_tablet":"","ocean_menu_typo_transform_mobile":"","ocean_menu_typo_line_height":0,"ocean_menu_typo_line_height_tablet":0,"ocean_menu_typo_line_height_mobile":0,"ocean_menu_typo_line_height_unit":"","ocean_menu_typo_spacing":0,"ocean_menu_typo_spacing_tablet":0,"ocean_menu_typo_spacing_mobile":0,"ocean_menu_typo_spacing_unit":"","ocean_menu_link_color":"","ocean_menu_link_color_hover":"","ocean_menu_link_color_active":"","ocean_menu_link_background":"","ocean_menu_link_hover_background":"","ocean_menu_link_active_background":"","ocean_menu_social_links_bg":"","ocean_menu_social_hover_links_bg":"","ocean_menu_social_links_color":"","ocean_menu_social_hover_links_color":"","ocean_disable_title":"default","ocean_disable_heading":"default","ocean_post_title":"","ocean_post_subheading":"","ocean_post_title_style":"","ocean_post_title_background_color":"","ocean_post_title_background":0,"ocean_post_title_bg_image_position":"","ocean_post_title_bg_image_attachment":"","ocean_post_title_bg_image_repeat":"","ocean_post_title_bg_image_size":"","ocean_post_title_height":0,"ocean_post_title_bg_overlay":0.5,"ocean_post_title_bg_overlay_color":"","ocean_disable_breadcrumbs":"default","ocean_breadcrumbs_color":"","ocean_breadcrumbs_separator_color":"","ocean_breadcrumbs_links_color":"","ocean_breadcrumbs_links_hover_color":"","ocean_display_footer_widgets":"default","ocean_display_footer_bottom":"default","ocean_custom_footer_template":"0","osh_disable_topbar_sticky":"default","osh_disable_header_sticky":"default","osh_sticky_header_style":"default","osh_sticky_header_effect":"","osh_custom_sticky_logo":0,"osh_custom_retina_sticky_logo":0,"osh_custom_sticky_logo_height":0,"osh_background_color":"","osh_links_color":"","osh_links_hover_color":"","osh_links_active_color":"","osh_links_bg_color":"","osh_links_hover_bg_color":"","osh_links_active_bg_color":"","osh_menu_social_links_color":"","osh_menu_social_hover_links_color":"","iawp_total_views":785},"product_brand":[],"product_cat":[321],"product_tag":[],"class_list":{"0":"post-23991","1":"product","2":"type-product","3":"status-publish","4":"has-post-thumbnail","6":"product_cat-smertelindring","8":"entry","9":"has-media","11":"first","12":"instock","13":"taxable","14":"shipping-taxable","15":"purchasable","16":"product-type-simple","17":"has-product-nav","18":"col","19":"span_1_of_4","20":"owp-content-center","21":"item-entry","22":"owp-thumbs-layout-vertical","23":"owp-btn-normal","24":"owp-tabs-layout-vertical","26":"circle-sale"},"_links":{"self":[{"href":"https:\/\/body-n-soul.com\/de\/wp-json\/wp\/v2\/product\/23991","targetHints":{"allow":["GET"]}}],"collection":[{"href":"https:\/\/body-n-soul.com\/de\/wp-json\/wp\/v2\/product"}],"about":[{"href":"https:\/\/body-n-soul.com\/de\/wp-json\/wp\/v2\/types\/product"}],"replies":[{"embeddable":true,"href":"https:\/\/body-n-soul.com\/de\/wp-json\/wp\/v2\/comments?post=23991"}],"wp:featuredmedia":[{"embeddable":true,"href":"https:\/\/body-n-soul.com\/de\/wp-json\/wp\/v2\/media\/23992"}],"wp:attachment":[{"href":"https:\/\/body-n-soul.com\/de\/wp-json\/wp\/v2\/media?parent=23991"}],"wp:term":[{"taxonomy":"product_brand","embeddable":true,"href":"https:\/\/body-n-soul.com\/de\/wp-json\/wp\/v2\/product_brand?post=23991"},{"taxonomy":"product_cat","embeddable":true,"href":"https:\/\/body-n-soul.com\/de\/wp-json\/wp\/v2\/product_cat?post=23991"},{"taxonomy":"product_tag","embeddable":true,"href":"https:\/\/body-n-soul.com\/de\/wp-json\/wp\/v2\/product_tag?post=23991"}],"curies":[{"name":"wp","href":"https:\/\/api.w.org\/{rel}","templated":true}]}}