{"id":23824,"date":"2024-04-06T18:13:48","date_gmt":"2024-04-06T16:13:48","guid":{"rendered":"https:\/\/body-n-soul.com\/?post_type=product&#038;p=23824"},"modified":"2024-04-06T18:26:57","modified_gmt":"2024-04-06T16:26:57","slug":"deep-heat-patches-smertelindring","status":"publish","type":"product","link":"https:\/\/body-n-soul.com\/de\/produkt\/deep-heat-patches-smertelindring\/","title":{"rendered":"Deep Heat patches smertelindring &#8211; 4 styks"},"content":{"rendered":"<h2>Deep Heat patches<\/h2>\n<p>Indeholder 4 styks patches til smertelindring.<\/p>\n<ul>\n<li>Oplev hurtigvirkende og udvidet lindring med disse selvopvarmende plastre til m\u00e5lrettet smertelindring<\/li>\n<li>Fleksibel varmeterapi, der nemt kan p\u00e5f\u00f8res p\u00e5 din ryg, nakke eller skuldre<\/li>\n<li>Perfekt til at lindre \u00f8mme muskler og give komfort hele dagen<\/li>\n<li>Nyd fordelene ved varmeterapi med disse praktiske og brugervenlige varmeindpakninger<\/li>\n<li>Lindre smerte effektivt med Mentholatum Deep Heat &#8211; det betroede m\u00e6rke for varmepuder og smertelindrende plastre<\/li>\n<\/ul>\n<h3>Vigtig information<\/h3>\n<p><strong>Sikkerhedsoplysninger:<\/strong><br \/>\nOpbevares p\u00e5 et k\u00f8ligt og t\u00f8rt sted.<\/p>\n<h3>Ingredienser:<\/h3>\n<p>Jernpulver, Aktivt Kul, Vermiculit, Kaliumchlorid, Vand<\/p>\n<h3>Brugsanvisning:<\/h3>\n<p>Deep heat patches anvendes p\u00e5 ren, t\u00f8r hud. M\u00e5 ikke anvendes i ansigtet eller p\u00e5 \u00f8delagt hud, bl\u00e5 m\u00e6rker eller h\u00e6velser.<\/p>\n<p>Riv plastikpakningen op, fjern beskyttelsesfilm fra plasteret og p\u00e5f\u00f8r plaster p\u00e5 det ber\u00f8rte omr\u00e5de, kl\u00e6bende side p\u00e5 huden.<\/p>\n<p>Til sart eller aldrende hud, p\u00e5f\u00f8r den kl\u00e6bende side af plasteret p\u00e5 t\u00f8jet.<\/p>\n<p>P\u00e5 fleksible led skal du bruge forbindingstape til at holde plasteret p\u00e5 plads. Forbind ikke over plasteret. Plastret vil varme op efter 5 minutter og forblive varmt i op til 8 timer.<\/p>\n<p>Brug kun \u00e9t plaster p\u00e5 det samme omr\u00e5de inden for 24 timer.<\/p>\n<p>Kun engangsbrug.<\/p>\n<p>Fors\u00f8g<strong> IKKE<\/strong> at genopvarme i ovn eller mikroovn.<\/p>\n<p>Deep heat patches m\u00e5 ikke sk\u00e6res, masseres, foldes eller fugtes.<\/p>\n<p>M\u00e5 ikke bruges, hvis plasteret er beskadiget eller revet i stykker.<\/p>\n<p><strong>Advarsler:<\/strong> Alle varmeplastre kan for\u00e5rsage hudirritation, forbr\u00e6ndinger eller bl\u00e6rer. Stop brugen, hvis der opst\u00e5r hudf\u00f8lsomhed, eller plasteret bliver ubehageligt varmt.<\/p>\n<p>Hvis du er diabetiker, gravid, har d\u00e5rlig cirkulation, nerveskade eller en hudlidelse, skal du kontakte din l\u00e6ge f\u00f8r brug.<\/p>\n<p>Kun til ekstern brug.<\/p>\n<p>M\u00e5 ikke indtages, da ingredienserne kan v\u00e6re skadelige.<\/p>\n<p>Hvis det sluges eller indholdet kommer i kontakt med hud eller \u00f8jne, skylles straks med vand og s\u00f8ges omg\u00e5ende l\u00e6gehj\u00e6lp.<\/p>\n<p>Efter brug bortskaffes det i almindeligt husholdningsaffald.<\/p>\n<p>M\u00e5 IKKE bruges: Mens du sover eller med l\u00e6ngerevarende tryk mod plasteret. P\u00e5 sp\u00e6db\u00f8rn, b\u00f8rn eller personer, der ikke er i stand til at fjerne plasteret p\u00e5 egen h\u00e5nd; Med andre hudmedicin eller andre varmekilder.<\/p>\n<p>Deep heat patches<\/p>\n","protected":false},"excerpt":{"rendered":"<h2>Deep Heat patches<\/h2>\n<p>Indeholder 4 styks patches<\/p>\n<ul>\n<li>Oplev hurtigvirkende og udvidet lindring med disse selvopvarmende plastre til m\u00e5lrettet smertelindring<\/li>\n<li>Fleksibel varmeterapi, der nemt kan p\u00e5f\u00f8res p\u00e5 din ryg, nakke eller skuldre<\/li>\n<li>Perfekt til at lindre \u00f8mme muskler og give komfort hele dagen<\/li>\n<li>Nyd fordelene ved varmeterapi med disse praktiske og brugervenlige varmeindpakninger<\/li>\n<li>Lindre smerte effektivt med Mentholatum Deep Heat &#8211; det betroede m\u00e6rke for varmepuder og smertelindrende plastre<\/li>\n<\/ul>\n<p><a href=\"\/smertelindring\/\">Retur til smertelindring<\/a><\/p>\n","protected":false},"featured_media":23828,"comment_status":"open","ping_status":"closed","template":"","meta":{"ocean_post_layout":"","ocean_both_sidebars_style":"","ocean_both_sidebars_content_width":0,"ocean_both_sidebars_sidebars_width":0,"ocean_sidebar":"0","ocean_second_sidebar":"0","ocean_disable_margins":"enable","ocean_add_body_class":"","ocean_shortcode_before_top_bar":"","ocean_shortcode_after_top_bar":"","ocean_shortcode_before_header":"","ocean_shortcode_after_header":"","ocean_has_shortcode":"","ocean_shortcode_after_title":"","ocean_shortcode_before_footer_widgets":"","ocean_shortcode_after_footer_widgets":"","ocean_shortcode_before_footer_bottom":"","ocean_shortcode_after_footer_bottom":"","ocean_display_top_bar":"default","ocean_display_header":"default","ocean_header_style":"","ocean_center_header_left_menu":"0","ocean_custom_header_template":"0","ocean_custom_logo":0,"ocean_custom_retina_logo":0,"ocean_custom_logo_max_width":0,"ocean_custom_logo_tablet_max_width":0,"ocean_custom_logo_mobile_max_width":0,"ocean_custom_logo_max_height":0,"ocean_custom_logo_tablet_max_height":0,"ocean_custom_logo_mobile_max_height":0,"ocean_header_custom_menu":"0","ocean_menu_typo_font_family":"0","ocean_menu_typo_font_subset":"","ocean_menu_typo_font_size":0,"ocean_menu_typo_font_size_tablet":0,"ocean_menu_typo_font_size_mobile":0,"ocean_menu_typo_font_size_unit":"px","ocean_menu_typo_font_weight":"","ocean_menu_typo_font_weight_tablet":"","ocean_menu_typo_font_weight_mobile":"","ocean_menu_typo_transform":"","ocean_menu_typo_transform_tablet":"","ocean_menu_typo_transform_mobile":"","ocean_menu_typo_line_height":0,"ocean_menu_typo_line_height_tablet":0,"ocean_menu_typo_line_height_mobile":0,"ocean_menu_typo_line_height_unit":"","ocean_menu_typo_spacing":0,"ocean_menu_typo_spacing_tablet":0,"ocean_menu_typo_spacing_mobile":0,"ocean_menu_typo_spacing_unit":"","ocean_menu_link_color":"","ocean_menu_link_color_hover":"","ocean_menu_link_color_active":"","ocean_menu_link_background":"","ocean_menu_link_hover_background":"","ocean_menu_link_active_background":"","ocean_menu_social_links_bg":"","ocean_menu_social_hover_links_bg":"","ocean_menu_social_links_color":"","ocean_menu_social_hover_links_color":"","ocean_disable_title":"default","ocean_disable_heading":"default","ocean_post_title":"","ocean_post_subheading":"","ocean_post_title_style":"","ocean_post_title_background_color":"","ocean_post_title_background":0,"ocean_post_title_bg_image_position":"","ocean_post_title_bg_image_attachment":"","ocean_post_title_bg_image_repeat":"","ocean_post_title_bg_image_size":"","ocean_post_title_height":0,"ocean_post_title_bg_overlay":0.5,"ocean_post_title_bg_overlay_color":"","ocean_disable_breadcrumbs":"default","ocean_breadcrumbs_color":"","ocean_breadcrumbs_separator_color":"","ocean_breadcrumbs_links_color":"","ocean_breadcrumbs_links_hover_color":"","ocean_display_footer_widgets":"default","ocean_display_footer_bottom":"default","ocean_custom_footer_template":"0","osh_disable_topbar_sticky":"default","osh_disable_header_sticky":"default","osh_sticky_header_style":"default","osh_sticky_header_effect":"","osh_custom_sticky_logo":0,"osh_custom_retina_sticky_logo":0,"osh_custom_sticky_logo_height":0,"osh_background_color":"","osh_links_color":"","osh_links_hover_color":"","osh_links_active_color":"","osh_links_bg_color":"","osh_links_hover_bg_color":"","osh_links_active_bg_color":"","osh_menu_social_links_color":"","osh_menu_social_hover_links_color":"","iawp_total_views":251},"product_brand":[],"product_cat":[321],"product_tag":[],"class_list":{"0":"post-23824","1":"product","2":"type-product","3":"status-publish","4":"has-post-thumbnail","6":"product_cat-smertelindring","8":"entry","9":"has-media","11":"first","12":"instock","13":"taxable","14":"shipping-taxable","15":"purchasable","16":"product-type-simple","17":"has-product-nav","18":"col","19":"span_1_of_4","20":"owp-content-center","21":"item-entry","22":"owp-thumbs-layout-vertical","23":"owp-btn-normal","24":"owp-tabs-layout-vertical","25":"has-no-thumbnails","27":"circle-sale"},"_links":{"self":[{"href":"https:\/\/body-n-soul.com\/de\/wp-json\/wp\/v2\/product\/23824","targetHints":{"allow":["GET"]}}],"collection":[{"href":"https:\/\/body-n-soul.com\/de\/wp-json\/wp\/v2\/product"}],"about":[{"href":"https:\/\/body-n-soul.com\/de\/wp-json\/wp\/v2\/types\/product"}],"replies":[{"embeddable":true,"href":"https:\/\/body-n-soul.com\/de\/wp-json\/wp\/v2\/comments?post=23824"}],"wp:featuredmedia":[{"embeddable":true,"href":"https:\/\/body-n-soul.com\/de\/wp-json\/wp\/v2\/media\/23828"}],"wp:attachment":[{"href":"https:\/\/body-n-soul.com\/de\/wp-json\/wp\/v2\/media?parent=23824"}],"wp:term":[{"taxonomy":"product_brand","embeddable":true,"href":"https:\/\/body-n-soul.com\/de\/wp-json\/wp\/v2\/product_brand?post=23824"},{"taxonomy":"product_cat","embeddable":true,"href":"https:\/\/body-n-soul.com\/de\/wp-json\/wp\/v2\/product_cat?post=23824"},{"taxonomy":"product_tag","embeddable":true,"href":"https:\/\/body-n-soul.com\/de\/wp-json\/wp\/v2\/product_tag?post=23824"}],"curies":[{"name":"wp","href":"https:\/\/api.w.org\/{rel}","templated":true}]}}