{"id":23411,"date":"2022-10-01T23:05:34","date_gmt":"2022-10-01T21:05:34","guid":{"rendered":"https:\/\/body-n-soul.com\/swiss-made-cbd-top-shot-popcorn-10g-7-cbd\/"},"modified":"2025-04-09T10:45:46","modified_gmt":"2025-04-09T08:45:46","slug":"swiss-made-cbd-top-shot-popcorn-10g-7-cbd","status":"publish","type":"product","link":"https:\/\/body-n-soul.com\/de\/produkt\/swiss-made-cbd-top-shot-popcorn-10g-7-cbd\/","title":{"rendered":"Swiss made cbd top shot popcorn 10g &#8211; 7% CBD"},"content":{"rendered":"<h2>Popcorn aus der Schweiz im Freien<\/h2>\n<p>Ein gro\u00dfer Wert f\u00fcr den Preis. W\u00e4re dies ein Wein, so w\u00e4re er ein gro\u00dfartiger Wein f\u00fcr Fleischb\u00e4llchen.<\/p>\n<p>Sie erhalten nicht die kr\u00e4ftigen Farben, die Sie bei den Produkten von Tree CBD finden, aber Sie zahlen auch deutlich weniger.<\/p>\n<p>Die CBD-Spitzentriebe sind sehr kompakt, sauber geschnitten und duften herrlich. Enth\u00e4lt keine Samen. Der Geschmack ist gut, ohne aufdringlich zu sein.<\/p>\n<p>Der Geruch und Geschmack ist Indica mit einem k\u00f6stlichen Hauch von Zitrusfr\u00fcchten.<\/p>\n<p>Inhalt: 10 g. Beim Kauf von 3 oder mehr Packungen erhalten Sie 15% Rabatt.<\/p>\n<p>&nbsp;<\/p>\n<p>Verpackt und angebaut in der Schweiz. Biologisches Produkt ohne Pestizide und andere sch\u00e4dliche Stoffe.<\/p>\n<p>W\u00e4chst im Freien.<\/p>\n","protected":false},"excerpt":{"rendered":"<h2>Swiss made cbd top shot popcorn outdoor<\/h2>\n<p>Ein wirklich guter Wert f\u00fcr den Preis. W\u00e4re dies ein Wein, so w\u00e4re er ein gro\u00dfartiger Wein f\u00fcr Fleischb\u00e4llchen.<\/p>\n<p>Sie erhalten nicht die kr\u00e4ftigen Farben, die Sie bei Tree CBD-Produkten finden, aber Sie zahlen auch deutlich weniger.<\/p>\n<p>Die CBD-Triebe sind sehr kompakt, sauber getrimmt, duften gut und enthalten keine Samen. Der Geschmack ist gut, ohne aufdringlich zu sein.<\/p>\n<p>Der Geruch und Geschmack ist Indica mit einem k\u00f6stlichen Hauch von Zitrusfr\u00fcchten.<\/p>\n<p>Inhalt: 10 g. Beim Kauf von 3 oder mehr Packungen erhalten Sie 15% Rabatt.<\/p>\n<p>&nbsp;<\/p>\n","protected":false},"featured_media":22674,"comment_status":"open","ping_status":"closed","template":"","meta":{"ocean_post_layout":"","ocean_both_sidebars_style":"","ocean_both_sidebars_content_width":0,"ocean_both_sidebars_sidebars_width":0,"ocean_sidebar":"0","ocean_second_sidebar":"0","ocean_disable_margins":"enable","ocean_add_body_class":"","ocean_shortcode_before_top_bar":"","ocean_shortcode_after_top_bar":"","ocean_shortcode_before_header":"","ocean_shortcode_after_header":"","ocean_has_shortcode":"","ocean_shortcode_after_title":"","ocean_shortcode_before_footer_widgets":"","ocean_shortcode_after_footer_widgets":"","ocean_shortcode_before_footer_bottom":"","ocean_shortcode_after_footer_bottom":"","ocean_display_top_bar":"default","ocean_display_header":"default","ocean_header_style":"","ocean_center_header_left_menu":"0","ocean_custom_header_template":"0","ocean_custom_logo":0,"ocean_custom_retina_logo":0,"ocean_custom_logo_max_width":0,"ocean_custom_logo_tablet_max_width":0,"ocean_custom_logo_mobile_max_width":0,"ocean_custom_logo_max_height":0,"ocean_custom_logo_tablet_max_height":0,"ocean_custom_logo_mobile_max_height":0,"ocean_header_custom_menu":"0","ocean_menu_typo_font_family":"0","ocean_menu_typo_font_subset":"","ocean_menu_typo_font_size":0,"ocean_menu_typo_font_size_tablet":0,"ocean_menu_typo_font_size_mobile":0,"ocean_menu_typo_font_size_unit":"px","ocean_menu_typo_font_weight":"","ocean_menu_typo_font_weight_tablet":"","ocean_menu_typo_font_weight_mobile":"","ocean_menu_typo_transform":"","ocean_menu_typo_transform_tablet":"","ocean_menu_typo_transform_mobile":"","ocean_menu_typo_line_height":0,"ocean_menu_typo_line_height_tablet":0,"ocean_menu_typo_line_height_mobile":0,"ocean_menu_typo_line_height_unit":"","ocean_menu_typo_spacing":0,"ocean_menu_typo_spacing_tablet":0,"ocean_menu_typo_spacing_mobile":0,"ocean_menu_typo_spacing_unit":"","ocean_menu_link_color":"","ocean_menu_link_color_hover":"","ocean_menu_link_color_active":"","ocean_menu_link_background":"","ocean_menu_link_hover_background":"","ocean_menu_link_active_background":"","ocean_menu_social_links_bg":"","ocean_menu_social_hover_links_bg":"","ocean_menu_social_links_color":"","ocean_menu_social_hover_links_color":"","ocean_disable_title":"default","ocean_disable_heading":"default","ocean_post_title":"","ocean_post_subheading":"","ocean_post_title_style":"","ocean_post_title_background_color":"","ocean_post_title_background":0,"ocean_post_title_bg_image_position":"","ocean_post_title_bg_image_attachment":"","ocean_post_title_bg_image_repeat":"","ocean_post_title_bg_image_size":"","ocean_post_title_height":0,"ocean_post_title_bg_overlay":0.5,"ocean_post_title_bg_overlay_color":"","ocean_disable_breadcrumbs":"default","ocean_breadcrumbs_color":"","ocean_breadcrumbs_separator_color":"","ocean_breadcrumbs_links_color":"","ocean_breadcrumbs_links_hover_color":"","ocean_display_footer_widgets":"default","ocean_display_footer_bottom":"default","ocean_custom_footer_template":"0","osh_disable_topbar_sticky":"default","osh_disable_header_sticky":"default","osh_sticky_header_style":"default","osh_sticky_header_effect":"","osh_custom_sticky_logo":0,"osh_custom_retina_sticky_logo":0,"osh_custom_sticky_logo_height":0,"osh_background_color":"","osh_links_color":"","osh_links_hover_color":"","osh_links_active_color":"","osh_links_bg_color":"","osh_links_hover_bg_color":"","osh_links_active_bg_color":"","osh_menu_social_links_color":"","osh_menu_social_hover_links_color":"","iawp_total_views":10},"product_brand":[],"product_cat":[820],"product_tag":[840,821,822],"class_list":{"0":"post-23411","1":"product","2":"type-product","3":"status-publish","4":"has-post-thumbnail","6":"product_cat-cbd-blueten-cat","7":"product_tag-body-n-soul-cbd-de","8":"product_tag-cbd-bluten","9":"product_tag-schweizer-fabrikat","11":"entry","12":"has-media","14":"first","15":"instock","16":"featured","17":"taxable","18":"shipping-taxable","19":"purchasable","20":"product-type-simple","21":"has-rating","22":"has-product-nav","23":"col","24":"span_1_of_4","25":"owp-content-center","26":"item-entry","27":"owp-thumbs-layout-vertical","28":"owp-btn-normal","29":"owp-tabs-layout-vertical","30":"has-no-thumbnails","32":"circle-sale"},"_links":{"self":[{"href":"https:\/\/body-n-soul.com\/de\/wp-json\/wp\/v2\/product\/23411","targetHints":{"allow":["GET"]}}],"collection":[{"href":"https:\/\/body-n-soul.com\/de\/wp-json\/wp\/v2\/product"}],"about":[{"href":"https:\/\/body-n-soul.com\/de\/wp-json\/wp\/v2\/types\/product"}],"replies":[{"embeddable":true,"href":"https:\/\/body-n-soul.com\/de\/wp-json\/wp\/v2\/comments?post=23411"}],"wp:featuredmedia":[{"embeddable":true,"href":"https:\/\/body-n-soul.com\/de\/wp-json\/wp\/v2\/media\/22674"}],"wp:attachment":[{"href":"https:\/\/body-n-soul.com\/de\/wp-json\/wp\/v2\/media?parent=23411"}],"wp:term":[{"taxonomy":"product_brand","embeddable":true,"href":"https:\/\/body-n-soul.com\/de\/wp-json\/wp\/v2\/product_brand?post=23411"},{"taxonomy":"product_cat","embeddable":true,"href":"https:\/\/body-n-soul.com\/de\/wp-json\/wp\/v2\/product_cat?post=23411"},{"taxonomy":"product_tag","embeddable":true,"href":"https:\/\/body-n-soul.com\/de\/wp-json\/wp\/v2\/product_tag?post=23411"}],"curies":[{"name":"wp","href":"https:\/\/api.w.org\/{rel}","templated":true}]}}