{"id":17008,"date":"2023-09-29T12:39:27","date_gmt":"2023-09-29T10:39:27","guid":{"rendered":"https:\/\/body-n-soul.com\/?post_type=product&#038;p=17008"},"modified":"2025-04-11T18:33:03","modified_gmt":"2025-04-11T16:33:03","slug":"champ-high-metal-grinder-med-cannabis-motiv","status":"publish","type":"product","link":"https:\/\/body-n-soul.com\/de\/produkt\/champ-high-metal-grinder-med-cannabis-motiv\/","title":{"rendered":"Champ High Metal Grinder med cannabis motiv 4 dele \u2013 40mm"},"content":{"rendered":"<div class=\"woocommerce-product-details__short-description\">\n<h2>Champ High Metal Grinder med cannabis motiv<\/h2>\n<p>Smuk og praktisk grinder p\u00e5 40mm.<\/p>\n<p>Dette er en helt enest\u00e5ende handy og gedigen grinder til prisen. Grinderen er lavet i metal &#8211; aluminium &#8211; og er super holdbart og slidst\u00e6rkt.<\/p>\n<p>Oven i dette f\u00e5r du et fedt design med dryppende cannabis blade. Det ser fedt ud. Den er som sin storebror &#8211;\u00a0<a href=\"https:\/\/body-n-soul.com\/grinder-med-hash-motiv\/\" target=\"_blank\" rel=\"noopener\">Champ High Metal Grinder med cannabis motiv 4 dele \u2013 50mm<\/a> &#8211; fed at arbejde med men kan ligge i en inderlomme eller en taske uden at fylde alverden. S\u00e5 rejser du meget kan vi anbefale denne som et godt substitut for storebroderen.<\/p>\n<p>Bare nyd dens enest\u00e5ende og indviklede dryppende bladdesign, der minder om chokolade og fl\u00f8dedryp. Det elegante design giver grinderen et originalt look.<\/p>\n<p>Det n\u00e6ste, du vil elske ved dette produkt, er dets funktionalitet. Denne kv\u00e6rn kan grinde selv de t\u00e6ttestetopskud med sine firedelte diamantt\u00e6nder og 40 mm diameter. Dens 3,4 cm gange 4,0 cm l\u00e6ngde og bredde er den perfekte st\u00f8rrelse til at passe ind i sm\u00e5 rum som en pung og sidetaske.<\/p>\n<p>Den ligger godt i h\u00e6nderne midt i dens multifunktionalitet med grinding, sigtning, opsamling og beskyttelse. Dette giver en j\u00e6vn grinding og en i sidste ende j\u00e6vnere rulle- og rygeoplevelse for dig.<\/p>\n<p>Denne Champ High Dripping Leaf Paint grinder har ogs\u00e5 en lille sk\u00e6rmsektion, der fungerer som kieffanger. Kief er trichomes fra dine topskud med mange anvendelsesmuligheder. Det vil du helt sikkert s\u00e6tte pris p\u00e5.<\/p>\n<p>At have en kieffanger betyder ogs\u00e5, at du kan v\u00e6lge, hvordan du pr\u00e6cist vil ryge topskuddet, med eller uden kiefen.<\/p>\n<p>Fordi dette produkt er lavet af aluminium, et slidst\u00e6rkt metal, der ikke let rustes eller b\u00f8jes ud af form, vil denne grinder holde godt selv ved konstant h\u00e5ndtering og brug.<\/p>\n<p>Hver dag er en fest med disse grinders fra Champ High. Vi elsker dem selv.<\/p>\n<p>&nbsp;<\/p>\n<p>&nbsp;<\/p>\n<p>&nbsp;<\/p>\n<\/div>\n","protected":false},"excerpt":{"rendered":"<h2>Champ High Metal Grinder med cannabis motiv<\/h2>\n<p>En grinder, der drypper af funktioner\u2026 \ud83d\ude42<\/p>\n<p>En meget handy og kompakt metal grinder. Den er nem at have i tasken eller i lommen.<\/p>\n<p>God v\u00e6gt og meget gedigen.<\/p>\n<p>4 dele<\/p>\n<p>\u00d8 40mm<\/p>\n<p>Retur til\u00a0<a href=\"\/tilbehoer\/\">Tilbeh\u00f8r<\/a><\/p>\n","protected":false},"featured_media":24310,"comment_status":"open","ping_status":"closed","template":"","meta":{"ocean_post_layout":"","ocean_both_sidebars_style":"","ocean_both_sidebars_content_width":0,"ocean_both_sidebars_sidebars_width":0,"ocean_sidebar":"0","ocean_second_sidebar":"0","ocean_disable_margins":"enable","ocean_add_body_class":"","ocean_shortcode_before_top_bar":"","ocean_shortcode_after_top_bar":"","ocean_shortcode_before_header":"","ocean_shortcode_after_header":"","ocean_has_shortcode":"","ocean_shortcode_after_title":"","ocean_shortcode_before_footer_widgets":"","ocean_shortcode_after_footer_widgets":"","ocean_shortcode_before_footer_bottom":"","ocean_shortcode_after_footer_bottom":"","ocean_display_top_bar":"default","ocean_display_header":"default","ocean_header_style":"","ocean_center_header_left_menu":"0","ocean_custom_header_template":"0","ocean_custom_logo":0,"ocean_custom_retina_logo":0,"ocean_custom_logo_max_width":0,"ocean_custom_logo_tablet_max_width":0,"ocean_custom_logo_mobile_max_width":0,"ocean_custom_logo_max_height":0,"ocean_custom_logo_tablet_max_height":0,"ocean_custom_logo_mobile_max_height":0,"ocean_header_custom_menu":"0","ocean_menu_typo_font_family":"0","ocean_menu_typo_font_subset":"","ocean_menu_typo_font_size":0,"ocean_menu_typo_font_size_tablet":0,"ocean_menu_typo_font_size_mobile":0,"ocean_menu_typo_font_size_unit":"px","ocean_menu_typo_font_weight":"","ocean_menu_typo_font_weight_tablet":"","ocean_menu_typo_font_weight_mobile":"","ocean_menu_typo_transform":"","ocean_menu_typo_transform_tablet":"","ocean_menu_typo_transform_mobile":"","ocean_menu_typo_line_height":0,"ocean_menu_typo_line_height_tablet":0,"ocean_menu_typo_line_height_mobile":0,"ocean_menu_typo_line_height_unit":"","ocean_menu_typo_spacing":0,"ocean_menu_typo_spacing_tablet":0,"ocean_menu_typo_spacing_mobile":0,"ocean_menu_typo_spacing_unit":"","ocean_menu_link_color":"","ocean_menu_link_color_hover":"","ocean_menu_link_color_active":"","ocean_menu_link_background":"","ocean_menu_link_hover_background":"","ocean_menu_link_active_background":"","ocean_menu_social_links_bg":"","ocean_menu_social_hover_links_bg":"","ocean_menu_social_links_color":"","ocean_menu_social_hover_links_color":"","ocean_disable_title":"default","ocean_disable_heading":"default","ocean_post_title":"","ocean_post_subheading":"","ocean_post_title_style":"","ocean_post_title_background_color":"","ocean_post_title_background":0,"ocean_post_title_bg_image_position":"","ocean_post_title_bg_image_attachment":"","ocean_post_title_bg_image_repeat":"","ocean_post_title_bg_image_size":"","ocean_post_title_height":0,"ocean_post_title_bg_overlay":0.5,"ocean_post_title_bg_overlay_color":"","ocean_disable_breadcrumbs":"default","ocean_breadcrumbs_color":"","ocean_breadcrumbs_separator_color":"","ocean_breadcrumbs_links_color":"","ocean_breadcrumbs_links_hover_color":"","ocean_display_footer_widgets":"default","ocean_display_footer_bottom":"default","ocean_custom_footer_template":"0","osh_disable_topbar_sticky":"default","osh_disable_header_sticky":"default","osh_sticky_header_style":"default","osh_sticky_header_effect":"","osh_custom_sticky_logo":0,"osh_custom_retina_sticky_logo":0,"osh_custom_sticky_logo_height":0,"osh_background_color":"","osh_links_color":"","osh_links_hover_color":"","osh_links_active_color":"","osh_links_bg_color":"","osh_links_hover_bg_color":"","osh_links_active_bg_color":"","osh_menu_social_links_color":"","osh_menu_social_hover_links_color":"","iawp_total_views":15},"product_brand":[],"product_cat":[908],"product_tag":[855],"class_list":{"0":"post-17008","1":"product","2":"type-product","3":"status-publish","4":"has-post-thumbnail","6":"product_cat-grinder","7":"product_tag-grinder","9":"entry","10":"has-media","12":"first","13":"instock","14":"taxable","15":"shipping-taxable","16":"purchasable","17":"product-type-simple","18":"has-product-nav","19":"col","20":"span_1_of_4","21":"owp-content-center","22":"item-entry","23":"owp-thumbs-layout-vertical","24":"owp-btn-normal","25":"owp-tabs-layout-vertical","27":"circle-sale"},"_links":{"self":[{"href":"https:\/\/body-n-soul.com\/de\/wp-json\/wp\/v2\/product\/17008","targetHints":{"allow":["GET"]}}],"collection":[{"href":"https:\/\/body-n-soul.com\/de\/wp-json\/wp\/v2\/product"}],"about":[{"href":"https:\/\/body-n-soul.com\/de\/wp-json\/wp\/v2\/types\/product"}],"replies":[{"embeddable":true,"href":"https:\/\/body-n-soul.com\/de\/wp-json\/wp\/v2\/comments?post=17008"}],"wp:featuredmedia":[{"embeddable":true,"href":"https:\/\/body-n-soul.com\/de\/wp-json\/wp\/v2\/media\/24310"}],"wp:attachment":[{"href":"https:\/\/body-n-soul.com\/de\/wp-json\/wp\/v2\/media?parent=17008"}],"wp:term":[{"taxonomy":"product_brand","embeddable":true,"href":"https:\/\/body-n-soul.com\/de\/wp-json\/wp\/v2\/product_brand?post=17008"},{"taxonomy":"product_cat","embeddable":true,"href":"https:\/\/body-n-soul.com\/de\/wp-json\/wp\/v2\/product_cat?post=17008"},{"taxonomy":"product_tag","embeddable":true,"href":"https:\/\/body-n-soul.com\/de\/wp-json\/wp\/v2\/product_tag?post=17008"}],"curies":[{"name":"wp","href":"https:\/\/api.w.org\/{rel}","templated":true}]}}