{"id":16957,"date":"2023-09-21T20:05:05","date_gmt":"2023-09-21T18:05:05","guid":{"rendered":"https:\/\/body-n-soul.com\/?post_type=product&#038;p=16957"},"modified":"2025-10-09T13:18:19","modified_gmt":"2025-10-09T11:18:19","slug":"psyko-grinder","status":"publish","type":"product","link":"https:\/\/body-n-soul.com\/de\/produkt\/psyko-grinder\/","title":{"rendered":"Grind Pro Regnbue kaleidoskopisk metal grinder 4 dele &#8211; 50mm"},"content":{"rendered":"<h2>Grind Pro Regnbue kaleidoskopisk metal grinder<\/h2>\n<p>Ja navnet p\u00e5 grinderen er lige s\u00e5 sk\u00f8rt som grinderen er smuk.<\/p>\n<p>Her er en god blanding af kunst, klasse og effektivitet. Grinderen minder i farverne om dengang vi var sm\u00e5 og s\u00e5 verden gennem et r\u00f8r med m\u00e6rkelige farver n\u00e5r vi drejede det. Et kalaidoskop.<\/p>\n<p>Hvis du ser farver uden at have et r\u00f8r s\u00e5 skal du nok holde lidt igen med tjalden.<\/p>\n<p>Disse grindere har et smukt kalejdoskopisk display p\u00e5 l\u00e5get og den har en diameter p\u00e5 50 mm.<\/p>\n<p>Inden i grinderene er der plads nok til at rumme en god m\u00e6ngde urter ad gangen. Du beh\u00f8ver ikke bekymre sig om at gentage grindingprocessen for mange gange. Et par grinds og du har nok til den n\u00e6rmeste fremtid. N\u00e5r der grindes s\u00e5 grindes der.<\/p>\n<h3>produktegenskaber<\/h3>\n<p>Et funktionelt og \u00e6stetisk mesterv\u00e6rk<\/p>\n<p>Nok plads til at tage store m\u00e6ngder blade<\/p>\n<p>Giver en j\u00e6vn og nem slibeoplevelse<\/p>\n<p>Inkluderet er et slibekammer, kief-si og opsamlingskammer.<\/p>\n<p>Fremstillet af materialer af h\u00f8jeste kvalitet, der holder l\u00e6nge.<\/p>\n<p>B\u00e6rbar og let<\/p>\n<p>&nbsp;<\/p>\n","protected":false},"excerpt":{"rendered":"<h2>Grind Pro Regnbue kaleidoskopisk metal grinder<\/h2>\n<p>4 dele &#8211; \u00d850mm<\/p>\n<h3>produktegenskaber<\/h3>\n<p>Et funktionelt og \u00e6stetisk mesterv\u00e6rk<\/p>\n<p>Nok plads til at tage store m\u00e6ngder blade<\/p>\n<p>Giver en j\u00e6vn og nem slibeoplevelse<\/p>\n<p>Inkluderet er et slibekammer, kief-si og opsamlingskammer.<\/p>\n<p>Fremstillet af materialer af h\u00f8jeste kvalitet, der holder l\u00e6nge.<\/p>\n<p>B\u00e6rbar og let.<\/p>\n<p>Retur til\u00a0<a href=\"\/tilbehoer\/\">Tilbeh\u00f8r<\/a><\/p>\n","protected":false},"featured_media":24323,"comment_status":"open","ping_status":"closed","template":"","meta":{"ocean_post_layout":"","ocean_both_sidebars_style":"","ocean_both_sidebars_content_width":0,"ocean_both_sidebars_sidebars_width":0,"ocean_sidebar":"0","ocean_second_sidebar":"0","ocean_disable_margins":"enable","ocean_add_body_class":"","ocean_shortcode_before_top_bar":"","ocean_shortcode_after_top_bar":"","ocean_shortcode_before_header":"","ocean_shortcode_after_header":"","ocean_has_shortcode":"","ocean_shortcode_after_title":"","ocean_shortcode_before_footer_widgets":"","ocean_shortcode_after_footer_widgets":"","ocean_shortcode_before_footer_bottom":"","ocean_shortcode_after_footer_bottom":"","ocean_display_top_bar":"default","ocean_display_header":"default","ocean_header_style":"","ocean_center_header_left_menu":"0","ocean_custom_header_template":"0","ocean_custom_logo":0,"ocean_custom_retina_logo":0,"ocean_custom_logo_max_width":0,"ocean_custom_logo_tablet_max_width":0,"ocean_custom_logo_mobile_max_width":0,"ocean_custom_logo_max_height":0,"ocean_custom_logo_tablet_max_height":0,"ocean_custom_logo_mobile_max_height":0,"ocean_header_custom_menu":"0","ocean_menu_typo_font_family":"0","ocean_menu_typo_font_subset":"","ocean_menu_typo_font_size":0,"ocean_menu_typo_font_size_tablet":0,"ocean_menu_typo_font_size_mobile":0,"ocean_menu_typo_font_size_unit":"px","ocean_menu_typo_font_weight":"","ocean_menu_typo_font_weight_tablet":"","ocean_menu_typo_font_weight_mobile":"","ocean_menu_typo_transform":"","ocean_menu_typo_transform_tablet":"","ocean_menu_typo_transform_mobile":"","ocean_menu_typo_line_height":0,"ocean_menu_typo_line_height_tablet":0,"ocean_menu_typo_line_height_mobile":0,"ocean_menu_typo_line_height_unit":"","ocean_menu_typo_spacing":0,"ocean_menu_typo_spacing_tablet":0,"ocean_menu_typo_spacing_mobile":0,"ocean_menu_typo_spacing_unit":"","ocean_menu_link_color":"","ocean_menu_link_color_hover":"","ocean_menu_link_color_active":"","ocean_menu_link_background":"","ocean_menu_link_hover_background":"","ocean_menu_link_active_background":"","ocean_menu_social_links_bg":"","ocean_menu_social_hover_links_bg":"","ocean_menu_social_links_color":"","ocean_menu_social_hover_links_color":"","ocean_disable_title":"default","ocean_disable_heading":"default","ocean_post_title":"","ocean_post_subheading":"","ocean_post_title_style":"","ocean_post_title_background_color":"","ocean_post_title_background":0,"ocean_post_title_bg_image_position":"","ocean_post_title_bg_image_attachment":"","ocean_post_title_bg_image_repeat":"","ocean_post_title_bg_image_size":"","ocean_post_title_height":0,"ocean_post_title_bg_overlay":0.5,"ocean_post_title_bg_overlay_color":"","ocean_disable_breadcrumbs":"default","ocean_breadcrumbs_color":"","ocean_breadcrumbs_separator_color":"","ocean_breadcrumbs_links_color":"","ocean_breadcrumbs_links_hover_color":"","ocean_display_footer_widgets":"default","ocean_display_footer_bottom":"default","ocean_custom_footer_template":"0","osh_disable_topbar_sticky":"default","osh_disable_header_sticky":"default","osh_sticky_header_style":"default","osh_sticky_header_effect":"","osh_custom_sticky_logo":0,"osh_custom_retina_sticky_logo":0,"osh_custom_sticky_logo_height":0,"osh_background_color":"","osh_links_color":"","osh_links_hover_color":"","osh_links_active_color":"","osh_links_bg_color":"","osh_links_hover_bg_color":"","osh_links_active_bg_color":"","osh_menu_social_links_color":"","osh_menu_social_hover_links_color":"","iawp_total_views":31},"product_brand":[],"product_cat":[908],"product_tag":[855],"class_list":{"0":"post-16957","1":"product","2":"type-product","3":"status-publish","4":"has-post-thumbnail","6":"product_cat-grinder","7":"product_tag-grinder","9":"entry","10":"has-media","12":"first","13":"outofstock","14":"taxable","15":"shipping-taxable","16":"purchasable","17":"product-type-simple","18":"has-product-nav","19":"col","20":"span_1_of_4","21":"owp-content-center","22":"item-entry","23":"owp-thumbs-layout-vertical","24":"owp-btn-normal","25":"owp-tabs-layout-vertical","27":"circle-sale"},"_links":{"self":[{"href":"https:\/\/body-n-soul.com\/de\/wp-json\/wp\/v2\/product\/16957","targetHints":{"allow":["GET"]}}],"collection":[{"href":"https:\/\/body-n-soul.com\/de\/wp-json\/wp\/v2\/product"}],"about":[{"href":"https:\/\/body-n-soul.com\/de\/wp-json\/wp\/v2\/types\/product"}],"replies":[{"embeddable":true,"href":"https:\/\/body-n-soul.com\/de\/wp-json\/wp\/v2\/comments?post=16957"}],"wp:featuredmedia":[{"embeddable":true,"href":"https:\/\/body-n-soul.com\/de\/wp-json\/wp\/v2\/media\/24323"}],"wp:attachment":[{"href":"https:\/\/body-n-soul.com\/de\/wp-json\/wp\/v2\/media?parent=16957"}],"wp:term":[{"taxonomy":"product_brand","embeddable":true,"href":"https:\/\/body-n-soul.com\/de\/wp-json\/wp\/v2\/product_brand?post=16957"},{"taxonomy":"product_cat","embeddable":true,"href":"https:\/\/body-n-soul.com\/de\/wp-json\/wp\/v2\/product_cat?post=16957"},{"taxonomy":"product_tag","embeddable":true,"href":"https:\/\/body-n-soul.com\/de\/wp-json\/wp\/v2\/product_tag?post=16957"}],"curies":[{"name":"wp","href":"https:\/\/api.w.org\/{rel}","templated":true}]}}