{"id":16953,"date":"2023-09-21T19:55:01","date_gmt":"2023-09-21T17:55:01","guid":{"rendered":"https:\/\/body-n-soul.com\/?post_type=product&#038;p=16953"},"modified":"2025-04-12T18:09:29","modified_gmt":"2025-04-12T16:09:29","slug":"grinder-med-hash-motiv","status":"publish","type":"product","link":"https:\/\/body-n-soul.com\/de\/produkt\/grinder-med-hash-motiv\/","title":{"rendered":"Champ High Metal Grinder med cannabis motiv 4 dele \u2013 50mm"},"content":{"rendered":"<h2>Champ High Metal Grinder med cannabis motiv<\/h2>\n<p>En grinder, der drypper af funktioner&#8230; \ud83d\ude42<\/p>\n<p>Er du p\u00e5 udkig efter en skarpsk\u00e5ret grinder til at f\u00e5 gang i grindingen?<\/p>\n<p>S\u00e5 kig en ekstra gang p\u00e5 denne grinder i fremragende design med dryppende cannabis blade. Den vil helt sikkert hurtigt blive en af dine favoritter..og dine venners.<\/p>\n<p>Denne grinder er pakket med skarpe t\u00e6nder der vil g\u00f8re klovnen fra IT helt misundelig.<\/p>\n<p>Dermed sikres du en ensartet grinding af enhver blomst eller topskud, p\u00e5 grund af t\u00e6theden. Du er garanteret fine partikler efter hver grind.<\/p>\n<p>Dens t\u00e6nder er designet p\u00e5 en m\u00e5de, der forhindrer dem i at blive slidt. De er ogs\u00e5 j\u00e6vnt fordelt over forsiden af kv\u00e6rnpladen. Dette hj\u00e6lper med at undg\u00e5, at urtestykker sidder fast mellem dem. S\u00e5 du kan sige muntert farvel til tilstoppede grinders.<\/p>\n<p>Wholesale Champ High Dripping Leaf Paint-grinders har en slibesektion, der er bred nok til store grinds! Hele 50 mm i diameter! Den har ogs\u00e5 fire adskilte dele, inklusive en sk\u00e6rmsektion, der filtrerer det formalede pulver til endnu finere partikler for at sikre et j\u00e6vn rul. P\u00e5 den m\u00e5de skal du ikke bekymre dig om, at dit jointpapir bliver \u00f8delagt af h\u00e5rde dele, der er tilbage efter du har grindet.<\/p>\n<p>Og som om det ikke var nok s\u00e5 skal du heller ikke blive irriteret af r\u00f8gen fra br\u00e6ndende fr\u00f8 da de filtrers fra n\u00e5r du grinder. What&#8217;s not to like.<\/p>\n<h3>Nyd det b\u00e6rbare og praktiske design<\/h3>\n<p>Champ High Dripping Water Leaf Grinder er nem at arbejde med og ligger fint i h\u00e5nderne. V\u00e6gten er ogs\u00e5 optimal s\u00e5 du har et godt greb om kalorius n\u00e5r du grinderer. Opbevaringskammeret er stort nok til at rumme store m\u00e6ngder formalede topskud s\u00e5 du l\u00e6ber ikke t\u00e6r hele tiden.<\/p>\n<p>Den er lavet af h\u00f8jkvalitets aluminium, der er korrosions- og rustbestandigt. Dette sikrer, at denne grinder holder l\u00e6nge og du kan gl\u00e6de dig over den hver dag.<\/p>\n<p>Hvad venter du p\u00e5?<\/p>\n","protected":false},"excerpt":{"rendered":"<h2>Champ High Metal Grinder med cannabis motiv<\/h2>\n<p>En grinder, der drypper af funktioner&#8230; \ud83d\ude42<\/p>\n<p>4 dele<\/p>\n<p>\u00d8 50mm<\/p>\n<p>Retur til\u00a0<a href=\"\/tilbehoer\/\">Tilbeh\u00f8r<\/a><\/p>\n","protected":false},"featured_media":17071,"comment_status":"open","ping_status":"closed","template":"","meta":{"ocean_post_layout":"","ocean_both_sidebars_style":"","ocean_both_sidebars_content_width":0,"ocean_both_sidebars_sidebars_width":0,"ocean_sidebar":"0","ocean_second_sidebar":"0","ocean_disable_margins":"enable","ocean_add_body_class":"","ocean_shortcode_before_top_bar":"","ocean_shortcode_after_top_bar":"","ocean_shortcode_before_header":"","ocean_shortcode_after_header":"","ocean_has_shortcode":"","ocean_shortcode_after_title":"","ocean_shortcode_before_footer_widgets":"","ocean_shortcode_after_footer_widgets":"","ocean_shortcode_before_footer_bottom":"","ocean_shortcode_after_footer_bottom":"","ocean_display_top_bar":"default","ocean_display_header":"default","ocean_header_style":"","ocean_center_header_left_menu":"0","ocean_custom_header_template":"0","ocean_custom_logo":0,"ocean_custom_retina_logo":0,"ocean_custom_logo_max_width":0,"ocean_custom_logo_tablet_max_width":0,"ocean_custom_logo_mobile_max_width":0,"ocean_custom_logo_max_height":0,"ocean_custom_logo_tablet_max_height":0,"ocean_custom_logo_mobile_max_height":0,"ocean_header_custom_menu":"0","ocean_menu_typo_font_family":"0","ocean_menu_typo_font_subset":"","ocean_menu_typo_font_size":0,"ocean_menu_typo_font_size_tablet":0,"ocean_menu_typo_font_size_mobile":0,"ocean_menu_typo_font_size_unit":"px","ocean_menu_typo_font_weight":"","ocean_menu_typo_font_weight_tablet":"","ocean_menu_typo_font_weight_mobile":"","ocean_menu_typo_transform":"","ocean_menu_typo_transform_tablet":"","ocean_menu_typo_transform_mobile":"","ocean_menu_typo_line_height":0,"ocean_menu_typo_line_height_tablet":0,"ocean_menu_typo_line_height_mobile":0,"ocean_menu_typo_line_height_unit":"","ocean_menu_typo_spacing":0,"ocean_menu_typo_spacing_tablet":0,"ocean_menu_typo_spacing_mobile":0,"ocean_menu_typo_spacing_unit":"","ocean_menu_link_color":"","ocean_menu_link_color_hover":"","ocean_menu_link_color_active":"","ocean_menu_link_background":"","ocean_menu_link_hover_background":"","ocean_menu_link_active_background":"","ocean_menu_social_links_bg":"","ocean_menu_social_hover_links_bg":"","ocean_menu_social_links_color":"","ocean_menu_social_hover_links_color":"","ocean_disable_title":"default","ocean_disable_heading":"default","ocean_post_title":"","ocean_post_subheading":"","ocean_post_title_style":"","ocean_post_title_background_color":"","ocean_post_title_background":0,"ocean_post_title_bg_image_position":"","ocean_post_title_bg_image_attachment":"","ocean_post_title_bg_image_repeat":"","ocean_post_title_bg_image_size":"","ocean_post_title_height":0,"ocean_post_title_bg_overlay":0.5,"ocean_post_title_bg_overlay_color":"","ocean_disable_breadcrumbs":"default","ocean_breadcrumbs_color":"","ocean_breadcrumbs_separator_color":"","ocean_breadcrumbs_links_color":"","ocean_breadcrumbs_links_hover_color":"","ocean_display_footer_widgets":"default","ocean_display_footer_bottom":"default","ocean_custom_footer_template":"0","osh_disable_topbar_sticky":"default","osh_disable_header_sticky":"default","osh_sticky_header_style":"default","osh_sticky_header_effect":"","osh_custom_sticky_logo":0,"osh_custom_retina_sticky_logo":0,"osh_custom_sticky_logo_height":0,"osh_background_color":"","osh_links_color":"","osh_links_hover_color":"","osh_links_active_color":"","osh_links_bg_color":"","osh_links_hover_bg_color":"","osh_links_active_bg_color":"","osh_menu_social_links_color":"","osh_menu_social_hover_links_color":"","iawp_total_views":52},"product_brand":[],"product_cat":[908],"product_tag":[855],"class_list":{"0":"post-16953","1":"product","2":"type-product","3":"status-publish","4":"has-post-thumbnail","6":"product_cat-grinder","7":"product_tag-grinder","9":"entry","10":"has-media","12":"first","13":"instock","14":"taxable","15":"shipping-taxable","16":"purchasable","17":"product-type-simple","18":"has-product-nav","19":"col","20":"span_1_of_4","21":"owp-content-center","22":"item-entry","23":"owp-thumbs-layout-vertical","24":"owp-btn-normal","25":"owp-tabs-layout-vertical","27":"circle-sale"},"_links":{"self":[{"href":"https:\/\/body-n-soul.com\/de\/wp-json\/wp\/v2\/product\/16953","targetHints":{"allow":["GET"]}}],"collection":[{"href":"https:\/\/body-n-soul.com\/de\/wp-json\/wp\/v2\/product"}],"about":[{"href":"https:\/\/body-n-soul.com\/de\/wp-json\/wp\/v2\/types\/product"}],"replies":[{"embeddable":true,"href":"https:\/\/body-n-soul.com\/de\/wp-json\/wp\/v2\/comments?post=16953"}],"wp:featuredmedia":[{"embeddable":true,"href":"https:\/\/body-n-soul.com\/de\/wp-json\/wp\/v2\/media\/17071"}],"wp:attachment":[{"href":"https:\/\/body-n-soul.com\/de\/wp-json\/wp\/v2\/media?parent=16953"}],"wp:term":[{"taxonomy":"product_brand","embeddable":true,"href":"https:\/\/body-n-soul.com\/de\/wp-json\/wp\/v2\/product_brand?post=16953"},{"taxonomy":"product_cat","embeddable":true,"href":"https:\/\/body-n-soul.com\/de\/wp-json\/wp\/v2\/product_cat?post=16953"},{"taxonomy":"product_tag","embeddable":true,"href":"https:\/\/body-n-soul.com\/de\/wp-json\/wp\/v2\/product_tag?post=16953"}],"curies":[{"name":"wp","href":"https:\/\/api.w.org\/{rel}","templated":true}]}}